{"id":1216,"date":"2022-08-11T14:36:21","date_gmt":"2022-08-11T14:36:21","guid":{"rendered":"https:\/\/tinysalt.loftocean.com\/elementor\/?page_id=1216"},"modified":"2025-12-29T20:48:50","modified_gmt":"2025-12-29T19:48:50","slug":"einfuhrung","status":"publish","type":"page","link":"https:\/\/www.kovasztunder.hu\/de\/einfuhrung","title":{"rendered":"Wir stellen vor:"},"content":{"rendered":"<div data-elementor-type=\"wp-page\" data-elementor-id=\"1216\" class=\"elementor elementor-1216\" data-elementor-post-type=\"page\">\n\t\t\t\t\t\t<section class=\"elementor-section elementor-top-section elementor-element elementor-element-74ea012 elementor-section-height-min-height elementor-section-boxed elementor-section-height-default elementor-section-items-middle\" data-id=\"74ea012\" data-element_type=\"section\" data-e-type=\"section\" data-settings=\"{&quot;background_background&quot;:&quot;classic&quot;,&quot;background_motion_fx_motion_fx_scrolling&quot;:&quot;yes&quot;,&quot;background_motion_fx_translateY_effect&quot;:&quot;yes&quot;,&quot;background_motion_fx_translateY_speed&quot;:{&quot;unit&quot;:&quot;px&quot;,&quot;size&quot;:4,&quot;sizes&quot;:[]},&quot;background_motion_fx_translateY_affectedRange&quot;:{&quot;unit&quot;:&quot;%&quot;,&quot;size&quot;:&quot;&quot;,&quot;sizes&quot;:{&quot;start&quot;:0,&quot;end&quot;:100}},&quot;background_motion_fx_devices&quot;:[&quot;desktop&quot;,&quot;tablet&quot;,&quot;mobile&quot;]}\">\n\t\t\t\t\t\t\t<div class=\"elementor-background-overlay\"><\/div>\n\t\t\t\t\t\t\t<div class=\"elementor-container elementor-column-gap-no\">\n\t\t\t\t\t<div class=\"elementor-column elementor-col-100 elementor-top-column elementor-element elementor-element-d6a993f dark-color\" data-id=\"d6a993f\" data-element_type=\"column\" data-e-type=\"column\">\n\t\t\t<div class=\"elementor-widget-wrap elementor-element-populated\">\n\t\t\t\t\t\t<div class=\"elementor-element elementor-element-6280a4b elementor-widget elementor-widget-text-editor\" data-id=\"6280a4b\" data-element_type=\"widget\" data-e-type=\"widget\" data-widget_type=\"text-editor.default\">\n\t\t\t\t<div class=\"elementor-widget-container\">\n\t\t\t\t\t\t\t\t\t<p><strong>A Kov\u00e1szT\u00fcnd\u00e9r t\u00f6rt\u00e9nete\u00a0<\/strong><\/p>\t\t\t\t\t\t\t\t<\/div>\n\t\t\t\t<\/div>\n\t\t\t\t<div class=\"elementor-element elementor-element-706eb01 elementor-widget__width-initial elementor-widget elementor-widget-heading\" data-id=\"706eb01\" data-element_type=\"widget\" data-e-type=\"widget\" data-widget_type=\"heading.default\">\n\t\t\t\t<div class=\"elementor-widget-container\">\n\t\t\t\t\t<h2 class=\"elementor-heading-title elementor-size-default\">A karant\u00e9nkonyh\u00e1t\u00f3l a nagymam\u00e1m \u00f6r\u00f6ks\u00e9g\u00e9ig.<\/h2>\t\t\t\t<\/div>\n\t\t\t\t<\/div>\n\t\t\t\t<div class=\"elementor-element elementor-element-4c7b65a elementor-widget__width-initial elementor-widget elementor-widget-heading\" data-id=\"4c7b65a\" data-element_type=\"widget\" data-e-type=\"widget\" data-widget_type=\"heading.default\">\n\t\t\t\t<div class=\"elementor-widget-container\">\n\t\t\t\t\t<h2 class=\"elementor-heading-title elementor-size-default\">Bianka Hosszu<\/h2>\t\t\t\t<\/div>\n\t\t\t\t<\/div>\n\t\t\t\t\t<\/div>\n\t\t<\/div>\n\t\t\t\t\t<\/div>\n\t\t<\/section>\n\t\t\t\t<section class=\"elementor-section elementor-top-section elementor-element elementor-element-3739a4b elementor-section-boxed elementor-section-height-default elementor-section-height-default\" data-id=\"3739a4b\" data-element_type=\"section\" data-e-type=\"section\">\n\t\t\t\t\t\t<div class=\"elementor-container elementor-column-gap-default\">\n\t\t\t\t\t<div class=\"elementor-column elementor-col-50 elementor-top-column elementor-element elementor-element-d65f844\" data-id=\"d65f844\" data-element_type=\"column\" data-e-type=\"column\">\n\t\t\t<div class=\"elementor-widget-wrap elementor-element-populated\">\n\t\t\t\t\t\t<div class=\"elementor-element elementor-element-f807820 elementor-widget elementor-widget-text-editor\" data-id=\"f807820\" data-element_type=\"widget\" data-e-type=\"widget\" data-widget_type=\"text-editor.default\">\n\t\t\t\t<div class=\"elementor-widget-container\">\n\t\t\t\t\t\t\t\t\t<h2 data-path-to-node=\"5\">Szia! Bianka vagyok, a Kov\u00e1szT\u00fcnd\u00e9r oldal meg\u00e1lmod\u00f3ja.<\/h2>\n<p data-path-to-node=\"5\">Sokan k\u00e9rdezik, honnan j\u00f6tt a n\u00e9v. Nem \u00e9n tal\u00e1ltam ki, hanem a h\u00fagom aj\u00e1nd\u00e9ka volt. Amikor elkezdtem s\u00fctni, \u0151 volt az egyik leglelkesebb k\u00f3stol\u00f3m. Kor\u00e1bban sokat k\u00fczd\u00f6tt azzal, hogy az \u00e9leszt\u0151s p\u00e9k\u00e1rukt\u00f3l puffadt a hasa, \u00e9s neh\u00e9znek \u00e9rezte mag\u00e1t \u00e9tkez\u00e9s ut\u00e1n. Azt\u00e1n megk\u00f3stolta az els\u0151 kov\u00e1szos kenyereimet \u00e9s p\u00e9ks\u00fctem\u00e9nyeimet\u2026 \u00e9s a panaszok megsz\u0171ntek! Se puffad\u00e1s, se neh\u00e9z \u00e9rz\u00e9s, csak az \u00edzek \u00f6r\u00f6me. Egyik nap r\u00e1m n\u00e9zett, \u00e9s azt mondta: <i data-path-to-node=\"6\" data-index-in-node=\"440\">&#8222;Te vagy a Kov\u00e1szT\u00fcnd\u00e9r, mert var\u00e1zsolt\u00e1l a konyh\u00e1ban!&#8221;<\/i> \u00cdgy sz\u00fcletett meg a n\u00e9v, \u00e9s vele egy\u00fctt a k\u00fcldet\u00e9sem is.<\/p>\n<p data-path-to-node=\"7\"><b data-path-to-node=\"7\" data-index-in-node=\"0\">Hogyan kezd\u0151d\u00f6tt?<\/b><\/p>\n<p data-path-to-node=\"7\">Mint sokan m\u00e1sok, \u00e9n is a Covid bez\u00e1rts\u00e1ga alatt kerestem mened\u00e9ket a konyh\u00e1ban. Szabi a P\u00e9k vide\u00f3i alapj\u00e1n neveltem az els\u0151 kov\u00e1szomat, \u00e9s az els\u0151 j\u00f3l siker\u00fclt keny\u00e9r ut\u00e1n nem volt meg\u00e1ll\u00e1s. Teljesen beleszerettem a folyamatba. Att\u00f3l a napt\u00f3l kezdve a csal\u00e1dunk elfelejtette a bolti p\u00e9k\u00e1rut, az \u00e9leszt\u0151t pedig sz\u00e1m\u0171zt\u00fck a konyh\u00e1b\u00f3l.<\/p>\n<p data-path-to-node=\"8\"><b data-path-to-node=\"8\" data-index-in-node=\"0\">M\u00falt \u00e9s J\u00f6v\u0151 a t\u00e1ny\u00e9ron<\/b><\/p>\n<p data-path-to-node=\"8\">Nem vagyok p\u00e9k, sem szak\u00e1cs. Egy lelkes h\u00e1ziasszony vagyok, aki a &#8222;j\u00f3zan paraszti esz\u00e9vel&#8221; \u00e9s sz\u00edv\u00e9vel k\u00eds\u00e9rletezik. A tud\u00e1som gy\u00f6kerei m\u00e9lyre ny\u00falnak:<\/p>\n<ul data-path-to-node=\"9\">\n<li>\n<p data-path-to-node=\"9,0,0\"><b data-path-to-node=\"9,0,0\" data-index-in-node=\"0\">A Mama tud\u00e1sa:<\/b>&nbsp;<\/p>\n<p>Rengeteget tanulok 83 \u00e9ves Mam\u00e1mt\u00f3l, aki 13 \u00e9ves kora \u00f3ta s\u00fct-f\u0151z, \u00e9s akinek a mozdulataiban ott van nyolc \u00e9vtized tapasztalata.<br><br><\/p>\n<\/li>\n<li>\n<p data-path-to-node=\"9,1,0\"><b data-path-to-node=\"9,1,0\" data-index-in-node=\"0\">A D\u00e9dnagymama \u00f6r\u00f6ks\u00e9ge:<\/b>&nbsp;<\/p>\n<p>Nemr\u00e9g tal\u00e1ltunk otthon egy igazi kincset: D\u00e9dnagymam\u00e1m k\u00f6zel 100 \u00e9ves, k\u00e9zzel \u00edrt receptes f\u00fczet\u00e9t.&nbsp;<\/p>\n<p>Ebb\u0151l a f\u00fczetb\u0151l hozok majd nektek r\u00e9gi kincseket, Vas \u00e9s Zala megyei csal\u00e1di recepteket, amiket igyekszem \u00e1tmenteni a modern korba.<\/p>\n<\/li>\n<\/ul>\t\t\t\t\t\t\t\t<\/div>\n\t\t\t\t<\/div>\n\t\t\t\t\t<\/div>\n\t\t<\/div>\n\t\t\t\t<div class=\"elementor-column elementor-col-50 elementor-top-column elementor-element elementor-element-1591e41\" data-id=\"1591e41\" data-element_type=\"column\" data-e-type=\"column\">\n\t\t\t<div class=\"elementor-widget-wrap elementor-element-populated\">\n\t\t\t\t\t\t<div class=\"elementor-element elementor-element-d7e497d elementor-widget elementor-widget-image\" data-id=\"d7e497d\" data-element_type=\"widget\" data-e-type=\"widget\" data-widget_type=\"image.default\">\n\t\t\t\t<div class=\"elementor-widget-container\">\n\t\t\t\t\t\t\t\t\t\t\t\t\t\t\t<img decoding=\"async\" width=\"682\" height=\"1024\" src=\"https:\/\/www.kovasztunder.hu\/wp-content\/uploads\/2025\/02\/IMG_9047.JPG-682x1024.jpeg\" class=\"attachment-large size-large wp-image-5344\" alt=\"H\u00e4uschen Fee\" srcset=\"https:\/\/www.kovasztunder.hu\/wp-content\/uploads\/2025\/02\/IMG_9047.JPG-682x1024.jpeg 682w, https:\/\/www.kovasztunder.hu\/wp-content\/uploads\/2025\/02\/IMG_9047.JPG-200x300.jpeg 200w, https:\/\/www.kovasztunder.hu\/wp-content\/uploads\/2025\/02\/IMG_9047.JPG-768x1152.jpeg 768w, https:\/\/www.kovasztunder.hu\/wp-content\/uploads\/2025\/02\/IMG_9047.JPG-1024x1536.jpeg 1024w, https:\/\/www.kovasztunder.hu\/wp-content\/uploads\/2025\/02\/IMG_9047.JPG-1365x2048.jpeg 1365w, https:\/\/www.kovasztunder.hu\/wp-content\/uploads\/2025\/02\/IMG_9047.JPG-1920x2881.jpeg 1920w, https:\/\/www.kovasztunder.hu\/wp-content\/uploads\/2025\/02\/IMG_9047.JPG-1440x2161.jpeg 1440w, https:\/\/www.kovasztunder.hu\/wp-content\/uploads\/2025\/02\/IMG_9047.JPG-1200x1801.jpeg 1200w, https:\/\/www.kovasztunder.hu\/wp-content\/uploads\/2025\/02\/IMG_9047.JPG-780x1170.jpeg 780w, https:\/\/www.kovasztunder.hu\/wp-content\/uploads\/2025\/02\/IMG_9047.JPG-600x900.jpeg 600w, https:\/\/www.kovasztunder.hu\/wp-content\/uploads\/2025\/02\/IMG_9047.JPG-550x825.jpeg 550w, https:\/\/www.kovasztunder.hu\/wp-content\/uploads\/2025\/02\/IMG_9047.JPG-370x555.jpeg 370w, https:\/\/www.kovasztunder.hu\/wp-content\/uploads\/2025\/02\/IMG_9047.JPG-255x383.jpeg 255w, https:\/\/www.kovasztunder.hu\/wp-content\/uploads\/2025\/02\/IMG_9047.JPG-scaled.jpeg 1706w\" sizes=\"(max-width: 682px) 100vw, 682px\" \/>\t\t\t\t\t\t\t\t\t\t\t\t\t\t\t<\/div>\n\t\t\t\t<\/div>\n\t\t\t\t<div class=\"elementor-element elementor-element-b0fb2f3 elementor-widget elementor-widget-text-editor\" data-id=\"b0fb2f3\" data-element_type=\"widget\" data-e-type=\"widget\" data-widget_type=\"text-editor.default\">\n\t\t\t\t<div class=\"elementor-widget-container\">\n\t\t\t\t\t\t\t\t\t<p data-path-to-node=\"5\"><b data-path-to-node=\"10\" data-index-in-node=\"0\">Mi\u00e9rt j\u00f6tt l\u00e9tre ez az oldal?<\/b><\/p><p data-path-to-node=\"10\">Amikor kezdtem, \u00e9n is elvesztem az inform\u00e1ci\u00f3k tenger\u00e9ben. Mindent k\u00fcl\u00f6n oldalakr\u00f3l kellett \u00f6sszevad\u00e1sznom, nem \u00e9rtettem a szakkifejez\u00e9seket, \u00e9s sokszor \u00e9reztem \u00fagy, hogy feladom. Azt szeretn\u00e9m, hogy te ne j\u00e1rd v\u00e9gig ezt a r\u00f6g\u00f6s utat. Itt, a Kov\u00e1szt\u00fcnd\u00e9r oldalon mindent egy helyen megtal\u00e1lsz, ami a kezd\u00e9shez \u00e9s a fejl\u0151d\u00e9shez kell \u2013 egyszer\u0171en, \u00e9rthet\u0151en, &#8222;emberi nyelven&#8221;.<\/p><p data-path-to-node=\"11\">B\u00e1r a f\u0151szerepl\u0151 a kov\u00e1sz, folyamatosan keresem az \u00fajat: im\u00e1dok \u00faj konyhai g\u00e9peket tesztelni \u00e9s moderniz\u00e1lni a r\u00e9gi recepteket, hogy megmutassam: a hagyom\u00e1ny \u00e9s a fejl\u0151d\u00e9s t\u00f6k\u00e9letesen megf\u00e9r egym\u00e1s mellett.<\/p><p data-path-to-node=\"12\"><strong>Tarts velem, \u00e9s s\u00fcss\u00fcnk egy\u00fctt valami finomat<\/strong> \u2013 puffad\u00e1s \u00e9s kompromisszumok n\u00e9lk\u00fcl!<\/p>\t\t\t\t\t\t\t\t<\/div>\n\t\t\t\t<\/div>\n\t\t\t\t\t<\/div>\n\t\t<\/div>\n\t\t\t\t\t<\/div>\n\t\t<\/section>\n\t\t\t\t<section class=\"elementor-section elementor-top-section elementor-element elementor-element-e05c37f elementor-section-boxed elementor-section-height-default elementor-section-height-default\" data-id=\"e05c37f\" data-element_type=\"section\" data-e-type=\"section\">\n\t\t\t\t\t\t<div class=\"elementor-container elementor-column-gap-default\">\n\t\t\t\t\t<div class=\"elementor-column elementor-col-100 elementor-top-column elementor-element elementor-element-4407f47\" data-id=\"4407f47\" data-element_type=\"column\" data-e-type=\"column\">\n\t\t\t<div class=\"elementor-widget-wrap elementor-element-populated\">\n\t\t\t\t\t\t<div class=\"elementor-element elementor-element-7365d7b elementor-widget elementor-widget-html\" data-id=\"7365d7b\" data-element_type=\"widget\" data-e-type=\"widget\" data-widget_type=\"html.default\">\n\t\t\t\t<div class=\"elementor-widget-container\">\n\t\t\t\t\t<iframe width=\"934\" height=\"524\" src=\"https:\/\/www.youtube.com\/embed\/-S4OvkAlvHo?si=R2jX0QZL5CGFRn7o\" title=\"YouTube-Video-Player\" frameborder=\"0\" allow=\"accelerometer; autoplay; clipboard-write; encrypted-media; gyroscope; picture-in-picture; web-share\" referrerpolicy=\"strict-origin-when-cross-origin\" allowfullscreen><\/iframe>\t\t\t\t<\/div>\n\t\t\t\t<\/div>\n\t\t\t\t\t<\/div>\n\t\t<\/div>\n\t\t\t\t\t<\/div>\n\t\t<\/section>\n\t\t\t\t<\/div>","protected":false},"excerpt":{"rendered":"<p>A Kov\u00e1szT\u00fcnd\u00e9r t\u00f6rt\u00e9nete\u00a0 A karant\u00e9nkonyh\u00e1t\u00f3l a nagymam\u00e1m \u00f6r\u00f6ks\u00e9g\u00e9ig. Hosszu Bianka Szia! Bianka vagyok, a Kov\u00e1szT\u00fcnd\u00e9r oldal meg\u00e1lmod\u00f3ja. Sokan k\u00e9rdezik, honnan j\u00f6tt a n\u00e9v. Nem \u00e9n tal\u00e1ltam ki, hanem a h\u00fagom aj\u00e1nd\u00e9ka volt. Amikor elkezdtem s\u00fctni, \u0151 volt az egyik leglelkesebb k\u00f3stol\u00f3m. Kor\u00e1bban sokat k\u00fczd\u00f6tt azzal, hogy az \u00e9leszt\u0151s p\u00e9k\u00e1rukt\u00f3l puffadt a hasa, \u00e9s neh\u00e9znek \u00e9rezte &#8230;<\/p>","protected":false},"author":1,"featured_media":0,"parent":0,"menu_order":0,"comment_status":"closed","ping_status":"closed","template":"elementor_header_footer","meta":{"wprm-recipe-roundup-name":"","wprm-recipe-roundup-description":"","tinysalt_hide_before_page_content_ad":"","tinysalt_hide_after_page_content_ad":"","tinysalt_hide_page_header":"on","tinysalt_advanced_classname":"","tinysalt_page_featured_media_position":"","tinysalt_single_site_header_source":"","tinysalt_single_custom_site_header":"0","tinysalt_single_custom_sticky_site_header":"0","tinysalt_single_custom_sticky_site_header_style":"sticky-scroll-up","tinysalt_single_site_footer_source":"","tinysalt_single_custom_site_footer":"0","footnotes":""},"class_list":["post-1216","page","type-page","status-publish","hentry"],"yoast_head":"<!-- This site is optimized with the Yoast SEO Premium plugin v24.4 (Yoast SEO v27.3) - https:\/\/yoast.com\/product\/yoast-seo-premium-wordpress\/ -->\n<title>Bemutatkoz\u00f3 - Kov\u00e1szT\u00fcnd\u00e9r<\/title>\n<meta name=\"robots\" content=\"index, follow, max-snippet:-1, max-image-preview:large, max-video-preview:-1\" \/>\n<link rel=\"canonical\" href=\"https:\/\/www.kovasztunder.hu\/de\/einfuhrung\" \/>\n<meta property=\"og:locale\" content=\"de_DE\" \/>\n<meta property=\"og:type\" content=\"article\" \/>\n<meta property=\"og:title\" content=\"Bemutatkoz\u00f3\" \/>\n<meta property=\"og:description\" content=\"A Kov\u00e1szT\u00fcnd\u00e9r t\u00f6rt\u00e9nete\u00a0 A karant\u00e9nkonyh\u00e1t\u00f3l a nagymam\u00e1m \u00f6r\u00f6ks\u00e9g\u00e9ig. Hosszu Bianka Szia! Bianka vagyok, a Kov\u00e1szT\u00fcnd\u00e9r oldal meg\u00e1lmod\u00f3ja. Sokan k\u00e9rdezik, honnan j\u00f6tt a n\u00e9v. Nem \u00e9n tal\u00e1ltam ki, hanem a h\u00fagom aj\u00e1nd\u00e9ka volt. Amikor elkezdtem s\u00fctni, \u0151 volt az egyik leglelkesebb k\u00f3stol\u00f3m. Kor\u00e1bban sokat k\u00fczd\u00f6tt azzal, hogy az \u00e9leszt\u0151s p\u00e9k\u00e1rukt\u00f3l puffadt a hasa, \u00e9s neh\u00e9znek \u00e9rezte ...\" \/>\n<meta property=\"og:url\" content=\"https:\/\/www.kovasztunder.hu\/de\/einfuhrung\" \/>\n<meta property=\"og:site_name\" content=\"Kov\u00e1szT\u00fcnd\u00e9r\" \/>\n<meta property=\"article:modified_time\" content=\"2025-12-29T19:48:50+00:00\" \/>\n<meta property=\"og:image\" content=\"https:\/\/www.kovasztunder.hu\/wp-content\/uploads\/2025\/02\/IMG_9047.JPG-scaled.jpeg\" \/>\n\t<meta property=\"og:image:width\" content=\"1706\" \/>\n\t<meta property=\"og:image:height\" content=\"2560\" \/>\n\t<meta property=\"og:image:type\" content=\"image\/jpeg\" \/>\n<meta name=\"twitter:card\" content=\"summary_large_image\" \/>\n<meta name=\"twitter:label1\" content=\"Gesch\u00e4tzte Lesezeit\" \/>\n\t<meta name=\"twitter:data1\" content=\"3\u00a0Minuten\" \/>\n<script type=\"application\/ld+json\" class=\"yoast-schema-graph\">{\"@context\":\"https:\\\/\\\/schema.org\",\"@graph\":[{\"@type\":\"WebPage\",\"@id\":\"https:\\\/\\\/www.kovasztunder.hu\\\/bemutatkozo\",\"url\":\"https:\\\/\\\/www.kovasztunder.hu\\\/bemutatkozo\",\"name\":\"Bemutatkoz\u00f3 - Kov\u00e1szT\u00fcnd\u00e9r\",\"isPartOf\":{\"@id\":\"https:\\\/\\\/www.kovasztunder.hu\\\/#website\"},\"primaryImageOfPage\":{\"@id\":\"https:\\\/\\\/www.kovasztunder.hu\\\/bemutatkozo#primaryimage\"},\"image\":{\"@id\":\"https:\\\/\\\/www.kovasztunder.hu\\\/bemutatkozo#primaryimage\"},\"thumbnailUrl\":\"https:\\\/\\\/www.kovasztunder.hu\\\/wp-content\\\/uploads\\\/2025\\\/02\\\/IMG_9047.JPG-682x1024.jpeg\",\"datePublished\":\"2022-08-11T14:36:21+00:00\",\"dateModified\":\"2025-12-29T19:48:50+00:00\",\"breadcrumb\":{\"@id\":\"https:\\\/\\\/www.kovasztunder.hu\\\/bemutatkozo#breadcrumb\"},\"inLanguage\":\"de\",\"potentialAction\":[{\"@type\":\"ReadAction\",\"target\":[\"https:\\\/\\\/www.kovasztunder.hu\\\/bemutatkozo\"]}]},{\"@type\":\"ImageObject\",\"inLanguage\":\"de\",\"@id\":\"https:\\\/\\\/www.kovasztunder.hu\\\/bemutatkozo#primaryimage\",\"url\":\"https:\\\/\\\/www.kovasztunder.hu\\\/wp-content\\\/uploads\\\/2025\\\/02\\\/IMG_9047.JPG-682x1024.jpeg\",\"contentUrl\":\"https:\\\/\\\/www.kovasztunder.hu\\\/wp-content\\\/uploads\\\/2025\\\/02\\\/IMG_9047.JPG-682x1024.jpeg\"},{\"@type\":\"BreadcrumbList\",\"@id\":\"https:\\\/\\\/www.kovasztunder.hu\\\/bemutatkozo#breadcrumb\",\"itemListElement\":[{\"@type\":\"ListItem\",\"position\":1,\"name\":\"Home\",\"item\":\"https:\\\/\\\/www.kovasztunder.hu\\\/\"},{\"@type\":\"ListItem\",\"position\":2,\"name\":\"Bemutatkoz\u00f3\"}]},{\"@type\":\"WebSite\",\"@id\":\"https:\\\/\\\/www.kovasztunder.hu\\\/#website\",\"url\":\"https:\\\/\\\/www.kovasztunder.hu\\\/\",\"name\":\"Kov\u00e1szT\u00fcnd\u00e9r\",\"description\":\"A kov\u00e1sz legyen veletek!\",\"publisher\":{\"@id\":\"https:\\\/\\\/www.kovasztunder.hu\\\/#organization\"},\"potentialAction\":[{\"@type\":\"SearchAction\",\"target\":{\"@type\":\"EntryPoint\",\"urlTemplate\":\"https:\\\/\\\/www.kovasztunder.hu\\\/?s={search_term_string}\"},\"query-input\":{\"@type\":\"PropertyValueSpecification\",\"valueRequired\":true,\"valueName\":\"search_term_string\"}}],\"inLanguage\":\"de\"},{\"@type\":\"Organization\",\"@id\":\"https:\\\/\\\/www.kovasztunder.hu\\\/#organization\",\"name\":\"Kov\u00e1szT\u00fcnd\u00e9r\",\"url\":\"https:\\\/\\\/www.kovasztunder.hu\\\/\",\"logo\":{\"@type\":\"ImageObject\",\"inLanguage\":\"de\",\"@id\":\"https:\\\/\\\/www.kovasztunder.hu\\\/#\\\/schema\\\/logo\\\/image\\\/\",\"url\":\"https:\\\/\\\/www.kovasztunder.hu\\\/wp-content\\\/uploads\\\/2023\\\/02\\\/kovasztunder_logo.png\",\"contentUrl\":\"https:\\\/\\\/www.kovasztunder.hu\\\/wp-content\\\/uploads\\\/2023\\\/02\\\/kovasztunder_logo.png\",\"width\":1638,\"height\":487,\"caption\":\"Kov\u00e1szT\u00fcnd\u00e9r\"},\"image\":{\"@id\":\"https:\\\/\\\/www.kovasztunder.hu\\\/#\\\/schema\\\/logo\\\/image\\\/\"},\"sameAs\":[\"https:\\\/\\\/www.youtube.com\\\/@kovasztunder\",\"https:\\\/\\\/www.instagram.com\\\/kovasztunder\\\/\"]}]}<\/script>\n<!-- \/ Yoast SEO Premium plugin. -->","yoast_head_json":{"title":"Wir stellen vor - Kov\u00e1szT\u00e4f\u00e9r","robots":{"index":"index","follow":"follow","max-snippet":"max-snippet:-1","max-image-preview":"max-image-preview:large","max-video-preview":"max-video-preview:-1"},"canonical":"https:\/\/www.kovasztunder.hu\/de\/einfuhrung","og_locale":"de_DE","og_type":"article","og_title":"Bemutatkoz\u00f3","og_description":"A Kov\u00e1szT\u00fcnd\u00e9r t\u00f6rt\u00e9nete\u00a0 A karant\u00e9nkonyh\u00e1t\u00f3l a nagymam\u00e1m \u00f6r\u00f6ks\u00e9g\u00e9ig. Hosszu Bianka Szia! Bianka vagyok, a Kov\u00e1szT\u00fcnd\u00e9r oldal meg\u00e1lmod\u00f3ja. Sokan k\u00e9rdezik, honnan j\u00f6tt a n\u00e9v. Nem \u00e9n tal\u00e1ltam ki, hanem a h\u00fagom aj\u00e1nd\u00e9ka volt. Amikor elkezdtem s\u00fctni, \u0151 volt az egyik leglelkesebb k\u00f3stol\u00f3m. Kor\u00e1bban sokat k\u00fczd\u00f6tt azzal, hogy az \u00e9leszt\u0151s p\u00e9k\u00e1rukt\u00f3l puffadt a hasa, \u00e9s neh\u00e9znek \u00e9rezte ...","og_url":"https:\/\/www.kovasztunder.hu\/de\/einfuhrung","og_site_name":"Kov\u00e1szT\u00fcnd\u00e9r","article_modified_time":"2025-12-29T19:48:50+00:00","og_image":[{"width":1706,"height":2560,"url":"https:\/\/www.kovasztunder.hu\/wp-content\/uploads\/2025\/02\/IMG_9047.JPG-scaled.jpeg","type":"image\/jpeg"}],"twitter_card":"summary_large_image","twitter_misc":{"Gesch\u00e4tzte Lesezeit":"3\u00a0Minuten"},"schema":{"@context":"https:\/\/schema.org","@graph":[{"@type":"WebPage","@id":"https:\/\/www.kovasztunder.hu\/bemutatkozo","url":"https:\/\/www.kovasztunder.hu\/bemutatkozo","name":"Wir stellen vor - Kov\u00e1szT\u00e4f\u00e9r","isPartOf":{"@id":"https:\/\/www.kovasztunder.hu\/#website"},"primaryImageOfPage":{"@id":"https:\/\/www.kovasztunder.hu\/bemutatkozo#primaryimage"},"image":{"@id":"https:\/\/www.kovasztunder.hu\/bemutatkozo#primaryimage"},"thumbnailUrl":"https:\/\/www.kovasztunder.hu\/wp-content\/uploads\/2025\/02\/IMG_9047.JPG-682x1024.jpeg","datePublished":"2022-08-11T14:36:21+00:00","dateModified":"2025-12-29T19:48:50+00:00","breadcrumb":{"@id":"https:\/\/www.kovasztunder.hu\/bemutatkozo#breadcrumb"},"inLanguage":"de","potentialAction":[{"@type":"ReadAction","target":["https:\/\/www.kovasztunder.hu\/bemutatkozo"]}]},{"@type":"ImageObject","inLanguage":"de","@id":"https:\/\/www.kovasztunder.hu\/bemutatkozo#primaryimage","url":"https:\/\/www.kovasztunder.hu\/wp-content\/uploads\/2025\/02\/IMG_9047.JPG-682x1024.jpeg","contentUrl":"https:\/\/www.kovasztunder.hu\/wp-content\/uploads\/2025\/02\/IMG_9047.JPG-682x1024.jpeg"},{"@type":"BreadcrumbList","@id":"https:\/\/www.kovasztunder.hu\/bemutatkozo#breadcrumb","itemListElement":[{"@type":"ListItem","position":1,"name":"Home","item":"https:\/\/www.kovasztunder.hu\/"},{"@type":"ListItem","position":2,"name":"Bemutatkoz\u00f3"}]},{"@type":"WebSite","@id":"https:\/\/www.kovasztunder.hu\/#website","url":"https:\/\/www.kovasztunder.hu\/","name":"H\u00e4uschen Fee","description":"M\u00f6ge der Sauerteig mit Ihnen sein!","publisher":{"@id":"https:\/\/www.kovasztunder.hu\/#organization"},"potentialAction":[{"@type":"SearchAction","target":{"@type":"EntryPoint","urlTemplate":"https:\/\/www.kovasztunder.hu\/?s={search_term_string}"},"query-input":{"@type":"PropertyValueSpecification","valueRequired":true,"valueName":"search_term_string"}}],"inLanguage":"de"},{"@type":"Organization","@id":"https:\/\/www.kovasztunder.hu\/#organization","name":"H\u00e4uschen Fee","url":"https:\/\/www.kovasztunder.hu\/","logo":{"@type":"ImageObject","inLanguage":"de","@id":"https:\/\/www.kovasztunder.hu\/#\/schema\/logo\/image\/","url":"https:\/\/www.kovasztunder.hu\/wp-content\/uploads\/2023\/02\/kovasztunder_logo.png","contentUrl":"https:\/\/www.kovasztunder.hu\/wp-content\/uploads\/2023\/02\/kovasztunder_logo.png","width":1638,"height":487,"caption":"Kov\u00e1szT\u00fcnd\u00e9r"},"image":{"@id":"https:\/\/www.kovasztunder.hu\/#\/schema\/logo\/image\/"},"sameAs":["https:\/\/www.youtube.com\/@kovasztunder","https:\/\/www.instagram.com\/kovasztunder\/"]}]}},"_links":{"self":[{"href":"https:\/\/www.kovasztunder.hu\/de\/wp-json\/wp\/v2\/pages\/1216","targetHints":{"allow":["GET"]}}],"collection":[{"href":"https:\/\/www.kovasztunder.hu\/de\/wp-json\/wp\/v2\/pages"}],"about":[{"href":"https:\/\/www.kovasztunder.hu\/de\/wp-json\/wp\/v2\/types\/page"}],"author":[{"embeddable":true,"href":"https:\/\/www.kovasztunder.hu\/de\/wp-json\/wp\/v2\/users\/1"}],"replies":[{"embeddable":true,"href":"https:\/\/www.kovasztunder.hu\/de\/wp-json\/wp\/v2\/comments?post=1216"}],"version-history":[{"count":0,"href":"https:\/\/www.kovasztunder.hu\/de\/wp-json\/wp\/v2\/pages\/1216\/revisions"}],"wp:attachment":[{"href":"https:\/\/www.kovasztunder.hu\/de\/wp-json\/wp\/v2\/media?parent=1216"}],"curies":[{"name":"wp","href":"https:\/\/api.w.org\/{rel}","templated":true}]}}