{"id":3005,"date":"2023-02-04T21:12:02","date_gmt":"2023-02-04T20:12:02","guid":{"rendered":"https:\/\/www.kovasztunder.hu\/?page_id=3005"},"modified":"2025-02-16T14:56:04","modified_gmt":"2025-02-16T13:56:04","slug":"sauerteigsorten","status":"publish","type":"page","link":"https:\/\/www.kovasztunder.hu\/de\/sauerteigsorten","title":{"rendered":"Saure Sorten"},"content":{"rendered":"<div data-elementor-type=\"wp-page\" data-elementor-id=\"3005\" class=\"elementor elementor-3005\" data-elementor-post-type=\"page\">\n\t\t\t\t\t\t<section class=\"elementor-section elementor-top-section elementor-element elementor-element-1fa384e elementor-section-boxed elementor-section-height-default elementor-section-height-default\" data-id=\"1fa384e\" data-element_type=\"section\" data-e-type=\"section\">\n\t\t\t\t\t\t<div class=\"elementor-container elementor-column-gap-default\">\n\t\t\t\t\t<div class=\"elementor-column elementor-col-100 elementor-top-column elementor-element elementor-element-aae4723\" data-id=\"aae4723\" data-element_type=\"column\" data-e-type=\"column\">\n\t\t\t<div class=\"elementor-widget-wrap elementor-element-populated\">\n\t\t\t\t\t\t<div class=\"elementor-element elementor-element-c1a040c elementor-widget elementor-widget-heading\" data-id=\"c1a040c\" data-element_type=\"widget\" data-e-type=\"widget\" data-widget_type=\"heading.default\">\n\t\t\t\t<div class=\"elementor-widget-container\">\n\t\t\t\t\t<h2 class=\"elementor-heading-title elementor-size-default\">S\u00fc\u00dfer Sauerteig<\/h2>\t\t\t\t<\/div>\n\t\t\t\t<\/div>\n\t\t\t\t<div class=\"elementor-element elementor-element-2a7e6af elementor-widget elementor-widget-text-editor\" data-id=\"2a7e6af\" data-element_type=\"widget\" data-e-type=\"widget\" data-widget_type=\"text-editor.default\">\n\t\t\t\t<div class=\"elementor-widget-container\">\n\t\t\t\t\t\t\t\t\t<p>S\u00fc\u00dfer Sauerteig unterscheidet sich von Sauerteig durch den Zusatz von Zucker. Er wird vor allem dann verwendet, wenn man den S\u00e4uregehalt reduzieren m\u00f6chte. S\u00fc\u00dfer Sauerteig erzeugt eine st\u00e4rkere Glutenstruktur. Sehr dichter Sauerteig. Empfohlen f\u00fcr Doughnuts, Geb\u00e4ck usw. Er sieht aus wie sein saures Gegenst\u00fcck, aber die Teigbeschaffenheit ist anders. <\/p><p>S\u00fc\u00dferes Brot kann mit den folgenden Sauerteigen erreicht werden:<br \/><br \/><strong>1. wei\u00dfer Sauerteig Upgrade:<\/strong><br \/>- 25 g Talg<br \/>- 100 g Wei\u00dfmehl<br \/>- 100 g Wasser (36 Grad)<\/p><p><strong>2. schokoladiges Sauerteig-Upgrade:<\/strong><br \/>- 25 g Talg<br \/>- 75 g Wei\u00dfmehl<br \/>- 25 g rohes Bio-Kakaopulver<br \/>- 100 g Wasser <br \/>- 10 g Rohrzucker <\/p>\t\t\t\t\t\t\t\t<\/div>\n\t\t\t\t<\/div>\n\t\t\t\t\t<\/div>\n\t\t<\/div>\n\t\t\t\t\t<\/div>\n\t\t<\/section>\n\t\t\t\t<section class=\"elementor-section elementor-top-section elementor-element elementor-element-e0c7aba elementor-section-boxed elementor-section-height-default elementor-section-height-default\" data-id=\"e0c7aba\" data-element_type=\"section\" data-e-type=\"section\">\n\t\t\t\t\t\t<div class=\"elementor-container elementor-column-gap-default\">\n\t\t\t\t\t<div class=\"elementor-column elementor-col-100 elementor-top-column elementor-element elementor-element-b2ebf6a\" data-id=\"b2ebf6a\" data-element_type=\"column\" data-e-type=\"column\">\n\t\t\t<div class=\"elementor-widget-wrap elementor-element-populated\">\n\t\t\t\t\t\t<div class=\"elementor-element elementor-element-9c629ba elementor-widget elementor-widget-heading\" data-id=\"9c629ba\" data-element_type=\"widget\" data-e-type=\"widget\" data-widget_type=\"heading.default\">\n\t\t\t\t<div class=\"elementor-widget-container\">\n\t\t\t\t\t<h2 class=\"elementor-heading-title elementor-size-default\">Saurer Sauerteig<\/h2>\t\t\t\t<\/div>\n\t\t\t\t<\/div>\n\t\t\t\t<div class=\"elementor-element elementor-element-60721af elementor-widget elementor-widget-text-editor\" data-id=\"60721af\" data-element_type=\"widget\" data-e-type=\"widget\" data-widget_type=\"text-editor.default\">\n\t\t\t\t<div class=\"elementor-widget-container\">\n\t\t\t\t\t\t\t\t\t<p>Sauerteig ist dicker und s\u00e4urehaltiger.<\/p><p>Ein saureres Brot kann mit den folgenden S\u00e4uerungsmitteln hergestellt werden:<\/p><p><strong>1. die Auffrischung von saurem Vollkornsauerteig:<\/strong><br \/>- 30 g Mutterkraut<br \/>- 100 g Vollkornmehl<br \/>- 60 g Wasser<\/p><p><strong>2. die Auffrischung von Roggensauerteig:<\/strong><br \/>- 25 g Roggenwurst<br \/>- 100 g Roggenmehl<br \/>- 70 g Wasser<\/p>\t\t\t\t\t\t\t\t<\/div>\n\t\t\t\t<\/div>\n\t\t\t\t\t<\/div>\n\t\t<\/div>\n\t\t\t\t\t<\/div>\n\t\t<\/section>\n\t\t\t\t<\/div>","protected":false},"excerpt":{"rendered":"<p>S\u00fc\u00dfer Sauerteig S\u00fc\u00dfer Sauerteig unterscheidet sich von Sauerteig durch den Zusatz von Zucker. Er wird vor allem dann verwendet, wenn man den S\u00e4uregehalt reduzieren m\u00f6chte. S\u00fc\u00dfer Sauerteig erzeugt eine st\u00e4rkere Glutenstruktur. Sehr dichter Sauerteig. Empfohlen f\u00fcr Doughnuts, Geb\u00e4ck usw. Er sieht aus wie sein saures Gegenst\u00fcck, aber die Teigbeschaffenheit ist anders. S\u00fc\u00dfes Brot kann mit den folgenden Sauerteigen hergestellt werden: 1.<\/p>","protected":false},"author":1,"featured_media":4330,"parent":0,"menu_order":0,"comment_status":"closed","ping_status":"closed","template":"template-4.php","meta":{"wprm-recipe-roundup-name":"","wprm-recipe-roundup-description":"","tinysalt_hide_before_page_content_ad":"","tinysalt_hide_after_page_content_ad":"","tinysalt_hide_page_header":"","tinysalt_advanced_classname":"","tinysalt_page_featured_media_position":"","tinysalt_single_site_header_source":"","tinysalt_single_custom_site_header":"0","tinysalt_single_custom_sticky_site_header":"0","tinysalt_single_custom_sticky_site_header_style":"sticky-scroll-up","tinysalt_single_site_footer_source":"","tinysalt_single_custom_site_footer":"0","footnotes":""},"class_list":["post-3005","page","type-page","status-publish","has-post-thumbnail","hentry"],"yoast_head":"<!-- This site is optimized with the Yoast SEO Premium plugin v24.4 (Yoast SEO v27.3) - https:\/\/yoast.com\/product\/yoast-seo-premium-wordpress\/ -->\n<title>Kov\u00e1sz fajt\u00e1k - Kov\u00e1szT\u00fcnd\u00e9r<\/title>\n<meta name=\"robots\" content=\"index, follow, max-snippet:-1, max-image-preview:large, max-video-preview:-1\" \/>\n<link rel=\"canonical\" href=\"https:\/\/www.kovasztunder.hu\/de\/sauerteigsorten\" \/>\n<meta property=\"og:locale\" content=\"de_DE\" \/>\n<meta property=\"og:type\" content=\"article\" \/>\n<meta property=\"og:title\" content=\"Kov\u00e1sz fajt\u00e1k\" \/>\n<meta property=\"og:description\" content=\"\u00c9des kov\u00e1sz Az \u00e9des kov\u00e1sz annyiban k\u00fcl\u00f6nb\u00f6zik a savany\u00fat\u00f3l, hogy adunk hozz\u00e1 cukrot. Akkor haszn\u00e1ljuk legf\u0151k\u00e9pp, ha cs\u00f6kkenteni akarjuk a savass\u00e1got. Az \u00e9des kov\u00e1sz er\u0151sebb glut\u00e9nszerkezetet hoz l\u00e9tre. Nagyon s\u0171r\u0171 kov\u00e1sz. Aj\u00e1nlott p\u00e9ld\u00e1ul f\u00e1nkok, p\u00e9ks\u00fctem\u00e9nyekhez. Kin\u00e9zetre olyan mint a savany\u00fa t\u00e1rsa, de a t\u00e9szta szerkezet\u00e9ben m\u00e1s lesz. \u00c9desebb kenyeret a k\u00f6vetkez\u0151 kov\u00e1szokkal \u00e9rhet\u00fcnk el: 1. ...\" \/>\n<meta property=\"og:url\" content=\"https:\/\/www.kovasztunder.hu\/de\/sauerteigsorten\" \/>\n<meta property=\"og:site_name\" content=\"Kov\u00e1szT\u00fcnd\u00e9r\" \/>\n<meta property=\"article:modified_time\" content=\"2025-02-16T13:56:04+00:00\" \/>\n<meta property=\"og:image\" content=\"https:\/\/www.kovasztunder.hu\/wp-content\/uploads\/2023\/12\/IMG_9043.jpg\" \/>\n\t<meta property=\"og:image:width\" content=\"2560\" \/>\n\t<meta property=\"og:image:height\" content=\"1709\" \/>\n\t<meta property=\"og:image:type\" content=\"image\/jpeg\" \/>\n<meta name=\"twitter:card\" content=\"summary_large_image\" \/>\n<meta name=\"twitter:label1\" content=\"Gesch\u00e4tzte Lesezeit\" \/>\n\t<meta name=\"twitter:data1\" content=\"1\u00a0Minute\" \/>\n<script type=\"application\/ld+json\" class=\"yoast-schema-graph\">{\"@context\":\"https:\\\/\\\/schema.org\",\"@graph\":[{\"@type\":\"WebPage\",\"@id\":\"https:\\\/\\\/www.kovasztunder.hu\\\/kovasz-fajtak\",\"url\":\"https:\\\/\\\/www.kovasztunder.hu\\\/kovasz-fajtak\",\"name\":\"Kov\u00e1sz fajt\u00e1k - Kov\u00e1szT\u00fcnd\u00e9r\",\"isPartOf\":{\"@id\":\"https:\\\/\\\/www.kovasztunder.hu\\\/#website\"},\"primaryImageOfPage\":{\"@id\":\"https:\\\/\\\/www.kovasztunder.hu\\\/kovasz-fajtak#primaryimage\"},\"image\":{\"@id\":\"https:\\\/\\\/www.kovasztunder.hu\\\/kovasz-fajtak#primaryimage\"},\"thumbnailUrl\":\"https:\\\/\\\/www.kovasztunder.hu\\\/wp-content\\\/uploads\\\/2023\\\/12\\\/IMG_9043.jpg\",\"datePublished\":\"2023-02-04T20:12:02+00:00\",\"dateModified\":\"2025-02-16T13:56:04+00:00\",\"breadcrumb\":{\"@id\":\"https:\\\/\\\/www.kovasztunder.hu\\\/kovasz-fajtak#breadcrumb\"},\"inLanguage\":\"de\",\"potentialAction\":[{\"@type\":\"ReadAction\",\"target\":[\"https:\\\/\\\/www.kovasztunder.hu\\\/kovasz-fajtak\"]}]},{\"@type\":\"ImageObject\",\"inLanguage\":\"de\",\"@id\":\"https:\\\/\\\/www.kovasztunder.hu\\\/kovasz-fajtak#primaryimage\",\"url\":\"https:\\\/\\\/www.kovasztunder.hu\\\/wp-content\\\/uploads\\\/2023\\\/12\\\/IMG_9043.jpg\",\"contentUrl\":\"https:\\\/\\\/www.kovasztunder.hu\\\/wp-content\\\/uploads\\\/2023\\\/12\\\/IMG_9043.jpg\",\"width\":2560,\"height\":1709},{\"@type\":\"BreadcrumbList\",\"@id\":\"https:\\\/\\\/www.kovasztunder.hu\\\/kovasz-fajtak#breadcrumb\",\"itemListElement\":[{\"@type\":\"ListItem\",\"position\":1,\"name\":\"Home\",\"item\":\"https:\\\/\\\/www.kovasztunder.hu\\\/\"},{\"@type\":\"ListItem\",\"position\":2,\"name\":\"Kov\u00e1sz fajt\u00e1k\"}]},{\"@type\":\"WebSite\",\"@id\":\"https:\\\/\\\/www.kovasztunder.hu\\\/#website\",\"url\":\"https:\\\/\\\/www.kovasztunder.hu\\\/\",\"name\":\"Kov\u00e1szT\u00fcnd\u00e9r\",\"description\":\"A kov\u00e1sz legyen veletek!\",\"publisher\":{\"@id\":\"https:\\\/\\\/www.kovasztunder.hu\\\/#organization\"},\"potentialAction\":[{\"@type\":\"SearchAction\",\"target\":{\"@type\":\"EntryPoint\",\"urlTemplate\":\"https:\\\/\\\/www.kovasztunder.hu\\\/?s={search_term_string}\"},\"query-input\":{\"@type\":\"PropertyValueSpecification\",\"valueRequired\":true,\"valueName\":\"search_term_string\"}}],\"inLanguage\":\"de\"},{\"@type\":\"Organization\",\"@id\":\"https:\\\/\\\/www.kovasztunder.hu\\\/#organization\",\"name\":\"Kov\u00e1szT\u00fcnd\u00e9r\",\"url\":\"https:\\\/\\\/www.kovasztunder.hu\\\/\",\"logo\":{\"@type\":\"ImageObject\",\"inLanguage\":\"de\",\"@id\":\"https:\\\/\\\/www.kovasztunder.hu\\\/#\\\/schema\\\/logo\\\/image\\\/\",\"url\":\"https:\\\/\\\/www.kovasztunder.hu\\\/wp-content\\\/uploads\\\/2023\\\/02\\\/kovasztunder_logo.png\",\"contentUrl\":\"https:\\\/\\\/www.kovasztunder.hu\\\/wp-content\\\/uploads\\\/2023\\\/02\\\/kovasztunder_logo.png\",\"width\":1638,\"height\":487,\"caption\":\"Kov\u00e1szT\u00fcnd\u00e9r\"},\"image\":{\"@id\":\"https:\\\/\\\/www.kovasztunder.hu\\\/#\\\/schema\\\/logo\\\/image\\\/\"},\"sameAs\":[\"https:\\\/\\\/www.youtube.com\\\/@kovasztunder\",\"https:\\\/\\\/www.instagram.com\\\/kovasztunder\\\/\"]}]}<\/script>\n<!-- \/ Yoast SEO Premium plugin. -->","yoast_head_json":{"title":"Sauerteigsorten - SourdoughFairy","robots":{"index":"index","follow":"follow","max-snippet":"max-snippet:-1","max-image-preview":"max-image-preview:large","max-video-preview":"max-video-preview:-1"},"canonical":"https:\/\/www.kovasztunder.hu\/de\/sauerteigsorten","og_locale":"de_DE","og_type":"article","og_title":"Kov\u00e1sz fajt\u00e1k","og_description":"\u00c9des kov\u00e1sz Az \u00e9des kov\u00e1sz annyiban k\u00fcl\u00f6nb\u00f6zik a savany\u00fat\u00f3l, hogy adunk hozz\u00e1 cukrot. Akkor haszn\u00e1ljuk legf\u0151k\u00e9pp, ha cs\u00f6kkenteni akarjuk a savass\u00e1got. Az \u00e9des kov\u00e1sz er\u0151sebb glut\u00e9nszerkezetet hoz l\u00e9tre. Nagyon s\u0171r\u0171 kov\u00e1sz. Aj\u00e1nlott p\u00e9ld\u00e1ul f\u00e1nkok, p\u00e9ks\u00fctem\u00e9nyekhez. Kin\u00e9zetre olyan mint a savany\u00fa t\u00e1rsa, de a t\u00e9szta szerkezet\u00e9ben m\u00e1s lesz. \u00c9desebb kenyeret a k\u00f6vetkez\u0151 kov\u00e1szokkal \u00e9rhet\u00fcnk el: 1. ...","og_url":"https:\/\/www.kovasztunder.hu\/de\/sauerteigsorten","og_site_name":"Kov\u00e1szT\u00fcnd\u00e9r","article_modified_time":"2025-02-16T13:56:04+00:00","og_image":[{"width":2560,"height":1709,"url":"https:\/\/www.kovasztunder.hu\/wp-content\/uploads\/2023\/12\/IMG_9043.jpg","type":"image\/jpeg"}],"twitter_card":"summary_large_image","twitter_misc":{"Gesch\u00e4tzte Lesezeit":"1\u00a0Minute"},"schema":{"@context":"https:\/\/schema.org","@graph":[{"@type":"WebPage","@id":"https:\/\/www.kovasztunder.hu\/kovasz-fajtak","url":"https:\/\/www.kovasztunder.hu\/kovasz-fajtak","name":"Sauerteigsorten - SourdoughFairy","isPartOf":{"@id":"https:\/\/www.kovasztunder.hu\/#website"},"primaryImageOfPage":{"@id":"https:\/\/www.kovasztunder.hu\/kovasz-fajtak#primaryimage"},"image":{"@id":"https:\/\/www.kovasztunder.hu\/kovasz-fajtak#primaryimage"},"thumbnailUrl":"https:\/\/www.kovasztunder.hu\/wp-content\/uploads\/2023\/12\/IMG_9043.jpg","datePublished":"2023-02-04T20:12:02+00:00","dateModified":"2025-02-16T13:56:04+00:00","breadcrumb":{"@id":"https:\/\/www.kovasztunder.hu\/kovasz-fajtak#breadcrumb"},"inLanguage":"de","potentialAction":[{"@type":"ReadAction","target":["https:\/\/www.kovasztunder.hu\/kovasz-fajtak"]}]},{"@type":"ImageObject","inLanguage":"de","@id":"https:\/\/www.kovasztunder.hu\/kovasz-fajtak#primaryimage","url":"https:\/\/www.kovasztunder.hu\/wp-content\/uploads\/2023\/12\/IMG_9043.jpg","contentUrl":"https:\/\/www.kovasztunder.hu\/wp-content\/uploads\/2023\/12\/IMG_9043.jpg","width":2560,"height":1709},{"@type":"BreadcrumbList","@id":"https:\/\/www.kovasztunder.hu\/kovasz-fajtak#breadcrumb","itemListElement":[{"@type":"ListItem","position":1,"name":"Home","item":"https:\/\/www.kovasztunder.hu\/"},{"@type":"ListItem","position":2,"name":"Kov\u00e1sz fajt\u00e1k"}]},{"@type":"WebSite","@id":"https:\/\/www.kovasztunder.hu\/#website","url":"https:\/\/www.kovasztunder.hu\/","name":"H\u00e4uschen Fee","description":"M\u00f6ge der Sauerteig mit Ihnen sein!","publisher":{"@id":"https:\/\/www.kovasztunder.hu\/#organization"},"potentialAction":[{"@type":"SearchAction","target":{"@type":"EntryPoint","urlTemplate":"https:\/\/www.kovasztunder.hu\/?s={search_term_string}"},"query-input":{"@type":"PropertyValueSpecification","valueRequired":true,"valueName":"search_term_string"}}],"inLanguage":"de"},{"@type":"Organization","@id":"https:\/\/www.kovasztunder.hu\/#organization","name":"H\u00e4uschen Fee","url":"https:\/\/www.kovasztunder.hu\/","logo":{"@type":"ImageObject","inLanguage":"de","@id":"https:\/\/www.kovasztunder.hu\/#\/schema\/logo\/image\/","url":"https:\/\/www.kovasztunder.hu\/wp-content\/uploads\/2023\/02\/kovasztunder_logo.png","contentUrl":"https:\/\/www.kovasztunder.hu\/wp-content\/uploads\/2023\/02\/kovasztunder_logo.png","width":1638,"height":487,"caption":"Kov\u00e1szT\u00fcnd\u00e9r"},"image":{"@id":"https:\/\/www.kovasztunder.hu\/#\/schema\/logo\/image\/"},"sameAs":["https:\/\/www.youtube.com\/@kovasztunder","https:\/\/www.instagram.com\/kovasztunder\/"]}]}},"_links":{"self":[{"href":"https:\/\/www.kovasztunder.hu\/de\/wp-json\/wp\/v2\/pages\/3005","targetHints":{"allow":["GET"]}}],"collection":[{"href":"https:\/\/www.kovasztunder.hu\/de\/wp-json\/wp\/v2\/pages"}],"about":[{"href":"https:\/\/www.kovasztunder.hu\/de\/wp-json\/wp\/v2\/types\/page"}],"author":[{"embeddable":true,"href":"https:\/\/www.kovasztunder.hu\/de\/wp-json\/wp\/v2\/users\/1"}],"replies":[{"embeddable":true,"href":"https:\/\/www.kovasztunder.hu\/de\/wp-json\/wp\/v2\/comments?post=3005"}],"version-history":[{"count":0,"href":"https:\/\/www.kovasztunder.hu\/de\/wp-json\/wp\/v2\/pages\/3005\/revisions"}],"wp:featuredmedia":[{"embeddable":true,"href":"https:\/\/www.kovasztunder.hu\/de\/wp-json\/wp\/v2\/media\/4330"}],"wp:attachment":[{"href":"https:\/\/www.kovasztunder.hu\/de\/wp-json\/wp\/v2\/media?parent=3005"}],"curies":[{"name":"wp","href":"https:\/\/api.w.org\/{rel}","templated":true}]}}