{"id":3123,"date":"2023-02-04T22:18:20","date_gmt":"2023-02-04T21:18:20","guid":{"rendered":"https:\/\/www.kovasztunder.hu\/?page_id=3123"},"modified":"2023-05-16T22:17:24","modified_gmt":"2023-05-16T20:17:24","slug":"nutzliche-ideen","status":"publish","type":"page","link":"https:\/\/www.kovasztunder.hu\/de\/nutzliche-ideen","title":{"rendered":"Ben\u00f6tigte Werkzeuge"},"content":{"rendered":"<div data-elementor-type=\"wp-page\" data-elementor-id=\"3123\" class=\"elementor elementor-3123\" data-elementor-post-type=\"page\">\n\t\t\t\t\t\t<section class=\"elementor-section elementor-top-section elementor-element elementor-element-8f37c7e elementor-section-boxed elementor-section-height-default elementor-section-height-default\" data-id=\"8f37c7e\" data-element_type=\"section\" data-e-type=\"section\" data-settings=\"{&quot;background_background&quot;:&quot;classic&quot;}\">\n\t\t\t\t\t\t<div class=\"elementor-container elementor-column-gap-default\">\n\t\t\t\t\t<div class=\"elementor-column elementor-col-100 elementor-top-column elementor-element elementor-element-321d907\" data-id=\"321d907\" data-element_type=\"column\" data-e-type=\"column\">\n\t\t\t<div class=\"elementor-widget-wrap elementor-element-populated\">\n\t\t\t\t\t\t<div class=\"elementor-element elementor-element-357c0ac elementor-widget elementor-widget-accordion\" data-id=\"357c0ac\" data-element_type=\"widget\" data-e-type=\"widget\" data-widget_type=\"accordion.default\">\n\t\t\t\t<div class=\"elementor-widget-container\">\n\t\t\t\t\t\t\t<div class=\"elementor-accordion\">\n\t\t\t\t\t\t\t<div class=\"elementor-accordion-item\">\n\t\t\t\t\t<div id=\"elementor-tab-title-5601\" class=\"elementor-tab-title\" data-tab=\"1\" role=\"button\" aria-controls=\"elementor-tab-content-5601\" aria-expanded=\"false\">\n\t\t\t\t\t\t\t\t\t\t\t\t\t<span class=\"elementor-accordion-icon elementor-accordion-icon-left\" aria-hidden=\"true\">\n\t\t\t\t\t\t\t\t\t\t\t\t\t\t\t<span class=\"elementor-accordion-icon-closed\"><i class=\"fas fa-plus\"><\/i><\/span>\n\t\t\t\t\t\t\t\t<span class=\"elementor-accordion-icon-opened\"><i class=\"fas fa-minus\"><\/i><\/span>\n\t\t\t\t\t\t\t\t\t\t\t\t\t\t<\/span>\n\t\t\t\t\t\t\t\t\t\t\t\t<a class=\"elementor-accordion-title\" tabindex=\"0\">Taumelnde Maschine<\/a>\n\t\t\t\t\t<\/div>\n\t\t\t\t\t<div id=\"elementor-tab-content-5601\" class=\"elementor-tab-content elementor-clearfix\" data-tab=\"1\" role=\"region\" aria-labelledby=\"elementor-tab-title-5601\"><p>Es ist nicht notwendig, mit der Hand zu kneten, aber es erleichtert Ihnen die Arbeit. Ein wichtiger Aspekt bei der Auswahl einer Knetmaschine ist, dass sie aus Metallteilen bestehen sollte, da diese haltbarer sind. Ber\u00fccksichtigen Sie bei der Auswahl einer Maschine die Gr\u00f6\u00dfe des Brotes, das Sie backen, und wie oft Sie es backen, und w\u00e4hlen Sie eine Maschine mit der richtigen Leistung f\u00fcr die Gr\u00f6\u00dfe des Brotes.<\/p><\/div>\n\t\t\t\t<\/div>\n\t\t\t\t\t\t\t<div class=\"elementor-accordion-item\">\n\t\t\t\t\t<div id=\"elementor-tab-title-5602\" class=\"elementor-tab-title\" data-tab=\"2\" role=\"button\" aria-controls=\"elementor-tab-content-5602\" aria-expanded=\"false\">\n\t\t\t\t\t\t\t\t\t\t\t\t\t<span class=\"elementor-accordion-icon elementor-accordion-icon-left\" aria-hidden=\"true\">\n\t\t\t\t\t\t\t\t\t\t\t\t\t\t\t<span class=\"elementor-accordion-icon-closed\"><i class=\"fas fa-plus\"><\/i><\/span>\n\t\t\t\t\t\t\t\t<span class=\"elementor-accordion-icon-opened\"><i class=\"fas fa-minus\"><\/i><\/span>\n\t\t\t\t\t\t\t\t\t\t\t\t\t\t<\/span>\n\t\t\t\t\t\t\t\t\t\t\t\t<a class=\"elementor-accordion-title\" tabindex=\"0\">Fachpresse<\/a>\n\t\t\t\t\t<\/div>\n\t\t\t\t\t<div id=\"elementor-tab-content-5602\" class=\"elementor-tab-content elementor-clearfix\" data-tab=\"2\" role=\"region\" aria-labelledby=\"elementor-tab-title-5602\"><p>A <a class=\"wpg-linkify wpg-tooltip\" title=\"&lt;h3 class=&quot;wpg-tooltip-title&quot;&gt;&lt;span class=&quot;wpg-tooltip-term-title&quot;&gt;Fachpresse&lt;\/span&gt;&lt;\/h3&gt;&lt;div class=&quot;wpg-tooltip-content&quot;&gt;&lt;p&gt;Ein Backkorb, in dem das Brot aufgehen soll (ich habe K&ouml;rbe aus Rohr, die ich am liebsten mag).&lt;\/p&gt;&lt;\/div&gt;\" href=\"https:\/\/www.kovasztunder.hu\/de\/grundkonzepte\/bart\" >szakajt&oacute;<\/a> ist sehr wichtig, weil <a class=\"wpg-linkify wpg-tooltip\" title=\"&lt;h3 class=&quot;wpg-tooltip-title&quot;&gt;&lt;span class=&quot;wpg-tooltip-term-title&quot;&gt;Zugang&lt;\/span&gt;&lt;\/h3&gt;&lt;div class=&quot;wpg-tooltip-content&quot;&gt;&lt;p&gt;Sie zielt darauf ab, das Volumen des produzierten Gases zu erh&ouml;hen.&lt;\/p&gt;&lt;\/div&gt;\" href=\"https:\/\/www.kovasztunder.hu\/de\/grundkonzepte\/kreuz\" >Zugang<\/a> Bevor Sie den Teig in den G\u00e4rkorb geben, sollten Sie ihn immer mit Reismehl best\u00e4uben, damit er nicht kleben bleibt. <a class=\"wpg-linkify wpg-tooltip\" title=\"&lt;h3 class=&quot;wpg-tooltip-title&quot;&gt;&lt;span class=&quot;wpg-tooltip-term-title&quot;&gt;Fachpresse&lt;\/span&gt;&lt;\/h3&gt;&lt;div class=&quot;wpg-tooltip-content&quot;&gt;&lt;p&gt;Ein Backkorb, in dem das Brot aufgehen soll (ich habe K&ouml;rbe aus Rohr, die ich am liebsten mag).&lt;\/p&gt;&lt;\/div&gt;\" href=\"https:\/\/www.kovasztunder.hu\/de\/grundkonzepte\/bart\" >szakajt&oacute;<\/a> Ich verwende Letzteres, denn ich wasche die W\u00e4sche einfach von Hand mit klarem Wasser, trockne sie und schon ist sie wieder einsatzbereit.<\/p><p>Mein pers\u00f6nlicher Favorit ist die Schilfrohrt\u00fcr, aber es gibt auch Holz- und Kunststofft\u00fcren. Schilfrohrt\u00fcren sollten nicht mit Wasser gewaschen werden!<\/p><\/div>\n\t\t\t\t<\/div>\n\t\t\t\t\t\t\t<div class=\"elementor-accordion-item\">\n\t\t\t\t\t<div id=\"elementor-tab-title-5603\" class=\"elementor-tab-title\" data-tab=\"3\" role=\"button\" aria-controls=\"elementor-tab-content-5603\" aria-expanded=\"false\">\n\t\t\t\t\t\t\t\t\t\t\t\t\t<span class=\"elementor-accordion-icon elementor-accordion-icon-left\" aria-hidden=\"true\">\n\t\t\t\t\t\t\t\t\t\t\t\t\t\t\t<span class=\"elementor-accordion-icon-closed\"><i class=\"fas fa-plus\"><\/i><\/span>\n\t\t\t\t\t\t\t\t<span class=\"elementor-accordion-icon-opened\"><i class=\"fas fa-minus\"><\/i><\/span>\n\t\t\t\t\t\t\t\t\t\t\t\t\t\t<\/span>\n\t\t\t\t\t\t\t\t\t\t\t\t<a class=\"elementor-accordion-title\" tabindex=\"0\">Irdal\u00f3<\/a>\n\t\t\t\t\t<\/div>\n\t\t\t\t\t<div id=\"elementor-tab-content-5603\" class=\"elementor-tab-content elementor-clearfix\" data-tab=\"3\" role=\"region\" aria-labelledby=\"elementor-tab-title-5603\"><p>Zum Einschneiden und Formen eignet sich am besten eine traditionelle Rasierklinge. Die meisten <a class=\"wpg-linkify wpg-tooltip\" title=\"&lt;h3 class=&quot;wpg-tooltip-title&quot;&gt;&lt;span class=&quot;wpg-tooltip-term-title&quot;&gt;irdal&oacute;&lt;\/span&gt;&lt;\/h3&gt;&lt;div class=&quot;wpg-tooltip-content&quot;&gt;&lt;p&gt;Das beste Werkzeug zum Schneiden und Formen ist eine traditionelle Rasierklinge. Die meisten Rasierapparate sind mit einer Klinge ausgestattet, die an einem Griff in verschiedenen Formen, Gr&ouml;&szlig;en und Materialien befestigt ist.&lt;\/p&gt;&lt;\/div&gt;\" href=\"https:\/\/www.kovasztunder.hu\/de\/grundkonzepte\/irdalo\" >irdal&oacute;<\/a> ist auch so konzipiert, dass die Klinge an Griffen unterschiedlicher Form, Gr\u00f6\u00dfe und Materialien befestigt werden kann. Ein K\u00fcchenmesser, das Teig zieht und schneidet, ist f\u00fcr diesen Zweck nicht geeignet.<\/p><\/div>\n\t\t\t\t<\/div>\n\t\t\t\t\t\t\t<div class=\"elementor-accordion-item\">\n\t\t\t\t\t<div id=\"elementor-tab-title-5604\" class=\"elementor-tab-title\" data-tab=\"4\" role=\"button\" aria-controls=\"elementor-tab-content-5604\" aria-expanded=\"false\">\n\t\t\t\t\t\t\t\t\t\t\t\t\t<span class=\"elementor-accordion-icon elementor-accordion-icon-left\" aria-hidden=\"true\">\n\t\t\t\t\t\t\t\t\t\t\t\t\t\t\t<span class=\"elementor-accordion-icon-closed\"><i class=\"fas fa-plus\"><\/i><\/span>\n\t\t\t\t\t\t\t\t<span class=\"elementor-accordion-icon-opened\"><i class=\"fas fa-minus\"><\/i><\/span>\n\t\t\t\t\t\t\t\t\t\t\t\t\t\t<\/span>\n\t\t\t\t\t\t\t\t\t\t\t\t<a class=\"elementor-accordion-title\" tabindex=\"0\">Gusseisen-Kasserolle<\/a>\n\t\t\t\t\t<\/div>\n\t\t\t\t\t<div id=\"elementor-tab-content-5604\" class=\"elementor-tab-content elementor-clearfix\" data-tab=\"4\" role=\"region\" aria-labelledby=\"elementor-tab-title-5604\"><p>Dies ist notwendig, da der Backofen zu Hause nicht ideal zum Backen von Brot geeignet ist, da die Hitze meist nur aus einer Richtung kommt, an bestimmten Stellen verbrennt, die Dichtungen oft nicht luftdicht sind, Luft entweicht und die Kruste schnell austrocknet.<\/p><p>Wenn Sie es in einer gusseisernen Pfanne backen und den Deckel aufsetzen, wird der Dampf des Brotes w\u00e4hrend des Backens in der Pfanne eingeschlossen, wodurch das Brot sch\u00f6n aufgeht und die Kruste weich bleibt. Deshalb ist das Backen in einer solchen Form die beste Wahl.<\/p><\/div>\n\t\t\t\t<\/div>\n\t\t\t\t\t\t\t<div class=\"elementor-accordion-item\">\n\t\t\t\t\t<div id=\"elementor-tab-title-5605\" class=\"elementor-tab-title\" data-tab=\"5\" role=\"button\" aria-controls=\"elementor-tab-content-5605\" aria-expanded=\"false\">\n\t\t\t\t\t\t\t\t\t\t\t\t\t<span class=\"elementor-accordion-icon elementor-accordion-icon-left\" aria-hidden=\"true\">\n\t\t\t\t\t\t\t\t\t\t\t\t\t\t\t<span class=\"elementor-accordion-icon-closed\"><i class=\"fas fa-plus\"><\/i><\/span>\n\t\t\t\t\t\t\t\t<span class=\"elementor-accordion-icon-opened\"><i class=\"fas fa-minus\"><\/i><\/span>\n\t\t\t\t\t\t\t\t\t\t\t\t\t\t<\/span>\n\t\t\t\t\t\t\t\t\t\t\t\t<a class=\"elementor-accordion-title\" tabindex=\"0\">Br\u00f6tchent\u00fcte<\/a>\n\t\t\t\t\t<\/div>\n\t\t\t\t\t<div id=\"elementor-tab-content-5605\" class=\"elementor-tab-content elementor-clearfix\" data-tab=\"5\" role=\"region\" aria-labelledby=\"elementor-tab-title-5605\"><p>Es ist auch nicht zwingend erforderlich, aber ich finde es gut, es zu haben, ich benutze es, damit mein Brot nicht austrocknet. Es ist auch noch nie verschimmelt. Wenn man es kauft, dann lohnt es sich, eine bessere Qualit\u00e4t zu kaufen.<\/p><\/div>\n\t\t\t\t<\/div>\n\t\t\t\t\t\t\t<div class=\"elementor-accordion-item\">\n\t\t\t\t\t<div id=\"elementor-tab-title-5606\" class=\"elementor-tab-title\" data-tab=\"6\" role=\"button\" aria-controls=\"elementor-tab-content-5606\" aria-expanded=\"false\">\n\t\t\t\t\t\t\t\t\t\t\t\t\t<span class=\"elementor-accordion-icon elementor-accordion-icon-left\" aria-hidden=\"true\">\n\t\t\t\t\t\t\t\t\t\t\t\t\t\t\t<span class=\"elementor-accordion-icon-closed\"><i class=\"fas fa-plus\"><\/i><\/span>\n\t\t\t\t\t\t\t\t<span class=\"elementor-accordion-icon-opened\"><i class=\"fas fa-minus\"><\/i><\/span>\n\t\t\t\t\t\t\t\t\t\t\t\t\t\t<\/span>\n\t\t\t\t\t\t\t\t\t\t\t\t<a class=\"elementor-accordion-title\" tabindex=\"0\">Szita<\/a>\n\t\t\t\t\t<\/div>\n\t\t\t\t\t<div id=\"elementor-tab-content-5606\" class=\"elementor-tab-content elementor-clearfix\" data-tab=\"6\" role=\"region\" aria-labelledby=\"elementor-tab-title-5606\"><\/div>\n\t\t\t\t<\/div>\n\t\t\t\t\t\t\t\t<\/div>\n\t\t\t\t\t\t<\/div>\n\t\t\t\t<\/div>\n\t\t\t\t\t<\/div>\n\t\t<\/div>\n\t\t\t\t\t<\/div>\n\t\t<\/section>\n\t\t\t\t<section class=\"elementor-section elementor-top-section elementor-element elementor-element-15a2b24 elementor-section-boxed elementor-section-height-default elementor-section-height-default\" data-id=\"15a2b24\" data-element_type=\"section\" data-e-type=\"section\">\n\t\t\t\t\t\t<div class=\"elementor-container elementor-column-gap-default\">\n\t\t\t\t\t<div class=\"elementor-column elementor-col-100 elementor-top-column elementor-element elementor-element-bb1ce29\" data-id=\"bb1ce29\" data-element_type=\"column\" data-e-type=\"column\">\n\t\t\t<div class=\"elementor-widget-wrap elementor-element-populated\">\n\t\t\t\t\t\t<div class=\"elementor-element elementor-element-caf594f elementor-widget elementor-widget-spacer\" data-id=\"caf594f\" data-element_type=\"widget\" data-e-type=\"widget\" data-widget_type=\"spacer.default\">\n\t\t\t\t<div class=\"elementor-widget-container\">\n\t\t\t\t\t\t\t<div class=\"elementor-spacer\">\n\t\t\t<div class=\"elementor-spacer-inner\"><\/div>\n\t\t<\/div>\n\t\t\t\t\t\t<\/div>\n\t\t\t\t<\/div>\n\t\t\t\t\t<\/div>\n\t\t<\/div>\n\t\t\t\t\t<\/div>\n\t\t<\/section>\n\t\t\t\t<section class=\"elementor-section elementor-top-section elementor-element elementor-element-7192403 elementor-section-boxed elementor-section-height-default elementor-section-height-default\" data-id=\"7192403\" data-element_type=\"section\" data-e-type=\"section\">\n\t\t\t\t\t\t<div class=\"elementor-container elementor-column-gap-default\">\n\t\t\t\t\t<div class=\"elementor-column elementor-col-100 elementor-top-column elementor-element elementor-element-6af96fd\" data-id=\"6af96fd\" data-element_type=\"column\" data-e-type=\"column\">\n\t\t\t<div class=\"elementor-widget-wrap elementor-element-populated\">\n\t\t\t\t\t\t<div class=\"elementor-element elementor-element-1551efd elementor-align-center elementor-widget elementor-widget-ts_button\" data-id=\"1551efd\" data-element_type=\"widget\" data-e-type=\"widget\" data-widget_type=\"ts_button.default\">\n\t\t\t\t<div class=\"elementor-widget-container\">\n\t\t\t\t\t        <a class=\"button\" role=\"button\">\n            <span class=\"ts-btn-text\">ESZK\u00d6ZZ TESZTEK (Demn\u00e4chst)<\/span>\n        <\/a>\t\t\t\t<\/div>\n\t\t\t\t<\/div>\n\t\t\t\t\t<\/div>\n\t\t<\/div>\n\t\t\t\t\t<\/div>\n\t\t<\/section>\n\t\t\t\t<\/div>","protected":false},"excerpt":{"rendered":"<p>Knetmaschine Sie m\u00fcssen nicht von Hand kneten, aber es erleichtert Ihnen die Arbeit. Ein wichtiges Kriterium bei der Auswahl einer Knetmaschine ist, dass sie aus Metallteilen bestehen sollte, da diese haltbarer sind. Ber\u00fccksichtigen Sie bei der Auswahl einer Maschine die Gr\u00f6\u00dfe des Brotes, das Sie backen, und wie oft Sie es backen, und w\u00e4hlen Sie eine Maschine mit der richtigen Leistung f\u00fcr die Gr\u00f6\u00dfe des Brotes. Die Backraumt\u00fcr Die Backraumt\u00fcr ist sehr wichtig, da sie das Brot w\u00e4hrend des Aufgehens bewahrt.<\/p>","protected":false},"author":1,"featured_media":3732,"parent":0,"menu_order":0,"comment_status":"closed","ping_status":"closed","template":"template-4.php","meta":{"wprm-recipe-roundup-name":"","wprm-recipe-roundup-description":"","tinysalt_hide_before_page_content_ad":"","tinysalt_hide_after_page_content_ad":"","tinysalt_hide_page_header":"","tinysalt_advanced_classname":"","tinysalt_page_featured_media_position":"","tinysalt_single_site_header_source":"","tinysalt_single_custom_site_header":"0","tinysalt_single_custom_sticky_site_header":"0","tinysalt_single_custom_sticky_site_header_style":"sticky-scroll-up","tinysalt_single_site_footer_source":"","tinysalt_single_custom_site_footer":"0","footnotes":""},"class_list":["post-3123","page","type-page","status-publish","has-post-thumbnail","hentry"],"yoast_head":"<!-- This site is optimized with the Yoast SEO Premium plugin v24.4 (Yoast SEO v27.3) - https:\/\/yoast.com\/product\/yoast-seo-premium-wordpress\/ -->\n<title>Sz\u00fcks\u00e9ges eszk\u00f6z\u00f6k - Kov\u00e1szT\u00fcnd\u00e9r<\/title>\n<meta name=\"robots\" content=\"index, follow, max-snippet:-1, max-image-preview:large, max-video-preview:-1\" \/>\n<link rel=\"canonical\" href=\"https:\/\/www.kovasztunder.hu\/de\/nutzliche-ideen\" \/>\n<meta property=\"og:locale\" content=\"de_DE\" \/>\n<meta property=\"og:type\" content=\"article\" \/>\n<meta property=\"og:title\" content=\"Sz\u00fcks\u00e9ges eszk\u00f6z\u00f6k\" \/>\n<meta property=\"og:description\" content=\"Dagaszt\u00f3g\u00e9p Nem sz\u00fcks\u00e9ges k\u00e9zzel is lehet dagasztani, de megk\u00f6nny\u00edti az ember munk\u00e1j\u00e1t. Fontos szempont a dagaszt\u00f3g\u00e9p kiv\u00e1laszt\u00e1s\u00e1n\u00e1l, hogy f\u00e9m alkatr\u00e9szekb\u0151l \u00e1lljon hisz ez strapab\u00edr\u00f3bb. A kiv\u00e1laszt\u00e1sn\u00e1l vegy\u00fck figyelembe, hogy mekkora kenyeret szoktunk s\u00fctni \u00e9s milyen gyakran, a keny\u00e9r m\u00e9ret\u00e9hez megfelel\u0151 teljes\u00edtm\u00e9ny\u0171 g\u00e9pet kell v\u00e1lasztanunk. Szakajt\u00f3 A szakajt\u00f3 nagyon fontos, mert keleszt\u00e9s alatt ebben \u0151rzi meg ...\" \/>\n<meta property=\"og:url\" content=\"https:\/\/www.kovasztunder.hu\/de\/nutzliche-ideen\" \/>\n<meta property=\"og:site_name\" content=\"Kov\u00e1szT\u00fcnd\u00e9r\" \/>\n<meta property=\"article:modified_time\" content=\"2023-05-16T20:17:24+00:00\" \/>\n<meta property=\"og:image\" content=\"https:\/\/www.kovasztunder.hu\/wp-content\/uploads\/2023\/04\/IMG_9442_jpg.jpg\" \/>\n\t<meta property=\"og:image:width\" content=\"1512\" \/>\n\t<meta property=\"og:image:height\" content=\"2016\" \/>\n\t<meta property=\"og:image:type\" content=\"image\/jpeg\" \/>\n<meta name=\"twitter:card\" content=\"summary_large_image\" \/>\n<meta name=\"twitter:label1\" content=\"Gesch\u00e4tzte Lesezeit\" \/>\n\t<meta name=\"twitter:data1\" content=\"2\u00a0Minuten\" \/>\n<script type=\"application\/ld+json\" class=\"yoast-schema-graph\">{\"@context\":\"https:\\\/\\\/schema.org\",\"@graph\":[{\"@type\":\"WebPage\",\"@id\":\"https:\\\/\\\/www.kovasztunder.hu\\\/szukseges-eszkozok\",\"url\":\"https:\\\/\\\/www.kovasztunder.hu\\\/szukseges-eszkozok\",\"name\":\"Sz\u00fcks\u00e9ges eszk\u00f6z\u00f6k - Kov\u00e1szT\u00fcnd\u00e9r\",\"isPartOf\":{\"@id\":\"https:\\\/\\\/www.kovasztunder.hu\\\/#website\"},\"primaryImageOfPage\":{\"@id\":\"https:\\\/\\\/www.kovasztunder.hu\\\/szukseges-eszkozok#primaryimage\"},\"image\":{\"@id\":\"https:\\\/\\\/www.kovasztunder.hu\\\/szukseges-eszkozok#primaryimage\"},\"thumbnailUrl\":\"https:\\\/\\\/www.kovasztunder.hu\\\/wp-content\\\/uploads\\\/2023\\\/04\\\/IMG_9442_jpg.jpg\",\"datePublished\":\"2023-02-04T21:18:20+00:00\",\"dateModified\":\"2023-05-16T20:17:24+00:00\",\"breadcrumb\":{\"@id\":\"https:\\\/\\\/www.kovasztunder.hu\\\/szukseges-eszkozok#breadcrumb\"},\"inLanguage\":\"de\",\"potentialAction\":[{\"@type\":\"ReadAction\",\"target\":[\"https:\\\/\\\/www.kovasztunder.hu\\\/szukseges-eszkozok\"]}]},{\"@type\":\"ImageObject\",\"inLanguage\":\"de\",\"@id\":\"https:\\\/\\\/www.kovasztunder.hu\\\/szukseges-eszkozok#primaryimage\",\"url\":\"https:\\\/\\\/www.kovasztunder.hu\\\/wp-content\\\/uploads\\\/2023\\\/04\\\/IMG_9442_jpg.jpg\",\"contentUrl\":\"https:\\\/\\\/www.kovasztunder.hu\\\/wp-content\\\/uploads\\\/2023\\\/04\\\/IMG_9442_jpg.jpg\",\"width\":1512,\"height\":2016},{\"@type\":\"BreadcrumbList\",\"@id\":\"https:\\\/\\\/www.kovasztunder.hu\\\/szukseges-eszkozok#breadcrumb\",\"itemListElement\":[{\"@type\":\"ListItem\",\"position\":1,\"name\":\"Home\",\"item\":\"https:\\\/\\\/www.kovasztunder.hu\\\/\"},{\"@type\":\"ListItem\",\"position\":2,\"name\":\"Sz\u00fcks\u00e9ges eszk\u00f6z\u00f6k\"}]},{\"@type\":\"WebSite\",\"@id\":\"https:\\\/\\\/www.kovasztunder.hu\\\/#website\",\"url\":\"https:\\\/\\\/www.kovasztunder.hu\\\/\",\"name\":\"Kov\u00e1szT\u00fcnd\u00e9r\",\"description\":\"A kov\u00e1sz legyen veletek!\",\"publisher\":{\"@id\":\"https:\\\/\\\/www.kovasztunder.hu\\\/#organization\"},\"potentialAction\":[{\"@type\":\"SearchAction\",\"target\":{\"@type\":\"EntryPoint\",\"urlTemplate\":\"https:\\\/\\\/www.kovasztunder.hu\\\/?s={search_term_string}\"},\"query-input\":{\"@type\":\"PropertyValueSpecification\",\"valueRequired\":true,\"valueName\":\"search_term_string\"}}],\"inLanguage\":\"de\"},{\"@type\":\"Organization\",\"@id\":\"https:\\\/\\\/www.kovasztunder.hu\\\/#organization\",\"name\":\"Kov\u00e1szT\u00fcnd\u00e9r\",\"url\":\"https:\\\/\\\/www.kovasztunder.hu\\\/\",\"logo\":{\"@type\":\"ImageObject\",\"inLanguage\":\"de\",\"@id\":\"https:\\\/\\\/www.kovasztunder.hu\\\/#\\\/schema\\\/logo\\\/image\\\/\",\"url\":\"https:\\\/\\\/www.kovasztunder.hu\\\/wp-content\\\/uploads\\\/2023\\\/02\\\/kovasztunder_logo.png\",\"contentUrl\":\"https:\\\/\\\/www.kovasztunder.hu\\\/wp-content\\\/uploads\\\/2023\\\/02\\\/kovasztunder_logo.png\",\"width\":1638,\"height\":487,\"caption\":\"Kov\u00e1szT\u00fcnd\u00e9r\"},\"image\":{\"@id\":\"https:\\\/\\\/www.kovasztunder.hu\\\/#\\\/schema\\\/logo\\\/image\\\/\"},\"sameAs\":[\"https:\\\/\\\/www.youtube.com\\\/@kovasztunder\",\"https:\\\/\\\/www.instagram.com\\\/kovasztunder\\\/\"]}]}<\/script>\n<!-- \/ Yoast SEO Premium plugin. -->","yoast_head_json":{"title":"Erforderliche Werkzeuge - Kov\u00e1szT fairy","robots":{"index":"index","follow":"follow","max-snippet":"max-snippet:-1","max-image-preview":"max-image-preview:large","max-video-preview":"max-video-preview:-1"},"canonical":"https:\/\/www.kovasztunder.hu\/de\/nutzliche-ideen","og_locale":"de_DE","og_type":"article","og_title":"Sz\u00fcks\u00e9ges eszk\u00f6z\u00f6k","og_description":"Dagaszt\u00f3g\u00e9p Nem sz\u00fcks\u00e9ges k\u00e9zzel is lehet dagasztani, de megk\u00f6nny\u00edti az ember munk\u00e1j\u00e1t. Fontos szempont a dagaszt\u00f3g\u00e9p kiv\u00e1laszt\u00e1s\u00e1n\u00e1l, hogy f\u00e9m alkatr\u00e9szekb\u0151l \u00e1lljon hisz ez strapab\u00edr\u00f3bb. A kiv\u00e1laszt\u00e1sn\u00e1l vegy\u00fck figyelembe, hogy mekkora kenyeret szoktunk s\u00fctni \u00e9s milyen gyakran, a keny\u00e9r m\u00e9ret\u00e9hez megfelel\u0151 teljes\u00edtm\u00e9ny\u0171 g\u00e9pet kell v\u00e1lasztanunk. Szakajt\u00f3 A szakajt\u00f3 nagyon fontos, mert keleszt\u00e9s alatt ebben \u0151rzi meg ...","og_url":"https:\/\/www.kovasztunder.hu\/de\/nutzliche-ideen","og_site_name":"Kov\u00e1szT\u00fcnd\u00e9r","article_modified_time":"2023-05-16T20:17:24+00:00","og_image":[{"width":1512,"height":2016,"url":"https:\/\/www.kovasztunder.hu\/wp-content\/uploads\/2023\/04\/IMG_9442_jpg.jpg","type":"image\/jpeg"}],"twitter_card":"summary_large_image","twitter_misc":{"Gesch\u00e4tzte Lesezeit":"2\u00a0Minuten"},"schema":{"@context":"https:\/\/schema.org","@graph":[{"@type":"WebPage","@id":"https:\/\/www.kovasztunder.hu\/szukseges-eszkozok","url":"https:\/\/www.kovasztunder.hu\/szukseges-eszkozok","name":"Erforderliche Werkzeuge - Kov\u00e1szT fairy","isPartOf":{"@id":"https:\/\/www.kovasztunder.hu\/#website"},"primaryImageOfPage":{"@id":"https:\/\/www.kovasztunder.hu\/szukseges-eszkozok#primaryimage"},"image":{"@id":"https:\/\/www.kovasztunder.hu\/szukseges-eszkozok#primaryimage"},"thumbnailUrl":"https:\/\/www.kovasztunder.hu\/wp-content\/uploads\/2023\/04\/IMG_9442_jpg.jpg","datePublished":"2023-02-04T21:18:20+00:00","dateModified":"2023-05-16T20:17:24+00:00","breadcrumb":{"@id":"https:\/\/www.kovasztunder.hu\/szukseges-eszkozok#breadcrumb"},"inLanguage":"de","potentialAction":[{"@type":"ReadAction","target":["https:\/\/www.kovasztunder.hu\/szukseges-eszkozok"]}]},{"@type":"ImageObject","inLanguage":"de","@id":"https:\/\/www.kovasztunder.hu\/szukseges-eszkozok#primaryimage","url":"https:\/\/www.kovasztunder.hu\/wp-content\/uploads\/2023\/04\/IMG_9442_jpg.jpg","contentUrl":"https:\/\/www.kovasztunder.hu\/wp-content\/uploads\/2023\/04\/IMG_9442_jpg.jpg","width":1512,"height":2016},{"@type":"BreadcrumbList","@id":"https:\/\/www.kovasztunder.hu\/szukseges-eszkozok#breadcrumb","itemListElement":[{"@type":"ListItem","position":1,"name":"Home","item":"https:\/\/www.kovasztunder.hu\/"},{"@type":"ListItem","position":2,"name":"Sz\u00fcks\u00e9ges eszk\u00f6z\u00f6k"}]},{"@type":"WebSite","@id":"https:\/\/www.kovasztunder.hu\/#website","url":"https:\/\/www.kovasztunder.hu\/","name":"H\u00e4uschen Fee","description":"M\u00f6ge der Sauerteig mit Ihnen sein!","publisher":{"@id":"https:\/\/www.kovasztunder.hu\/#organization"},"potentialAction":[{"@type":"SearchAction","target":{"@type":"EntryPoint","urlTemplate":"https:\/\/www.kovasztunder.hu\/?s={search_term_string}"},"query-input":{"@type":"PropertyValueSpecification","valueRequired":true,"valueName":"search_term_string"}}],"inLanguage":"de"},{"@type":"Organization","@id":"https:\/\/www.kovasztunder.hu\/#organization","name":"H\u00e4uschen Fee","url":"https:\/\/www.kovasztunder.hu\/","logo":{"@type":"ImageObject","inLanguage":"de","@id":"https:\/\/www.kovasztunder.hu\/#\/schema\/logo\/image\/","url":"https:\/\/www.kovasztunder.hu\/wp-content\/uploads\/2023\/02\/kovasztunder_logo.png","contentUrl":"https:\/\/www.kovasztunder.hu\/wp-content\/uploads\/2023\/02\/kovasztunder_logo.png","width":1638,"height":487,"caption":"Kov\u00e1szT\u00fcnd\u00e9r"},"image":{"@id":"https:\/\/www.kovasztunder.hu\/#\/schema\/logo\/image\/"},"sameAs":["https:\/\/www.youtube.com\/@kovasztunder","https:\/\/www.instagram.com\/kovasztunder\/"]}]}},"_links":{"self":[{"href":"https:\/\/www.kovasztunder.hu\/de\/wp-json\/wp\/v2\/pages\/3123","targetHints":{"allow":["GET"]}}],"collection":[{"href":"https:\/\/www.kovasztunder.hu\/de\/wp-json\/wp\/v2\/pages"}],"about":[{"href":"https:\/\/www.kovasztunder.hu\/de\/wp-json\/wp\/v2\/types\/page"}],"author":[{"embeddable":true,"href":"https:\/\/www.kovasztunder.hu\/de\/wp-json\/wp\/v2\/users\/1"}],"replies":[{"embeddable":true,"href":"https:\/\/www.kovasztunder.hu\/de\/wp-json\/wp\/v2\/comments?post=3123"}],"version-history":[{"count":0,"href":"https:\/\/www.kovasztunder.hu\/de\/wp-json\/wp\/v2\/pages\/3123\/revisions"}],"wp:featuredmedia":[{"embeddable":true,"href":"https:\/\/www.kovasztunder.hu\/de\/wp-json\/wp\/v2\/media\/3732"}],"wp:attachment":[{"href":"https:\/\/www.kovasztunder.hu\/de\/wp-json\/wp\/v2\/media?parent=3123"}],"curies":[{"name":"wp","href":"https:\/\/api.w.org\/{rel}","templated":true}]}}