{"id":5477,"date":"2025-02-17T17:33:41","date_gmt":"2025-02-17T16:33:41","guid":{"rendered":"https:\/\/www.kovasztunder.hu\/?page_id=5477"},"modified":"2025-02-17T17:35:20","modified_gmt":"2025-02-17T16:35:20","slug":"die-sutese-des-brotes","status":"publish","type":"page","link":"https:\/\/www.kovasztunder.hu\/de\/die-sutese-des-brotes","title":{"rendered":"Das Backen des Brotes"},"content":{"rendered":"<p>Sie k\u00f6nnen Sauerteigbrot auf dem Pizzastein oder in der gusseisernen Pfanne backen und dabei hervorragende Ergebnisse erzielen. Beide Methoden sind f\u00fcr das Backen von Sauerteigbrot geeignet und haben ihre Vorteile:<\/p>\n\n\n\n<p><strong>Backen in einer gusseisernen Pfanne:<\/strong><br>- Seine hervorragende W\u00e4rmespeicherung gew\u00e4hrleistet ein gleichm\u00e4\u00dfiges Garen.<br>- Der unter dem Deckel entstehende Dampf sorgt f\u00fcr eine knusprige Kruste.<br>- Durch die geschlossene Umgebung kann es zu h\u00f6herem und luftigerem Brot kommen.<\/p>\n\n\n\n<p><strong>Backen auf einem Pizzastein:<\/strong><br>- Es sorgt f\u00fcr einen schnelleren und besseren Anfangsanstieg.<br>- F\u00fcr eine gleichm\u00e4\u00dfigere Br\u00e4une.<br>- Er ist auch f\u00fcr andere Backwaren vielseitig einsetzbar.<\/p>\n\n\n\n<p>Beide Methoden eignen sich zum Backen von Sauerteigbrot, die Wahl h\u00e4ngt davon ab, welche Art von Brot Sie backen m\u00f6chten und welche Ihren Backgewohnheiten besser entspricht. Gusseisenpfannen sind zum Backen von Sauerteigbroten besonders beliebt, da der unter dem Deckel entstehende Dampf zur Bildung der perfekten Kruste und des Belags beitr\u00e4gt.<\/p>\n\n\n\n<p><strong>Am besten gelingt mir das Backen in einer gusseisernen Pfanne:<br><\/strong>Heizen Sie den Ofen auf 250 \u00b0C auf der untersten Schiene vor, einschlie\u00dflich der gusseisernen Pfanne.\u00a0<br>Den Teig in die hei\u00dfe gusseiserne Pfanne geben, den Deckel aufsetzen, in den Ofen schieben und sofort von 250 Grad auf 180 Grad herunterschalten und 1 Stunde lang mit geschlossenem Deckel backen.\u00a0<br>Das ist meine liebste Art, Brot zu backen, weil die Kruste dabei nicht so dick wird.\u00a0<br>Nach einer Stunde den Deckel abnehmen oder ganz aus der Pfanne nehmen und etwa 10 Minuten kochen lassen, bis es ein wenig Farbe angenommen hat.<\/p>","protected":false},"excerpt":{"rendered":"<p>Sie k\u00f6nnen Sauerteigbrot auf dem Pizzastein oder in der gusseisernen Pfanne backen und dabei hervorragende Ergebnisse erzielen. Beide Methoden eignen sich zum Backen von Sauerteigbrot, und beide haben ihre Vorteile. Backen auf einem Pizzastein:- Schneller ...<\/p>","protected":false},"author":1,"featured_media":0,"parent":0,"menu_order":0,"comment_status":"closed","ping_status":"closed","template":"","meta":{"wprm-recipe-roundup-name":"","wprm-recipe-roundup-description":"","tinysalt_hide_before_page_content_ad":"","tinysalt_hide_after_page_content_ad":"","tinysalt_hide_page_header":"","tinysalt_advanced_classname":"","tinysalt_page_featured_media_position":"","tinysalt_single_site_header_source":"","tinysalt_single_custom_site_header":"0","tinysalt_single_custom_sticky_site_header":"0","tinysalt_single_custom_sticky_site_header_style":"sticky-scroll-up","tinysalt_single_site_footer_source":"","tinysalt_single_custom_site_footer":"0","footnotes":""},"class_list":["post-5477","page","type-page","status-publish","hentry"],"yoast_head":"<!-- This site is optimized with the Yoast SEO Premium plugin v24.4 (Yoast SEO v27.3) - https:\/\/yoast.com\/product\/yoast-seo-premium-wordpress\/ -->\n<title>A Keny\u00e9r s\u00fct\u00e9se - Kov\u00e1szT\u00fcnd\u00e9r<\/title>\n<meta name=\"robots\" content=\"index, follow, max-snippet:-1, max-image-preview:large, max-video-preview:-1\" \/>\n<link rel=\"canonical\" href=\"https:\/\/www.kovasztunder.hu\/de\/die-sutese-des-brotes\" \/>\n<meta property=\"og:locale\" content=\"de_DE\" \/>\n<meta property=\"og:type\" content=\"article\" \/>\n<meta property=\"og:title\" content=\"A Keny\u00e9r s\u00fct\u00e9se\" \/>\n<meta property=\"og:description\" content=\"Kov\u00e1szos keny\u00e9r a pizzak\u00f6v\u00f6n, mind az \u00f6nt\u00f6ttvas ed\u00e9nyben kiv\u00e1l\u00f3 eredm\u00e9nnyel s\u00fcthet\u0151. Mindk\u00e9t m\u00f3dszer alkalmas a kov\u00e1szos keny\u00e9r s\u00fct\u00e9s\u00e9re, \u00e9s mindkett\u0151nek megvannak a maga el\u0151nyei: \u00d6nt\u00f6ttvas ed\u00e9nyben s\u00fct\u00e9s:\u2022 Kiv\u00e1l\u00f3 h\u0151megtart\u00f3 k\u00e9pess\u00e9ge egyenletes s\u00fct\u00e9st biztos\u00edt.\u2022 A fed\u0151 alatt keletkez\u0151 p\u00e1ra seg\u00edti a ropog\u00f3s h\u00e9j kialakul\u00e1s\u00e1t.\u2022 Magasabb \u00e9s leveg\u0151sebb kenyeret eredm\u00e9nyezhet a z\u00e1rt k\u00f6rnyezet miatt. Pizzak\u00f6v\u00f6n s\u00fct\u00e9s:\u2022 Gyorsabb ...\" \/>\n<meta property=\"og:url\" content=\"https:\/\/www.kovasztunder.hu\/de\/die-sutese-des-brotes\" \/>\n<meta property=\"og:site_name\" content=\"Kov\u00e1szT\u00fcnd\u00e9r\" \/>\n<meta property=\"article:modified_time\" content=\"2025-02-17T16:35:20+00:00\" \/>\n<meta property=\"og:image\" content=\"https:\/\/www.kovasztunder.hu\/wp-content\/uploads\/2023\/12\/IMG_9044.jpg\" \/>\n\t<meta property=\"og:image:width\" content=\"2560\" \/>\n\t<meta property=\"og:image:height\" content=\"1706\" \/>\n\t<meta property=\"og:image:type\" content=\"image\/jpeg\" \/>\n<meta name=\"twitter:card\" content=\"summary_large_image\" \/>\n<meta name=\"twitter:label1\" content=\"Gesch\u00e4tzte Lesezeit\" \/>\n\t<meta name=\"twitter:data1\" content=\"2\u00a0Minuten\" \/>\n<script type=\"application\/ld+json\" class=\"yoast-schema-graph\">{\"@context\":\"https:\\\/\\\/schema.org\",\"@graph\":[{\"@type\":\"WebPage\",\"@id\":\"https:\\\/\\\/www.kovasztunder.hu\\\/a-kenyer-sutese\",\"url\":\"https:\\\/\\\/www.kovasztunder.hu\\\/a-kenyer-sutese\",\"name\":\"A Keny\u00e9r s\u00fct\u00e9se - Kov\u00e1szT\u00fcnd\u00e9r\",\"isPartOf\":{\"@id\":\"https:\\\/\\\/www.kovasztunder.hu\\\/#website\"},\"datePublished\":\"2025-02-17T16:33:41+00:00\",\"dateModified\":\"2025-02-17T16:35:20+00:00\",\"breadcrumb\":{\"@id\":\"https:\\\/\\\/www.kovasztunder.hu\\\/a-kenyer-sutese#breadcrumb\"},\"inLanguage\":\"de\",\"potentialAction\":[{\"@type\":\"ReadAction\",\"target\":[\"https:\\\/\\\/www.kovasztunder.hu\\\/a-kenyer-sutese\"]}]},{\"@type\":\"BreadcrumbList\",\"@id\":\"https:\\\/\\\/www.kovasztunder.hu\\\/a-kenyer-sutese#breadcrumb\",\"itemListElement\":[{\"@type\":\"ListItem\",\"position\":1,\"name\":\"Home\",\"item\":\"https:\\\/\\\/www.kovasztunder.hu\\\/\"},{\"@type\":\"ListItem\",\"position\":2,\"name\":\"A Keny\u00e9r s\u00fct\u00e9se\"}]},{\"@type\":\"WebSite\",\"@id\":\"https:\\\/\\\/www.kovasztunder.hu\\\/#website\",\"url\":\"https:\\\/\\\/www.kovasztunder.hu\\\/\",\"name\":\"Kov\u00e1szT\u00fcnd\u00e9r\",\"description\":\"A kov\u00e1sz legyen veletek!\",\"publisher\":{\"@id\":\"https:\\\/\\\/www.kovasztunder.hu\\\/#organization\"},\"potentialAction\":[{\"@type\":\"SearchAction\",\"target\":{\"@type\":\"EntryPoint\",\"urlTemplate\":\"https:\\\/\\\/www.kovasztunder.hu\\\/?s={search_term_string}\"},\"query-input\":{\"@type\":\"PropertyValueSpecification\",\"valueRequired\":true,\"valueName\":\"search_term_string\"}}],\"inLanguage\":\"de\"},{\"@type\":\"Organization\",\"@id\":\"https:\\\/\\\/www.kovasztunder.hu\\\/#organization\",\"name\":\"Kov\u00e1szT\u00fcnd\u00e9r\",\"url\":\"https:\\\/\\\/www.kovasztunder.hu\\\/\",\"logo\":{\"@type\":\"ImageObject\",\"inLanguage\":\"de\",\"@id\":\"https:\\\/\\\/www.kovasztunder.hu\\\/#\\\/schema\\\/logo\\\/image\\\/\",\"url\":\"https:\\\/\\\/www.kovasztunder.hu\\\/wp-content\\\/uploads\\\/2023\\\/02\\\/kovasztunder_logo.png\",\"contentUrl\":\"https:\\\/\\\/www.kovasztunder.hu\\\/wp-content\\\/uploads\\\/2023\\\/02\\\/kovasztunder_logo.png\",\"width\":1638,\"height\":487,\"caption\":\"Kov\u00e1szT\u00fcnd\u00e9r\"},\"image\":{\"@id\":\"https:\\\/\\\/www.kovasztunder.hu\\\/#\\\/schema\\\/logo\\\/image\\\/\"},\"sameAs\":[\"https:\\\/\\\/www.youtube.com\\\/@kovasztunder\",\"https:\\\/\\\/www.instagram.com\\\/kovasztunder\\\/\"]}]}<\/script>\n<!-- \/ Yoast SEO Premium plugin. -->","yoast_head_json":{"title":"Das Backen des Brotes - Kov\u00e1szT\u00e4f\u00e9r","robots":{"index":"index","follow":"follow","max-snippet":"max-snippet:-1","max-image-preview":"max-image-preview:large","max-video-preview":"max-video-preview:-1"},"canonical":"https:\/\/www.kovasztunder.hu\/de\/die-sutese-des-brotes","og_locale":"de_DE","og_type":"article","og_title":"A Keny\u00e9r s\u00fct\u00e9se","og_description":"Kov\u00e1szos keny\u00e9r a pizzak\u00f6v\u00f6n, mind az \u00f6nt\u00f6ttvas ed\u00e9nyben kiv\u00e1l\u00f3 eredm\u00e9nnyel s\u00fcthet\u0151. Mindk\u00e9t m\u00f3dszer alkalmas a kov\u00e1szos keny\u00e9r s\u00fct\u00e9s\u00e9re, \u00e9s mindkett\u0151nek megvannak a maga el\u0151nyei: \u00d6nt\u00f6ttvas ed\u00e9nyben s\u00fct\u00e9s:\u2022 Kiv\u00e1l\u00f3 h\u0151megtart\u00f3 k\u00e9pess\u00e9ge egyenletes s\u00fct\u00e9st biztos\u00edt.\u2022 A fed\u0151 alatt keletkez\u0151 p\u00e1ra seg\u00edti a ropog\u00f3s h\u00e9j kialakul\u00e1s\u00e1t.\u2022 Magasabb \u00e9s leveg\u0151sebb kenyeret eredm\u00e9nyezhet a z\u00e1rt k\u00f6rnyezet miatt. Pizzak\u00f6v\u00f6n s\u00fct\u00e9s:\u2022 Gyorsabb ...","og_url":"https:\/\/www.kovasztunder.hu\/de\/die-sutese-des-brotes","og_site_name":"Kov\u00e1szT\u00fcnd\u00e9r","article_modified_time":"2025-02-17T16:35:20+00:00","og_image":[{"width":2560,"height":1706,"url":"https:\/\/www.kovasztunder.hu\/wp-content\/uploads\/2023\/12\/IMG_9044.jpg","type":"image\/jpeg"}],"twitter_card":"summary_large_image","twitter_misc":{"Gesch\u00e4tzte Lesezeit":"2\u00a0Minuten"},"schema":{"@context":"https:\/\/schema.org","@graph":[{"@type":"WebPage","@id":"https:\/\/www.kovasztunder.hu\/a-kenyer-sutese","url":"https:\/\/www.kovasztunder.hu\/a-kenyer-sutese","name":"Das Backen des Brotes - Kov\u00e1szT\u00e4f\u00e9r","isPartOf":{"@id":"https:\/\/www.kovasztunder.hu\/#website"},"datePublished":"2025-02-17T16:33:41+00:00","dateModified":"2025-02-17T16:35:20+00:00","breadcrumb":{"@id":"https:\/\/www.kovasztunder.hu\/a-kenyer-sutese#breadcrumb"},"inLanguage":"de","potentialAction":[{"@type":"ReadAction","target":["https:\/\/www.kovasztunder.hu\/a-kenyer-sutese"]}]},{"@type":"BreadcrumbList","@id":"https:\/\/www.kovasztunder.hu\/a-kenyer-sutese#breadcrumb","itemListElement":[{"@type":"ListItem","position":1,"name":"Home","item":"https:\/\/www.kovasztunder.hu\/"},{"@type":"ListItem","position":2,"name":"A Keny\u00e9r s\u00fct\u00e9se"}]},{"@type":"WebSite","@id":"https:\/\/www.kovasztunder.hu\/#website","url":"https:\/\/www.kovasztunder.hu\/","name":"H\u00e4uschen Fee","description":"M\u00f6ge der Sauerteig mit Ihnen sein!","publisher":{"@id":"https:\/\/www.kovasztunder.hu\/#organization"},"potentialAction":[{"@type":"SearchAction","target":{"@type":"EntryPoint","urlTemplate":"https:\/\/www.kovasztunder.hu\/?s={search_term_string}"},"query-input":{"@type":"PropertyValueSpecification","valueRequired":true,"valueName":"search_term_string"}}],"inLanguage":"de"},{"@type":"Organization","@id":"https:\/\/www.kovasztunder.hu\/#organization","name":"H\u00e4uschen Fee","url":"https:\/\/www.kovasztunder.hu\/","logo":{"@type":"ImageObject","inLanguage":"de","@id":"https:\/\/www.kovasztunder.hu\/#\/schema\/logo\/image\/","url":"https:\/\/www.kovasztunder.hu\/wp-content\/uploads\/2023\/02\/kovasztunder_logo.png","contentUrl":"https:\/\/www.kovasztunder.hu\/wp-content\/uploads\/2023\/02\/kovasztunder_logo.png","width":1638,"height":487,"caption":"Kov\u00e1szT\u00fcnd\u00e9r"},"image":{"@id":"https:\/\/www.kovasztunder.hu\/#\/schema\/logo\/image\/"},"sameAs":["https:\/\/www.youtube.com\/@kovasztunder","https:\/\/www.instagram.com\/kovasztunder\/"]}]}},"_links":{"self":[{"href":"https:\/\/www.kovasztunder.hu\/de\/wp-json\/wp\/v2\/pages\/5477","targetHints":{"allow":["GET"]}}],"collection":[{"href":"https:\/\/www.kovasztunder.hu\/de\/wp-json\/wp\/v2\/pages"}],"about":[{"href":"https:\/\/www.kovasztunder.hu\/de\/wp-json\/wp\/v2\/types\/page"}],"author":[{"embeddable":true,"href":"https:\/\/www.kovasztunder.hu\/de\/wp-json\/wp\/v2\/users\/1"}],"replies":[{"embeddable":true,"href":"https:\/\/www.kovasztunder.hu\/de\/wp-json\/wp\/v2\/comments?post=5477"}],"version-history":[{"count":0,"href":"https:\/\/www.kovasztunder.hu\/de\/wp-json\/wp\/v2\/pages\/5477\/revisions"}],"wp:attachment":[{"href":"https:\/\/www.kovasztunder.hu\/de\/wp-json\/wp\/v2\/media?parent=5477"}],"curies":[{"name":"wp","href":"https:\/\/api.w.org\/{rel}","templated":true}]}}