{"id":6889,"date":"2026-01-11T09:07:48","date_gmt":"2026-01-11T08:07:48","guid":{"rendered":"https:\/\/www.kovasztunder.hu\/?page_id=6889"},"modified":"2026-01-11T09:25:35","modified_gmt":"2026-01-11T08:25:35","slug":"die-brotkerbe","status":"publish","type":"page","link":"https:\/\/www.kovasztunder.hu\/de\/die-brotkerbe","title":{"rendered":"Schneiden des Brotes\u00a0"},"content":{"rendered":"<div class=\"wp-block-image\">\n<figure class=\"alignleft size-large is-resized\"><img decoding=\"async\" width=\"768\" height=\"1024\" src=\"https:\/\/www.kovasztunder.hu\/wp-content\/uploads\/2026\/01\/Vegleges-Kezdo-Kovaszosok-Kezikonyve-8-1-768x1024.jpg\" alt=\"\" class=\"wp-image-6901\" style=\"aspect-ratio:0.7500148341541565;width:291px;height:auto\" srcset=\"https:\/\/www.kovasztunder.hu\/wp-content\/uploads\/2026\/01\/Vegleges-Kezdo-Kovaszosok-Kezikonyve-8-1-768x1024.jpg 768w, https:\/\/www.kovasztunder.hu\/wp-content\/uploads\/2026\/01\/Vegleges-Kezdo-Kovaszosok-Kezikonyve-8-1-225x300.jpg 225w, https:\/\/www.kovasztunder.hu\/wp-content\/uploads\/2026\/01\/Vegleges-Kezdo-Kovaszosok-Kezikonyve-8-1-1152x1536.jpg 1152w, https:\/\/www.kovasztunder.hu\/wp-content\/uploads\/2026\/01\/Vegleges-Kezdo-Kovaszosok-Kezikonyve-8-1-1536x2048.jpg 1536w, https:\/\/www.kovasztunder.hu\/wp-content\/uploads\/2026\/01\/Vegleges-Kezdo-Kovaszosok-Kezikonyve-8-1-9x12.jpg 9w, https:\/\/www.kovasztunder.hu\/wp-content\/uploads\/2026\/01\/Vegleges-Kezdo-Kovaszosok-Kezikonyve-8-1-scaled.jpg 1920w, https:\/\/www.kovasztunder.hu\/wp-content\/uploads\/2026\/01\/Vegleges-Kezdo-Kovaszosok-Kezikonyve-8-1-1440x1920.jpg 1440w, https:\/\/www.kovasztunder.hu\/wp-content\/uploads\/2026\/01\/Vegleges-Kezdo-Kovaszosok-Kezikonyve-8-1-1200x1600.jpg 1200w, https:\/\/www.kovasztunder.hu\/wp-content\/uploads\/2026\/01\/Vegleges-Kezdo-Kovaszosok-Kezikonyve-8-1-780x1040.jpg 780w, https:\/\/www.kovasztunder.hu\/wp-content\/uploads\/2026\/01\/Vegleges-Kezdo-Kovaszosok-Kezikonyve-8-1-600x800.jpg 600w, https:\/\/www.kovasztunder.hu\/wp-content\/uploads\/2026\/01\/Vegleges-Kezdo-Kovaszosok-Kezikonyve-8-1-550x733.jpg 550w, https:\/\/www.kovasztunder.hu\/wp-content\/uploads\/2026\/01\/Vegleges-Kezdo-Kovaszosok-Kezikonyve-8-1-370x493.jpg 370w, https:\/\/www.kovasztunder.hu\/wp-content\/uploads\/2026\/01\/Vegleges-Kezdo-Kovaszosok-Kezikonyve-8-1-255x340.jpg 255w\" sizes=\"(max-width: 768px) 100vw, 768px\" \/><\/figure>\n<\/div>\n\n\n<p><strong><em>(Erg\u00e4nzendes Material zum Handbuch f\u00fcr Anf\u00e4nger)<\/em>&nbsp;Das Buch wird bald erh\u00e4ltlich sein!<\/strong> <\/p>\n\n\n\n<p>Das Schnitzen (oder H\u00e4uten) ist der Moment, in dem wir ein bisschen K\u00fcnstler sein m\u00fcssen. Aber es geht nicht nur um \u00c4sthetik! Das Schneiden hat eine sehr ernste technische Rolle: Es ist die&nbsp;<strong>Schornstein<\/strong>durch die die beim Kochen entstehenden D\u00e4mpfe entweichen k\u00f6nnen.<\/p>\n\n\n\n<p>Wenn Sie nicht (oder schlecht) schneiden, f\u00e4llt das Brot dort heraus, wo es am schw\u00e4chsten ist - in der Regel an den Seiten und am Boden, was zu einer h\u00e4sslichen und unf\u00f6rmigen Form f\u00fchrt.<\/p>\n\n\n\n<h3 class=\"wp-block-heading\" id=\"h-mivel-vagjunk\">Womit soll man schneiden?<\/h3>\n\n\n\n<p>Vergessen Sie das K\u00fcchenmesser (auch das sch\u00e4rfste)! Hefeteig ist elastisch, ein einfaches Messer wird nur \"ziehen und ziehen\", aber nicht sauber schneiden.<\/p>\n\n\n\n<ul class=\"wp-block-list\">\n<li><strong>Das Werkzeug:<\/strong>&nbsp;B\u00e4ckerklinge (Lame): Eine einfache Rasierklinge, die an einem Griff befestigt ist.<\/li>\n\n\n\n<li><strong>Tipp:<\/strong>&nbsp;Wenn Sie keine haben, gen\u00fcgt auch ein sauberes, neues Stichs\u00e4geblatt (seien Sie aber vorsichtig!).<\/li>\n<\/ul>\n\n\n\n<h3 class=\"wp-block-heading\">Die Geheimnisse des perfekten Schnitts<\/h3>\n\n\n\n<p><strong>1. die Vorteile von kalter Pasta<\/strong>Als Anf\u00e4nger werden Sie es viel leichter haben, wenn Sie&nbsp;<strong>kaltes Einweichen<\/strong>&nbsp;Sie verwenden. Kalter Teig ist fester und h\u00e4rter, so dass die Klinge wie Butter l\u00e4uft. Weicher Teig bei Raumtemperatur kann klebrig sein.<\/p>\n\n\n\n<p><strong>2. der Winkel (Das Geheimnis des \"Ohrs\"):<\/strong>&nbsp;Viele Menschen machen den Fehler, das Brot senkrecht von oben nach unten (90 Grad) einzuschneiden, wodurch sich der Schnitt zwar \u00f6ffnet, aber keine \"Klappe\" entsteht.<\/p>\n\n\n\n<ul class=\"wp-block-list\">\n<li><strong>Die richtige Technik:<\/strong>&nbsp;Halten Sie die Klinge bei ca.&nbsp;<strong>in einem Winkel von 45 Grad<\/strong>&nbsp;(Auf diese Weise gehen die R\u00e4nder des Teigs beim Backen auf und bilden die knusprigen \"Ohren\".<\/li>\n<\/ul>\n\n\n\n<p><strong>3. die Bewegung<\/strong>Nicht s\u00e4gen! Ziehen Sie das Messer mit einer festen, schnellen Bewegung \u00fcber die gesamte L\u00e4nge des Teigs. Haben Sie keine Angst, seien Sie mutig!<\/p>\n\n\n<div class=\"wp-block-image\">\n<figure class=\"alignright size-large is-resized\"><img decoding=\"async\" width=\"768\" height=\"1024\" src=\"https:\/\/www.kovasztunder.hu\/wp-content\/uploads\/2026\/01\/Vegleges-Kezdo-Kovaszosok-Kezikonyve-29-1-768x1024.jpg\" alt=\"\" class=\"wp-image-6897\" style=\"width:338px;height:auto\" srcset=\"https:\/\/www.kovasztunder.hu\/wp-content\/uploads\/2026\/01\/Vegleges-Kezdo-Kovaszosok-Kezikonyve-29-1-768x1024.jpg 768w, https:\/\/www.kovasztunder.hu\/wp-content\/uploads\/2026\/01\/Vegleges-Kezdo-Kovaszosok-Kezikonyve-29-1-225x300.jpg 225w, https:\/\/www.kovasztunder.hu\/wp-content\/uploads\/2026\/01\/Vegleges-Kezdo-Kovaszosok-Kezikonyve-29-1-1152x1536.jpg 1152w, https:\/\/www.kovasztunder.hu\/wp-content\/uploads\/2026\/01\/Vegleges-Kezdo-Kovaszosok-Kezikonyve-29-1-1536x2048.jpg 1536w, https:\/\/www.kovasztunder.hu\/wp-content\/uploads\/2026\/01\/Vegleges-Kezdo-Kovaszosok-Kezikonyve-29-1-9x12.jpg 9w, https:\/\/www.kovasztunder.hu\/wp-content\/uploads\/2026\/01\/Vegleges-Kezdo-Kovaszosok-Kezikonyve-29-1-scaled.jpg 1920w, https:\/\/www.kovasztunder.hu\/wp-content\/uploads\/2026\/01\/Vegleges-Kezdo-Kovaszosok-Kezikonyve-29-1-1440x1920.jpg 1440w, https:\/\/www.kovasztunder.hu\/wp-content\/uploads\/2026\/01\/Vegleges-Kezdo-Kovaszosok-Kezikonyve-29-1-1200x1600.jpg 1200w, https:\/\/www.kovasztunder.hu\/wp-content\/uploads\/2026\/01\/Vegleges-Kezdo-Kovaszosok-Kezikonyve-29-1-780x1040.jpg 780w, https:\/\/www.kovasztunder.hu\/wp-content\/uploads\/2026\/01\/Vegleges-Kezdo-Kovaszosok-Kezikonyve-29-1-600x800.jpg 600w, https:\/\/www.kovasztunder.hu\/wp-content\/uploads\/2026\/01\/Vegleges-Kezdo-Kovaszosok-Kezikonyve-29-1-550x733.jpg 550w, https:\/\/www.kovasztunder.hu\/wp-content\/uploads\/2026\/01\/Vegleges-Kezdo-Kovaszosok-Kezikonyve-29-1-370x493.jpg 370w, https:\/\/www.kovasztunder.hu\/wp-content\/uploads\/2026\/01\/Vegleges-Kezdo-Kovaszosok-Kezikonyve-29-1-255x340.jpg 255w\" sizes=\"(max-width: 768px) 100vw, 768px\" \/><\/figure>\n<\/div>\n\n\n<h3 class=\"wp-block-heading\" id=\"h-mintazas\">Probenahme<\/h3>\n\n\n\n<p>Wenn Sie den Grundschnitt (den Funktionsschnitt) gelernt haben, k\u00f6nnen Sie mit dem Dekorieren beginnen! Normalerweise mache ich zuerst das Muster, und wenn es fertig ist, mache ich den Haupteinschnitt am Ende. <\/p>\n\n\n\n<ul class=\"wp-block-list\">\n<li><strong>Probe einer Weizenfliege:<\/strong>&nbsp;Eine Reihe von kleinen V-f\u00f6rmigen Schnitten neben dem Grundschnitt.<\/li>\n\n\n\n<li><strong>Musterschreiben:<\/strong>&nbsp;Ein langer gebogener Schnitt mit kleinen \u00c4sten, die aus ihm herauskommen. <\/li>\n\n\n\n<li>Das Dekorieren ist nur durch deine Fantasie begrenzt, du kannst mit etwas \u00dcbung immer sch\u00f6nere Bilder machen, aber es ist okay, wenn du nicht dekorierst! \ud83d\ude42 <\/li>\n<\/ul>\n\n\n\n<p><strong><em>Das ist wichtig:<\/em>&nbsp;Dekorative Schnitte sollten immer flach sein (nur die \"Haut\" anritzen), w\u00e4hrend funktionale Schnitte tief sein sollten (etwa 1-1,5 cm)!<\/strong><\/p>","protected":false},"excerpt":{"rendered":"<p>(Erg\u00e4nzendes Material zum Handbuch f\u00fcr Anf\u00e4nger) Das Buch wird bald erh\u00e4ltlich sein! Schnitzen (oder H\u00e4uten) ist der Moment, in dem man ein kleiner K\u00fcnstler wird. Aber es geht nicht nur um \u00c4sthetik! Das Schneiden hat eine sehr ernste technische Aufgabe: Es ist der Schornstein, durch den der beim Kochen entstehende Dampf entweichen kann. Wenn man nicht (oder schlecht) schneidet, wird das Brot ...<\/p>","protected":false},"author":2,"featured_media":0,"parent":0,"menu_order":0,"comment_status":"closed","ping_status":"closed","template":"","meta":{"wprm-recipe-roundup-name":"","wprm-recipe-roundup-description":"","tinysalt_hide_before_page_content_ad":"","tinysalt_hide_after_page_content_ad":"","tinysalt_hide_page_header":"","tinysalt_advanced_classname":"","tinysalt_page_featured_media_position":"","tinysalt_single_site_header_source":"","tinysalt_single_custom_site_header":"0","tinysalt_single_custom_sticky_site_header":"0","tinysalt_single_custom_sticky_site_header_style":"sticky-scroll-up","tinysalt_single_site_footer_source":"","tinysalt_single_custom_site_footer":"0","footnotes":""},"class_list":["post-6889","page","type-page","status-publish","hentry"],"yoast_head":"<!-- This site is optimized with the Yoast SEO Premium plugin v24.4 (Yoast SEO v27.3) - https:\/\/yoast.com\/product\/yoast-seo-premium-wordpress\/ -->\n<title>A keny\u00e9r bemetsz\u00e9se\u00a0 - Kov\u00e1szT\u00fcnd\u00e9r<\/title>\n<meta name=\"robots\" content=\"index, follow, max-snippet:-1, max-image-preview:large, max-video-preview:-1\" \/>\n<link rel=\"canonical\" href=\"https:\/\/www.kovasztunder.hu\/de\/die-brotkerbe\" \/>\n<meta property=\"og:locale\" content=\"de_DE\" \/>\n<meta property=\"og:type\" content=\"article\" \/>\n<meta property=\"og:title\" content=\"A keny\u00e9r bemetsz\u00e9se\u00a0\" \/>\n<meta property=\"og:description\" content=\"(A Kezd\u0151 Kov\u00e1szosok K\u00e9zik\u00f6nyve kieg\u00e9sz\u00edt\u0151 anyaga)&nbsp;A k\u00f6nyv hamarosan rendelhet\u0151 lesz! A bemetsz\u00e9s (vagy irdal\u00e1s) az a pillanat, amikor kicsit m\u0171v\u00e9sznek kell lenn\u00fcnk. De ez nem csak eszt\u00e9tika! A v\u00e1g\u00e1snak nagyon komoly technikai szerepe van: ez a&nbsp;k\u00e9m\u00e9ny, amin kereszt\u00fcl a s\u00fct\u00e9s k\u00f6zben keletkez\u0151 g\u0151z\u00f6k t\u00e1vozni tudnak. Ha nem v\u00e1gsz (vagy rosszul v\u00e1gsz), a keny\u00e9r ott fog ...\" \/>\n<meta property=\"og:url\" content=\"https:\/\/www.kovasztunder.hu\/de\/die-brotkerbe\" \/>\n<meta property=\"og:site_name\" content=\"Kov\u00e1szT\u00fcnd\u00e9r\" \/>\n<meta property=\"article:modified_time\" content=\"2026-01-11T08:25:35+00:00\" \/>\n<meta property=\"og:image\" content=\"https:\/\/www.kovasztunder.hu\/wp-content\/uploads\/2026\/01\/Vegleges-Kezdo-Kovaszosok-Kezikonyve-8-1-768x1024.jpg\" \/>\n\t<meta property=\"og:image:width\" content=\"768\" \/>\n\t<meta property=\"og:image:height\" content=\"1024\" \/>\n\t<meta property=\"og:image:type\" content=\"image\/jpeg\" \/>\n<meta name=\"twitter:card\" content=\"summary_large_image\" \/>\n<meta name=\"twitter:label1\" content=\"Gesch\u00e4tzte Lesezeit\" \/>\n\t<meta name=\"twitter:data1\" content=\"3\u00a0Minuten\" \/>\n<script type=\"application\/ld+json\" class=\"yoast-schema-graph\">{\"@context\":\"https:\\\/\\\/schema.org\",\"@graph\":[{\"@type\":\"WebPage\",\"@id\":\"https:\\\/\\\/www.kovasztunder.hu\\\/a-kenyer-bemetszese\",\"url\":\"https:\\\/\\\/www.kovasztunder.hu\\\/a-kenyer-bemetszese\",\"name\":\"A keny\u00e9r bemetsz\u00e9se\u00a0 - Kov\u00e1szT\u00fcnd\u00e9r\",\"isPartOf\":{\"@id\":\"https:\\\/\\\/www.kovasztunder.hu\\\/#website\"},\"primaryImageOfPage\":{\"@id\":\"https:\\\/\\\/www.kovasztunder.hu\\\/a-kenyer-bemetszese#primaryimage\"},\"image\":{\"@id\":\"https:\\\/\\\/www.kovasztunder.hu\\\/a-kenyer-bemetszese#primaryimage\"},\"thumbnailUrl\":\"https:\\\/\\\/www.kovasztunder.hu\\\/wp-content\\\/uploads\\\/2026\\\/01\\\/Vegleges-Kezdo-Kovaszosok-Kezikonyve-8-1-768x1024.jpg\",\"datePublished\":\"2026-01-11T08:07:48+00:00\",\"dateModified\":\"2026-01-11T08:25:35+00:00\",\"breadcrumb\":{\"@id\":\"https:\\\/\\\/www.kovasztunder.hu\\\/a-kenyer-bemetszese#breadcrumb\"},\"inLanguage\":\"de\",\"potentialAction\":[{\"@type\":\"ReadAction\",\"target\":[\"https:\\\/\\\/www.kovasztunder.hu\\\/a-kenyer-bemetszese\"]}]},{\"@type\":\"ImageObject\",\"inLanguage\":\"de\",\"@id\":\"https:\\\/\\\/www.kovasztunder.hu\\\/a-kenyer-bemetszese#primaryimage\",\"url\":\"https:\\\/\\\/www.kovasztunder.hu\\\/wp-content\\\/uploads\\\/2026\\\/01\\\/Vegleges-Kezdo-Kovaszosok-Kezikonyve-8-1-768x1024.jpg\",\"contentUrl\":\"https:\\\/\\\/www.kovasztunder.hu\\\/wp-content\\\/uploads\\\/2026\\\/01\\\/Vegleges-Kezdo-Kovaszosok-Kezikonyve-8-1-768x1024.jpg\"},{\"@type\":\"BreadcrumbList\",\"@id\":\"https:\\\/\\\/www.kovasztunder.hu\\\/a-kenyer-bemetszese#breadcrumb\",\"itemListElement\":[{\"@type\":\"ListItem\",\"position\":1,\"name\":\"Home\",\"item\":\"https:\\\/\\\/www.kovasztunder.hu\\\/\"},{\"@type\":\"ListItem\",\"position\":2,\"name\":\"A keny\u00e9r bemetsz\u00e9se\u00a0\"}]},{\"@type\":\"WebSite\",\"@id\":\"https:\\\/\\\/www.kovasztunder.hu\\\/#website\",\"url\":\"https:\\\/\\\/www.kovasztunder.hu\\\/\",\"name\":\"Kov\u00e1szT\u00fcnd\u00e9r\",\"description\":\"A kov\u00e1sz legyen veletek!\",\"publisher\":{\"@id\":\"https:\\\/\\\/www.kovasztunder.hu\\\/#organization\"},\"potentialAction\":[{\"@type\":\"SearchAction\",\"target\":{\"@type\":\"EntryPoint\",\"urlTemplate\":\"https:\\\/\\\/www.kovasztunder.hu\\\/?s={search_term_string}\"},\"query-input\":{\"@type\":\"PropertyValueSpecification\",\"valueRequired\":true,\"valueName\":\"search_term_string\"}}],\"inLanguage\":\"de\"},{\"@type\":\"Organization\",\"@id\":\"https:\\\/\\\/www.kovasztunder.hu\\\/#organization\",\"name\":\"Kov\u00e1szT\u00fcnd\u00e9r\",\"url\":\"https:\\\/\\\/www.kovasztunder.hu\\\/\",\"logo\":{\"@type\":\"ImageObject\",\"inLanguage\":\"de\",\"@id\":\"https:\\\/\\\/www.kovasztunder.hu\\\/#\\\/schema\\\/logo\\\/image\\\/\",\"url\":\"https:\\\/\\\/www.kovasztunder.hu\\\/wp-content\\\/uploads\\\/2023\\\/02\\\/kovasztunder_logo.png\",\"contentUrl\":\"https:\\\/\\\/www.kovasztunder.hu\\\/wp-content\\\/uploads\\\/2023\\\/02\\\/kovasztunder_logo.png\",\"width\":1638,\"height\":487,\"caption\":\"Kov\u00e1szT\u00fcnd\u00e9r\"},\"image\":{\"@id\":\"https:\\\/\\\/www.kovasztunder.hu\\\/#\\\/schema\\\/logo\\\/image\\\/\"},\"sameAs\":[\"https:\\\/\\\/www.youtube.com\\\/@kovasztunder\",\"https:\\\/\\\/www.instagram.com\\\/kovasztunder\\\/\"]}]}<\/script>\n<!-- \/ Yoast SEO Premium plugin. -->","yoast_head_json":{"title":"Schneiden des Brotes - Kov\u00e1szTaender","robots":{"index":"index","follow":"follow","max-snippet":"max-snippet:-1","max-image-preview":"max-image-preview:large","max-video-preview":"max-video-preview:-1"},"canonical":"https:\/\/www.kovasztunder.hu\/de\/die-brotkerbe","og_locale":"de_DE","og_type":"article","og_title":"A keny\u00e9r bemetsz\u00e9se\u00a0","og_description":"(A Kezd\u0151 Kov\u00e1szosok K\u00e9zik\u00f6nyve kieg\u00e9sz\u00edt\u0151 anyaga)&nbsp;A k\u00f6nyv hamarosan rendelhet\u0151 lesz! A bemetsz\u00e9s (vagy irdal\u00e1s) az a pillanat, amikor kicsit m\u0171v\u00e9sznek kell lenn\u00fcnk. De ez nem csak eszt\u00e9tika! A v\u00e1g\u00e1snak nagyon komoly technikai szerepe van: ez a&nbsp;k\u00e9m\u00e9ny, amin kereszt\u00fcl a s\u00fct\u00e9s k\u00f6zben keletkez\u0151 g\u0151z\u00f6k t\u00e1vozni tudnak. Ha nem v\u00e1gsz (vagy rosszul v\u00e1gsz), a keny\u00e9r ott fog ...","og_url":"https:\/\/www.kovasztunder.hu\/de\/die-brotkerbe","og_site_name":"Kov\u00e1szT\u00fcnd\u00e9r","article_modified_time":"2026-01-11T08:25:35+00:00","og_image":[{"width":768,"height":1024,"url":"https:\/\/www.kovasztunder.hu\/wp-content\/uploads\/2026\/01\/Vegleges-Kezdo-Kovaszosok-Kezikonyve-8-1-768x1024.jpg","type":"image\/jpeg"}],"twitter_card":"summary_large_image","twitter_misc":{"Gesch\u00e4tzte Lesezeit":"3\u00a0Minuten"},"schema":{"@context":"https:\/\/schema.org","@graph":[{"@type":"WebPage","@id":"https:\/\/www.kovasztunder.hu\/a-kenyer-bemetszese","url":"https:\/\/www.kovasztunder.hu\/a-kenyer-bemetszese","name":"Schneiden des Brotes - Kov\u00e1szTaender","isPartOf":{"@id":"https:\/\/www.kovasztunder.hu\/#website"},"primaryImageOfPage":{"@id":"https:\/\/www.kovasztunder.hu\/a-kenyer-bemetszese#primaryimage"},"image":{"@id":"https:\/\/www.kovasztunder.hu\/a-kenyer-bemetszese#primaryimage"},"thumbnailUrl":"https:\/\/www.kovasztunder.hu\/wp-content\/uploads\/2026\/01\/Vegleges-Kezdo-Kovaszosok-Kezikonyve-8-1-768x1024.jpg","datePublished":"2026-01-11T08:07:48+00:00","dateModified":"2026-01-11T08:25:35+00:00","breadcrumb":{"@id":"https:\/\/www.kovasztunder.hu\/a-kenyer-bemetszese#breadcrumb"},"inLanguage":"de","potentialAction":[{"@type":"ReadAction","target":["https:\/\/www.kovasztunder.hu\/a-kenyer-bemetszese"]}]},{"@type":"ImageObject","inLanguage":"de","@id":"https:\/\/www.kovasztunder.hu\/a-kenyer-bemetszese#primaryimage","url":"https:\/\/www.kovasztunder.hu\/wp-content\/uploads\/2026\/01\/Vegleges-Kezdo-Kovaszosok-Kezikonyve-8-1-768x1024.jpg","contentUrl":"https:\/\/www.kovasztunder.hu\/wp-content\/uploads\/2026\/01\/Vegleges-Kezdo-Kovaszosok-Kezikonyve-8-1-768x1024.jpg"},{"@type":"BreadcrumbList","@id":"https:\/\/www.kovasztunder.hu\/a-kenyer-bemetszese#breadcrumb","itemListElement":[{"@type":"ListItem","position":1,"name":"Home","item":"https:\/\/www.kovasztunder.hu\/"},{"@type":"ListItem","position":2,"name":"A keny\u00e9r bemetsz\u00e9se\u00a0"}]},{"@type":"WebSite","@id":"https:\/\/www.kovasztunder.hu\/#website","url":"https:\/\/www.kovasztunder.hu\/","name":"H\u00e4uschen Fee","description":"M\u00f6ge der Sauerteig mit Ihnen sein!","publisher":{"@id":"https:\/\/www.kovasztunder.hu\/#organization"},"potentialAction":[{"@type":"SearchAction","target":{"@type":"EntryPoint","urlTemplate":"https:\/\/www.kovasztunder.hu\/?s={search_term_string}"},"query-input":{"@type":"PropertyValueSpecification","valueRequired":true,"valueName":"search_term_string"}}],"inLanguage":"de"},{"@type":"Organization","@id":"https:\/\/www.kovasztunder.hu\/#organization","name":"H\u00e4uschen Fee","url":"https:\/\/www.kovasztunder.hu\/","logo":{"@type":"ImageObject","inLanguage":"de","@id":"https:\/\/www.kovasztunder.hu\/#\/schema\/logo\/image\/","url":"https:\/\/www.kovasztunder.hu\/wp-content\/uploads\/2023\/02\/kovasztunder_logo.png","contentUrl":"https:\/\/www.kovasztunder.hu\/wp-content\/uploads\/2023\/02\/kovasztunder_logo.png","width":1638,"height":487,"caption":"Kov\u00e1szT\u00fcnd\u00e9r"},"image":{"@id":"https:\/\/www.kovasztunder.hu\/#\/schema\/logo\/image\/"},"sameAs":["https:\/\/www.youtube.com\/@kovasztunder","https:\/\/www.instagram.com\/kovasztunder\/"]}]}},"_links":{"self":[{"href":"https:\/\/www.kovasztunder.hu\/de\/wp-json\/wp\/v2\/pages\/6889","targetHints":{"allow":["GET"]}}],"collection":[{"href":"https:\/\/www.kovasztunder.hu\/de\/wp-json\/wp\/v2\/pages"}],"about":[{"href":"https:\/\/www.kovasztunder.hu\/de\/wp-json\/wp\/v2\/types\/page"}],"author":[{"embeddable":true,"href":"https:\/\/www.kovasztunder.hu\/de\/wp-json\/wp\/v2\/users\/2"}],"replies":[{"embeddable":true,"href":"https:\/\/www.kovasztunder.hu\/de\/wp-json\/wp\/v2\/comments?post=6889"}],"version-history":[{"count":0,"href":"https:\/\/www.kovasztunder.hu\/de\/wp-json\/wp\/v2\/pages\/6889\/revisions"}],"wp:attachment":[{"href":"https:\/\/www.kovasztunder.hu\/de\/wp-json\/wp\/v2\/media?parent=6889"}],"curies":[{"name":"wp","href":"https:\/\/api.w.org\/{rel}","templated":true}]}}