{"id":7476,"date":"2026-03-20T06:50:37","date_gmt":"2026-03-20T05:50:37","guid":{"rendered":"https:\/\/www.kovasztunder.hu\/?post_type=product&#038;p=7476"},"modified":"2026-05-05T18:03:57","modified_gmt":"2026-05-05T16:03:57","slug":"einsteiger-silberschmiede-handgefertigt","status":"publish","type":"product","link":"https:\/\/www.kovasztunder.hu\/de\/produkt\/einsteiger-silberschmiede-handgefertigt","title":{"rendered":"Einsteigerhandbuch f\u00fcr K\u00e4semacher"},"content":{"rendered":"<p data-path-to-node=\"7\">Wollten Sie schon immer Ihr eigenes, duftendes Sauerteigbrot backen, aber das Verfahren erschien Ihnen zu kompliziert? Haben Sie Angst, dass Sie den Sauerteig nicht richtig ansetzen oder wissen Sie nicht, wann der Teig richtig ist? A <b data-path-to-node=\"7\" data-index-in-node=\"168\">Einsteigerhandbuch f\u00fcr K\u00e4semacher<\/b> wurde ins Leben gerufen, um genau diese Barrieren zu \u00fcberwinden.<\/p>\n<p data-path-to-node=\"8\"><b data-path-to-node=\"8\" data-index-in-node=\"0\">Bianka Hossz\u00fa (Kov\u00e1szTaender)<\/b> begleitet Sie Schritt f\u00fcr Schritt auf dem Weg von der Anzucht des Sauerteigs bis zum ersten goldenen Brot. Dieses Buch verbindet traditionelles Wissen mit moderner Technik, damit Sie sich auf die Freude am Backen konzentrieren k\u00f6nnen.<\/p>\n<h3 data-path-to-node=\"9\">Warum dieses Buch Ihr liebster K\u00fcchenbegleiter sein wird?<\/h3>\n<ul data-path-to-node=\"10\">\n<li>\n<p data-path-to-node=\"10,0,0\"><b data-path-to-node=\"10,0,0\" data-index-in-node=\"0\">Intelligente Funktionen:<\/b> Neben den Rezepten finden Sie <b data-path-to-node=\"10,0,0\" data-index-in-node=\"44\">QR-Codes<\/b> k\u00f6nnen Sie sich sofort Videos von kritischen Phasen ansehen, damit Sie genau wissen, was Sie tun m\u00fcssen.<\/p>\n<\/li>\n<li>\n<p data-path-to-node=\"10,1,0\"><b data-path-to-node=\"10,1,0\" data-index-in-node=\"0\">Backtagebuch:<\/b> Verfolgen Sie Ihren eigenen Fortschritt! Sie k\u00f6nnen Ihre Erfahrungen im integrierten Logbuch festhalten, damit Sie mit jedem Backen sicherer werden.<\/p>\n<\/li>\n<li>\n<p data-path-to-node=\"10,2,0\"><b data-path-to-node=\"10,2,0\" data-index-in-node=\"0\">Bombensichere Rezepte:<\/b> Sie erhalten sorgf\u00e4ltig ausgearbeitete Spezifikationen, die die M\u00f6glichkeit von Fehlern minimieren. Sie finden hier nicht nur Brote, sondern auch traditionelle Backwaren.<\/p>\n<\/li>\n<li>\n<p data-path-to-node=\"10,3,0\"><b data-path-to-node=\"10,3,0\" data-index-in-node=\"0\">Kaviar-Beratung:<\/b> Sie lernen, wie Sie Ihren Sauerteig am Leben erhalten und in Topform bringen - klar und ohne Schnickschnack.<\/p>\n<\/li>\n<\/ul>\n<h3 data-path-to-node=\"11\">Technische Parameter:<\/h3>\n<ul data-path-to-node=\"12\">\n<li>\n<p data-path-to-node=\"12,0,0\"><b data-path-to-node=\"12,0,0\" data-index-in-node=\"0\">Gr\u00f6\u00dfe:<\/b> 24 x 17 cm (passt bequem auf die K\u00fcchentheke)<\/p>\n<\/li>\n<li>\n<p data-path-to-node=\"12,1,0\"><b data-path-to-node=\"12,1,0\" data-index-in-node=\"0\">Umfang:<\/b> 112 reichhaltig illustrierte Seiten<\/p>\n<\/li>\n<li>\n<p data-path-to-node=\"12,2,0\"><b data-path-to-node=\"12,2,0\" data-index-in-node=\"0\">Autor:<\/b> Bianka Hossz\u00fa (Kov\u00e1szTaender)<\/p>\n<\/li>\n<li><strong>ISBN:<\/strong> 978-615-02-5866-9<\/li>\n<\/ul>\n<h3 data-path-to-node=\"13\">Was finden Sie in dem Buch?<\/h3>\n<ol start=\"1\" data-path-to-node=\"14\">\n<li>\n<p data-path-to-node=\"14,0,0\"><b data-path-to-node=\"14,0,0\" data-index-in-node=\"0\">Die Geheimnisse des Sauerteigs:<\/b> Wie man anf\u00e4ngt, wie man es f\u00fcttert und was man tut, wenn es nicht klappt.<\/p>\n<\/li>\n<li>\n<p data-path-to-node=\"14,1,0\"><b data-path-to-node=\"14,1,0\" data-index-in-node=\"0\">Werkzeugkasten:<\/b> Was brauchen Sie wirklich und was kann auf sp\u00e4ter warten.<\/p>\n<\/li>\n<li>\n<p data-path-to-node=\"14,2,0\"><b data-path-to-node=\"14,2,0\" data-index-in-node=\"0\">Grundrezepte und Variationen:<\/b> Vom klassischen Sauerteigbrot bis zum geflochtenen Laib.<\/p>\n<\/li>\n<li>\n<p data-path-to-node=\"14,3,0\"><b data-path-to-node=\"14,3,0\" data-index-in-node=\"0\">H\u00e4ufige Fehler und L\u00f6sungen:<\/b> Warum ist es flach? Warum ist er sauer? Alle diese Fragen werden beantwortet.<\/p>\n<\/li>\n<\/ol>\n<p data-path-to-node=\"15\"><b data-path-to-node=\"15\" data-index-in-node=\"0\">Machen Sie Ihre K\u00fcche zu einer kleinen B\u00e4ckerei, in der es immer nach frischem Brot duftet!<\/b> Bestellen Sie das Handbuch f\u00fcr Anf\u00e4nger und werden Sie zur Fee in Ihrer eigenen K\u00fcche!<\/p>","protected":false},"excerpt":{"rendered":"<p><b data-path-to-node=\"3\" data-index-in-node=\"0\">Fangen Sie an, ohne Angst zu backen!<\/b> Ich helfe Ihnen, Ihr erstes Brot zu einer echten Erfolgsgeschichte zu machen. Diese <b data-path-to-node=\"3\" data-index-in-node=\"136\">24 x 17 cm, 112 Seiten<\/b> interaktive Anleitung ist mehr als ein Rezeptbuch: <b data-path-to-node=\"3\" data-index-in-node=\"210\">Video-Hilfe \u00fcber QR-Code verf\u00fcgbar<\/b> und einer der <b data-path-to-node=\"3\" data-index-in-node=\"264\">Backprotokoll<\/b> machen sie zu einem echten \"smarten\" Begleiter in Ihrer K\u00fcche. Bombensichere Rezepte, mit denen sich auch Anf\u00e4nger wie professionelle B\u00e4cker f\u00fchlen.<\/p>\n<p><strong>Das Buch enth\u00e4lt 19 Sauerteigrezepte <\/strong>wurde Raum gegeben<strong> Meine 3 pers\u00f6nlichen Favoriten:<\/strong> Der legend\u00e4re handgestreckte Strudel meiner Mutter, mein selbstgemachter K\u00fcrbissirup und die im Ofen gebackene Pflaumenmarmelade.<\/p>\n<p><strong>Und die Verpackung...<\/strong> Jedes Exemplar wird Ihnen pers\u00f6nlich in Seidenpapier verpackt, mit eigenem Logoband und Wachssiegel, zusammen mit einem sch\u00f6nen Makramee-Lesezeichen und einer Karte zugesandt. <strong>Denn f\u00fcr mich ist es nicht nur ein Buch. Es ist eine Erfahrung, die ich Ihnen mit Liebe gebe!<\/strong><\/p>","protected":false},"featured_media":7682,"comment_status":"open","ping_status":"closed","template":"","meta":{"wprm-recipe-roundup-name":"","wprm-recipe-roundup-description":""},"product_brand":[814],"product_cat":[813],"product_tag":[736,830,821,831,835,824,816,818,833,820,834,815,832,819,836,829,823,825,826,822,838,827,817,837,828],"class_list":{"0":"post-7476","1":"product","2":"type-product","3":"status-publish","4":"has-post-thumbnail","6":"product_brand-kovasztunder","7":"product_cat-konyv","8":"product_tag-ajandek-otlet","9":"product_tag-bombabiztos-receptek","10":"product_tag-gasztro-konyv","11":"product_tag-hagyomanyos-pekaruk","12":"product_tag-hazi-kenyer-recept","13":"product_tag-hosszu-bianka","14":"product_tag-kenyersutes","15":"product_tag-kezdo-kovaszosok","16":"product_tag-kezdo-pekeknek","17":"product_tag-kezikonyv","18":"product_tag-konyhamuveszet","19":"product_tag-kovasz","20":"product_tag-kovasz-neveles","21":"product_tag-kovaszolas-alapjai","22":"product_tag-kovaszos-konyha","23":"product_tag-kovaszos-receptek","24":"product_tag-kovasztunder","25":"product_tag-kovasztunder-konyv","26":"product_tag-okos-konyv","27":"product_tag-otthoni-sutes","28":"product_tag-pekaru-receptek","29":"product_tag-qr-kodos-receptek","30":"product_tag-receptes-konyv","31":"product_tag-sutes-otthon","32":"product_tag-sutesi-naplo","34":"first","35":"instock","36":"sale","37":"featured","38":"shipping-taxable","39":"purchasable","40":"product-type-simple"},"yoast_head":"<!-- This site is optimized with the Yoast SEO Premium plugin v24.4 (Yoast SEO v27.3) - https:\/\/yoast.com\/product\/yoast-seo-premium-wordpress\/ -->\n<title>Kezd\u0151 Kov\u00e1szosok K\u00e9zik\u00f6nyve - Kov\u00e1szT\u00fcnd\u00e9r<\/title>\n<meta name=\"robots\" content=\"index, follow, max-snippet:-1, max-image-preview:large, max-video-preview:-1\" \/>\n<link rel=\"canonical\" href=\"https:\/\/www.kovasztunder.hu\/de\/produkt\/einsteiger-silberschmiede-handgefertigt\" \/>\n<meta property=\"og:locale\" content=\"de_DE\" \/>\n<meta property=\"og:type\" content=\"article\" \/>\n<meta property=\"og:title\" content=\"Kezd\u0151 Kov\u00e1szosok K\u00e9zik\u00f6nyve\" \/>\n<meta property=\"og:description\" content=\"V\u00e1gj bele a kov\u00e1szol\u00e1sba f\u00e9lelem n\u00e9lk\u00fcl! Seg\u00edtek, hogy az els\u0151 kenyered is igazi sikert\u00f6rt\u00e9net legyen. Ez a 24 x 17 cm-es, 112 oldalas interakt\u00edv \u00fatmutat\u00f3 t\u00f6bb mint egy receptk\u00f6nyv: QR-k\u00f3ddal el\u00e9rhet\u0151 vide\u00f3s seg\u00e9dletek \u00e9s egy a s\u00fct\u00e9si napl\u00f3 teszik val\u00f3di \u201eokos\u201d t\u00e1rss\u00e1 a konyh\u00e1dban. Bombabiztos receptek, amikkel a kezd\u0151k is profi p\u00e9keknek \u00e9rezhetik magukat.  A k\u00f6nyvben 19 kov\u00e1szos recept mellett helyet kapott 3 szem\u00e9lyes kedvencem is: Mam\u00e1m legend\u00e1s k\u00e9zzel ny\u00fajtott r\u00e9tese, az \u0151szi h\u00e1zi s\u00fct\u0151t\u00f6k\u00f6s szirupom \u00e9s a s\u00fct\u0151ben s\u00fclt szilvalekv\u00e1r.  \u00c9s a csomagol\u00e1s... Minden egyes p\u00e9ld\u00e1nyt szem\u00e9lyesen, selyempap\u00edrba, saj\u00e1t log\u00f3s szalaggal \u00e9s viaszpecs\u00e9ttel csomagolva k\u00fcld\u00f6k el nektek, egy gy\u00f6ny\u00f6r\u0171 makram\u00e9 k\u00f6nyvjelz\u0151 \u00e9s egy k\u00e1rtya k\u00eds\u00e9ret\u00e9ben. Mert sz\u00e1momra ez nem csak egy k\u00f6nyv. Ez egy \u00e9lm\u00e9ny, amit szeretettel adok \u00e1t Nektek!\" \/>\n<meta property=\"og:url\" content=\"https:\/\/www.kovasztunder.hu\/de\/produkt\/einsteiger-silberschmiede-handgefertigt\" \/>\n<meta property=\"og:site_name\" content=\"Kov\u00e1szT\u00fcnd\u00e9r\" \/>\n<meta property=\"article:modified_time\" content=\"2026-05-05T16:03:57+00:00\" \/>\n<meta property=\"og:image\" content=\"https:\/\/www.kovasztunder.hu\/wp-content\/uploads\/2026\/03\/VPH_2023szerk-scaled.jpg\" \/>\n\t<meta property=\"og:image:width\" content=\"1709\" \/>\n\t<meta property=\"og:image:height\" content=\"2560\" \/>\n\t<meta property=\"og:image:type\" content=\"image\/jpeg\" \/>\n<meta name=\"twitter:card\" content=\"summary_large_image\" \/>\n<meta name=\"twitter:label1\" content=\"Gesch\u00e4tzte Lesezeit\" \/>\n\t<meta name=\"twitter:data1\" content=\"2\u00a0Minuten\" \/>\n<script type=\"application\/ld+json\" class=\"yoast-schema-graph\">{\"@context\":\"https:\\\/\\\/schema.org\",\"@graph\":[{\"@type\":\"WebPage\",\"@id\":\"https:\\\/\\\/www.kovasztunder.hu\\\/termek\\\/kezdo-kovaszosok-kezikonyve\",\"url\":\"https:\\\/\\\/www.kovasztunder.hu\\\/termek\\\/kezdo-kovaszosok-kezikonyve\",\"name\":\"Kezd\u0151 Kov\u00e1szosok K\u00e9zik\u00f6nyve - Kov\u00e1szT\u00fcnd\u00e9r\",\"isPartOf\":{\"@id\":\"https:\\\/\\\/www.kovasztunder.hu\\\/#website\"},\"primaryImageOfPage\":{\"@id\":\"https:\\\/\\\/www.kovasztunder.hu\\\/termek\\\/kezdo-kovaszosok-kezikonyve#primaryimage\"},\"image\":{\"@id\":\"https:\\\/\\\/www.kovasztunder.hu\\\/termek\\\/kezdo-kovaszosok-kezikonyve#primaryimage\"},\"thumbnailUrl\":\"https:\\\/\\\/www.kovasztunder.hu\\\/wp-content\\\/uploads\\\/2026\\\/03\\\/VPH_2023szerk-scaled.jpg\",\"datePublished\":\"2026-03-20T05:50:37+00:00\",\"dateModified\":\"2026-05-05T16:03:57+00:00\",\"breadcrumb\":{\"@id\":\"https:\\\/\\\/www.kovasztunder.hu\\\/termek\\\/kezdo-kovaszosok-kezikonyve#breadcrumb\"},\"inLanguage\":\"de\",\"potentialAction\":[{\"@type\":\"ReadAction\",\"target\":[\"https:\\\/\\\/www.kovasztunder.hu\\\/termek\\\/kezdo-kovaszosok-kezikonyve\"]}]},{\"@type\":\"ImageObject\",\"inLanguage\":\"de\",\"@id\":\"https:\\\/\\\/www.kovasztunder.hu\\\/termek\\\/kezdo-kovaszosok-kezikonyve#primaryimage\",\"url\":\"https:\\\/\\\/www.kovasztunder.hu\\\/wp-content\\\/uploads\\\/2026\\\/03\\\/VPH_2023szerk-scaled.jpg\",\"contentUrl\":\"https:\\\/\\\/www.kovasztunder.hu\\\/wp-content\\\/uploads\\\/2026\\\/03\\\/VPH_2023szerk-scaled.jpg\",\"width\":1709,\"height\":2560},{\"@type\":\"BreadcrumbList\",\"@id\":\"https:\\\/\\\/www.kovasztunder.hu\\\/termek\\\/kezdo-kovaszosok-kezikonyve#breadcrumb\",\"itemListElement\":[{\"@type\":\"ListItem\",\"position\":1,\"name\":\"Home\",\"item\":\"https:\\\/\\\/www.kovasztunder.hu\\\/\"},{\"@type\":\"ListItem\",\"position\":2,\"name\":\"Term\u00e9kek\",\"item\":\"https:\\\/\\\/www.kovasztunder.hu\\\/shop\"},{\"@type\":\"ListItem\",\"position\":3,\"name\":\"Kezd\u0151 Kov\u00e1szosok K\u00e9zik\u00f6nyve\"}]},{\"@type\":\"WebSite\",\"@id\":\"https:\\\/\\\/www.kovasztunder.hu\\\/#website\",\"url\":\"https:\\\/\\\/www.kovasztunder.hu\\\/\",\"name\":\"Kov\u00e1szT\u00fcnd\u00e9r\",\"description\":\"A kov\u00e1sz legyen veletek!\",\"publisher\":{\"@id\":\"https:\\\/\\\/www.kovasztunder.hu\\\/#organization\"},\"potentialAction\":[{\"@type\":\"SearchAction\",\"target\":{\"@type\":\"EntryPoint\",\"urlTemplate\":\"https:\\\/\\\/www.kovasztunder.hu\\\/?s={search_term_string}\"},\"query-input\":{\"@type\":\"PropertyValueSpecification\",\"valueRequired\":true,\"valueName\":\"search_term_string\"}}],\"inLanguage\":\"de\"},{\"@type\":\"Organization\",\"@id\":\"https:\\\/\\\/www.kovasztunder.hu\\\/#organization\",\"name\":\"Kov\u00e1szT\u00fcnd\u00e9r\",\"url\":\"https:\\\/\\\/www.kovasztunder.hu\\\/\",\"logo\":{\"@type\":\"ImageObject\",\"inLanguage\":\"de\",\"@id\":\"https:\\\/\\\/www.kovasztunder.hu\\\/#\\\/schema\\\/logo\\\/image\\\/\",\"url\":\"https:\\\/\\\/www.kovasztunder.hu\\\/wp-content\\\/uploads\\\/2023\\\/02\\\/kovasztunder_logo.png\",\"contentUrl\":\"https:\\\/\\\/www.kovasztunder.hu\\\/wp-content\\\/uploads\\\/2023\\\/02\\\/kovasztunder_logo.png\",\"width\":1638,\"height\":487,\"caption\":\"Kov\u00e1szT\u00fcnd\u00e9r\"},\"image\":{\"@id\":\"https:\\\/\\\/www.kovasztunder.hu\\\/#\\\/schema\\\/logo\\\/image\\\/\"},\"sameAs\":[\"https:\\\/\\\/www.youtube.com\\\/@kovasztunder\",\"https:\\\/\\\/www.instagram.com\\\/kovasztunder\\\/\"]}]}<\/script>\n<!-- \/ Yoast SEO Premium plugin. -->","yoast_head_json":{"title":"Einsteigerhandbuch f\u00fcr K\u00e4sereien - Cheese Fairy","robots":{"index":"index","follow":"follow","max-snippet":"max-snippet:-1","max-image-preview":"max-image-preview:large","max-video-preview":"max-video-preview:-1"},"canonical":"https:\/\/www.kovasztunder.hu\/de\/produkt\/einsteiger-silberschmiede-handgefertigt","og_locale":"de_DE","og_type":"article","og_title":"Kezd\u0151 Kov\u00e1szosok K\u00e9zik\u00f6nyve","og_description":"V\u00e1gj bele a kov\u00e1szol\u00e1sba f\u00e9lelem n\u00e9lk\u00fcl! Seg\u00edtek, hogy az els\u0151 kenyered is igazi sikert\u00f6rt\u00e9net legyen. Ez a 24 x 17 cm-es, 112 oldalas interakt\u00edv \u00fatmutat\u00f3 t\u00f6bb mint egy receptk\u00f6nyv: QR-k\u00f3ddal el\u00e9rhet\u0151 vide\u00f3s seg\u00e9dletek \u00e9s egy a s\u00fct\u00e9si napl\u00f3 teszik val\u00f3di \u201eokos\u201d t\u00e1rss\u00e1 a konyh\u00e1dban. Bombabiztos receptek, amikkel a kezd\u0151k is profi p\u00e9keknek \u00e9rezhetik magukat.  A k\u00f6nyvben 19 kov\u00e1szos recept mellett helyet kapott 3 szem\u00e9lyes kedvencem is: Mam\u00e1m legend\u00e1s k\u00e9zzel ny\u00fajtott r\u00e9tese, az \u0151szi h\u00e1zi s\u00fct\u0151t\u00f6k\u00f6s szirupom \u00e9s a s\u00fct\u0151ben s\u00fclt szilvalekv\u00e1r.  \u00c9s a csomagol\u00e1s... Minden egyes p\u00e9ld\u00e1nyt szem\u00e9lyesen, selyempap\u00edrba, saj\u00e1t log\u00f3s szalaggal \u00e9s viaszpecs\u00e9ttel csomagolva k\u00fcld\u00f6k el nektek, egy gy\u00f6ny\u00f6r\u0171 makram\u00e9 k\u00f6nyvjelz\u0151 \u00e9s egy k\u00e1rtya k\u00eds\u00e9ret\u00e9ben. Mert sz\u00e1momra ez nem csak egy k\u00f6nyv. Ez egy \u00e9lm\u00e9ny, amit szeretettel adok \u00e1t Nektek!","og_url":"https:\/\/www.kovasztunder.hu\/de\/produkt\/einsteiger-silberschmiede-handgefertigt","og_site_name":"Kov\u00e1szT\u00fcnd\u00e9r","article_modified_time":"2026-05-05T16:03:57+00:00","og_image":[{"width":1709,"height":2560,"url":"https:\/\/www.kovasztunder.hu\/wp-content\/uploads\/2026\/03\/VPH_2023szerk-scaled.jpg","type":"image\/jpeg"}],"twitter_card":"summary_large_image","twitter_misc":{"Gesch\u00e4tzte Lesezeit":"2\u00a0Minuten"},"schema":{"@context":"https:\/\/schema.org","@graph":[{"@type":"WebPage","@id":"https:\/\/www.kovasztunder.hu\/termek\/kezdo-kovaszosok-kezikonyve","url":"https:\/\/www.kovasztunder.hu\/termek\/kezdo-kovaszosok-kezikonyve","name":"Einsteigerhandbuch f\u00fcr K\u00e4sereien - Cheese Fairy","isPartOf":{"@id":"https:\/\/www.kovasztunder.hu\/#website"},"primaryImageOfPage":{"@id":"https:\/\/www.kovasztunder.hu\/termek\/kezdo-kovaszosok-kezikonyve#primaryimage"},"image":{"@id":"https:\/\/www.kovasztunder.hu\/termek\/kezdo-kovaszosok-kezikonyve#primaryimage"},"thumbnailUrl":"https:\/\/www.kovasztunder.hu\/wp-content\/uploads\/2026\/03\/VPH_2023szerk-scaled.jpg","datePublished":"2026-03-20T05:50:37+00:00","dateModified":"2026-05-05T16:03:57+00:00","breadcrumb":{"@id":"https:\/\/www.kovasztunder.hu\/termek\/kezdo-kovaszosok-kezikonyve#breadcrumb"},"inLanguage":"de","potentialAction":[{"@type":"ReadAction","target":["https:\/\/www.kovasztunder.hu\/termek\/kezdo-kovaszosok-kezikonyve"]}]},{"@type":"ImageObject","inLanguage":"de","@id":"https:\/\/www.kovasztunder.hu\/termek\/kezdo-kovaszosok-kezikonyve#primaryimage","url":"https:\/\/www.kovasztunder.hu\/wp-content\/uploads\/2026\/03\/VPH_2023szerk-scaled.jpg","contentUrl":"https:\/\/www.kovasztunder.hu\/wp-content\/uploads\/2026\/03\/VPH_2023szerk-scaled.jpg","width":1709,"height":2560},{"@type":"BreadcrumbList","@id":"https:\/\/www.kovasztunder.hu\/termek\/kezdo-kovaszosok-kezikonyve#breadcrumb","itemListElement":[{"@type":"ListItem","position":1,"name":"Home","item":"https:\/\/www.kovasztunder.hu\/"},{"@type":"ListItem","position":2,"name":"Term\u00e9kek","item":"https:\/\/www.kovasztunder.hu\/shop"},{"@type":"ListItem","position":3,"name":"Kezd\u0151 Kov\u00e1szosok K\u00e9zik\u00f6nyve"}]},{"@type":"WebSite","@id":"https:\/\/www.kovasztunder.hu\/#website","url":"https:\/\/www.kovasztunder.hu\/","name":"H\u00e4uschen Fee","description":"M\u00f6ge der Sauerteig mit Ihnen sein!","publisher":{"@id":"https:\/\/www.kovasztunder.hu\/#organization"},"potentialAction":[{"@type":"SearchAction","target":{"@type":"EntryPoint","urlTemplate":"https:\/\/www.kovasztunder.hu\/?s={search_term_string}"},"query-input":{"@type":"PropertyValueSpecification","valueRequired":true,"valueName":"search_term_string"}}],"inLanguage":"de"},{"@type":"Organization","@id":"https:\/\/www.kovasztunder.hu\/#organization","name":"H\u00e4uschen Fee","url":"https:\/\/www.kovasztunder.hu\/","logo":{"@type":"ImageObject","inLanguage":"de","@id":"https:\/\/www.kovasztunder.hu\/#\/schema\/logo\/image\/","url":"https:\/\/www.kovasztunder.hu\/wp-content\/uploads\/2023\/02\/kovasztunder_logo.png","contentUrl":"https:\/\/www.kovasztunder.hu\/wp-content\/uploads\/2023\/02\/kovasztunder_logo.png","width":1638,"height":487,"caption":"Kov\u00e1szT\u00fcnd\u00e9r"},"image":{"@id":"https:\/\/www.kovasztunder.hu\/#\/schema\/logo\/image\/"},"sameAs":["https:\/\/www.youtube.com\/@kovasztunder","https:\/\/www.instagram.com\/kovasztunder\/"]}]}},"_links":{"self":[{"href":"https:\/\/www.kovasztunder.hu\/de\/wp-json\/wp\/v2\/product\/7476","targetHints":{"allow":["GET"]}}],"collection":[{"href":"https:\/\/www.kovasztunder.hu\/de\/wp-json\/wp\/v2\/product"}],"about":[{"href":"https:\/\/www.kovasztunder.hu\/de\/wp-json\/wp\/v2\/types\/product"}],"replies":[{"embeddable":true,"href":"https:\/\/www.kovasztunder.hu\/de\/wp-json\/wp\/v2\/comments?post=7476"}],"wp:featuredmedia":[{"embeddable":true,"href":"https:\/\/www.kovasztunder.hu\/de\/wp-json\/wp\/v2\/media\/7682"}],"wp:attachment":[{"href":"https:\/\/www.kovasztunder.hu\/de\/wp-json\/wp\/v2\/media?parent=7476"}],"wp:term":[{"taxonomy":"product_brand","embeddable":true,"href":"https:\/\/www.kovasztunder.hu\/de\/wp-json\/wp\/v2\/product_brand?post=7476"},{"taxonomy":"product_cat","embeddable":true,"href":"https:\/\/www.kovasztunder.hu\/de\/wp-json\/wp\/v2\/product_cat?post=7476"},{"taxonomy":"product_tag","embeddable":true,"href":"https:\/\/www.kovasztunder.hu\/de\/wp-json\/wp\/v2\/product_tag?post=7476"}],"curies":[{"name":"wp","href":"https:\/\/api.w.org\/{rel}","templated":true}]}}