{"id":5455,"date":"2025-02-17T14:03:10","date_gmt":"2025-02-17T13:03:10","guid":{"rendered":"https:\/\/www.kovasztunder.hu\/?page_id=5455"},"modified":"2025-02-17T18:03:40","modified_gmt":"2025-02-17T17:03:40","slug":"tang-zhong-technique","status":"publish","type":"page","link":"https:\/\/www.kovasztunder.hu\/en\/tang-zhong-technique","title":{"rendered":"Tang Zhong technique"},"content":{"rendered":"<p>The Tang Zhong method is a real treasure in the bakery world, which I have recently discovered myself. Having read up on it thoroughly and tried it on various sourdough bakery products, including sourdough bread, I am absolutely impressed with the results.<\/p>\n\n\n\n<ul class=\"wp-block-list\">\n<li><strong>Personal experience:<\/strong><br>The technique has made the gut incredibly softer and more airy. The difference was so noticeable that I decided to use this method regularly in my baking. I will continue to share new recipes using the Tang Zhong technique. These will include both traditional and new baked goods. I highly recommend everyone to try this method. The results speak for themselves and I guarantee you will not be disappointed. If you try it, please share your experiences - I wonder if you'll be as enthusiastic as I am!<br>I wish you all a good baking experience, and remember: with the Tang Zhong technique, you take your baked goods to a new level! <\/li>\n<\/ul>\n\n\n\n<ul class=\"wp-block-list\">\n<li><strong>Origin: <\/strong><br>The technique originated in Japan, where it was originally known as \"yukone\" or \"yudane\". In the 1990s, it was popularised by a Taiwanese writer, Yvonne Chen, in her book \"65\u00b0C Bread Doctor\", hence the Chinese name \"tang zhong\". The method was originally used to make the famous Hokkaido milk bread.<\/li>\n<\/ul>\n\n\n\n<ul class=\"wp-block-list\">\n<li><strong>The gist:<\/strong> The essence of Tang Zhong is to pre-boil a small portion of the flour and liquid in the recipe until a thick, gelatinous paste is obtained. This pulp is then added to the other ingredients during the dough making process.<\/li>\n<\/ul>\n\n\n\n<ul class=\"wp-block-list\">\n<li><strong>Preparation:<\/strong><br>The steps to make Tang Zhong:<\/li>\n\n\n\n<li>1. Mix 1 part flour and 5 parts liquid (water or milk)<\/li>\n\n\n\n<li>2. Mix thoroughly to avoid lumps<\/li>\n\n\n\n<li>3. Heat to 65\u00b0C, stirring continuously<\/li>\n\n\n\n<li>4. Allow to cool before adding to the pasta<\/li>\n<\/ul>\n\n\n\n<ul class=\"wp-block-list\">\n<li><strong>Benefits:<\/strong><br>The Tang Zhong technique has many advantages:<\/li>\n\n\n\n<li>1. Softer, more airy gut structure<\/li>\n\n\n\n<li>2. Bakery products stay fresh for longer<\/li>\n\n\n\n<li>3. Higher moisture content<\/li>\n\n\n\n<li>4. Easier to handle pasta with high hydration<\/li>\n<\/ul>\n\n\n\n<ul class=\"wp-block-list\">\n<li><strong>Use of:<\/strong><br>The Tang Zhong method is extremely versatile:<\/li>\n\n\n\n<li>For milk breads<\/li>\n\n\n\n<li>For buttered rolls, buns<\/li>\n\n\n\n<li>For breads<\/li>\n\n\n\n<li>For salty or sweet snails<\/li>\n\n\n\n<li>For any soft, tender pasta<br><br>The technique not only makes the baked product softer and tastier, but also keeps it fresh for longer. This method is ideal for both home and professional bakers who want to improve their baking technique.<\/li>\n<\/ul>\n\n\n\n<p><strong>General rule<\/strong>: For Tang Zhong, we usually use 5-10% of the total amount of flour in the recipe. The ratio is typically 1 part flour to 5 parts liquid (water or milk).<br><br><strong>Example calculation:<\/strong> Take a simple bread recipe:<br>- 500g flour<br>- 300g water<br>- 10g salt<br>- 100g sourdough<br><br><strong>To make Tang Zhong:<\/strong><br>1. Take the 7% of flour: 500g \u00d7 0,07 = 35g flour<br>2. Five times the amount of liquid: 35g \u00d7 5 = 175g water<br>So to Tang Zhong:<br>- 35g flour<br>- 175g water<br><br><strong>The bread recipe itself is modified in this case: <\/strong><\/p>\n\n\n\n<p>Prepared by Tang Zhong<br>- 465g flour (500g - 35g)<br>- 125g water (300g - 175g)<br>- 10g salt<br>- 100g sourdough<\/p>","protected":false},"excerpt":{"rendered":"<p>The Tang Zhong method is a real treasure in the bakery world, which I have recently discovered myself. Having read up on it thoroughly and tried it on various sourdough bakery products, including sourdough bread, I am absolutely impressed with the results. General rule. The ratio is typically 1 part ...<\/p>","protected":false},"author":1,"featured_media":0,"parent":0,"menu_order":0,"comment_status":"closed","ping_status":"closed","template":"","meta":{"wprm-recipe-roundup-name":"","wprm-recipe-roundup-description":"","tinysalt_hide_before_page_content_ad":"","tinysalt_hide_after_page_content_ad":"","tinysalt_hide_page_header":"","tinysalt_advanced_classname":"","tinysalt_page_featured_media_position":"","tinysalt_single_site_header_source":"","tinysalt_single_custom_site_header":"0","tinysalt_single_custom_sticky_site_header":"0","tinysalt_single_custom_sticky_site_header_style":"sticky-scroll-up","tinysalt_single_site_footer_source":"","tinysalt_single_custom_site_footer":"0","footnotes":""},"class_list":["post-5455","page","type-page","status-publish","hentry"],"yoast_head":"<!-- This site is optimized with the Yoast SEO Premium plugin v24.4 (Yoast SEO v27.3) - https:\/\/yoast.com\/product\/yoast-seo-premium-wordpress\/ -->\n<title>Tang Zhong technika - Kov\u00e1szT\u00fcnd\u00e9r<\/title>\n<meta name=\"robots\" content=\"index, follow, max-snippet:-1, max-image-preview:large, max-video-preview:-1\" \/>\n<link rel=\"canonical\" href=\"https:\/\/www.kovasztunder.hu\/en\/tang-zhong-technique\" \/>\n<meta property=\"og:locale\" content=\"en_US\" \/>\n<meta property=\"og:type\" content=\"article\" \/>\n<meta property=\"og:title\" content=\"Tang Zhong technika\" \/>\n<meta property=\"og:description\" content=\"A Tang Zhong m\u00f3dszer egy igazi kincs a p\u00e9ks\u00e9g vil\u00e1g\u00e1ban, amit nemr\u00e9g fedeztem fel magam is. Miut\u00e1n alaposan ut\u00e1na olvastam \u00e9s kipr\u00f3b\u00e1ltam k\u00fcl\u00f6nb\u00f6z\u0151 kov\u00e1szos p\u00e9kterm\u00e9keken, bele\u00e9rtve a kov\u00e1szos kenyeret is, teljesen le vagyok ny\u0171g\u00f6zve az eredm\u00e9nyekt\u0151l. \u00c1ltal\u00e1nos szab\u00e1ly: A Tang Zhong k\u00e9sz\u00edt\u00e9s\u00e9hez \u00e1ltal\u00e1ban a recept teljes lisztmennyis\u00e9g\u00e9nek 5-10%-\u00e1t haszn\u00e1ljuk fel. Az ar\u00e1ny tipikusan 1 r\u00e9sz ...\" \/>\n<meta property=\"og:url\" content=\"https:\/\/www.kovasztunder.hu\/en\/tang-zhong-technique\" \/>\n<meta property=\"og:site_name\" content=\"Kov\u00e1szT\u00fcnd\u00e9r\" \/>\n<meta property=\"article:modified_time\" content=\"2025-02-17T17:03:40+00:00\" \/>\n<meta property=\"og:image\" content=\"https:\/\/www.kovasztunder.hu\/wp-content\/uploads\/2023\/12\/IMG_9044.jpg\" \/>\n\t<meta property=\"og:image:width\" content=\"2560\" \/>\n\t<meta property=\"og:image:height\" content=\"1706\" \/>\n\t<meta property=\"og:image:type\" content=\"image\/jpeg\" \/>\n<meta name=\"twitter:card\" content=\"summary_large_image\" \/>\n<meta name=\"twitter:label1\" content=\"Est. reading time\" \/>\n\t<meta name=\"twitter:data1\" content=\"3 minutes\" \/>\n<script type=\"application\/ld+json\" class=\"yoast-schema-graph\">{\"@context\":\"https:\\\/\\\/schema.org\",\"@graph\":[{\"@type\":\"WebPage\",\"@id\":\"https:\\\/\\\/www.kovasztunder.hu\\\/tang-zhong-technika\",\"url\":\"https:\\\/\\\/www.kovasztunder.hu\\\/tang-zhong-technika\",\"name\":\"Tang Zhong technika - Kov\u00e1szT\u00fcnd\u00e9r\",\"isPartOf\":{\"@id\":\"https:\\\/\\\/www.kovasztunder.hu\\\/#website\"},\"datePublished\":\"2025-02-17T13:03:10+00:00\",\"dateModified\":\"2025-02-17T17:03:40+00:00\",\"breadcrumb\":{\"@id\":\"https:\\\/\\\/www.kovasztunder.hu\\\/tang-zhong-technika#breadcrumb\"},\"inLanguage\":\"en-US\",\"potentialAction\":[{\"@type\":\"ReadAction\",\"target\":[\"https:\\\/\\\/www.kovasztunder.hu\\\/tang-zhong-technika\"]}]},{\"@type\":\"BreadcrumbList\",\"@id\":\"https:\\\/\\\/www.kovasztunder.hu\\\/tang-zhong-technika#breadcrumb\",\"itemListElement\":[{\"@type\":\"ListItem\",\"position\":1,\"name\":\"Home\",\"item\":\"https:\\\/\\\/www.kovasztunder.hu\\\/\"},{\"@type\":\"ListItem\",\"position\":2,\"name\":\"Tang Zhong technika\"}]},{\"@type\":\"WebSite\",\"@id\":\"https:\\\/\\\/www.kovasztunder.hu\\\/#website\",\"url\":\"https:\\\/\\\/www.kovasztunder.hu\\\/\",\"name\":\"Kov\u00e1szT\u00fcnd\u00e9r\",\"description\":\"A kov\u00e1sz legyen veletek!\",\"publisher\":{\"@id\":\"https:\\\/\\\/www.kovasztunder.hu\\\/#organization\"},\"potentialAction\":[{\"@type\":\"SearchAction\",\"target\":{\"@type\":\"EntryPoint\",\"urlTemplate\":\"https:\\\/\\\/www.kovasztunder.hu\\\/?s={search_term_string}\"},\"query-input\":{\"@type\":\"PropertyValueSpecification\",\"valueRequired\":true,\"valueName\":\"search_term_string\"}}],\"inLanguage\":\"en-US\"},{\"@type\":\"Organization\",\"@id\":\"https:\\\/\\\/www.kovasztunder.hu\\\/#organization\",\"name\":\"Kov\u00e1szT\u00fcnd\u00e9r\",\"url\":\"https:\\\/\\\/www.kovasztunder.hu\\\/\",\"logo\":{\"@type\":\"ImageObject\",\"inLanguage\":\"en-US\",\"@id\":\"https:\\\/\\\/www.kovasztunder.hu\\\/#\\\/schema\\\/logo\\\/image\\\/\",\"url\":\"https:\\\/\\\/www.kovasztunder.hu\\\/wp-content\\\/uploads\\\/2023\\\/02\\\/kovasztunder_logo.png\",\"contentUrl\":\"https:\\\/\\\/www.kovasztunder.hu\\\/wp-content\\\/uploads\\\/2023\\\/02\\\/kovasztunder_logo.png\",\"width\":1638,\"height\":487,\"caption\":\"Kov\u00e1szT\u00fcnd\u00e9r\"},\"image\":{\"@id\":\"https:\\\/\\\/www.kovasztunder.hu\\\/#\\\/schema\\\/logo\\\/image\\\/\"},\"sameAs\":[\"https:\\\/\\\/www.youtube.com\\\/@kovasztunder\",\"https:\\\/\\\/www.instagram.com\\\/kovasztunder\\\/\"]}]}<\/script>\n<!-- \/ Yoast SEO Premium plugin. -->","yoast_head_json":{"title":"Tang Zhong technique - Kov\u00e1szT fairy","robots":{"index":"index","follow":"follow","max-snippet":"max-snippet:-1","max-image-preview":"max-image-preview:large","max-video-preview":"max-video-preview:-1"},"canonical":"https:\/\/www.kovasztunder.hu\/en\/tang-zhong-technique","og_locale":"en_US","og_type":"article","og_title":"Tang Zhong technika","og_description":"A Tang Zhong m\u00f3dszer egy igazi kincs a p\u00e9ks\u00e9g vil\u00e1g\u00e1ban, amit nemr\u00e9g fedeztem fel magam is. Miut\u00e1n alaposan ut\u00e1na olvastam \u00e9s kipr\u00f3b\u00e1ltam k\u00fcl\u00f6nb\u00f6z\u0151 kov\u00e1szos p\u00e9kterm\u00e9keken, bele\u00e9rtve a kov\u00e1szos kenyeret is, teljesen le vagyok ny\u0171g\u00f6zve az eredm\u00e9nyekt\u0151l. \u00c1ltal\u00e1nos szab\u00e1ly: A Tang Zhong k\u00e9sz\u00edt\u00e9s\u00e9hez \u00e1ltal\u00e1ban a recept teljes lisztmennyis\u00e9g\u00e9nek 5-10%-\u00e1t haszn\u00e1ljuk fel. Az ar\u00e1ny tipikusan 1 r\u00e9sz ...","og_url":"https:\/\/www.kovasztunder.hu\/en\/tang-zhong-technique","og_site_name":"Kov\u00e1szT\u00fcnd\u00e9r","article_modified_time":"2025-02-17T17:03:40+00:00","og_image":[{"width":2560,"height":1706,"url":"https:\/\/www.kovasztunder.hu\/wp-content\/uploads\/2023\/12\/IMG_9044.jpg","type":"image\/jpeg"}],"twitter_card":"summary_large_image","twitter_misc":{"Est. reading time":"3 minutes"},"schema":{"@context":"https:\/\/schema.org","@graph":[{"@type":"WebPage","@id":"https:\/\/www.kovasztunder.hu\/tang-zhong-technika","url":"https:\/\/www.kovasztunder.hu\/tang-zhong-technika","name":"Tang Zhong technique - Kov\u00e1szT fairy","isPartOf":{"@id":"https:\/\/www.kovasztunder.hu\/#website"},"datePublished":"2025-02-17T13:03:10+00:00","dateModified":"2025-02-17T17:03:40+00:00","breadcrumb":{"@id":"https:\/\/www.kovasztunder.hu\/tang-zhong-technika#breadcrumb"},"inLanguage":"en-US","potentialAction":[{"@type":"ReadAction","target":["https:\/\/www.kovasztunder.hu\/tang-zhong-technika"]}]},{"@type":"BreadcrumbList","@id":"https:\/\/www.kovasztunder.hu\/tang-zhong-technika#breadcrumb","itemListElement":[{"@type":"ListItem","position":1,"name":"Home","item":"https:\/\/www.kovasztunder.hu\/"},{"@type":"ListItem","position":2,"name":"Tang Zhong technika"}]},{"@type":"WebSite","@id":"https:\/\/www.kovasztunder.hu\/#website","url":"https:\/\/www.kovasztunder.hu\/","name":"Cottage Fairy","description":"May the sourdough be with you!","publisher":{"@id":"https:\/\/www.kovasztunder.hu\/#organization"},"potentialAction":[{"@type":"SearchAction","target":{"@type":"EntryPoint","urlTemplate":"https:\/\/www.kovasztunder.hu\/?s={search_term_string}"},"query-input":{"@type":"PropertyValueSpecification","valueRequired":true,"valueName":"search_term_string"}}],"inLanguage":"en-US"},{"@type":"Organization","@id":"https:\/\/www.kovasztunder.hu\/#organization","name":"Cottage Fairy","url":"https:\/\/www.kovasztunder.hu\/","logo":{"@type":"ImageObject","inLanguage":"en-US","@id":"https:\/\/www.kovasztunder.hu\/#\/schema\/logo\/image\/","url":"https:\/\/www.kovasztunder.hu\/wp-content\/uploads\/2023\/02\/kovasztunder_logo.png","contentUrl":"https:\/\/www.kovasztunder.hu\/wp-content\/uploads\/2023\/02\/kovasztunder_logo.png","width":1638,"height":487,"caption":"Kov\u00e1szT\u00fcnd\u00e9r"},"image":{"@id":"https:\/\/www.kovasztunder.hu\/#\/schema\/logo\/image\/"},"sameAs":["https:\/\/www.youtube.com\/@kovasztunder","https:\/\/www.instagram.com\/kovasztunder\/"]}]}},"_links":{"self":[{"href":"https:\/\/www.kovasztunder.hu\/en\/wp-json\/wp\/v2\/pages\/5455","targetHints":{"allow":["GET"]}}],"collection":[{"href":"https:\/\/www.kovasztunder.hu\/en\/wp-json\/wp\/v2\/pages"}],"about":[{"href":"https:\/\/www.kovasztunder.hu\/en\/wp-json\/wp\/v2\/types\/page"}],"author":[{"embeddable":true,"href":"https:\/\/www.kovasztunder.hu\/en\/wp-json\/wp\/v2\/users\/1"}],"replies":[{"embeddable":true,"href":"https:\/\/www.kovasztunder.hu\/en\/wp-json\/wp\/v2\/comments?post=5455"}],"version-history":[{"count":0,"href":"https:\/\/www.kovasztunder.hu\/en\/wp-json\/wp\/v2\/pages\/5455\/revisions"}],"wp:attachment":[{"href":"https:\/\/www.kovasztunder.hu\/en\/wp-json\/wp\/v2\/media?parent=5455"}],"curies":[{"name":"wp","href":"https:\/\/api.w.org\/{rel}","templated":true}]}}