{"id":5474,"date":"2025-02-17T17:21:52","date_gmt":"2025-02-17T16:21:52","guid":{"rendered":"https:\/\/www.kovasztunder.hu\/?page_id=5474"},"modified":"2025-02-17T17:21:53","modified_gmt":"2025-02-17T16:21:53","slug":"starter-recipes-for-sourdough","status":"publish","type":"page","link":"https:\/\/www.kovasztunder.hu\/en\/starter-recipes-for-sourdough","title":{"rendered":"Convert yeast recipes to sourdough"},"content":{"rendered":"<p><strong>Converting yeast to leaven: A beginner's guide.<\/strong><\/p>\n\n\n\n<p>Converting yeast recipes to sourdough is easier than you might think. Here is a detailed guide to help you through the process:<\/p>\n\n\n\n<p><strong>Statutes:<\/strong><br>In general, 1 packet (7g) of yeast can be replaced by 100g of active leaven.<br><br><strong>Step by step:<\/strong><br>1. Quantification of sausage<br>- 100g leaven = 7g yeast (1 packet)<br>2. Flour and liquid modification<br>- Reduce the amount of flour by 50g<br>- Reduce the amount of liquid by 50g<br>3. Increase the warm-up time<\/p>\n\n\n\n<p><strong>Example:<\/strong><br><strong>Original recipe:<\/strong><br>- 500g flour<br>- 300g water<br>- 7g yeast<br>salt<\/p>\n\n\n\n<p><strong>Adapted recipe:<\/strong><br>- 450g flour<br>- 250g water<br>- 100g active leaven<br>salt<\/p>\n\n\n\n<p><strong>Important aspects:<\/strong><br>- Use active, bubbling leaven<br>- The hydration of leaven is usually 100% (equal amounts of flour and water)<br>- Experiment with quantities to find the perfect ratio<\/p>\n\n\n\n<p><strong>Tips:<\/strong><br>- Try simpler recipes to start with<br>- Make a note of the changes and the results<br>- Be patient, sourdough dough usually requires a longer rising time<\/p>\n\n\n\n<p>The switch from yeast to sourdough adds a new flavour and texture to our favourite recipes. Feel free to experiment and enjoy the joys of sourdough baking!<\/p>","protected":false},"excerpt":{"rendered":"<p>Converting yeast to leaven: A beginner's guide. Converting yeast recipes to sourdough is easier than you might think. Here is a detailed guide to help you through the process. In general, it's common to use active yeast in a batch of 100g of yeast.<\/p>","protected":false},"author":1,"featured_media":0,"parent":0,"menu_order":0,"comment_status":"closed","ping_status":"closed","template":"","meta":{"wprm-recipe-roundup-name":"","wprm-recipe-roundup-description":"","tinysalt_hide_before_page_content_ad":"","tinysalt_hide_after_page_content_ad":"","tinysalt_hide_page_header":"","tinysalt_advanced_classname":"","tinysalt_page_featured_media_position":"","tinysalt_single_site_header_source":"","tinysalt_single_custom_site_header":"0","tinysalt_single_custom_sticky_site_header":"0","tinysalt_single_custom_sticky_site_header_style":"sticky-scroll-up","tinysalt_single_site_footer_source":"","tinysalt_single_custom_site_footer":"0","footnotes":""},"class_list":["post-5474","page","type-page","status-publish","hentry"],"yoast_head":"<!-- This site is optimized with the Yoast SEO Premium plugin v24.4 (Yoast SEO v27.3) - https:\/\/yoast.com\/product\/yoast-seo-premium-wordpress\/ -->\n<title>\u00c9leszt\u0151s receptek \u00e1tsz\u00e1m\u00edt\u00e1sa kov\u00e1szosra - Kov\u00e1szT\u00fcnd\u00e9r<\/title>\n<meta name=\"robots\" content=\"index, follow, max-snippet:-1, max-image-preview:large, max-video-preview:-1\" \/>\n<link rel=\"canonical\" href=\"https:\/\/www.kovasztunder.hu\/en\/starter-recipes-for-sourdough\" \/>\n<meta property=\"og:locale\" content=\"en_US\" \/>\n<meta property=\"og:type\" content=\"article\" \/>\n<meta property=\"og:title\" content=\"\u00c9leszt\u0151s receptek \u00e1tsz\u00e1m\u00edt\u00e1sa kov\u00e1szosra\" \/>\n<meta property=\"og:description\" content=\"\u00c9leszt\u0151 \u00e1tsz\u00e1m\u00edt\u00e1sa kov\u00e1szra: \u00datmutat\u00f3 kezd\u0151knek. Az \u00e9leszt\u0151s receptek kov\u00e1szosra val\u00f3 \u00e1tv\u00e1lt\u00e1sa egyszer\u0171bb, mint gondoln\u00e1nk. \u00cdme egy r\u00e9szletes \u00fatmutat\u00f3, amely seg\u00edt ebben a folyamatban: Alapszab\u00e1ly:\u00c1ltal\u00e1noss\u00e1gban elmondhat\u00f3, hogy 1 csomag (7g) \u00e9leszt\u0151 helyettes\u00edthet\u0151 100g akt\u00edv kov\u00e1sszal. L\u00e9p\u00e9sr\u0151l l\u00e9p\u00e9sre:1. Kov\u00e1sz mennyis\u00e9g\u00e9nek meghat\u00e1roz\u00e1sa\u2022 100g kov\u00e1sz = 7g \u00e9leszt\u0151 (1 csomag)2. Liszt \u00e9s folyad\u00e9k m\u00f3dos\u00edt\u00e1sa\u2022 Cs\u00f6kkentsd a liszt mennyis\u00e9g\u00e9t 50g-mal\u2022 ...\" \/>\n<meta property=\"og:url\" content=\"https:\/\/www.kovasztunder.hu\/en\/starter-recipes-for-sourdough\" \/>\n<meta property=\"og:site_name\" content=\"Kov\u00e1szT\u00fcnd\u00e9r\" \/>\n<meta property=\"article:modified_time\" content=\"2025-02-17T16:21:53+00:00\" \/>\n<meta property=\"og:image\" content=\"https:\/\/www.kovasztunder.hu\/wp-content\/uploads\/2023\/12\/IMG_9044.jpg\" \/>\n\t<meta property=\"og:image:width\" content=\"2560\" \/>\n\t<meta property=\"og:image:height\" content=\"1706\" \/>\n\t<meta property=\"og:image:type\" content=\"image\/jpeg\" \/>\n<meta name=\"twitter:card\" content=\"summary_large_image\" \/>\n<meta name=\"twitter:label1\" content=\"Est. reading time\" \/>\n\t<meta name=\"twitter:data1\" content=\"1 minute\" \/>\n<script type=\"application\/ld+json\" class=\"yoast-schema-graph\">{\"@context\":\"https:\\\/\\\/schema.org\",\"@graph\":[{\"@type\":\"WebPage\",\"@id\":\"https:\\\/\\\/www.kovasztunder.hu\\\/elesztos-receptek-atszamitasa-kovaszosra\",\"url\":\"https:\\\/\\\/www.kovasztunder.hu\\\/elesztos-receptek-atszamitasa-kovaszosra\",\"name\":\"\u00c9leszt\u0151s receptek \u00e1tsz\u00e1m\u00edt\u00e1sa kov\u00e1szosra - Kov\u00e1szT\u00fcnd\u00e9r\",\"isPartOf\":{\"@id\":\"https:\\\/\\\/www.kovasztunder.hu\\\/#website\"},\"datePublished\":\"2025-02-17T16:21:52+00:00\",\"dateModified\":\"2025-02-17T16:21:53+00:00\",\"breadcrumb\":{\"@id\":\"https:\\\/\\\/www.kovasztunder.hu\\\/elesztos-receptek-atszamitasa-kovaszosra#breadcrumb\"},\"inLanguage\":\"en-US\",\"potentialAction\":[{\"@type\":\"ReadAction\",\"target\":[\"https:\\\/\\\/www.kovasztunder.hu\\\/elesztos-receptek-atszamitasa-kovaszosra\"]}]},{\"@type\":\"BreadcrumbList\",\"@id\":\"https:\\\/\\\/www.kovasztunder.hu\\\/elesztos-receptek-atszamitasa-kovaszosra#breadcrumb\",\"itemListElement\":[{\"@type\":\"ListItem\",\"position\":1,\"name\":\"Home\",\"item\":\"https:\\\/\\\/www.kovasztunder.hu\\\/\"},{\"@type\":\"ListItem\",\"position\":2,\"name\":\"\u00c9leszt\u0151s receptek \u00e1tsz\u00e1m\u00edt\u00e1sa kov\u00e1szosra\"}]},{\"@type\":\"WebSite\",\"@id\":\"https:\\\/\\\/www.kovasztunder.hu\\\/#website\",\"url\":\"https:\\\/\\\/www.kovasztunder.hu\\\/\",\"name\":\"Kov\u00e1szT\u00fcnd\u00e9r\",\"description\":\"A kov\u00e1sz legyen veletek!\",\"publisher\":{\"@id\":\"https:\\\/\\\/www.kovasztunder.hu\\\/#organization\"},\"potentialAction\":[{\"@type\":\"SearchAction\",\"target\":{\"@type\":\"EntryPoint\",\"urlTemplate\":\"https:\\\/\\\/www.kovasztunder.hu\\\/?s={search_term_string}\"},\"query-input\":{\"@type\":\"PropertyValueSpecification\",\"valueRequired\":true,\"valueName\":\"search_term_string\"}}],\"inLanguage\":\"en-US\"},{\"@type\":\"Organization\",\"@id\":\"https:\\\/\\\/www.kovasztunder.hu\\\/#organization\",\"name\":\"Kov\u00e1szT\u00fcnd\u00e9r\",\"url\":\"https:\\\/\\\/www.kovasztunder.hu\\\/\",\"logo\":{\"@type\":\"ImageObject\",\"inLanguage\":\"en-US\",\"@id\":\"https:\\\/\\\/www.kovasztunder.hu\\\/#\\\/schema\\\/logo\\\/image\\\/\",\"url\":\"https:\\\/\\\/www.kovasztunder.hu\\\/wp-content\\\/uploads\\\/2023\\\/02\\\/kovasztunder_logo.png\",\"contentUrl\":\"https:\\\/\\\/www.kovasztunder.hu\\\/wp-content\\\/uploads\\\/2023\\\/02\\\/kovasztunder_logo.png\",\"width\":1638,\"height\":487,\"caption\":\"Kov\u00e1szT\u00fcnd\u00e9r\"},\"image\":{\"@id\":\"https:\\\/\\\/www.kovasztunder.hu\\\/#\\\/schema\\\/logo\\\/image\\\/\"},\"sameAs\":[\"https:\\\/\\\/www.youtube.com\\\/@kovasztunder\",\"https:\\\/\\\/www.instagram.com\\\/kovasztunder\\\/\"]}]}<\/script>\n<!-- \/ Yoast SEO Premium plugin. -->","yoast_head_json":{"title":"Convert yeast recipes to sourdough - Sourdough Fairy","robots":{"index":"index","follow":"follow","max-snippet":"max-snippet:-1","max-image-preview":"max-image-preview:large","max-video-preview":"max-video-preview:-1"},"canonical":"https:\/\/www.kovasztunder.hu\/en\/starter-recipes-for-sourdough","og_locale":"en_US","og_type":"article","og_title":"\u00c9leszt\u0151s receptek \u00e1tsz\u00e1m\u00edt\u00e1sa kov\u00e1szosra","og_description":"\u00c9leszt\u0151 \u00e1tsz\u00e1m\u00edt\u00e1sa kov\u00e1szra: \u00datmutat\u00f3 kezd\u0151knek. Az \u00e9leszt\u0151s receptek kov\u00e1szosra val\u00f3 \u00e1tv\u00e1lt\u00e1sa egyszer\u0171bb, mint gondoln\u00e1nk. \u00cdme egy r\u00e9szletes \u00fatmutat\u00f3, amely seg\u00edt ebben a folyamatban: Alapszab\u00e1ly:\u00c1ltal\u00e1noss\u00e1gban elmondhat\u00f3, hogy 1 csomag (7g) \u00e9leszt\u0151 helyettes\u00edthet\u0151 100g akt\u00edv kov\u00e1sszal. L\u00e9p\u00e9sr\u0151l l\u00e9p\u00e9sre:1. Kov\u00e1sz mennyis\u00e9g\u00e9nek meghat\u00e1roz\u00e1sa\u2022 100g kov\u00e1sz = 7g \u00e9leszt\u0151 (1 csomag)2. Liszt \u00e9s folyad\u00e9k m\u00f3dos\u00edt\u00e1sa\u2022 Cs\u00f6kkentsd a liszt mennyis\u00e9g\u00e9t 50g-mal\u2022 ...","og_url":"https:\/\/www.kovasztunder.hu\/en\/starter-recipes-for-sourdough","og_site_name":"Kov\u00e1szT\u00fcnd\u00e9r","article_modified_time":"2025-02-17T16:21:53+00:00","og_image":[{"width":2560,"height":1706,"url":"https:\/\/www.kovasztunder.hu\/wp-content\/uploads\/2023\/12\/IMG_9044.jpg","type":"image\/jpeg"}],"twitter_card":"summary_large_image","twitter_misc":{"Est. reading time":"1 minute"},"schema":{"@context":"https:\/\/schema.org","@graph":[{"@type":"WebPage","@id":"https:\/\/www.kovasztunder.hu\/elesztos-receptek-atszamitasa-kovaszosra","url":"https:\/\/www.kovasztunder.hu\/elesztos-receptek-atszamitasa-kovaszosra","name":"Convert yeast recipes to sourdough - Sourdough Fairy","isPartOf":{"@id":"https:\/\/www.kovasztunder.hu\/#website"},"datePublished":"2025-02-17T16:21:52+00:00","dateModified":"2025-02-17T16:21:53+00:00","breadcrumb":{"@id":"https:\/\/www.kovasztunder.hu\/elesztos-receptek-atszamitasa-kovaszosra#breadcrumb"},"inLanguage":"en-US","potentialAction":[{"@type":"ReadAction","target":["https:\/\/www.kovasztunder.hu\/elesztos-receptek-atszamitasa-kovaszosra"]}]},{"@type":"BreadcrumbList","@id":"https:\/\/www.kovasztunder.hu\/elesztos-receptek-atszamitasa-kovaszosra#breadcrumb","itemListElement":[{"@type":"ListItem","position":1,"name":"Home","item":"https:\/\/www.kovasztunder.hu\/"},{"@type":"ListItem","position":2,"name":"\u00c9leszt\u0151s receptek \u00e1tsz\u00e1m\u00edt\u00e1sa kov\u00e1szosra"}]},{"@type":"WebSite","@id":"https:\/\/www.kovasztunder.hu\/#website","url":"https:\/\/www.kovasztunder.hu\/","name":"Cottage Fairy","description":"May the sourdough be with you!","publisher":{"@id":"https:\/\/www.kovasztunder.hu\/#organization"},"potentialAction":[{"@type":"SearchAction","target":{"@type":"EntryPoint","urlTemplate":"https:\/\/www.kovasztunder.hu\/?s={search_term_string}"},"query-input":{"@type":"PropertyValueSpecification","valueRequired":true,"valueName":"search_term_string"}}],"inLanguage":"en-US"},{"@type":"Organization","@id":"https:\/\/www.kovasztunder.hu\/#organization","name":"Cottage Fairy","url":"https:\/\/www.kovasztunder.hu\/","logo":{"@type":"ImageObject","inLanguage":"en-US","@id":"https:\/\/www.kovasztunder.hu\/#\/schema\/logo\/image\/","url":"https:\/\/www.kovasztunder.hu\/wp-content\/uploads\/2023\/02\/kovasztunder_logo.png","contentUrl":"https:\/\/www.kovasztunder.hu\/wp-content\/uploads\/2023\/02\/kovasztunder_logo.png","width":1638,"height":487,"caption":"Kov\u00e1szT\u00fcnd\u00e9r"},"image":{"@id":"https:\/\/www.kovasztunder.hu\/#\/schema\/logo\/image\/"},"sameAs":["https:\/\/www.youtube.com\/@kovasztunder","https:\/\/www.instagram.com\/kovasztunder\/"]}]}},"_links":{"self":[{"href":"https:\/\/www.kovasztunder.hu\/en\/wp-json\/wp\/v2\/pages\/5474","targetHints":{"allow":["GET"]}}],"collection":[{"href":"https:\/\/www.kovasztunder.hu\/en\/wp-json\/wp\/v2\/pages"}],"about":[{"href":"https:\/\/www.kovasztunder.hu\/en\/wp-json\/wp\/v2\/types\/page"}],"author":[{"embeddable":true,"href":"https:\/\/www.kovasztunder.hu\/en\/wp-json\/wp\/v2\/users\/1"}],"replies":[{"embeddable":true,"href":"https:\/\/www.kovasztunder.hu\/en\/wp-json\/wp\/v2\/comments?post=5474"}],"version-history":[{"count":0,"href":"https:\/\/www.kovasztunder.hu\/en\/wp-json\/wp\/v2\/pages\/5474\/revisions"}],"wp:attachment":[{"href":"https:\/\/www.kovasztunder.hu\/en\/wp-json\/wp\/v2\/media?parent=5474"}],"curies":[{"name":"wp","href":"https:\/\/api.w.org\/{rel}","templated":true}]}}