{"id":6889,"date":"2026-01-11T09:07:48","date_gmt":"2026-01-11T08:07:48","guid":{"rendered":"https:\/\/www.kovasztunder.hu\/?page_id=6889"},"modified":"2026-01-11T09:25:35","modified_gmt":"2026-01-11T08:25:35","slug":"the-bread-notch","status":"publish","type":"page","link":"https:\/\/www.kovasztunder.hu\/en\/the-bread-notch","title":{"rendered":"Cutting the bread\u00a0"},"content":{"rendered":"<div class=\"wp-block-image\">\n<figure class=\"alignleft size-large is-resized\"><img decoding=\"async\" width=\"768\" height=\"1024\" src=\"https:\/\/www.kovasztunder.hu\/wp-content\/uploads\/2026\/01\/Vegleges-Kezdo-Kovaszosok-Kezikonyve-8-1-768x1024.jpg\" alt=\"\" class=\"wp-image-6901\" style=\"aspect-ratio:0.7500148341541565;width:291px;height:auto\" srcset=\"https:\/\/www.kovasztunder.hu\/wp-content\/uploads\/2026\/01\/Vegleges-Kezdo-Kovaszosok-Kezikonyve-8-1-768x1024.jpg 768w, https:\/\/www.kovasztunder.hu\/wp-content\/uploads\/2026\/01\/Vegleges-Kezdo-Kovaszosok-Kezikonyve-8-1-225x300.jpg 225w, https:\/\/www.kovasztunder.hu\/wp-content\/uploads\/2026\/01\/Vegleges-Kezdo-Kovaszosok-Kezikonyve-8-1-1152x1536.jpg 1152w, https:\/\/www.kovasztunder.hu\/wp-content\/uploads\/2026\/01\/Vegleges-Kezdo-Kovaszosok-Kezikonyve-8-1-1536x2048.jpg 1536w, https:\/\/www.kovasztunder.hu\/wp-content\/uploads\/2026\/01\/Vegleges-Kezdo-Kovaszosok-Kezikonyve-8-1-9x12.jpg 9w, https:\/\/www.kovasztunder.hu\/wp-content\/uploads\/2026\/01\/Vegleges-Kezdo-Kovaszosok-Kezikonyve-8-1-scaled.jpg 1920w, https:\/\/www.kovasztunder.hu\/wp-content\/uploads\/2026\/01\/Vegleges-Kezdo-Kovaszosok-Kezikonyve-8-1-1440x1920.jpg 1440w, https:\/\/www.kovasztunder.hu\/wp-content\/uploads\/2026\/01\/Vegleges-Kezdo-Kovaszosok-Kezikonyve-8-1-1200x1600.jpg 1200w, https:\/\/www.kovasztunder.hu\/wp-content\/uploads\/2026\/01\/Vegleges-Kezdo-Kovaszosok-Kezikonyve-8-1-780x1040.jpg 780w, https:\/\/www.kovasztunder.hu\/wp-content\/uploads\/2026\/01\/Vegleges-Kezdo-Kovaszosok-Kezikonyve-8-1-600x800.jpg 600w, https:\/\/www.kovasztunder.hu\/wp-content\/uploads\/2026\/01\/Vegleges-Kezdo-Kovaszosok-Kezikonyve-8-1-550x733.jpg 550w, https:\/\/www.kovasztunder.hu\/wp-content\/uploads\/2026\/01\/Vegleges-Kezdo-Kovaszosok-Kezikonyve-8-1-370x493.jpg 370w, https:\/\/www.kovasztunder.hu\/wp-content\/uploads\/2026\/01\/Vegleges-Kezdo-Kovaszosok-Kezikonyve-8-1-255x340.jpg 255w\" sizes=\"(max-width: 768px) 100vw, 768px\" \/><\/figure>\n<\/div>\n\n\n<p><strong><em>(Supplementary material to the Beginner's Handbook)<\/em>&nbsp;The book will be available soon!<\/strong> <\/p>\n\n\n\n<p>Carving (or skinning) is the moment when we have to be a bit of an artist. But it's not just aesthetics! Cutting has a very serious technical role: it is the&nbsp;<strong>chimney<\/strong>through which the vapours generated during cooking can escape.<\/p>\n\n\n\n<p>If you don't cut (or cut badly), the bread will fall out where it is weakest - usually on the sides and bottom, resulting in an ugly and misshapen shape.<\/p>\n\n\n\n<h3 class=\"wp-block-heading\" id=\"h-mivel-vagjunk\">What to cut with?<\/h3>\n\n\n\n<p>Forget the kitchen knife (even the sharpest one)! Leavened dough is elastic, a plain knife will just \"pull and pull\" but not cut cleanly.<\/p>\n\n\n\n<ul class=\"wp-block-list\">\n<li><strong>The tool:<\/strong>&nbsp;Baker's blade (Lame). This is a simple razor blade attached to a handle.<\/li>\n\n\n\n<li><strong>Tip:<\/strong>&nbsp;If you don't have one, a clean, new jigsaw blade in hand will do (just be careful!).<\/li>\n<\/ul>\n\n\n\n<h3 class=\"wp-block-heading\">Secrets of the Perfect Cut<\/h3>\n\n\n\n<p><strong>1. The benefits of Cold Pasta<\/strong>: As a beginner, you'll have a much easier time if&nbsp;<strong>cold soaking<\/strong>&nbsp;you employ. Cold dough is firmer and harder, so the blade carries like butter. Room temperature, soft dough can be sticky.<\/p>\n\n\n\n<p><strong>2. The Angle (The secret of the \"Ear\"):<\/strong>&nbsp;Many people make the mistake of cutting into the bread vertically, from top to bottom (90 degrees). This causes the cut to open up, but there is no \"flap\".<\/p>\n\n\n\n<ul class=\"wp-block-list\">\n<li><strong>The right technique:<\/strong>&nbsp;Hold the blade at approx.&nbsp;<strong>at an angle of 45 degrees<\/strong>&nbsp;(as if you were going to cut under the skin of the bread). This way, when baked, the edges of the dough will rise and create the crispy \"ears\".<\/li>\n<\/ul>\n\n\n\n<p><strong>3. The Movement<\/strong>: No sawing! In one firm, quick movement, pull the blade along the entire length of the dough. Don't be afraid, be brave!<\/p>\n\n\n<div class=\"wp-block-image\">\n<figure class=\"alignright size-large is-resized\"><img decoding=\"async\" width=\"768\" height=\"1024\" src=\"https:\/\/www.kovasztunder.hu\/wp-content\/uploads\/2026\/01\/Vegleges-Kezdo-Kovaszosok-Kezikonyve-29-1-768x1024.jpg\" alt=\"\" class=\"wp-image-6897\" style=\"width:338px;height:auto\" srcset=\"https:\/\/www.kovasztunder.hu\/wp-content\/uploads\/2026\/01\/Vegleges-Kezdo-Kovaszosok-Kezikonyve-29-1-768x1024.jpg 768w, https:\/\/www.kovasztunder.hu\/wp-content\/uploads\/2026\/01\/Vegleges-Kezdo-Kovaszosok-Kezikonyve-29-1-225x300.jpg 225w, https:\/\/www.kovasztunder.hu\/wp-content\/uploads\/2026\/01\/Vegleges-Kezdo-Kovaszosok-Kezikonyve-29-1-1152x1536.jpg 1152w, https:\/\/www.kovasztunder.hu\/wp-content\/uploads\/2026\/01\/Vegleges-Kezdo-Kovaszosok-Kezikonyve-29-1-1536x2048.jpg 1536w, https:\/\/www.kovasztunder.hu\/wp-content\/uploads\/2026\/01\/Vegleges-Kezdo-Kovaszosok-Kezikonyve-29-1-9x12.jpg 9w, https:\/\/www.kovasztunder.hu\/wp-content\/uploads\/2026\/01\/Vegleges-Kezdo-Kovaszosok-Kezikonyve-29-1-scaled.jpg 1920w, https:\/\/www.kovasztunder.hu\/wp-content\/uploads\/2026\/01\/Vegleges-Kezdo-Kovaszosok-Kezikonyve-29-1-1440x1920.jpg 1440w, https:\/\/www.kovasztunder.hu\/wp-content\/uploads\/2026\/01\/Vegleges-Kezdo-Kovaszosok-Kezikonyve-29-1-1200x1600.jpg 1200w, https:\/\/www.kovasztunder.hu\/wp-content\/uploads\/2026\/01\/Vegleges-Kezdo-Kovaszosok-Kezikonyve-29-1-780x1040.jpg 780w, https:\/\/www.kovasztunder.hu\/wp-content\/uploads\/2026\/01\/Vegleges-Kezdo-Kovaszosok-Kezikonyve-29-1-600x800.jpg 600w, https:\/\/www.kovasztunder.hu\/wp-content\/uploads\/2026\/01\/Vegleges-Kezdo-Kovaszosok-Kezikonyve-29-1-550x733.jpg 550w, https:\/\/www.kovasztunder.hu\/wp-content\/uploads\/2026\/01\/Vegleges-Kezdo-Kovaszosok-Kezikonyve-29-1-370x493.jpg 370w, https:\/\/www.kovasztunder.hu\/wp-content\/uploads\/2026\/01\/Vegleges-Kezdo-Kovaszosok-Kezikonyve-29-1-255x340.jpg 255w\" sizes=\"(max-width: 768px) 100vw, 768px\" \/><\/figure>\n<\/div>\n\n\n<h3 class=\"wp-block-heading\" id=\"h-mintazas\">Sampling<\/h3>\n\n\n\n<p>Once you've learned the basic cut (the functional cut), you're ready to decorate! I usually do the pattern first and, when it's done, I make the main incision at the end. <\/p>\n\n\n\n<ul class=\"wp-block-list\">\n<li><strong>Sample of a wheat minnow:<\/strong>&nbsp;A series of small V-shaped cuts alongside the basic cut.<\/li>\n\n\n\n<li><strong>Letter sample:<\/strong>&nbsp;A long curved cut with small branches coming out of it. <\/li>\n\n\n\n<li>Decorating is only limited by your imagination, you can make more and more beautiful ones with practice, but it's okay if you don't decorate! \ud83d\ude42 <\/li>\n<\/ul>\n\n\n\n<p><strong><em>Important:<\/em>&nbsp;Decorative cuts should always be shallow (scratch only the \"skin\"), while functional cuts should be deep (about 1-1.5 cm)!<\/strong><\/p>","protected":false},"excerpt":{"rendered":"<p>(Supplementary material to the Beginner's Handbook) The book will be available soon! Carving (or skinning) is the moment to be a bit of an artist. But it's not just aesthetics! Cutting has a very serious technical role: it is the chimney through which the steam generated during cooking can escape. If you don't cut (or cut badly), the bread will ...<\/p>","protected":false},"author":2,"featured_media":0,"parent":0,"menu_order":0,"comment_status":"closed","ping_status":"closed","template":"","meta":{"wprm-recipe-roundup-name":"","wprm-recipe-roundup-description":"","tinysalt_hide_before_page_content_ad":"","tinysalt_hide_after_page_content_ad":"","tinysalt_hide_page_header":"","tinysalt_advanced_classname":"","tinysalt_page_featured_media_position":"","tinysalt_single_site_header_source":"","tinysalt_single_custom_site_header":"0","tinysalt_single_custom_sticky_site_header":"0","tinysalt_single_custom_sticky_site_header_style":"sticky-scroll-up","tinysalt_single_site_footer_source":"","tinysalt_single_custom_site_footer":"0","footnotes":""},"class_list":["post-6889","page","type-page","status-publish","hentry"],"yoast_head":"<!-- This site is optimized with the Yoast SEO Premium plugin v24.4 (Yoast SEO v27.3) - https:\/\/yoast.com\/product\/yoast-seo-premium-wordpress\/ -->\n<title>A keny\u00e9r bemetsz\u00e9se\u00a0 - Kov\u00e1szT\u00fcnd\u00e9r<\/title>\n<meta name=\"robots\" content=\"index, follow, max-snippet:-1, max-image-preview:large, max-video-preview:-1\" \/>\n<link rel=\"canonical\" href=\"https:\/\/www.kovasztunder.hu\/en\/the-bread-notch\" \/>\n<meta property=\"og:locale\" content=\"en_US\" \/>\n<meta property=\"og:type\" content=\"article\" \/>\n<meta property=\"og:title\" content=\"A keny\u00e9r bemetsz\u00e9se\u00a0\" \/>\n<meta property=\"og:description\" content=\"(A Kezd\u0151 Kov\u00e1szosok K\u00e9zik\u00f6nyve kieg\u00e9sz\u00edt\u0151 anyaga)&nbsp;A k\u00f6nyv hamarosan rendelhet\u0151 lesz! A bemetsz\u00e9s (vagy irdal\u00e1s) az a pillanat, amikor kicsit m\u0171v\u00e9sznek kell lenn\u00fcnk. De ez nem csak eszt\u00e9tika! A v\u00e1g\u00e1snak nagyon komoly technikai szerepe van: ez a&nbsp;k\u00e9m\u00e9ny, amin kereszt\u00fcl a s\u00fct\u00e9s k\u00f6zben keletkez\u0151 g\u0151z\u00f6k t\u00e1vozni tudnak. Ha nem v\u00e1gsz (vagy rosszul v\u00e1gsz), a keny\u00e9r ott fog ...\" \/>\n<meta property=\"og:url\" content=\"https:\/\/www.kovasztunder.hu\/en\/the-bread-notch\" \/>\n<meta property=\"og:site_name\" content=\"Kov\u00e1szT\u00fcnd\u00e9r\" \/>\n<meta property=\"article:modified_time\" content=\"2026-01-11T08:25:35+00:00\" \/>\n<meta property=\"og:image\" content=\"https:\/\/www.kovasztunder.hu\/wp-content\/uploads\/2026\/01\/Vegleges-Kezdo-Kovaszosok-Kezikonyve-8-1-768x1024.jpg\" \/>\n\t<meta property=\"og:image:width\" content=\"768\" \/>\n\t<meta property=\"og:image:height\" content=\"1024\" \/>\n\t<meta property=\"og:image:type\" content=\"image\/jpeg\" \/>\n<meta name=\"twitter:card\" content=\"summary_large_image\" \/>\n<meta name=\"twitter:label1\" content=\"Est. reading time\" \/>\n\t<meta name=\"twitter:data1\" content=\"3 minutes\" \/>\n<script type=\"application\/ld+json\" class=\"yoast-schema-graph\">{\"@context\":\"https:\\\/\\\/schema.org\",\"@graph\":[{\"@type\":\"WebPage\",\"@id\":\"https:\\\/\\\/www.kovasztunder.hu\\\/a-kenyer-bemetszese\",\"url\":\"https:\\\/\\\/www.kovasztunder.hu\\\/a-kenyer-bemetszese\",\"name\":\"A keny\u00e9r bemetsz\u00e9se\u00a0 - Kov\u00e1szT\u00fcnd\u00e9r\",\"isPartOf\":{\"@id\":\"https:\\\/\\\/www.kovasztunder.hu\\\/#website\"},\"primaryImageOfPage\":{\"@id\":\"https:\\\/\\\/www.kovasztunder.hu\\\/a-kenyer-bemetszese#primaryimage\"},\"image\":{\"@id\":\"https:\\\/\\\/www.kovasztunder.hu\\\/a-kenyer-bemetszese#primaryimage\"},\"thumbnailUrl\":\"https:\\\/\\\/www.kovasztunder.hu\\\/wp-content\\\/uploads\\\/2026\\\/01\\\/Vegleges-Kezdo-Kovaszosok-Kezikonyve-8-1-768x1024.jpg\",\"datePublished\":\"2026-01-11T08:07:48+00:00\",\"dateModified\":\"2026-01-11T08:25:35+00:00\",\"breadcrumb\":{\"@id\":\"https:\\\/\\\/www.kovasztunder.hu\\\/a-kenyer-bemetszese#breadcrumb\"},\"inLanguage\":\"en-US\",\"potentialAction\":[{\"@type\":\"ReadAction\",\"target\":[\"https:\\\/\\\/www.kovasztunder.hu\\\/a-kenyer-bemetszese\"]}]},{\"@type\":\"ImageObject\",\"inLanguage\":\"en-US\",\"@id\":\"https:\\\/\\\/www.kovasztunder.hu\\\/a-kenyer-bemetszese#primaryimage\",\"url\":\"https:\\\/\\\/www.kovasztunder.hu\\\/wp-content\\\/uploads\\\/2026\\\/01\\\/Vegleges-Kezdo-Kovaszosok-Kezikonyve-8-1-768x1024.jpg\",\"contentUrl\":\"https:\\\/\\\/www.kovasztunder.hu\\\/wp-content\\\/uploads\\\/2026\\\/01\\\/Vegleges-Kezdo-Kovaszosok-Kezikonyve-8-1-768x1024.jpg\"},{\"@type\":\"BreadcrumbList\",\"@id\":\"https:\\\/\\\/www.kovasztunder.hu\\\/a-kenyer-bemetszese#breadcrumb\",\"itemListElement\":[{\"@type\":\"ListItem\",\"position\":1,\"name\":\"Home\",\"item\":\"https:\\\/\\\/www.kovasztunder.hu\\\/\"},{\"@type\":\"ListItem\",\"position\":2,\"name\":\"A keny\u00e9r bemetsz\u00e9se\u00a0\"}]},{\"@type\":\"WebSite\",\"@id\":\"https:\\\/\\\/www.kovasztunder.hu\\\/#website\",\"url\":\"https:\\\/\\\/www.kovasztunder.hu\\\/\",\"name\":\"Kov\u00e1szT\u00fcnd\u00e9r\",\"description\":\"A kov\u00e1sz legyen veletek!\",\"publisher\":{\"@id\":\"https:\\\/\\\/www.kovasztunder.hu\\\/#organization\"},\"potentialAction\":[{\"@type\":\"SearchAction\",\"target\":{\"@type\":\"EntryPoint\",\"urlTemplate\":\"https:\\\/\\\/www.kovasztunder.hu\\\/?s={search_term_string}\"},\"query-input\":{\"@type\":\"PropertyValueSpecification\",\"valueRequired\":true,\"valueName\":\"search_term_string\"}}],\"inLanguage\":\"en-US\"},{\"@type\":\"Organization\",\"@id\":\"https:\\\/\\\/www.kovasztunder.hu\\\/#organization\",\"name\":\"Kov\u00e1szT\u00fcnd\u00e9r\",\"url\":\"https:\\\/\\\/www.kovasztunder.hu\\\/\",\"logo\":{\"@type\":\"ImageObject\",\"inLanguage\":\"en-US\",\"@id\":\"https:\\\/\\\/www.kovasztunder.hu\\\/#\\\/schema\\\/logo\\\/image\\\/\",\"url\":\"https:\\\/\\\/www.kovasztunder.hu\\\/wp-content\\\/uploads\\\/2023\\\/02\\\/kovasztunder_logo.png\",\"contentUrl\":\"https:\\\/\\\/www.kovasztunder.hu\\\/wp-content\\\/uploads\\\/2023\\\/02\\\/kovasztunder_logo.png\",\"width\":1638,\"height\":487,\"caption\":\"Kov\u00e1szT\u00fcnd\u00e9r\"},\"image\":{\"@id\":\"https:\\\/\\\/www.kovasztunder.hu\\\/#\\\/schema\\\/logo\\\/image\\\/\"},\"sameAs\":[\"https:\\\/\\\/www.youtube.com\\\/@kovasztunder\",\"https:\\\/\\\/www.instagram.com\\\/kovasztunder\\\/\"]}]}<\/script>\n<!-- \/ Yoast SEO Premium plugin. -->","yoast_head_json":{"title":"Cutting the bread - Kov\u00e1szTaender","robots":{"index":"index","follow":"follow","max-snippet":"max-snippet:-1","max-image-preview":"max-image-preview:large","max-video-preview":"max-video-preview:-1"},"canonical":"https:\/\/www.kovasztunder.hu\/en\/the-bread-notch","og_locale":"en_US","og_type":"article","og_title":"A keny\u00e9r bemetsz\u00e9se\u00a0","og_description":"(A Kezd\u0151 Kov\u00e1szosok K\u00e9zik\u00f6nyve kieg\u00e9sz\u00edt\u0151 anyaga)&nbsp;A k\u00f6nyv hamarosan rendelhet\u0151 lesz! A bemetsz\u00e9s (vagy irdal\u00e1s) az a pillanat, amikor kicsit m\u0171v\u00e9sznek kell lenn\u00fcnk. De ez nem csak eszt\u00e9tika! A v\u00e1g\u00e1snak nagyon komoly technikai szerepe van: ez a&nbsp;k\u00e9m\u00e9ny, amin kereszt\u00fcl a s\u00fct\u00e9s k\u00f6zben keletkez\u0151 g\u0151z\u00f6k t\u00e1vozni tudnak. Ha nem v\u00e1gsz (vagy rosszul v\u00e1gsz), a keny\u00e9r ott fog ...","og_url":"https:\/\/www.kovasztunder.hu\/en\/the-bread-notch","og_site_name":"Kov\u00e1szT\u00fcnd\u00e9r","article_modified_time":"2026-01-11T08:25:35+00:00","og_image":[{"width":768,"height":1024,"url":"https:\/\/www.kovasztunder.hu\/wp-content\/uploads\/2026\/01\/Vegleges-Kezdo-Kovaszosok-Kezikonyve-8-1-768x1024.jpg","type":"image\/jpeg"}],"twitter_card":"summary_large_image","twitter_misc":{"Est. reading time":"3 minutes"},"schema":{"@context":"https:\/\/schema.org","@graph":[{"@type":"WebPage","@id":"https:\/\/www.kovasztunder.hu\/a-kenyer-bemetszese","url":"https:\/\/www.kovasztunder.hu\/a-kenyer-bemetszese","name":"Cutting the bread - Kov\u00e1szTaender","isPartOf":{"@id":"https:\/\/www.kovasztunder.hu\/#website"},"primaryImageOfPage":{"@id":"https:\/\/www.kovasztunder.hu\/a-kenyer-bemetszese#primaryimage"},"image":{"@id":"https:\/\/www.kovasztunder.hu\/a-kenyer-bemetszese#primaryimage"},"thumbnailUrl":"https:\/\/www.kovasztunder.hu\/wp-content\/uploads\/2026\/01\/Vegleges-Kezdo-Kovaszosok-Kezikonyve-8-1-768x1024.jpg","datePublished":"2026-01-11T08:07:48+00:00","dateModified":"2026-01-11T08:25:35+00:00","breadcrumb":{"@id":"https:\/\/www.kovasztunder.hu\/a-kenyer-bemetszese#breadcrumb"},"inLanguage":"en-US","potentialAction":[{"@type":"ReadAction","target":["https:\/\/www.kovasztunder.hu\/a-kenyer-bemetszese"]}]},{"@type":"ImageObject","inLanguage":"en-US","@id":"https:\/\/www.kovasztunder.hu\/a-kenyer-bemetszese#primaryimage","url":"https:\/\/www.kovasztunder.hu\/wp-content\/uploads\/2026\/01\/Vegleges-Kezdo-Kovaszosok-Kezikonyve-8-1-768x1024.jpg","contentUrl":"https:\/\/www.kovasztunder.hu\/wp-content\/uploads\/2026\/01\/Vegleges-Kezdo-Kovaszosok-Kezikonyve-8-1-768x1024.jpg"},{"@type":"BreadcrumbList","@id":"https:\/\/www.kovasztunder.hu\/a-kenyer-bemetszese#breadcrumb","itemListElement":[{"@type":"ListItem","position":1,"name":"Home","item":"https:\/\/www.kovasztunder.hu\/"},{"@type":"ListItem","position":2,"name":"A keny\u00e9r bemetsz\u00e9se\u00a0"}]},{"@type":"WebSite","@id":"https:\/\/www.kovasztunder.hu\/#website","url":"https:\/\/www.kovasztunder.hu\/","name":"Cottage Fairy","description":"May the sourdough be with you!","publisher":{"@id":"https:\/\/www.kovasztunder.hu\/#organization"},"potentialAction":[{"@type":"SearchAction","target":{"@type":"EntryPoint","urlTemplate":"https:\/\/www.kovasztunder.hu\/?s={search_term_string}"},"query-input":{"@type":"PropertyValueSpecification","valueRequired":true,"valueName":"search_term_string"}}],"inLanguage":"en-US"},{"@type":"Organization","@id":"https:\/\/www.kovasztunder.hu\/#organization","name":"Cottage Fairy","url":"https:\/\/www.kovasztunder.hu\/","logo":{"@type":"ImageObject","inLanguage":"en-US","@id":"https:\/\/www.kovasztunder.hu\/#\/schema\/logo\/image\/","url":"https:\/\/www.kovasztunder.hu\/wp-content\/uploads\/2023\/02\/kovasztunder_logo.png","contentUrl":"https:\/\/www.kovasztunder.hu\/wp-content\/uploads\/2023\/02\/kovasztunder_logo.png","width":1638,"height":487,"caption":"Kov\u00e1szT\u00fcnd\u00e9r"},"image":{"@id":"https:\/\/www.kovasztunder.hu\/#\/schema\/logo\/image\/"},"sameAs":["https:\/\/www.youtube.com\/@kovasztunder","https:\/\/www.instagram.com\/kovasztunder\/"]}]}},"_links":{"self":[{"href":"https:\/\/www.kovasztunder.hu\/en\/wp-json\/wp\/v2\/pages\/6889","targetHints":{"allow":["GET"]}}],"collection":[{"href":"https:\/\/www.kovasztunder.hu\/en\/wp-json\/wp\/v2\/pages"}],"about":[{"href":"https:\/\/www.kovasztunder.hu\/en\/wp-json\/wp\/v2\/types\/page"}],"author":[{"embeddable":true,"href":"https:\/\/www.kovasztunder.hu\/en\/wp-json\/wp\/v2\/users\/2"}],"replies":[{"embeddable":true,"href":"https:\/\/www.kovasztunder.hu\/en\/wp-json\/wp\/v2\/comments?post=6889"}],"version-history":[{"count":0,"href":"https:\/\/www.kovasztunder.hu\/en\/wp-json\/wp\/v2\/pages\/6889\/revisions"}],"wp:attachment":[{"href":"https:\/\/www.kovasztunder.hu\/en\/wp-json\/wp\/v2\/media?parent=6889"}],"curies":[{"name":"wp","href":"https:\/\/api.w.org\/{rel}","templated":true}]}}