{"id":7515,"date":"2026-03-20T16:17:12","date_gmt":"2026-03-20T15:17:12","guid":{"rendered":"https:\/\/www.kovasztunder.hu\/?page_id=7515"},"modified":"2026-04-04T09:29:27","modified_gmt":"2026-04-04T07:29:27","slug":"szallitasi-informaciok","status":"publish","type":"page","link":"https:\/\/www.kovasztunder.hu\/en\/szallitasi-informaciok","title":{"rendered":"Delivery Information"},"content":{"rendered":"<div data-elementor-type=\"wp-page\" data-elementor-id=\"7515\" class=\"elementor elementor-7515\" data-elementor-post-type=\"page\">\n\t\t\t\t\t\t<section class=\"elementor-section elementor-top-section elementor-element elementor-element-48668c2f elementor-section-boxed elementor-section-height-default elementor-section-height-default\" data-id=\"48668c2f\" data-element_type=\"section\" data-e-type=\"section\">\n\t\t\t\t\t\t<div class=\"elementor-container elementor-column-gap-default\">\n\t\t\t\t\t<div class=\"elementor-column elementor-col-100 elementor-top-column elementor-element elementor-element-2a77d75b\" data-id=\"2a77d75b\" data-element_type=\"column\" data-e-type=\"column\">\n\t\t\t<div class=\"elementor-widget-wrap elementor-element-populated\">\n\t\t\t\t\t\t<div class=\"elementor-element elementor-element-3673ea6b elementor-widget elementor-widget-text-editor\" data-id=\"3673ea6b\" data-element_type=\"widget\" data-e-type=\"widget\" data-widget_type=\"text-editor.default\">\n\t\t\t\t<div class=\"elementor-widget-container\">\n\t\t\t\t\t\t\t\t\t\n\n\t\t\t\t\t\t\t\t<\/div>\n\t\t\t\t<\/div>\n\t\t\t\t\t<\/div>\n\t\t<\/div>\n\t\t\t\t\t<\/div>\n\t\t<\/section>\n\t\t\t\t<section class=\"elementor-section elementor-top-section elementor-element elementor-element-c86da58 elementor-section-boxed elementor-section-height-default elementor-section-height-default\" data-id=\"c86da58\" data-element_type=\"section\" data-e-type=\"section\">\n\t\t\t\t\t\t<div class=\"elementor-container elementor-column-gap-default\">\n\t\t\t\t\t<div class=\"elementor-column elementor-col-100 elementor-top-column elementor-element elementor-element-197c427\" data-id=\"197c427\" data-element_type=\"column\" data-e-type=\"column\">\n\t\t\t<div class=\"elementor-widget-wrap elementor-element-populated\">\n\t\t\t\t\t\t<div class=\"elementor-element elementor-element-95e06a5 elementor-widget elementor-widget-text-editor\" data-id=\"95e06a5\" data-element_type=\"widget\" data-e-type=\"widget\" data-widget_type=\"text-editor.default\">\n\t\t\t\t<div class=\"elementor-widget-container\">\n\t\t\t\t\t\t\t\t\t<h2>Magyarorsz\u00e1g:<\/h2>\n<table>\n<caption style=\"caption-side: bottom; text-align: left; border: none; background: none; margin: 0; padding: 0;\"><a href=\"https:\/\/www.lucedibianca.com\/wp-admin\/admin.php?page=tablepress&amp;action=edit&amp;table_id=1\" rel=\"nofollow\">Szerkeszt\u00e9s<\/a><\/caption>\n<tbody>\n<tr>\n<td>&nbsp;<\/td>\n<td>&nbsp;<\/td>\n<\/tr>\n<tr>\n<td>DPD H\u00e1zhozsz\u00e1ll\u00edt\u00e1s<\/td>\n<td>1 690 Ft<\/td>\n<\/tr>\n<tr>\n<td>GLS H\u00e1zhozsz\u00e1ll\u00edt\u00e1s<\/td>\n<td>1 890 Ft<\/td>\n<\/tr>\n<tr>\n<td>MPL H\u00e1zhozsz\u00e1ll\u00edt\u00e1s<\/td>\n<td>1 990 Ft<\/td>\n<\/tr>\n<tr>\n<td>&nbsp;<\/td>\n<td>&nbsp;<\/td>\n<\/tr>\n<tr>\n<td>MPL Post\u00e1n marad\u00f3, Postapont, Csomagautomata<\/td>\n<td>1 490 Ft<\/td>\n<\/tr>\n<tr>\n<td>GLS Csomagpont, Automata<\/td>\n<td>1 490 Ft<\/td>\n<\/tr>\n<tr>\n<td>Foxpost, Packeta<\/td>\n<td>1 290 Ft<\/td>\n<\/tr>\n<tr>\n<td>DPD Csomagpont, Alzabox<\/td>\n<td>1 290 Ft<\/td>\n<\/tr>\n<tr>\n<td>&nbsp;<\/td>\n<td>&nbsp;<\/td>\n<\/tr>\n<tr>\n<td>&nbsp;<\/td>\n<td>&nbsp;<\/td>\n<\/tr>\n<tr>\n<td>Ut\u00e1nv\u00e9t kezel\u00e9s d\u00edja<\/td>\n<td>699 Ft<\/td>\n<\/tr>\n<\/tbody>\n<\/table>\n<h4>A nemzetk\u00f6zi h\u00e1zhozsz\u00e1ll\u00edt\u00e1s d\u00edja DPD Fut\u00e1rszolg\u00e1lattal:&nbsp;<\/h4>\n<p><b>Ausztria<\/b>: 3 490 Ft.<br><b>Belgium<\/b>: 3 990 Ft.<br><b>Franciaorsz\u00e1g<\/b>: 5 290 Ft.<br><b>N\u00e9metorsz\u00e1g:&nbsp;<\/b>3 990 Ft.<br><b>Szlov\u00e1kia<\/b>: 2 990 Ft.<\/p>\n<p><em>N\u00e9h\u00e1ny term\u00e9k eset\u00e9ben az ut\u00e1nv\u00e9tes fizet\u00e9si lehet\u0151s\u00e9g technikai okokb\u00f3l nem v\u00e1laszthat\u00f3.<br><\/em><\/p>\n<p><span style=\"color: #ff0000;\"><strong>K\u00e9rlek, hogy csak akkor v\u00e1lassz ut\u00e1nv\u00e9tes fizet\u00e9si m\u00f3dot amennyiben teljesen biztos vagy benne, hogy \u00e1t is tudod\/szeretn\u00e9d venni a k\u00fcldem\u00e9nyt! <\/strong><\/span>Sokan nem tudj\u00e1k, de az \u00e1t nem vett csomagok oda-vissza sz\u00e1ll\u00edt\u00e1sa sz\u00e1munkra 2000-3000 Ft-os k\u00f6lts\u00e9ggel\/vesztes\u00e9ggel j\u00e1r, amit id\u0151vel k\u00e9nytelenek vagyunk a term\u00e9kek \u00e1raz\u00e1s\u00e1ban \u00e9rv\u00e9nyes\u00edteni. Sokkal egyszer\u0171bb, ha mindenki csak akkor rendel, ha biztosan szeretn\u00e9 a kiv\u00e1lasztott term\u00e9ket.<\/p>\t\t\t\t\t\t\t\t<\/div>\n\t\t\t\t<\/div>\n\t\t\t\t\t<\/div>\n\t\t<\/div>\n\t\t\t\t\t<\/div>\n\t\t<\/section>\n\t\t\t\t<\/div>","protected":false},"excerpt":{"rendered":"<p>Magyarorsz\u00e1g: Szerkeszt\u00e9s &nbsp; &nbsp; DPD H\u00e1zhozsz\u00e1ll\u00edt\u00e1s 1 690 Ft GLS H\u00e1zhozsz\u00e1ll\u00edt\u00e1s 1 890 Ft MPL H\u00e1zhozsz\u00e1ll\u00edt\u00e1s 1 990 Ft &nbsp; &nbsp; MPL Post\u00e1n marad\u00f3, Postapont, Csomagautomata 1 490 Ft GLS Csomagpont, Automata 1 490 Ft Foxpost, Packeta 1 290 Ft DPD Csomagpont, Alzabox 1 290 Ft &nbsp; &nbsp; &nbsp; &nbsp; Ut\u00e1nv\u00e9t kezel\u00e9s d\u00edja 699 Ft &#8230;<\/p>","protected":false},"author":1,"featured_media":0,"parent":0,"menu_order":0,"comment_status":"closed","ping_status":"closed","template":"","meta":{"wprm-recipe-roundup-name":"","wprm-recipe-roundup-description":"","tinysalt_hide_before_page_content_ad":"","tinysalt_hide_after_page_content_ad":"","tinysalt_hide_page_header":"","tinysalt_advanced_classname":"","tinysalt_page_featured_media_position":"","tinysalt_single_site_header_source":"","tinysalt_single_custom_site_header":"0","tinysalt_single_custom_sticky_site_header":"0","tinysalt_single_custom_sticky_site_header_style":"sticky-scroll-up","tinysalt_single_site_footer_source":"","tinysalt_single_custom_site_footer":"0","footnotes":""},"class_list":["post-7515","page","type-page","status-publish","hentry"],"yoast_head":"<!-- This site is optimized with the Yoast SEO Premium plugin v24.4 (Yoast SEO v27.3) - https:\/\/yoast.com\/product\/yoast-seo-premium-wordpress\/ -->\n<title>Sz\u00e1ll\u00edt\u00e1si Inform\u00e1ci\u00f3k - Kov\u00e1szT\u00fcnd\u00e9r<\/title>\n<meta name=\"robots\" content=\"index, follow, max-snippet:-1, max-image-preview:large, max-video-preview:-1\" \/>\n<link rel=\"canonical\" href=\"https:\/\/www.kovasztunder.hu\/en\/szallitasi-informaciok\" \/>\n<meta property=\"og:locale\" content=\"en_US\" \/>\n<meta property=\"og:type\" content=\"article\" \/>\n<meta property=\"og:title\" content=\"Sz\u00e1ll\u00edt\u00e1si Inform\u00e1ci\u00f3k\" \/>\n<meta property=\"og:description\" content=\"Magyarorsz\u00e1g: Szerkeszt\u00e9s &nbsp; &nbsp; DPD H\u00e1zhozsz\u00e1ll\u00edt\u00e1s 1 690 Ft GLS H\u00e1zhozsz\u00e1ll\u00edt\u00e1s 1 890 Ft MPL H\u00e1zhozsz\u00e1ll\u00edt\u00e1s 1 990 Ft &nbsp; &nbsp; MPL Post\u00e1n marad\u00f3, Postapont, Csomagautomata 1 490 Ft GLS Csomagpont, Automata 1 490 Ft Foxpost, Packeta 1 290 Ft DPD Csomagpont, Alzabox 1 290 Ft &nbsp; &nbsp; &nbsp; &nbsp; Ut\u00e1nv\u00e9t kezel\u00e9s d\u00edja 699 Ft ...\" \/>\n<meta property=\"og:url\" content=\"https:\/\/www.kovasztunder.hu\/en\/szallitasi-informaciok\" \/>\n<meta property=\"og:site_name\" content=\"Kov\u00e1szT\u00fcnd\u00e9r\" \/>\n<meta property=\"article:modified_time\" content=\"2026-04-04T07:29:27+00:00\" \/>\n<meta property=\"og:image\" content=\"https:\/\/www.kovasztunder.hu\/wp-content\/uploads\/2023\/12\/IMG_9044.jpg\" \/>\n\t<meta property=\"og:image:width\" content=\"2560\" \/>\n\t<meta property=\"og:image:height\" content=\"1706\" \/>\n\t<meta property=\"og:image:type\" content=\"image\/jpeg\" \/>\n<meta name=\"twitter:card\" content=\"summary_large_image\" \/>\n<meta name=\"twitter:label1\" content=\"Est. reading time\" \/>\n\t<meta name=\"twitter:data1\" content=\"1 minute\" \/>\n<script type=\"application\/ld+json\" class=\"yoast-schema-graph\">{\"@context\":\"https:\\\/\\\/schema.org\",\"@graph\":[{\"@type\":\"WebPage\",\"@id\":\"https:\\\/\\\/www.kovasztunder.hu\\\/szallitasi-informaciok\",\"url\":\"https:\\\/\\\/www.kovasztunder.hu\\\/szallitasi-informaciok\",\"name\":\"Sz\u00e1ll\u00edt\u00e1si Inform\u00e1ci\u00f3k - Kov\u00e1szT\u00fcnd\u00e9r\",\"isPartOf\":{\"@id\":\"https:\\\/\\\/www.kovasztunder.hu\\\/#website\"},\"datePublished\":\"2026-03-20T15:17:12+00:00\",\"dateModified\":\"2026-04-04T07:29:27+00:00\",\"breadcrumb\":{\"@id\":\"https:\\\/\\\/www.kovasztunder.hu\\\/szallitasi-informaciok#breadcrumb\"},\"inLanguage\":\"en-US\",\"potentialAction\":[{\"@type\":\"ReadAction\",\"target\":[\"https:\\\/\\\/www.kovasztunder.hu\\\/szallitasi-informaciok\"]}]},{\"@type\":\"BreadcrumbList\",\"@id\":\"https:\\\/\\\/www.kovasztunder.hu\\\/szallitasi-informaciok#breadcrumb\",\"itemListElement\":[{\"@type\":\"ListItem\",\"position\":1,\"name\":\"Home\",\"item\":\"https:\\\/\\\/www.kovasztunder.hu\\\/\"},{\"@type\":\"ListItem\",\"position\":2,\"name\":\"Sz\u00e1ll\u00edt\u00e1si Inform\u00e1ci\u00f3k\"}]},{\"@type\":\"WebSite\",\"@id\":\"https:\\\/\\\/www.kovasztunder.hu\\\/#website\",\"url\":\"https:\\\/\\\/www.kovasztunder.hu\\\/\",\"name\":\"Kov\u00e1szT\u00fcnd\u00e9r\",\"description\":\"A kov\u00e1sz legyen veletek!\",\"publisher\":{\"@id\":\"https:\\\/\\\/www.kovasztunder.hu\\\/#organization\"},\"potentialAction\":[{\"@type\":\"SearchAction\",\"target\":{\"@type\":\"EntryPoint\",\"urlTemplate\":\"https:\\\/\\\/www.kovasztunder.hu\\\/?s={search_term_string}\"},\"query-input\":{\"@type\":\"PropertyValueSpecification\",\"valueRequired\":true,\"valueName\":\"search_term_string\"}}],\"inLanguage\":\"en-US\"},{\"@type\":\"Organization\",\"@id\":\"https:\\\/\\\/www.kovasztunder.hu\\\/#organization\",\"name\":\"Kov\u00e1szT\u00fcnd\u00e9r\",\"url\":\"https:\\\/\\\/www.kovasztunder.hu\\\/\",\"logo\":{\"@type\":\"ImageObject\",\"inLanguage\":\"en-US\",\"@id\":\"https:\\\/\\\/www.kovasztunder.hu\\\/#\\\/schema\\\/logo\\\/image\\\/\",\"url\":\"https:\\\/\\\/www.kovasztunder.hu\\\/wp-content\\\/uploads\\\/2023\\\/02\\\/kovasztunder_logo.png\",\"contentUrl\":\"https:\\\/\\\/www.kovasztunder.hu\\\/wp-content\\\/uploads\\\/2023\\\/02\\\/kovasztunder_logo.png\",\"width\":1638,\"height\":487,\"caption\":\"Kov\u00e1szT\u00fcnd\u00e9r\"},\"image\":{\"@id\":\"https:\\\/\\\/www.kovasztunder.hu\\\/#\\\/schema\\\/logo\\\/image\\\/\"},\"sameAs\":[\"https:\\\/\\\/www.youtube.com\\\/@kovasztunder\",\"https:\\\/\\\/www.instagram.com\\\/kovasztunder\\\/\"]}]}<\/script>\n<!-- \/ Yoast SEO Premium plugin. -->","yoast_head_json":{"title":"Sz\u00e1ll\u00edt\u00e1si Inform\u00e1ci\u00f3k - Kov\u00e1szT\u00fcnd\u00e9r","robots":{"index":"index","follow":"follow","max-snippet":"max-snippet:-1","max-image-preview":"max-image-preview:large","max-video-preview":"max-video-preview:-1"},"canonical":"https:\/\/www.kovasztunder.hu\/en\/szallitasi-informaciok","og_locale":"en_US","og_type":"article","og_title":"Sz\u00e1ll\u00edt\u00e1si Inform\u00e1ci\u00f3k","og_description":"Magyarorsz\u00e1g: Szerkeszt\u00e9s &nbsp; &nbsp; DPD H\u00e1zhozsz\u00e1ll\u00edt\u00e1s 1 690 Ft GLS H\u00e1zhozsz\u00e1ll\u00edt\u00e1s 1 890 Ft MPL H\u00e1zhozsz\u00e1ll\u00edt\u00e1s 1 990 Ft &nbsp; &nbsp; MPL Post\u00e1n marad\u00f3, Postapont, Csomagautomata 1 490 Ft GLS Csomagpont, Automata 1 490 Ft Foxpost, Packeta 1 290 Ft DPD Csomagpont, Alzabox 1 290 Ft &nbsp; &nbsp; &nbsp; &nbsp; Ut\u00e1nv\u00e9t kezel\u00e9s d\u00edja 699 Ft ...","og_url":"https:\/\/www.kovasztunder.hu\/en\/szallitasi-informaciok","og_site_name":"Kov\u00e1szT\u00fcnd\u00e9r","article_modified_time":"2026-04-04T07:29:27+00:00","og_image":[{"width":2560,"height":1706,"url":"https:\/\/www.kovasztunder.hu\/wp-content\/uploads\/2023\/12\/IMG_9044.jpg","type":"image\/jpeg"}],"twitter_card":"summary_large_image","twitter_misc":{"Est. reading time":"1 minute"},"schema":{"@context":"https:\/\/schema.org","@graph":[{"@type":"WebPage","@id":"https:\/\/www.kovasztunder.hu\/szallitasi-informaciok","url":"https:\/\/www.kovasztunder.hu\/szallitasi-informaciok","name":"Sz\u00e1ll\u00edt\u00e1si Inform\u00e1ci\u00f3k - Kov\u00e1szT\u00fcnd\u00e9r","isPartOf":{"@id":"https:\/\/www.kovasztunder.hu\/#website"},"datePublished":"2026-03-20T15:17:12+00:00","dateModified":"2026-04-04T07:29:27+00:00","breadcrumb":{"@id":"https:\/\/www.kovasztunder.hu\/szallitasi-informaciok#breadcrumb"},"inLanguage":"en-US","potentialAction":[{"@type":"ReadAction","target":["https:\/\/www.kovasztunder.hu\/szallitasi-informaciok"]}]},{"@type":"BreadcrumbList","@id":"https:\/\/www.kovasztunder.hu\/szallitasi-informaciok#breadcrumb","itemListElement":[{"@type":"ListItem","position":1,"name":"Home","item":"https:\/\/www.kovasztunder.hu\/"},{"@type":"ListItem","position":2,"name":"Sz\u00e1ll\u00edt\u00e1si Inform\u00e1ci\u00f3k"}]},{"@type":"WebSite","@id":"https:\/\/www.kovasztunder.hu\/#website","url":"https:\/\/www.kovasztunder.hu\/","name":"Cottage Fairy","description":"May the sourdough be with you!","publisher":{"@id":"https:\/\/www.kovasztunder.hu\/#organization"},"potentialAction":[{"@type":"SearchAction","target":{"@type":"EntryPoint","urlTemplate":"https:\/\/www.kovasztunder.hu\/?s={search_term_string}"},"query-input":{"@type":"PropertyValueSpecification","valueRequired":true,"valueName":"search_term_string"}}],"inLanguage":"en-US"},{"@type":"Organization","@id":"https:\/\/www.kovasztunder.hu\/#organization","name":"Cottage Fairy","url":"https:\/\/www.kovasztunder.hu\/","logo":{"@type":"ImageObject","inLanguage":"en-US","@id":"https:\/\/www.kovasztunder.hu\/#\/schema\/logo\/image\/","url":"https:\/\/www.kovasztunder.hu\/wp-content\/uploads\/2023\/02\/kovasztunder_logo.png","contentUrl":"https:\/\/www.kovasztunder.hu\/wp-content\/uploads\/2023\/02\/kovasztunder_logo.png","width":1638,"height":487,"caption":"Kov\u00e1szT\u00fcnd\u00e9r"},"image":{"@id":"https:\/\/www.kovasztunder.hu\/#\/schema\/logo\/image\/"},"sameAs":["https:\/\/www.youtube.com\/@kovasztunder","https:\/\/www.instagram.com\/kovasztunder\/"]}]}},"_links":{"self":[{"href":"https:\/\/www.kovasztunder.hu\/en\/wp-json\/wp\/v2\/pages\/7515","targetHints":{"allow":["GET"]}}],"collection":[{"href":"https:\/\/www.kovasztunder.hu\/en\/wp-json\/wp\/v2\/pages"}],"about":[{"href":"https:\/\/www.kovasztunder.hu\/en\/wp-json\/wp\/v2\/types\/page"}],"author":[{"embeddable":true,"href":"https:\/\/www.kovasztunder.hu\/en\/wp-json\/wp\/v2\/users\/1"}],"replies":[{"embeddable":true,"href":"https:\/\/www.kovasztunder.hu\/en\/wp-json\/wp\/v2\/comments?post=7515"}],"version-history":[{"count":0,"href":"https:\/\/www.kovasztunder.hu\/en\/wp-json\/wp\/v2\/pages\/7515\/revisions"}],"wp:attachment":[{"href":"https:\/\/www.kovasztunder.hu\/en\/wp-json\/wp\/v2\/media?parent=7515"}],"curies":[{"name":"wp","href":"https:\/\/api.w.org\/{rel}","templated":true}]}}