{"id":7812,"date":"2026-04-24T17:01:49","date_gmt":"2026-04-24T15:01:49","guid":{"rendered":"https:\/\/www.kovasztunder.hu\/?page_id=7812"},"modified":"2026-04-24T17:46:39","modified_gmt":"2026-04-24T15:46:39","slug":"egyuttmukodes","status":"publish","type":"page","link":"https:\/\/www.kovasztunder.hu\/en\/egyuttmukodes","title":{"rendered":"Cooperation"},"content":{"rendered":"<div data-elementor-type=\"wp-page\" data-elementor-id=\"7812\" class=\"elementor elementor-7812\" data-elementor-post-type=\"page\">\n\t\t\t\t\t\t<section class=\"elementor-section elementor-top-section elementor-element elementor-element-3739a4b elementor-section-boxed elementor-section-height-default elementor-section-height-default\" data-id=\"3739a4b\" data-element_type=\"section\" data-e-type=\"section\">\n\t\t\t\t\t\t<div class=\"elementor-container elementor-column-gap-default\">\n\t\t\t\t\t<div class=\"elementor-column elementor-col-50 elementor-top-column elementor-element elementor-element-d65f844\" data-id=\"d65f844\" data-element_type=\"column\" data-e-type=\"column\">\n\t\t\t<div class=\"elementor-widget-wrap elementor-element-populated\">\n\t\t\t\t\t\t<div class=\"elementor-element elementor-element-f807820 elementor-widget elementor-widget-text-editor\" data-id=\"f807820\" data-element_type=\"widget\" data-e-type=\"widget\" data-widget_type=\"text-editor.default\">\n\t\t\t\t<div class=\"elementor-widget-container\">\n\t\t\t\t\t\t\t\t\t<h1 style=\"caret-color: #000000; color: #000000;\" data-path-to-node=\"3\">Egy\u00fcttm\u0171k\u00f6d\u00e9si lehet\u0151s\u00e9g \u2013 Alkossunk maradand\u00f3t k\u00f6z\u00f6sen!<\/h1>\n<p style=\"font-weight: 400; caret-color: #000000; color: #000000;\" data-path-to-node=\"4\"><b data-path-to-node=\"4\" data-index-in-node=\"0\">\u00dcdv\u00f6zl\u00f6m! Hosszu Bianka vagyok, a Kov\u00e1szT\u00fcnd\u00e9r alap\u00edt\u00f3ja, A &#8216;Kezd\u0151 kov\u00e1szosok k\u00e9zik\u00f6nyve&#8217; szerz\u0151je \u00e9s gasztro tartalomk\u00e9sz\u00edt\u0151.<\/b><\/p>\n<p style=\"font-weight: 400; caret-color: #000000; color: #000000;\" data-path-to-node=\"5\">Hiszek abban, hogy a min\u0151s\u00e9gi otthoni s\u00fct\u00e9s nem csup\u00e1n egy hobbi, hanem egy tudatos \u00e9letm\u00f3d r\u00e9sze. A k\u00fcldet\u00e9sem, hogy bebizony\u00edtsam: egy \u00e1tlagos konyh\u00e1ban is k\u00e9sz\u00fclhetnek min\u0151s\u00e9gi, eg\u00e9szs\u00e9ges p\u00e9k\u00e1ruk \u2013 ha megvannak hozz\u00e1 a megfelel\u0151 ismeretek \u00e9s a professzion\u00e1lis eszk\u00f6z\u00f6k.<\/p>\n<h3 style=\"caret-color: #000000; color: #000000;\" data-path-to-node=\"6\">Mi\u00e9rt a Kov\u00e1szT\u00fcnd\u00e9r?<\/h3>\n<p style=\"caret-color: #000000; color: #000000;\" data-path-to-node=\"7\">A k\u00f6z\u00f6ss\u00e9gem nem csup\u00e1n \u201ek\u00f6vet\u0151kb\u0151l\u201d \u00e1ll. Ez egy elk\u00f6telezett, tanulni v\u00e1gy\u00f3 \u00e9s min\u0151s\u00e9gre t\u00f6rekv\u0151 csoport, akik b\u00edznak a hiteless\u00e9gemben. 2026 m\u00e1rcius\u00e1ban megjelent els\u0151 nyomtatott k\u00f6nyvem, a&nbsp;<b data-path-to-node=\"7\" data-index-in-node=\"204\">\u201eKezd\u0151 kov\u00e1szosok k\u00e9zik\u00f6nyve\u201d<\/b>, amely tov\u00e1bb er\u0151s\u00edtette a m\u00e1rk\u00e1m st\u00e1tusz\u00e1t a hazai gasztron\u00f3miai piacon.<\/p>\n<p style=\"caret-color: #000000; color: #000000;\" data-path-to-node=\"8\">Amikor egy m\u00e1rk\u00e1val egy\u00fcttm\u0171k\u00f6d\u00f6m, nem csup\u00e1n hirdetek: integr\u00e1lom a term\u00e9ket egy m\u0171k\u00f6d\u0151, bizalomra \u00e9p\u00fcl\u0151 \u00f6kosziszt\u00e9m\u00e1ba.<\/p>\n<h3 style=\"caret-color: #000000; color: #000000;\" data-path-to-node=\"9\">A sz\u00e1mok, amikre b\u00fcszke vagyok:<\/h3>\n<div>&nbsp;<\/div>\n<ul style=\"caret-color: #000000; color: #000000;\" data-path-to-node=\"10\">\n<li>\n<p data-path-to-node=\"10,0,0\"><b data-path-to-node=\"10,0,0\" data-index-in-node=\"0\">Weboldal:<\/b>&nbsp;Havi 10.000+ egyedi l\u00e1togat\u00f3, akik c\u00e9lzottan keresnek recepteket \u00e9s eszk\u00f6z\u00f6ket.<\/p>\n<\/li>\n<li>\n<p data-path-to-node=\"10,1,0\"><b data-path-to-node=\"10,1,0\" data-index-in-node=\"0\">YouTube:<\/b>&nbsp;20.000+ megtekint\u00e9s a legn\u00e9pszer\u0171bb vide\u00f3kon, \u00f6r\u00f6kz\u00f6ld tartalomk\u00e9nt.<\/p>\n<\/li>\n<li>\n<p data-path-to-node=\"10,2,0\"><b data-path-to-node=\"10,2,0\" data-index-in-node=\"0\">H\u00edrlev\u00e9l:<\/b>&nbsp;600+ f\u0151s (\u00e9s folyamatosan b\u0151v\u00fcl\u0151), rendk\u00edv\u00fcl magas megnyit\u00e1si ar\u00e1nnyal rendelkez\u0151 direkt kapcsolat a legakt\u00edvabb s\u00fct\u0151kkel.<\/p>\n<\/li>\n<li>\n<p data-path-to-node=\"10,3,0\"><b data-path-to-node=\"10,3,0\" data-index-in-node=\"0\">Interaktivit\u00e1s:<\/b>&nbsp;K\u00f6nyvem QR-k\u00f3dos rendszere r\u00e9v\u00e9n a partnereim k\u00f6zvetlen\u00fcl megjelenhetnek az olvas\u00f3k konyhapultj\u00e1n is.<\/p>\n<\/li>\n<\/ul>\t\t\t\t\t\t\t\t<\/div>\n\t\t\t\t<\/div>\n\t\t\t\t\t<\/div>\n\t\t<\/div>\n\t\t\t\t<div class=\"elementor-column elementor-col-50 elementor-top-column elementor-element elementor-element-1591e41\" data-id=\"1591e41\" data-element_type=\"column\" data-e-type=\"column\">\n\t\t\t<div class=\"elementor-widget-wrap elementor-element-populated\">\n\t\t\t\t\t\t<div class=\"elementor-element elementor-element-d7e497d elementor-widget elementor-widget-image\" data-id=\"d7e497d\" data-element_type=\"widget\" data-e-type=\"widget\" data-widget_type=\"image.default\">\n\t\t\t\t<div class=\"elementor-widget-container\">\n\t\t\t\t\t\t\t\t\t\t\t\t\t\t\t<img decoding=\"async\" width=\"684\" height=\"1024\" src=\"https:\/\/www.kovasztunder.hu\/wp-content\/uploads\/2026\/03\/VPH_2359szerk-684x1024.jpg\" class=\"attachment-large size-large wp-image-7691\" alt=\"\" srcset=\"https:\/\/www.kovasztunder.hu\/wp-content\/uploads\/2026\/03\/VPH_2359szerk-684x1024.jpg 684w, https:\/\/www.kovasztunder.hu\/wp-content\/uploads\/2026\/03\/VPH_2359szerk-200x300.jpg 200w, https:\/\/www.kovasztunder.hu\/wp-content\/uploads\/2026\/03\/VPH_2359szerk-768x1151.jpg 768w, https:\/\/www.kovasztunder.hu\/wp-content\/uploads\/2026\/03\/VPH_2359szerk-1025x1536.jpg 1025w, https:\/\/www.kovasztunder.hu\/wp-content\/uploads\/2026\/03\/VPH_2359szerk-1367x2048.jpg 1367w, https:\/\/www.kovasztunder.hu\/wp-content\/uploads\/2026\/03\/VPH_2359szerk-8x12.jpg 8w, https:\/\/www.kovasztunder.hu\/wp-content\/uploads\/2026\/03\/VPH_2359szerk-1920x2876.jpg 1920w, https:\/\/www.kovasztunder.hu\/wp-content\/uploads\/2026\/03\/VPH_2359szerk-1440x2157.jpg 1440w, https:\/\/www.kovasztunder.hu\/wp-content\/uploads\/2026\/03\/VPH_2359szerk-1200x1798.jpg 1200w, https:\/\/www.kovasztunder.hu\/wp-content\/uploads\/2026\/03\/VPH_2359szerk-780x1168.jpg 780w, https:\/\/www.kovasztunder.hu\/wp-content\/uploads\/2026\/03\/VPH_2359szerk-600x899.jpg 600w, https:\/\/www.kovasztunder.hu\/wp-content\/uploads\/2026\/03\/VPH_2359szerk-550x824.jpg 550w, https:\/\/www.kovasztunder.hu\/wp-content\/uploads\/2026\/03\/VPH_2359szerk-370x554.jpg 370w, https:\/\/www.kovasztunder.hu\/wp-content\/uploads\/2026\/03\/VPH_2359szerk-255x382.jpg 255w, https:\/\/www.kovasztunder.hu\/wp-content\/uploads\/2026\/03\/VPH_2359szerk-scaled.jpg 1709w\" sizes=\"(max-width: 684px) 100vw, 684px\" \/>\t\t\t\t\t\t\t\t\t\t\t\t\t\t\t<\/div>\n\t\t\t\t<\/div>\n\t\t\t\t<div class=\"elementor-element elementor-element-b0fb2f3 elementor-widget elementor-widget-text-editor\" data-id=\"b0fb2f3\" data-element_type=\"widget\" data-e-type=\"widget\" data-widget_type=\"text-editor.default\">\n\t\t\t\t<div class=\"elementor-widget-container\">\n\t\t\t\t\t\t\t\t\t<h3 style=\"caret-color: #000000; color: #000000;\" data-path-to-node=\"11\">Hogyan dolgozhatunk egy\u00fctt?<\/h3><p style=\"caret-color: #000000; color: #000000;\" data-path-to-node=\"12\">Minden partnerkapcsolatot egyedi ig\u00e9nyekre szabok. A c\u00e9lom, hogy a m\u00e1rk\u00e1ja ne csak megjelenjen, hanem megold\u00e1st k\u00edn\u00e1ljon a k\u00f6z\u00f6ss\u00e9gem probl\u00e9m\u00e1ira.<\/p><ul style=\"caret-color: #000000; color: #000000;\" data-path-to-node=\"13\"><li><p data-path-to-node=\"13,0,0\"><b data-path-to-node=\"13,0,0\" data-index-in-node=\"0\">Szakmai term\u00e9ktesztek \u00e9s \u201eVal\u00f3di Teszt\u201d vide\u00f3k:<\/b>\u00a0Hiteles, gyakorlatias bemutat\u00f3k.<\/p><\/li><li><p data-path-to-node=\"13,1,0\"><b data-path-to-node=\"13,1,0\" data-index-in-node=\"0\">SEO-optimaliz\u00e1lt blogbejegyz\u00e9sek:<\/b>\u00a0Amelyek \u00e9vekig forgalmat gener\u00e1lnak a keres\u0151kb\u0151l.<\/p><\/li><li><p data-path-to-node=\"13,2,0\"><b data-path-to-node=\"13,2,0\" data-index-in-node=\"0\">Receptfejleszt\u00e9s:<\/b>\u00a0Egyedi receptek a m\u00e1rk\u00e1ja alapanyagaival vagy eszk\u00f6zeivel.<\/p><\/li><li><p data-path-to-node=\"13,3,0\"><b data-path-to-node=\"13,3,0\" data-index-in-node=\"0\">Social Media kamp\u00e1nyok:<\/b>\u00a0Dinamikus megjelen\u00e9s Instagram, Facebook \u00e9s TikTok fel\u00fcleteimen.<\/p><\/li><li><p data-path-to-node=\"13,4,0\"><b data-path-to-node=\"13,4,0\" data-index-in-node=\"0\">H\u00edrlev\u00e9l integr\u00e1ci\u00f3:<\/b>\u00a0K\u00f6zvetlen aj\u00e1nlat a legelk\u00f6telezettebb v\u00e1s\u00e1rl\u00f3i r\u00e9tegnek.<\/p><\/li><\/ul>\t\t\t\t\t\t\t\t<\/div>\n\t\t\t\t<\/div>\n\t\t\t\t\t<\/div>\n\t\t<\/div>\n\t\t\t\t\t<\/div>\n\t\t<\/section>\n\t\t\t\t<section class=\"elementor-section elementor-top-section elementor-element elementor-element-41d6fc0 elementor-section-boxed elementor-section-height-default elementor-section-height-default\" data-id=\"41d6fc0\" data-element_type=\"section\" data-e-type=\"section\">\n\t\t\t\t\t\t<div class=\"elementor-container elementor-column-gap-default\">\n\t\t\t\t\t<div class=\"elementor-column elementor-col-50 elementor-top-column elementor-element elementor-element-8e38561\" data-id=\"8e38561\" data-element_type=\"column\" data-e-type=\"column\">\n\t\t\t<div class=\"elementor-widget-wrap elementor-element-populated\">\n\t\t\t\t\t\t<div class=\"elementor-element elementor-element-ccc504b elementor-widget elementor-widget-image\" data-id=\"ccc504b\" data-element_type=\"widget\" data-e-type=\"widget\" data-widget_type=\"image.default\">\n\t\t\t\t<div class=\"elementor-widget-container\">\n\t\t\t\t\t\t\t\t\t\t\t\t\t\t\t<img decoding=\"async\" width=\"768\" height=\"1024\" src=\"https:\/\/www.kovasztunder.hu\/wp-content\/uploads\/2025\/05\/IMG_1354_jpg-768x1024.jpg\" class=\"attachment-large size-large wp-image-5622\" alt=\"\" srcset=\"https:\/\/www.kovasztunder.hu\/wp-content\/uploads\/2025\/05\/IMG_1354_jpg-768x1024.jpg 768w, https:\/\/www.kovasztunder.hu\/wp-content\/uploads\/2025\/05\/IMG_1354_jpg-225x300.jpg 225w, https:\/\/www.kovasztunder.hu\/wp-content\/uploads\/2025\/05\/IMG_1354_jpg-1152x1536.jpg 1152w, https:\/\/www.kovasztunder.hu\/wp-content\/uploads\/2025\/05\/IMG_1354_jpg-1536x2048.jpg 1536w, https:\/\/www.kovasztunder.hu\/wp-content\/uploads\/2025\/05\/IMG_1354_jpg-scaled.jpg 1920w, https:\/\/www.kovasztunder.hu\/wp-content\/uploads\/2025\/05\/IMG_1354_jpg-1440x1920.jpg 1440w, https:\/\/www.kovasztunder.hu\/wp-content\/uploads\/2025\/05\/IMG_1354_jpg-1200x1600.jpg 1200w, https:\/\/www.kovasztunder.hu\/wp-content\/uploads\/2025\/05\/IMG_1354_jpg-780x1040.jpg 780w, https:\/\/www.kovasztunder.hu\/wp-content\/uploads\/2025\/05\/IMG_1354_jpg-600x800.jpg 600w, https:\/\/www.kovasztunder.hu\/wp-content\/uploads\/2025\/05\/IMG_1354_jpg-550x733.jpg 550w, https:\/\/www.kovasztunder.hu\/wp-content\/uploads\/2025\/05\/IMG_1354_jpg-370x493.jpg 370w, https:\/\/www.kovasztunder.hu\/wp-content\/uploads\/2025\/05\/IMG_1354_jpg-255x340.jpg 255w\" sizes=\"(max-width: 768px) 100vw, 768px\" \/>\t\t\t\t\t\t\t\t\t\t\t\t\t\t\t<\/div>\n\t\t\t\t<\/div>\n\t\t\t\t\t<\/div>\n\t\t<\/div>\n\t\t\t\t<div class=\"elementor-column elementor-col-50 elementor-top-column elementor-element elementor-element-a868afd\" data-id=\"a868afd\" data-element_type=\"column\" data-e-type=\"column\">\n\t\t\t<div class=\"elementor-widget-wrap elementor-element-populated\">\n\t\t\t\t\t\t<div class=\"elementor-element elementor-element-3077f55 elementor-widget elementor-widget-text-editor\" data-id=\"3077f55\" data-element_type=\"widget\" data-e-type=\"widget\" data-widget_type=\"text-editor.default\">\n\t\t\t\t<div class=\"elementor-widget-container\">\n\t\t\t\t\t\t\t\t\t<h3 style=\"caret-color: #000000; color: #000000;\" data-path-to-node=\"15\">Ismerje meg a Kov\u00e1szT\u00fcnd\u00e9r vil\u00e1g\u00e1t r\u00e9szletesebben!<\/h3><p style=\"caret-color: #000000; color: #000000;\" data-path-to-node=\"16\">K\u00e9sz\u00edtettem egy \u00e1tfog\u00f3 M\u00e9dia Kit-et, amelyben r\u00e9szletesebben is olvashat a platformjaimr\u00f3l, a c\u00e9lk\u00f6z\u00f6ns\u00e9gem demogr\u00e1fiai adatair\u00f3l \u00e9s a kor\u00e1bbi sikeres egy\u00fcttm\u0171k\u00f6d\u00e9seimr\u0151l.<\/p><p style=\"caret-color: #000000; color: #000000;\" data-path-to-node=\"17\"><b data-path-to-node=\"17\" data-index-in-node=\"0\"><a href=\"https:\/\/www.kovasztunder.hu\/wp-content\/uploads\/2026\/04\/Beige-Brown-Modern-Chic-Influencer-Media-Kit-2.pdf\">M\u00e9dia Kit Let\u00f6lt\u00e9se (PDF)<\/a><\/b><\/p><p style=\"caret-color: #000000; color: #000000;\" data-path-to-node=\"18\"><i data-path-to-node=\"18\" data-index-in-node=\"0\">K\u00e9rem vegye figyelembe, hogy a let\u00f6lthet\u0151 dokumentum \u00e1rakat nem tartalmaz.<\/i><\/p><h3 style=\"caret-color: #000000; color: #000000;\" data-path-to-node=\"19\">Szem\u00e9lyreszabott aj\u00e1nlatot szeretne?<\/h3><p style=\"caret-color: #000000; color: #000000;\" data-path-to-node=\"20\">Mivel minden m\u00e1rka \u00e9s kamp\u00e1ny c\u00e9lja m\u00e1s, az \u00e1raz\u00e1st minden esetben az adott projekt volumene \u00e9s az ig\u00e9nyelt platformok sz\u00e1ma alapj\u00e1n hat\u00e1rozom meg.<\/p><p style=\"caret-color: #000000; color: #000000;\" data-path-to-node=\"21\">\u00cdrjon nekem egy r\u00f6vid bemutatkoz\u00f3t az\u00a0<b data-path-to-node=\"21\" data-index-in-node=\"38\">info@kovasztunder.hu<\/b>\u00a0c\u00edmre, \u00e9s \u00f6r\u00f6mmel k\u00e9sz\u00edtek \u00d6nnek egy szem\u00e9lyreszabott, r\u00e9szletes \u00e1raj\u00e1nlatot, amely a legjobban szolg\u00e1lja \u00fczleti c\u00e9ljait.<\/p><p style=\"caret-color: #000000; color: #000000;\" data-path-to-node=\"22\"><b data-path-to-node=\"22\" data-index-in-node=\"0\">\u00c9p\u00edts\u00fcnk bizalmat \u00e9s \u00e9rj\u00fcnk el sikereket egy\u00fctt!<\/b><\/p><p style=\"caret-color: #000000; color: #000000;\" data-path-to-node=\"23\">\u00dcdv\u00f6zlettel:<strong> Hosszu<\/strong><b data-path-to-node=\"23\" data-index-in-node=\"13\">\u00a0Bianka<\/b>\u00a0<i data-path-to-node=\"23\" data-index-in-node=\"27\">The Cottage Fairy<\/i><\/p>\t\t\t\t\t\t\t\t<\/div>\n\t\t\t\t<\/div>\n\t\t\t\t\t<\/div>\n\t\t<\/div>\n\t\t\t\t\t<\/div>\n\t\t<\/section>\n\t\t\t\t<\/div>","protected":false},"excerpt":{"rendered":"<p>Egy\u00fcttm\u0171k\u00f6d\u00e9si lehet\u0151s\u00e9g \u2013 Alkossunk maradand\u00f3t k\u00f6z\u00f6sen! \u00dcdv\u00f6zl\u00f6m! Hosszu Bianka vagyok, a Kov\u00e1szT\u00fcnd\u00e9r alap\u00edt\u00f3ja, A &#8216;Kezd\u0151 kov\u00e1szosok k\u00e9zik\u00f6nyve&#8217; szerz\u0151je \u00e9s gasztro tartalomk\u00e9sz\u00edt\u0151. Hiszek abban, hogy a min\u0151s\u00e9gi otthoni s\u00fct\u00e9s nem csup\u00e1n egy hobbi, hanem egy tudatos \u00e9letm\u00f3d r\u00e9sze. A k\u00fcldet\u00e9sem, hogy bebizony\u00edtsam: egy \u00e1tlagos konyh\u00e1ban is k\u00e9sz\u00fclhetnek min\u0151s\u00e9gi, eg\u00e9szs\u00e9ges p\u00e9k\u00e1ruk \u2013 ha megvannak hozz\u00e1 a megfelel\u0151 &#8230;<\/p>","protected":false},"author":2,"featured_media":0,"parent":0,"menu_order":0,"comment_status":"closed","ping_status":"closed","template":"elementor_header_footer","meta":{"wprm-recipe-roundup-name":"","wprm-recipe-roundup-description":"","tinysalt_hide_before_page_content_ad":"","tinysalt_hide_after_page_content_ad":"","tinysalt_hide_page_header":"on","tinysalt_advanced_classname":"","tinysalt_page_featured_media_position":"","tinysalt_single_site_header_source":"","tinysalt_single_custom_site_header":"0","tinysalt_single_custom_sticky_site_header":"0","tinysalt_single_custom_sticky_site_header_style":"sticky-scroll-up","tinysalt_single_site_footer_source":"","tinysalt_single_custom_site_footer":"0","footnotes":""},"class_list":["post-7812","page","type-page","status-publish","hentry"],"yoast_head":"<!-- This site is optimized with the Yoast SEO Premium plugin v24.4 (Yoast SEO v27.3) - https:\/\/yoast.com\/product\/yoast-seo-premium-wordpress\/ -->\n<title>Egy\u00fcttm\u0171k\u00f6d\u00e9s - Kov\u00e1szT\u00fcnd\u00e9r<\/title>\n<meta name=\"robots\" content=\"index, follow, max-snippet:-1, max-image-preview:large, max-video-preview:-1\" \/>\n<link rel=\"canonical\" href=\"https:\/\/www.kovasztunder.hu\/en\/egyuttmukodes\" \/>\n<meta property=\"og:locale\" content=\"en_US\" \/>\n<meta property=\"og:type\" content=\"article\" \/>\n<meta property=\"og:title\" content=\"Egy\u00fcttm\u0171k\u00f6d\u00e9s\" \/>\n<meta property=\"og:description\" content=\"Egy\u00fcttm\u0171k\u00f6d\u00e9si lehet\u0151s\u00e9g \u2013 Alkossunk maradand\u00f3t k\u00f6z\u00f6sen! \u00dcdv\u00f6zl\u00f6m! Hosszu Bianka vagyok, a Kov\u00e1szT\u00fcnd\u00e9r alap\u00edt\u00f3ja, A &#8216;Kezd\u0151 kov\u00e1szosok k\u00e9zik\u00f6nyve&#8217; szerz\u0151je \u00e9s gasztro tartalomk\u00e9sz\u00edt\u0151. Hiszek abban, hogy a min\u0151s\u00e9gi otthoni s\u00fct\u00e9s nem csup\u00e1n egy hobbi, hanem egy tudatos \u00e9letm\u00f3d r\u00e9sze. A k\u00fcldet\u00e9sem, hogy bebizony\u00edtsam: egy \u00e1tlagos konyh\u00e1ban is k\u00e9sz\u00fclhetnek min\u0151s\u00e9gi, eg\u00e9szs\u00e9ges p\u00e9k\u00e1ruk \u2013 ha megvannak hozz\u00e1 a megfelel\u0151 ...\" \/>\n<meta property=\"og:url\" content=\"https:\/\/www.kovasztunder.hu\/en\/egyuttmukodes\" \/>\n<meta property=\"og:site_name\" content=\"Kov\u00e1szT\u00fcnd\u00e9r\" \/>\n<meta property=\"article:modified_time\" content=\"2026-04-24T15:46:39+00:00\" \/>\n<meta property=\"og:image\" content=\"https:\/\/www.kovasztunder.hu\/wp-content\/uploads\/2026\/03\/VPH_2359szerk-scaled.jpg\" \/>\n\t<meta property=\"og:image:width\" content=\"1709\" \/>\n\t<meta property=\"og:image:height\" content=\"2560\" \/>\n\t<meta property=\"og:image:type\" content=\"image\/jpeg\" \/>\n<meta name=\"twitter:card\" content=\"summary_large_image\" \/>\n<meta name=\"twitter:label1\" content=\"Est. reading time\" \/>\n\t<meta name=\"twitter:data1\" content=\"3 minutes\" \/>\n<script type=\"application\/ld+json\" class=\"yoast-schema-graph\">{\"@context\":\"https:\\\/\\\/schema.org\",\"@graph\":[{\"@type\":\"WebPage\",\"@id\":\"https:\\\/\\\/www.kovasztunder.hu\\\/egyuttmukodes\",\"url\":\"https:\\\/\\\/www.kovasztunder.hu\\\/egyuttmukodes\",\"name\":\"Egy\u00fcttm\u0171k\u00f6d\u00e9s - Kov\u00e1szT\u00fcnd\u00e9r\",\"isPartOf\":{\"@id\":\"https:\\\/\\\/www.kovasztunder.hu\\\/#website\"},\"primaryImageOfPage\":{\"@id\":\"https:\\\/\\\/www.kovasztunder.hu\\\/egyuttmukodes#primaryimage\"},\"image\":{\"@id\":\"https:\\\/\\\/www.kovasztunder.hu\\\/egyuttmukodes#primaryimage\"},\"thumbnailUrl\":\"https:\\\/\\\/www.kovasztunder.hu\\\/wp-content\\\/uploads\\\/2026\\\/03\\\/VPH_2359szerk-684x1024.jpg\",\"datePublished\":\"2026-04-24T15:01:49+00:00\",\"dateModified\":\"2026-04-24T15:46:39+00:00\",\"breadcrumb\":{\"@id\":\"https:\\\/\\\/www.kovasztunder.hu\\\/egyuttmukodes#breadcrumb\"},\"inLanguage\":\"en-US\",\"potentialAction\":[{\"@type\":\"ReadAction\",\"target\":[\"https:\\\/\\\/www.kovasztunder.hu\\\/egyuttmukodes\"]}]},{\"@type\":\"ImageObject\",\"inLanguage\":\"en-US\",\"@id\":\"https:\\\/\\\/www.kovasztunder.hu\\\/egyuttmukodes#primaryimage\",\"url\":\"https:\\\/\\\/www.kovasztunder.hu\\\/wp-content\\\/uploads\\\/2026\\\/03\\\/VPH_2359szerk-684x1024.jpg\",\"contentUrl\":\"https:\\\/\\\/www.kovasztunder.hu\\\/wp-content\\\/uploads\\\/2026\\\/03\\\/VPH_2359szerk-684x1024.jpg\"},{\"@type\":\"BreadcrumbList\",\"@id\":\"https:\\\/\\\/www.kovasztunder.hu\\\/egyuttmukodes#breadcrumb\",\"itemListElement\":[{\"@type\":\"ListItem\",\"position\":1,\"name\":\"Home\",\"item\":\"https:\\\/\\\/www.kovasztunder.hu\\\/\"},{\"@type\":\"ListItem\",\"position\":2,\"name\":\"Egy\u00fcttm\u0171k\u00f6d\u00e9s\"}]},{\"@type\":\"WebSite\",\"@id\":\"https:\\\/\\\/www.kovasztunder.hu\\\/#website\",\"url\":\"https:\\\/\\\/www.kovasztunder.hu\\\/\",\"name\":\"Kov\u00e1szT\u00fcnd\u00e9r\",\"description\":\"A kov\u00e1sz legyen veletek!\",\"publisher\":{\"@id\":\"https:\\\/\\\/www.kovasztunder.hu\\\/#organization\"},\"potentialAction\":[{\"@type\":\"SearchAction\",\"target\":{\"@type\":\"EntryPoint\",\"urlTemplate\":\"https:\\\/\\\/www.kovasztunder.hu\\\/?s={search_term_string}\"},\"query-input\":{\"@type\":\"PropertyValueSpecification\",\"valueRequired\":true,\"valueName\":\"search_term_string\"}}],\"inLanguage\":\"en-US\"},{\"@type\":\"Organization\",\"@id\":\"https:\\\/\\\/www.kovasztunder.hu\\\/#organization\",\"name\":\"Kov\u00e1szT\u00fcnd\u00e9r\",\"url\":\"https:\\\/\\\/www.kovasztunder.hu\\\/\",\"logo\":{\"@type\":\"ImageObject\",\"inLanguage\":\"en-US\",\"@id\":\"https:\\\/\\\/www.kovasztunder.hu\\\/#\\\/schema\\\/logo\\\/image\\\/\",\"url\":\"https:\\\/\\\/www.kovasztunder.hu\\\/wp-content\\\/uploads\\\/2023\\\/02\\\/kovasztunder_logo.png\",\"contentUrl\":\"https:\\\/\\\/www.kovasztunder.hu\\\/wp-content\\\/uploads\\\/2023\\\/02\\\/kovasztunder_logo.png\",\"width\":1638,\"height\":487,\"caption\":\"Kov\u00e1szT\u00fcnd\u00e9r\"},\"image\":{\"@id\":\"https:\\\/\\\/www.kovasztunder.hu\\\/#\\\/schema\\\/logo\\\/image\\\/\"},\"sameAs\":[\"https:\\\/\\\/www.youtube.com\\\/@kovasztunder\",\"https:\\\/\\\/www.instagram.com\\\/kovasztunder\\\/\"]}]}<\/script>\n<!-- \/ Yoast SEO Premium plugin. -->","yoast_head_json":{"title":"Egy\u00fcttm\u0171k\u00f6d\u00e9s - Kov\u00e1szT\u00fcnd\u00e9r","robots":{"index":"index","follow":"follow","max-snippet":"max-snippet:-1","max-image-preview":"max-image-preview:large","max-video-preview":"max-video-preview:-1"},"canonical":"https:\/\/www.kovasztunder.hu\/en\/egyuttmukodes","og_locale":"en_US","og_type":"article","og_title":"Egy\u00fcttm\u0171k\u00f6d\u00e9s","og_description":"Egy\u00fcttm\u0171k\u00f6d\u00e9si lehet\u0151s\u00e9g \u2013 Alkossunk maradand\u00f3t k\u00f6z\u00f6sen! \u00dcdv\u00f6zl\u00f6m! Hosszu Bianka vagyok, a Kov\u00e1szT\u00fcnd\u00e9r alap\u00edt\u00f3ja, A &#8216;Kezd\u0151 kov\u00e1szosok k\u00e9zik\u00f6nyve&#8217; szerz\u0151je \u00e9s gasztro tartalomk\u00e9sz\u00edt\u0151. Hiszek abban, hogy a min\u0151s\u00e9gi otthoni s\u00fct\u00e9s nem csup\u00e1n egy hobbi, hanem egy tudatos \u00e9letm\u00f3d r\u00e9sze. A k\u00fcldet\u00e9sem, hogy bebizony\u00edtsam: egy \u00e1tlagos konyh\u00e1ban is k\u00e9sz\u00fclhetnek min\u0151s\u00e9gi, eg\u00e9szs\u00e9ges p\u00e9k\u00e1ruk \u2013 ha megvannak hozz\u00e1 a megfelel\u0151 ...","og_url":"https:\/\/www.kovasztunder.hu\/en\/egyuttmukodes","og_site_name":"Kov\u00e1szT\u00fcnd\u00e9r","article_modified_time":"2026-04-24T15:46:39+00:00","og_image":[{"width":1709,"height":2560,"url":"https:\/\/www.kovasztunder.hu\/wp-content\/uploads\/2026\/03\/VPH_2359szerk-scaled.jpg","type":"image\/jpeg"}],"twitter_card":"summary_large_image","twitter_misc":{"Est. reading time":"3 minutes"},"schema":{"@context":"https:\/\/schema.org","@graph":[{"@type":"WebPage","@id":"https:\/\/www.kovasztunder.hu\/egyuttmukodes","url":"https:\/\/www.kovasztunder.hu\/egyuttmukodes","name":"Egy\u00fcttm\u0171k\u00f6d\u00e9s - Kov\u00e1szT\u00fcnd\u00e9r","isPartOf":{"@id":"https:\/\/www.kovasztunder.hu\/#website"},"primaryImageOfPage":{"@id":"https:\/\/www.kovasztunder.hu\/egyuttmukodes#primaryimage"},"image":{"@id":"https:\/\/www.kovasztunder.hu\/egyuttmukodes#primaryimage"},"thumbnailUrl":"https:\/\/www.kovasztunder.hu\/wp-content\/uploads\/2026\/03\/VPH_2359szerk-684x1024.jpg","datePublished":"2026-04-24T15:01:49+00:00","dateModified":"2026-04-24T15:46:39+00:00","breadcrumb":{"@id":"https:\/\/www.kovasztunder.hu\/egyuttmukodes#breadcrumb"},"inLanguage":"en-US","potentialAction":[{"@type":"ReadAction","target":["https:\/\/www.kovasztunder.hu\/egyuttmukodes"]}]},{"@type":"ImageObject","inLanguage":"en-US","@id":"https:\/\/www.kovasztunder.hu\/egyuttmukodes#primaryimage","url":"https:\/\/www.kovasztunder.hu\/wp-content\/uploads\/2026\/03\/VPH_2359szerk-684x1024.jpg","contentUrl":"https:\/\/www.kovasztunder.hu\/wp-content\/uploads\/2026\/03\/VPH_2359szerk-684x1024.jpg"},{"@type":"BreadcrumbList","@id":"https:\/\/www.kovasztunder.hu\/egyuttmukodes#breadcrumb","itemListElement":[{"@type":"ListItem","position":1,"name":"Home","item":"https:\/\/www.kovasztunder.hu\/"},{"@type":"ListItem","position":2,"name":"Egy\u00fcttm\u0171k\u00f6d\u00e9s"}]},{"@type":"WebSite","@id":"https:\/\/www.kovasztunder.hu\/#website","url":"https:\/\/www.kovasztunder.hu\/","name":"Cottage Fairy","description":"May the sourdough be with you!","publisher":{"@id":"https:\/\/www.kovasztunder.hu\/#organization"},"potentialAction":[{"@type":"SearchAction","target":{"@type":"EntryPoint","urlTemplate":"https:\/\/www.kovasztunder.hu\/?s={search_term_string}"},"query-input":{"@type":"PropertyValueSpecification","valueRequired":true,"valueName":"search_term_string"}}],"inLanguage":"en-US"},{"@type":"Organization","@id":"https:\/\/www.kovasztunder.hu\/#organization","name":"Cottage Fairy","url":"https:\/\/www.kovasztunder.hu\/","logo":{"@type":"ImageObject","inLanguage":"en-US","@id":"https:\/\/www.kovasztunder.hu\/#\/schema\/logo\/image\/","url":"https:\/\/www.kovasztunder.hu\/wp-content\/uploads\/2023\/02\/kovasztunder_logo.png","contentUrl":"https:\/\/www.kovasztunder.hu\/wp-content\/uploads\/2023\/02\/kovasztunder_logo.png","width":1638,"height":487,"caption":"Kov\u00e1szT\u00fcnd\u00e9r"},"image":{"@id":"https:\/\/www.kovasztunder.hu\/#\/schema\/logo\/image\/"},"sameAs":["https:\/\/www.youtube.com\/@kovasztunder","https:\/\/www.instagram.com\/kovasztunder\/"]}]}},"_links":{"self":[{"href":"https:\/\/www.kovasztunder.hu\/en\/wp-json\/wp\/v2\/pages\/7812","targetHints":{"allow":["GET"]}}],"collection":[{"href":"https:\/\/www.kovasztunder.hu\/en\/wp-json\/wp\/v2\/pages"}],"about":[{"href":"https:\/\/www.kovasztunder.hu\/en\/wp-json\/wp\/v2\/types\/page"}],"author":[{"embeddable":true,"href":"https:\/\/www.kovasztunder.hu\/en\/wp-json\/wp\/v2\/users\/2"}],"replies":[{"embeddable":true,"href":"https:\/\/www.kovasztunder.hu\/en\/wp-json\/wp\/v2\/comments?post=7812"}],"version-history":[{"count":0,"href":"https:\/\/www.kovasztunder.hu\/en\/wp-json\/wp\/v2\/pages\/7812\/revisions"}],"wp:attachment":[{"href":"https:\/\/www.kovasztunder.hu\/en\/wp-json\/wp\/v2\/media?parent=7812"}],"curies":[{"name":"wp","href":"https:\/\/api.w.org\/{rel}","templated":true}]}}