{"id":1216,"date":"2022-08-11T14:36:21","date_gmt":"2022-08-11T14:36:21","guid":{"rendered":"https:\/\/tinysalt.loftocean.com\/elementor\/?page_id=1216"},"modified":"2025-12-29T20:48:50","modified_gmt":"2025-12-29T19:48:50","slug":"introduccion","status":"publish","type":"page","link":"https:\/\/www.kovasztunder.hu\/es\/introduccion","title":{"rendered":"Presentaci\u00f3n de"},"content":{"rendered":"<div data-elementor-type=\"wp-page\" data-elementor-id=\"1216\" class=\"elementor elementor-1216\" data-elementor-post-type=\"page\">\n\t\t\t\t\t\t<section class=\"elementor-section elementor-top-section elementor-element elementor-element-74ea012 elementor-section-height-min-height elementor-section-boxed elementor-section-height-default elementor-section-items-middle\" data-id=\"74ea012\" data-element_type=\"section\" data-e-type=\"section\" data-settings=\"{&quot;background_background&quot;:&quot;classic&quot;,&quot;background_motion_fx_motion_fx_scrolling&quot;:&quot;yes&quot;,&quot;background_motion_fx_translateY_effect&quot;:&quot;yes&quot;,&quot;background_motion_fx_translateY_speed&quot;:{&quot;unit&quot;:&quot;px&quot;,&quot;size&quot;:4,&quot;sizes&quot;:[]},&quot;background_motion_fx_translateY_affectedRange&quot;:{&quot;unit&quot;:&quot;%&quot;,&quot;size&quot;:&quot;&quot;,&quot;sizes&quot;:{&quot;start&quot;:0,&quot;end&quot;:100}},&quot;background_motion_fx_devices&quot;:[&quot;desktop&quot;,&quot;tablet&quot;,&quot;mobile&quot;]}\">\n\t\t\t\t\t\t\t<div class=\"elementor-background-overlay\"><\/div>\n\t\t\t\t\t\t\t<div class=\"elementor-container elementor-column-gap-no\">\n\t\t\t\t\t<div class=\"elementor-column elementor-col-100 elementor-top-column elementor-element elementor-element-d6a993f dark-color\" data-id=\"d6a993f\" data-element_type=\"column\" data-e-type=\"column\">\n\t\t\t<div class=\"elementor-widget-wrap elementor-element-populated\">\n\t\t\t\t\t\t<div class=\"elementor-element elementor-element-6280a4b elementor-widget elementor-widget-text-editor\" data-id=\"6280a4b\" data-element_type=\"widget\" data-e-type=\"widget\" data-widget_type=\"text-editor.default\">\n\t\t\t\t<div class=\"elementor-widget-container\">\n\t\t\t\t\t\t\t\t\t<p><strong>La historia del hada de la masa madre\u00a0<\/strong><\/p>\t\t\t\t\t\t\t\t<\/div>\n\t\t\t\t<\/div>\n\t\t\t\t<div class=\"elementor-element elementor-element-706eb01 elementor-widget__width-initial elementor-widget elementor-widget-heading\" data-id=\"706eb01\" data-element_type=\"widget\" data-e-type=\"widget\" data-widget_type=\"heading.default\">\n\t\t\t\t<div class=\"elementor-widget-container\">\n\t\t\t\t\t<h2 class=\"elementor-heading-title elementor-size-default\">Del comedor de la cuarentena a la herencia de mi abuela.<\/h2>\t\t\t\t<\/div>\n\t\t\t\t<\/div>\n\t\t\t\t<div class=\"elementor-element elementor-element-4c7b65a elementor-widget__width-initial elementor-widget elementor-widget-heading\" data-id=\"4c7b65a\" data-element_type=\"widget\" data-e-type=\"widget\" data-widget_type=\"heading.default\">\n\t\t\t\t<div class=\"elementor-widget-container\">\n\t\t\t\t\t<h2 class=\"elementor-heading-title elementor-size-default\">Bianka Hosszu<\/h2>\t\t\t\t<\/div>\n\t\t\t\t<\/div>\n\t\t\t\t\t<\/div>\n\t\t<\/div>\n\t\t\t\t\t<\/div>\n\t\t<\/section>\n\t\t\t\t<section class=\"elementor-section elementor-top-section elementor-element elementor-element-3739a4b elementor-section-boxed elementor-section-height-default elementor-section-height-default\" data-id=\"3739a4b\" data-element_type=\"section\" data-e-type=\"section\">\n\t\t\t\t\t\t<div class=\"elementor-container elementor-column-gap-default\">\n\t\t\t\t\t<div class=\"elementor-column elementor-col-50 elementor-top-column elementor-element elementor-element-d65f844\" data-id=\"d65f844\" data-element_type=\"column\" data-e-type=\"column\">\n\t\t\t<div class=\"elementor-widget-wrap elementor-element-populated\">\n\t\t\t\t\t\t<div class=\"elementor-element elementor-element-f807820 elementor-widget elementor-widget-text-editor\" data-id=\"f807820\" data-element_type=\"widget\" data-e-type=\"widget\" data-widget_type=\"text-editor.default\">\n\t\t\t\t<div class=\"elementor-widget-container\">\n\t\t\t\t\t\t\t\t\t<h2 data-path-to-node=\"5\">Hola, soy Bianka. Soy Bianka, la creadora del sitio Hada de la Salchicha.<\/h2>\n<p data-path-to-node=\"5\">Mucha gente se pregunta de d\u00f3nde viene el nombre. Yo no lo invent\u00e9, fue un regalo de mi hermana. Cuando empec\u00e9 a hornear, ella era una de mis catadoras m\u00e1s entusiastas. Antes hab\u00eda luchado mucho contra la hinchaz\u00f3n de est\u00f3mago que le produc\u00edan los productos horneados con levadura y la sensaci\u00f3n de pesadez despu\u00e9s de las comidas. Entonces prob\u00f3 mis primeros panes y pasteles de masa madre... \u00a1y las quejas desaparecieron! Ni hinchaz\u00f3n, ni sensaci\u00f3n de pesadez, s\u00f3lo el placer del sabor. Un d\u00eda me mir\u00f3 y me dijo: <i data-path-to-node=\"6\" data-index-in-node=\"440\">\"\u00a1Eres el Hada de la Masa Madre porque hiciste magia en la cocina!\"<\/i> Y as\u00ed naci\u00f3 el nombre, y con \u00e9l mi misi\u00f3n.<\/p>\n<p data-path-to-node=\"7\"><b data-path-to-node=\"7\" data-index-in-node=\"0\">\u00bfC\u00f3mo empez\u00f3?<\/b><\/p>\n<p data-path-to-node=\"7\">Como muchos otros, me refugi\u00e9 en la cocina durante el cierre de Covid. Hice mi primera masa madre bas\u00e1ndome en los v\u00eddeos de Baker, y despu\u00e9s de la primera hogaza de pan que sali\u00f3 bien, ya no hubo quien me parara. Me enamor\u00e9 por completo del proceso. A partir de ese d\u00eda, nuestra familia se olvid\u00f3 de los productos de panader\u00eda comprados en la tienda y la levadura qued\u00f3 desterrada de la cocina.<\/p>\n<p data-path-to-node=\"8\"><b data-path-to-node=\"8\" data-index-in-node=\"0\">Pasado y futuro en un plato<\/b><\/p>\n<p data-path-to-node=\"8\">No soy panadera ni cocinera. Soy un ama de casa entusiasta que experimenta con su \"sentido com\u00fan\" y su coraz\u00f3n. Mis ra\u00edces de conocimiento son profundas:<\/p>\n<ul data-path-to-node=\"9\">\n<li>\n<p data-path-to-node=\"9,0,0\"><b data-path-to-node=\"9,0,0\" data-index-in-node=\"0\">El conocimiento de mam\u00e1:<\/b>&nbsp;<\/p>\n<p>Estoy aprendiendo mucho de mi madre, de 83 a\u00f1os, que cocina desde los 13 y tiene ocho d\u00e9cadas de experiencia en sus movimientos.<br><br><\/p>\n<\/li>\n<li>\n<p data-path-to-node=\"9,1,0\"><b data-path-to-node=\"9,1,0\" data-index-in-node=\"0\">El legado de la bisabuela:<\/b>&nbsp;<\/p>\n<p>Hace poco encontramos en casa un verdadero tesoro: el libro de recetas manuscrito de mi bisabuela, de casi 100 a\u00f1os de antig\u00fcedad.&nbsp;<\/p>\n<p>A partir de este folleto, les traer\u00e9 viejos tesoros, recetas familiares de Vas y del condado de Zala, que intentar\u00e9 traer a la era moderna.<\/p>\n<\/li>\n<\/ul>\t\t\t\t\t\t\t\t<\/div>\n\t\t\t\t<\/div>\n\t\t\t\t\t<\/div>\n\t\t<\/div>\n\t\t\t\t<div class=\"elementor-column elementor-col-50 elementor-top-column elementor-element elementor-element-1591e41\" data-id=\"1591e41\" data-element_type=\"column\" data-e-type=\"column\">\n\t\t\t<div class=\"elementor-widget-wrap elementor-element-populated\">\n\t\t\t\t\t\t<div class=\"elementor-element elementor-element-d7e497d elementor-widget elementor-widget-image\" data-id=\"d7e497d\" data-element_type=\"widget\" data-e-type=\"widget\" data-widget_type=\"image.default\">\n\t\t\t\t<div class=\"elementor-widget-container\">\n\t\t\t\t\t\t\t\t\t\t\t\t\t\t\t<img decoding=\"async\" width=\"682\" height=\"1024\" src=\"https:\/\/www.kovasztunder.hu\/wp-content\/uploads\/2025\/02\/IMG_9047.JPG-682x1024.jpeg\" class=\"attachment-large size-large wp-image-5344\" alt=\"Hada de las caba\u00f1as\" srcset=\"https:\/\/www.kovasztunder.hu\/wp-content\/uploads\/2025\/02\/IMG_9047.JPG-682x1024.jpeg 682w, https:\/\/www.kovasztunder.hu\/wp-content\/uploads\/2025\/02\/IMG_9047.JPG-200x300.jpeg 200w, https:\/\/www.kovasztunder.hu\/wp-content\/uploads\/2025\/02\/IMG_9047.JPG-768x1152.jpeg 768w, https:\/\/www.kovasztunder.hu\/wp-content\/uploads\/2025\/02\/IMG_9047.JPG-1024x1536.jpeg 1024w, https:\/\/www.kovasztunder.hu\/wp-content\/uploads\/2025\/02\/IMG_9047.JPG-1365x2048.jpeg 1365w, https:\/\/www.kovasztunder.hu\/wp-content\/uploads\/2025\/02\/IMG_9047.JPG-1920x2881.jpeg 1920w, https:\/\/www.kovasztunder.hu\/wp-content\/uploads\/2025\/02\/IMG_9047.JPG-1440x2161.jpeg 1440w, https:\/\/www.kovasztunder.hu\/wp-content\/uploads\/2025\/02\/IMG_9047.JPG-1200x1801.jpeg 1200w, https:\/\/www.kovasztunder.hu\/wp-content\/uploads\/2025\/02\/IMG_9047.JPG-780x1170.jpeg 780w, https:\/\/www.kovasztunder.hu\/wp-content\/uploads\/2025\/02\/IMG_9047.JPG-600x900.jpeg 600w, https:\/\/www.kovasztunder.hu\/wp-content\/uploads\/2025\/02\/IMG_9047.JPG-550x825.jpeg 550w, https:\/\/www.kovasztunder.hu\/wp-content\/uploads\/2025\/02\/IMG_9047.JPG-370x555.jpeg 370w, https:\/\/www.kovasztunder.hu\/wp-content\/uploads\/2025\/02\/IMG_9047.JPG-255x383.jpeg 255w, https:\/\/www.kovasztunder.hu\/wp-content\/uploads\/2025\/02\/IMG_9047.JPG-scaled.jpeg 1706w\" sizes=\"(max-width: 682px) 100vw, 682px\" \/>\t\t\t\t\t\t\t\t\t\t\t\t\t\t\t<\/div>\n\t\t\t\t<\/div>\n\t\t\t\t<div class=\"elementor-element elementor-element-b0fb2f3 elementor-widget elementor-widget-text-editor\" data-id=\"b0fb2f3\" data-element_type=\"widget\" data-e-type=\"widget\" data-widget_type=\"text-editor.default\">\n\t\t\t\t<div class=\"elementor-widget-container\">\n\t\t\t\t\t\t\t\t\t<p data-path-to-node=\"5\"><b data-path-to-node=\"10\" data-index-in-node=\"0\">\u00bfPor qu\u00e9 se ha creado esta p\u00e1gina?<\/b><\/p><p data-path-to-node=\"10\">Cuando empec\u00e9, estaba perdida en un mar de informaci\u00f3n. Ten\u00eda que buscarla en p\u00e1ginas separadas, no entend\u00eda la jerga y a menudo me daban ganas de abandonar. Me gustar\u00eda que t\u00fa no recorrieras este camino lleno de baches. Aqu\u00ed, en el sitio de Cake Fairy, encontrar\u00e1s todo lo que necesitas para empezar y progresar en un solo lugar: de forma sencilla, clara y en \"lenguaje humano\".<\/p><p data-path-to-node=\"11\">Aunque la protagonista es la masa madre, siempre busco algo nuevo: me encanta probar nuevos utensilios de cocina y modernizar recetas antiguas para demostrar que tradici\u00f3n y progreso pueden ir de la mano.<\/p><p data-path-to-node=\"12\"><strong>\u00danete a m\u00ed y horneemos juntos algo delicioso<\/strong> - sin sobrecargas ni compromisos<\/p>\t\t\t\t\t\t\t\t<\/div>\n\t\t\t\t<\/div>\n\t\t\t\t\t<\/div>\n\t\t<\/div>\n\t\t\t\t\t<\/div>\n\t\t<\/section>\n\t\t\t\t<section class=\"elementor-section elementor-top-section elementor-element elementor-element-e05c37f elementor-section-boxed elementor-section-height-default elementor-section-height-default\" data-id=\"e05c37f\" data-element_type=\"section\" data-e-type=\"section\">\n\t\t\t\t\t\t<div class=\"elementor-container elementor-column-gap-default\">\n\t\t\t\t\t<div class=\"elementor-column elementor-col-100 elementor-top-column elementor-element elementor-element-4407f47\" data-id=\"4407f47\" data-element_type=\"column\" data-e-type=\"column\">\n\t\t\t<div class=\"elementor-widget-wrap elementor-element-populated\">\n\t\t\t\t\t\t<div class=\"elementor-element elementor-element-7365d7b elementor-widget elementor-widget-html\" data-id=\"7365d7b\" data-element_type=\"widget\" data-e-type=\"widget\" data-widget_type=\"html.default\">\n\t\t\t\t<div class=\"elementor-widget-container\">\n\t\t\t\t\t<iframe width=\"934\" height=\"524\" src=\"https:\/\/www.youtube.com\/embed\/-S4OvkAlvHo?si=R2jX0QZL5CGFRn7o\" title=\"Reproductor de v\u00eddeo YouTube\" frameborder=\"0\" allow=\"accelerometer; autoplay; clipboard-write; encrypted-media; gyroscope; picture-in-picture; web-share\" referrerpolicy=\"strict-origin-when-cross-origin\" allowfullscreen><\/iframe>\t\t\t\t<\/div>\n\t\t\t\t<\/div>\n\t\t\t\t\t<\/div>\n\t\t<\/div>\n\t\t\t\t\t<\/div>\n\t\t<\/section>\n\t\t\t\t<\/div>","protected":false},"excerpt":{"rendered":"<p>La historia del hada de la masa madre De la cocina de la cuarentena a la herencia de mi abuela. Bianka Hosszu \u00a1Hola! Soy Bianka, la creadora del sitio web del Hada de la Salchicha. Mucha gente me pregunta de d\u00f3nde viene el nombre. No lo invent\u00e9 yo, fue un regalo de mi hermana. Cuando empec\u00e9 a hornear, ella era una de mis catadoras m\u00e1s entusiastas. Antes hab\u00eda luchado mucho contra la hinchaz\u00f3n de est\u00f3mago que le produc\u00edan los productos horneados con levadura y la sensaci\u00f3n de pesadez ...<\/p>","protected":false},"author":1,"featured_media":0,"parent":0,"menu_order":0,"comment_status":"closed","ping_status":"closed","template":"elementor_header_footer","meta":{"wprm-recipe-roundup-name":"","wprm-recipe-roundup-description":"","tinysalt_hide_before_page_content_ad":"","tinysalt_hide_after_page_content_ad":"","tinysalt_hide_page_header":"on","tinysalt_advanced_classname":"","tinysalt_page_featured_media_position":"","tinysalt_single_site_header_source":"","tinysalt_single_custom_site_header":"0","tinysalt_single_custom_sticky_site_header":"0","tinysalt_single_custom_sticky_site_header_style":"sticky-scroll-up","tinysalt_single_site_footer_source":"","tinysalt_single_custom_site_footer":"0","footnotes":""},"class_list":["post-1216","page","type-page","status-publish","hentry"],"yoast_head":"<!-- This site is optimized with the Yoast SEO Premium plugin v24.4 (Yoast SEO v27.3) - https:\/\/yoast.com\/product\/yoast-seo-premium-wordpress\/ -->\n<title>Bemutatkoz\u00f3 - Kov\u00e1szT\u00fcnd\u00e9r<\/title>\n<meta name=\"robots\" content=\"index, follow, max-snippet:-1, max-image-preview:large, max-video-preview:-1\" \/>\n<link rel=\"canonical\" href=\"https:\/\/www.kovasztunder.hu\/es\/introduccion\" \/>\n<meta property=\"og:locale\" content=\"es_ES\" \/>\n<meta property=\"og:type\" content=\"article\" \/>\n<meta property=\"og:title\" content=\"Bemutatkoz\u00f3\" \/>\n<meta property=\"og:description\" content=\"A Kov\u00e1szT\u00fcnd\u00e9r t\u00f6rt\u00e9nete\u00a0 A karant\u00e9nkonyh\u00e1t\u00f3l a nagymam\u00e1m \u00f6r\u00f6ks\u00e9g\u00e9ig. Hosszu Bianka Szia! Bianka vagyok, a Kov\u00e1szT\u00fcnd\u00e9r oldal meg\u00e1lmod\u00f3ja. Sokan k\u00e9rdezik, honnan j\u00f6tt a n\u00e9v. Nem \u00e9n tal\u00e1ltam ki, hanem a h\u00fagom aj\u00e1nd\u00e9ka volt. Amikor elkezdtem s\u00fctni, \u0151 volt az egyik leglelkesebb k\u00f3stol\u00f3m. Kor\u00e1bban sokat k\u00fczd\u00f6tt azzal, hogy az \u00e9leszt\u0151s p\u00e9k\u00e1rukt\u00f3l puffadt a hasa, \u00e9s neh\u00e9znek \u00e9rezte ...\" \/>\n<meta property=\"og:url\" content=\"https:\/\/www.kovasztunder.hu\/es\/introduccion\" \/>\n<meta property=\"og:site_name\" content=\"Kov\u00e1szT\u00fcnd\u00e9r\" \/>\n<meta property=\"article:modified_time\" content=\"2025-12-29T19:48:50+00:00\" \/>\n<meta property=\"og:image\" content=\"https:\/\/www.kovasztunder.hu\/wp-content\/uploads\/2025\/02\/IMG_9047.JPG-scaled.jpeg\" \/>\n\t<meta property=\"og:image:width\" content=\"1706\" \/>\n\t<meta property=\"og:image:height\" content=\"2560\" \/>\n\t<meta property=\"og:image:type\" content=\"image\/jpeg\" \/>\n<meta name=\"twitter:card\" content=\"summary_large_image\" \/>\n<meta name=\"twitter:label1\" content=\"Tiempo de lectura\" \/>\n\t<meta name=\"twitter:data1\" content=\"3 minutos\" \/>\n<script type=\"application\/ld+json\" class=\"yoast-schema-graph\">{\"@context\":\"https:\\\/\\\/schema.org\",\"@graph\":[{\"@type\":\"WebPage\",\"@id\":\"https:\\\/\\\/www.kovasztunder.hu\\\/bemutatkozo\",\"url\":\"https:\\\/\\\/www.kovasztunder.hu\\\/bemutatkozo\",\"name\":\"Bemutatkoz\u00f3 - Kov\u00e1szT\u00fcnd\u00e9r\",\"isPartOf\":{\"@id\":\"https:\\\/\\\/www.kovasztunder.hu\\\/#website\"},\"primaryImageOfPage\":{\"@id\":\"https:\\\/\\\/www.kovasztunder.hu\\\/bemutatkozo#primaryimage\"},\"image\":{\"@id\":\"https:\\\/\\\/www.kovasztunder.hu\\\/bemutatkozo#primaryimage\"},\"thumbnailUrl\":\"https:\\\/\\\/www.kovasztunder.hu\\\/wp-content\\\/uploads\\\/2025\\\/02\\\/IMG_9047.JPG-682x1024.jpeg\",\"datePublished\":\"2022-08-11T14:36:21+00:00\",\"dateModified\":\"2025-12-29T19:48:50+00:00\",\"breadcrumb\":{\"@id\":\"https:\\\/\\\/www.kovasztunder.hu\\\/bemutatkozo#breadcrumb\"},\"inLanguage\":\"es\",\"potentialAction\":[{\"@type\":\"ReadAction\",\"target\":[\"https:\\\/\\\/www.kovasztunder.hu\\\/bemutatkozo\"]}]},{\"@type\":\"ImageObject\",\"inLanguage\":\"es\",\"@id\":\"https:\\\/\\\/www.kovasztunder.hu\\\/bemutatkozo#primaryimage\",\"url\":\"https:\\\/\\\/www.kovasztunder.hu\\\/wp-content\\\/uploads\\\/2025\\\/02\\\/IMG_9047.JPG-682x1024.jpeg\",\"contentUrl\":\"https:\\\/\\\/www.kovasztunder.hu\\\/wp-content\\\/uploads\\\/2025\\\/02\\\/IMG_9047.JPG-682x1024.jpeg\"},{\"@type\":\"BreadcrumbList\",\"@id\":\"https:\\\/\\\/www.kovasztunder.hu\\\/bemutatkozo#breadcrumb\",\"itemListElement\":[{\"@type\":\"ListItem\",\"position\":1,\"name\":\"Home\",\"item\":\"https:\\\/\\\/www.kovasztunder.hu\\\/\"},{\"@type\":\"ListItem\",\"position\":2,\"name\":\"Bemutatkoz\u00f3\"}]},{\"@type\":\"WebSite\",\"@id\":\"https:\\\/\\\/www.kovasztunder.hu\\\/#website\",\"url\":\"https:\\\/\\\/www.kovasztunder.hu\\\/\",\"name\":\"Kov\u00e1szT\u00fcnd\u00e9r\",\"description\":\"A kov\u00e1sz legyen veletek!\",\"publisher\":{\"@id\":\"https:\\\/\\\/www.kovasztunder.hu\\\/#organization\"},\"potentialAction\":[{\"@type\":\"SearchAction\",\"target\":{\"@type\":\"EntryPoint\",\"urlTemplate\":\"https:\\\/\\\/www.kovasztunder.hu\\\/?s={search_term_string}\"},\"query-input\":{\"@type\":\"PropertyValueSpecification\",\"valueRequired\":true,\"valueName\":\"search_term_string\"}}],\"inLanguage\":\"es\"},{\"@type\":\"Organization\",\"@id\":\"https:\\\/\\\/www.kovasztunder.hu\\\/#organization\",\"name\":\"Kov\u00e1szT\u00fcnd\u00e9r\",\"url\":\"https:\\\/\\\/www.kovasztunder.hu\\\/\",\"logo\":{\"@type\":\"ImageObject\",\"inLanguage\":\"es\",\"@id\":\"https:\\\/\\\/www.kovasztunder.hu\\\/#\\\/schema\\\/logo\\\/image\\\/\",\"url\":\"https:\\\/\\\/www.kovasztunder.hu\\\/wp-content\\\/uploads\\\/2023\\\/02\\\/kovasztunder_logo.png\",\"contentUrl\":\"https:\\\/\\\/www.kovasztunder.hu\\\/wp-content\\\/uploads\\\/2023\\\/02\\\/kovasztunder_logo.png\",\"width\":1638,\"height\":487,\"caption\":\"Kov\u00e1szT\u00fcnd\u00e9r\"},\"image\":{\"@id\":\"https:\\\/\\\/www.kovasztunder.hu\\\/#\\\/schema\\\/logo\\\/image\\\/\"},\"sameAs\":[\"https:\\\/\\\/www.youtube.com\\\/@kovasztunder\",\"https:\\\/\\\/www.instagram.com\\\/kovasztunder\\\/\"]}]}<\/script>\n<!-- \/ Yoast SEO Premium plugin. -->","yoast_head_json":{"title":"Presentaci\u00f3n - Kov\u00e1szT\u00e4f\u00e9r","robots":{"index":"index","follow":"follow","max-snippet":"max-snippet:-1","max-image-preview":"max-image-preview:large","max-video-preview":"max-video-preview:-1"},"canonical":"https:\/\/www.kovasztunder.hu\/es\/introduccion","og_locale":"es_ES","og_type":"article","og_title":"Bemutatkoz\u00f3","og_description":"A Kov\u00e1szT\u00fcnd\u00e9r t\u00f6rt\u00e9nete\u00a0 A karant\u00e9nkonyh\u00e1t\u00f3l a nagymam\u00e1m \u00f6r\u00f6ks\u00e9g\u00e9ig. Hosszu Bianka Szia! Bianka vagyok, a Kov\u00e1szT\u00fcnd\u00e9r oldal meg\u00e1lmod\u00f3ja. Sokan k\u00e9rdezik, honnan j\u00f6tt a n\u00e9v. Nem \u00e9n tal\u00e1ltam ki, hanem a h\u00fagom aj\u00e1nd\u00e9ka volt. Amikor elkezdtem s\u00fctni, \u0151 volt az egyik leglelkesebb k\u00f3stol\u00f3m. Kor\u00e1bban sokat k\u00fczd\u00f6tt azzal, hogy az \u00e9leszt\u0151s p\u00e9k\u00e1rukt\u00f3l puffadt a hasa, \u00e9s neh\u00e9znek \u00e9rezte ...","og_url":"https:\/\/www.kovasztunder.hu\/es\/introduccion","og_site_name":"Kov\u00e1szT\u00fcnd\u00e9r","article_modified_time":"2025-12-29T19:48:50+00:00","og_image":[{"width":1706,"height":2560,"url":"https:\/\/www.kovasztunder.hu\/wp-content\/uploads\/2025\/02\/IMG_9047.JPG-scaled.jpeg","type":"image\/jpeg"}],"twitter_card":"summary_large_image","twitter_misc":{"Tiempo de lectura":"3 minutos"},"schema":{"@context":"https:\/\/schema.org","@graph":[{"@type":"WebPage","@id":"https:\/\/www.kovasztunder.hu\/bemutatkozo","url":"https:\/\/www.kovasztunder.hu\/bemutatkozo","name":"Presentaci\u00f3n - Kov\u00e1szT\u00e4f\u00e9r","isPartOf":{"@id":"https:\/\/www.kovasztunder.hu\/#website"},"primaryImageOfPage":{"@id":"https:\/\/www.kovasztunder.hu\/bemutatkozo#primaryimage"},"image":{"@id":"https:\/\/www.kovasztunder.hu\/bemutatkozo#primaryimage"},"thumbnailUrl":"https:\/\/www.kovasztunder.hu\/wp-content\/uploads\/2025\/02\/IMG_9047.JPG-682x1024.jpeg","datePublished":"2022-08-11T14:36:21+00:00","dateModified":"2025-12-29T19:48:50+00:00","breadcrumb":{"@id":"https:\/\/www.kovasztunder.hu\/bemutatkozo#breadcrumb"},"inLanguage":"es","potentialAction":[{"@type":"ReadAction","target":["https:\/\/www.kovasztunder.hu\/bemutatkozo"]}]},{"@type":"ImageObject","inLanguage":"es","@id":"https:\/\/www.kovasztunder.hu\/bemutatkozo#primaryimage","url":"https:\/\/www.kovasztunder.hu\/wp-content\/uploads\/2025\/02\/IMG_9047.JPG-682x1024.jpeg","contentUrl":"https:\/\/www.kovasztunder.hu\/wp-content\/uploads\/2025\/02\/IMG_9047.JPG-682x1024.jpeg"},{"@type":"BreadcrumbList","@id":"https:\/\/www.kovasztunder.hu\/bemutatkozo#breadcrumb","itemListElement":[{"@type":"ListItem","position":1,"name":"Home","item":"https:\/\/www.kovasztunder.hu\/"},{"@type":"ListItem","position":2,"name":"Bemutatkoz\u00f3"}]},{"@type":"WebSite","@id":"https:\/\/www.kovasztunder.hu\/#website","url":"https:\/\/www.kovasztunder.hu\/","name":"Hada de las caba\u00f1as","description":"\u00a1Que la masa madre te acompa\u00f1e!","publisher":{"@id":"https:\/\/www.kovasztunder.hu\/#organization"},"potentialAction":[{"@type":"SearchAction","target":{"@type":"EntryPoint","urlTemplate":"https:\/\/www.kovasztunder.hu\/?s={search_term_string}"},"query-input":{"@type":"PropertyValueSpecification","valueRequired":true,"valueName":"search_term_string"}}],"inLanguage":"es"},{"@type":"Organization","@id":"https:\/\/www.kovasztunder.hu\/#organization","name":"Hada de las caba\u00f1as","url":"https:\/\/www.kovasztunder.hu\/","logo":{"@type":"ImageObject","inLanguage":"es","@id":"https:\/\/www.kovasztunder.hu\/#\/schema\/logo\/image\/","url":"https:\/\/www.kovasztunder.hu\/wp-content\/uploads\/2023\/02\/kovasztunder_logo.png","contentUrl":"https:\/\/www.kovasztunder.hu\/wp-content\/uploads\/2023\/02\/kovasztunder_logo.png","width":1638,"height":487,"caption":"Kov\u00e1szT\u00fcnd\u00e9r"},"image":{"@id":"https:\/\/www.kovasztunder.hu\/#\/schema\/logo\/image\/"},"sameAs":["https:\/\/www.youtube.com\/@kovasztunder","https:\/\/www.instagram.com\/kovasztunder\/"]}]}},"_links":{"self":[{"href":"https:\/\/www.kovasztunder.hu\/es\/wp-json\/wp\/v2\/pages\/1216","targetHints":{"allow":["GET"]}}],"collection":[{"href":"https:\/\/www.kovasztunder.hu\/es\/wp-json\/wp\/v2\/pages"}],"about":[{"href":"https:\/\/www.kovasztunder.hu\/es\/wp-json\/wp\/v2\/types\/page"}],"author":[{"embeddable":true,"href":"https:\/\/www.kovasztunder.hu\/es\/wp-json\/wp\/v2\/users\/1"}],"replies":[{"embeddable":true,"href":"https:\/\/www.kovasztunder.hu\/es\/wp-json\/wp\/v2\/comments?post=1216"}],"version-history":[{"count":0,"href":"https:\/\/www.kovasztunder.hu\/es\/wp-json\/wp\/v2\/pages\/1216\/revisions"}],"wp:attachment":[{"href":"https:\/\/www.kovasztunder.hu\/es\/wp-json\/wp\/v2\/media?parent=1216"}],"curies":[{"name":"wp","href":"https:\/\/api.w.org\/{rel}","templated":true}]}}