{"id":3082,"date":"2023-02-04T21:54:06","date_gmt":"2023-02-04T20:54:06","guid":{"rendered":"https:\/\/www.kovasztunder.hu\/?page_id=3082"},"modified":"2023-02-04T22:02:02","modified_gmt":"2023-02-04T21:02:02","slug":"jaleas-de-harinas","status":"publish","type":"page","link":"https:\/\/www.kovasztunder.hu\/es\/jaleas-de-harinas","title":{"rendered":"Marcado de las harinas"},"content":{"rendered":"<div data-elementor-type=\"wp-page\" data-elementor-id=\"3082\" class=\"elementor elementor-3082\" data-elementor-post-type=\"page\">\n\t\t\t\t\t\t<section class=\"elementor-section elementor-top-section elementor-element elementor-element-d45bd0e elementor-section-boxed elementor-section-height-default elementor-section-height-default\" data-id=\"d45bd0e\" data-element_type=\"section\" data-e-type=\"section\">\n\t\t\t\t\t\t<div class=\"elementor-container elementor-column-gap-default\">\n\t\t\t\t\t<div class=\"elementor-column elementor-col-100 elementor-top-column elementor-element elementor-element-039ca73\" data-id=\"039ca73\" data-element_type=\"column\" data-e-type=\"column\">\n\t\t\t<div class=\"elementor-widget-wrap elementor-element-populated\">\n\t\t\t\t\t\t<div class=\"elementor-element elementor-element-1af82c3 elementor-widget elementor-widget-text-editor\" data-id=\"1af82c3\" data-element_type=\"widget\" data-e-type=\"widget\" data-widget_type=\"text-editor.default\">\n\t\t\t\t<div class=\"elementor-widget-container\">\n\t\t\t\t\t\t\t\t\t<p>Es el ingrediente m\u00e1s importante de todo lo que se hornea. Si se quiere hacer un pan de calidad, hay que utilizar harina de calidad. Mucha gente no est\u00e1 familiarizada con el etiquetado y las abreviaturas de las harinas y piensa que s\u00f3lo existe la harina fina BL-55, pero hay una gama muy amplia de harinas. A continuaci\u00f3n me gustar\u00eda profundizar en ellas y ofrecer una visi\u00f3n general de las harinas m\u00e1s comunes.<\/p>\n<p><strong> La primera letra indica siempre el tipo de grano:<\/strong><\/p>\n<p>B - trigo<br>TB - trigo espelta<br>KB - trigo rey <br>R - centeno<br>D - durum<br>G - graham<br>&#8230;<\/p>\n<p><strong>La segunda letra indica el tama\u00f1o del grano:<\/strong><\/p>\n<p>L - harina - harina fina de grano fino<br>F - pegadizo<br>FF - doble captura<br>FFF - triple diente - granulometr\u00eda m\u00e1s gruesa<br>AD - dara<\/p>\n<p><strong>Y el n\u00famero indica el contenido en cenizas<\/strong>Cuanto mayor sea este n\u00famero, mayor ser\u00e1 el contenido mineral de la harina. <br><\/p>\t\t\t\t\t\t\t\t<\/div>\n\t\t\t\t<\/div>\n\t\t\t\t\t<\/div>\n\t\t<\/div>\n\t\t\t\t\t<\/div>\n\t\t<\/section>\n\t\t\t\t<\/div>","protected":false},"excerpt":{"rendered":"<p>Es el ingrediente m\u00e1s importante de todo lo que se hornea. Si se quiere hacer un pan de calidad, hay que utilizar harina de calidad. Mucha gente no est\u00e1 familiarizada con el etiquetado y las abreviaturas de las harinas y piensa que s\u00f3lo existe la harina fina BL-55, pero hay una gama muy amplia de harinas. A continuaci\u00f3n me gustar\u00eda profundizar en ellas y dar una visi\u00f3n general de las harinas m\u00e1s comunes. La primera letra indica siempre el tipo de grano ...<\/p>","protected":false},"author":1,"featured_media":3083,"parent":0,"menu_order":0,"comment_status":"closed","ping_status":"closed","template":"template-4.php","meta":{"wprm-recipe-roundup-name":"","wprm-recipe-roundup-description":"","tinysalt_hide_before_page_content_ad":"","tinysalt_hide_after_page_content_ad":"","tinysalt_hide_page_header":"","tinysalt_advanced_classname":"","tinysalt_page_featured_media_position":"","tinysalt_single_site_header_source":"","tinysalt_single_custom_site_header":"0","tinysalt_single_custom_sticky_site_header":"0","tinysalt_single_custom_sticky_site_header_style":"sticky-scroll-up","tinysalt_single_site_footer_source":"","tinysalt_single_custom_site_footer":"0","footnotes":""},"class_list":["post-3082","page","type-page","status-publish","has-post-thumbnail","hentry"],"yoast_head":"<!-- This site is optimized with the Yoast SEO Premium plugin v24.4 (Yoast SEO v27.3) - https:\/\/yoast.com\/product\/yoast-seo-premium-wordpress\/ -->\n<title>A lisztek jel\u00f6l\u00e9sei - Kov\u00e1szT\u00fcnd\u00e9r<\/title>\n<meta name=\"robots\" content=\"index, follow, max-snippet:-1, max-image-preview:large, max-video-preview:-1\" \/>\n<link rel=\"canonical\" href=\"https:\/\/www.kovasztunder.hu\/es\/jaleas-de-harinas\" \/>\n<meta property=\"og:locale\" content=\"es_ES\" \/>\n<meta property=\"og:type\" content=\"article\" \/>\n<meta property=\"og:title\" content=\"A lisztek jel\u00f6l\u00e9sei\" \/>\n<meta property=\"og:description\" content=\"A legfontosabb alapanyag b\u00e1rmit s\u00fct\u00fcnk, ha min\u0151s\u00e9gi kenyeret akarunk s\u00fctni min\u0151s\u00e9gi lisztet is kell haszn\u00e1lnunk. Sokan nincsenek tiszt\u00e1ba a lisztek jel\u00f6l\u00e9s\u00e9vel, r\u00f6vid\u00edt\u00e9seivel \u00e9s azt hiszik, hogy csak a sima BL-55-\u00f6s finomliszt l\u00e9tezik, pedig nagyon sz\u00e9les a lisztek palett\u00e1ja. Ezeket szeretn\u00e9m most r\u00e9szletezni, illetve a legelterjedtebb liszteket nagyj\u00e1b\u00f3l bemutatni. Az els\u0151 bet\u0171 mindig a gabona fajt\u00e1j\u00e1t ...\" \/>\n<meta property=\"og:url\" content=\"https:\/\/www.kovasztunder.hu\/es\/jaleas-de-harinas\" \/>\n<meta property=\"og:site_name\" content=\"Kov\u00e1szT\u00fcnd\u00e9r\" \/>\n<meta property=\"article:modified_time\" content=\"2023-02-04T21:02:02+00:00\" \/>\n<meta property=\"og:image\" content=\"https:\/\/www.kovasztunder.hu\/wp-content\/uploads\/2023\/02\/lisztek-scaled.jpg\" \/>\n\t<meta property=\"og:image:width\" content=\"1920\" \/>\n\t<meta property=\"og:image:height\" content=\"2560\" \/>\n\t<meta property=\"og:image:type\" content=\"image\/jpeg\" \/>\n<meta name=\"twitter:card\" content=\"summary_large_image\" \/>\n<meta name=\"twitter:label1\" content=\"Tiempo de lectura\" \/>\n\t<meta name=\"twitter:data1\" content=\"1 minuto\" \/>\n<script type=\"application\/ld+json\" class=\"yoast-schema-graph\">{\"@context\":\"https:\\\/\\\/schema.org\",\"@graph\":[{\"@type\":\"WebPage\",\"@id\":\"https:\\\/\\\/www.kovasztunder.hu\\\/a-lisztek-jelolesei\",\"url\":\"https:\\\/\\\/www.kovasztunder.hu\\\/a-lisztek-jelolesei\",\"name\":\"A lisztek jel\u00f6l\u00e9sei - Kov\u00e1szT\u00fcnd\u00e9r\",\"isPartOf\":{\"@id\":\"https:\\\/\\\/www.kovasztunder.hu\\\/#website\"},\"primaryImageOfPage\":{\"@id\":\"https:\\\/\\\/www.kovasztunder.hu\\\/a-lisztek-jelolesei#primaryimage\"},\"image\":{\"@id\":\"https:\\\/\\\/www.kovasztunder.hu\\\/a-lisztek-jelolesei#primaryimage\"},\"thumbnailUrl\":\"https:\\\/\\\/www.kovasztunder.hu\\\/wp-content\\\/uploads\\\/2023\\\/02\\\/lisztek-scaled.jpg\",\"datePublished\":\"2023-02-04T20:54:06+00:00\",\"dateModified\":\"2023-02-04T21:02:02+00:00\",\"breadcrumb\":{\"@id\":\"https:\\\/\\\/www.kovasztunder.hu\\\/a-lisztek-jelolesei#breadcrumb\"},\"inLanguage\":\"es\",\"potentialAction\":[{\"@type\":\"ReadAction\",\"target\":[\"https:\\\/\\\/www.kovasztunder.hu\\\/a-lisztek-jelolesei\"]}]},{\"@type\":\"ImageObject\",\"inLanguage\":\"es\",\"@id\":\"https:\\\/\\\/www.kovasztunder.hu\\\/a-lisztek-jelolesei#primaryimage\",\"url\":\"https:\\\/\\\/www.kovasztunder.hu\\\/wp-content\\\/uploads\\\/2023\\\/02\\\/lisztek-scaled.jpg\",\"contentUrl\":\"https:\\\/\\\/www.kovasztunder.hu\\\/wp-content\\\/uploads\\\/2023\\\/02\\\/lisztek-scaled.jpg\",\"width\":1920,\"height\":2560},{\"@type\":\"BreadcrumbList\",\"@id\":\"https:\\\/\\\/www.kovasztunder.hu\\\/a-lisztek-jelolesei#breadcrumb\",\"itemListElement\":[{\"@type\":\"ListItem\",\"position\":1,\"name\":\"Home\",\"item\":\"https:\\\/\\\/www.kovasztunder.hu\\\/\"},{\"@type\":\"ListItem\",\"position\":2,\"name\":\"A lisztek jel\u00f6l\u00e9sei\"}]},{\"@type\":\"WebSite\",\"@id\":\"https:\\\/\\\/www.kovasztunder.hu\\\/#website\",\"url\":\"https:\\\/\\\/www.kovasztunder.hu\\\/\",\"name\":\"Kov\u00e1szT\u00fcnd\u00e9r\",\"description\":\"A kov\u00e1sz legyen veletek!\",\"publisher\":{\"@id\":\"https:\\\/\\\/www.kovasztunder.hu\\\/#organization\"},\"potentialAction\":[{\"@type\":\"SearchAction\",\"target\":{\"@type\":\"EntryPoint\",\"urlTemplate\":\"https:\\\/\\\/www.kovasztunder.hu\\\/?s={search_term_string}\"},\"query-input\":{\"@type\":\"PropertyValueSpecification\",\"valueRequired\":true,\"valueName\":\"search_term_string\"}}],\"inLanguage\":\"es\"},{\"@type\":\"Organization\",\"@id\":\"https:\\\/\\\/www.kovasztunder.hu\\\/#organization\",\"name\":\"Kov\u00e1szT\u00fcnd\u00e9r\",\"url\":\"https:\\\/\\\/www.kovasztunder.hu\\\/\",\"logo\":{\"@type\":\"ImageObject\",\"inLanguage\":\"es\",\"@id\":\"https:\\\/\\\/www.kovasztunder.hu\\\/#\\\/schema\\\/logo\\\/image\\\/\",\"url\":\"https:\\\/\\\/www.kovasztunder.hu\\\/wp-content\\\/uploads\\\/2023\\\/02\\\/kovasztunder_logo.png\",\"contentUrl\":\"https:\\\/\\\/www.kovasztunder.hu\\\/wp-content\\\/uploads\\\/2023\\\/02\\\/kovasztunder_logo.png\",\"width\":1638,\"height\":487,\"caption\":\"Kov\u00e1szT\u00fcnd\u00e9r\"},\"image\":{\"@id\":\"https:\\\/\\\/www.kovasztunder.hu\\\/#\\\/schema\\\/logo\\\/image\\\/\"},\"sameAs\":[\"https:\\\/\\\/www.youtube.com\\\/@kovasztunder\",\"https:\\\/\\\/www.instagram.com\\\/kovasztunder\\\/\"]}]}<\/script>\n<!-- \/ Yoast SEO Premium plugin. -->","yoast_head_json":{"title":"Marcado de harinas - Hada Kov\u00e1szT","robots":{"index":"index","follow":"follow","max-snippet":"max-snippet:-1","max-image-preview":"max-image-preview:large","max-video-preview":"max-video-preview:-1"},"canonical":"https:\/\/www.kovasztunder.hu\/es\/jaleas-de-harinas","og_locale":"es_ES","og_type":"article","og_title":"A lisztek jel\u00f6l\u00e9sei","og_description":"A legfontosabb alapanyag b\u00e1rmit s\u00fct\u00fcnk, ha min\u0151s\u00e9gi kenyeret akarunk s\u00fctni min\u0151s\u00e9gi lisztet is kell haszn\u00e1lnunk. Sokan nincsenek tiszt\u00e1ba a lisztek jel\u00f6l\u00e9s\u00e9vel, r\u00f6vid\u00edt\u00e9seivel \u00e9s azt hiszik, hogy csak a sima BL-55-\u00f6s finomliszt l\u00e9tezik, pedig nagyon sz\u00e9les a lisztek palett\u00e1ja. Ezeket szeretn\u00e9m most r\u00e9szletezni, illetve a legelterjedtebb liszteket nagyj\u00e1b\u00f3l bemutatni. Az els\u0151 bet\u0171 mindig a gabona fajt\u00e1j\u00e1t ...","og_url":"https:\/\/www.kovasztunder.hu\/es\/jaleas-de-harinas","og_site_name":"Kov\u00e1szT\u00fcnd\u00e9r","article_modified_time":"2023-02-04T21:02:02+00:00","og_image":[{"width":1920,"height":2560,"url":"https:\/\/www.kovasztunder.hu\/wp-content\/uploads\/2023\/02\/lisztek-scaled.jpg","type":"image\/jpeg"}],"twitter_card":"summary_large_image","twitter_misc":{"Tiempo de lectura":"1 minuto"},"schema":{"@context":"https:\/\/schema.org","@graph":[{"@type":"WebPage","@id":"https:\/\/www.kovasztunder.hu\/a-lisztek-jelolesei","url":"https:\/\/www.kovasztunder.hu\/a-lisztek-jelolesei","name":"Marcado de harinas - Hada Kov\u00e1szT","isPartOf":{"@id":"https:\/\/www.kovasztunder.hu\/#website"},"primaryImageOfPage":{"@id":"https:\/\/www.kovasztunder.hu\/a-lisztek-jelolesei#primaryimage"},"image":{"@id":"https:\/\/www.kovasztunder.hu\/a-lisztek-jelolesei#primaryimage"},"thumbnailUrl":"https:\/\/www.kovasztunder.hu\/wp-content\/uploads\/2023\/02\/lisztek-scaled.jpg","datePublished":"2023-02-04T20:54:06+00:00","dateModified":"2023-02-04T21:02:02+00:00","breadcrumb":{"@id":"https:\/\/www.kovasztunder.hu\/a-lisztek-jelolesei#breadcrumb"},"inLanguage":"es","potentialAction":[{"@type":"ReadAction","target":["https:\/\/www.kovasztunder.hu\/a-lisztek-jelolesei"]}]},{"@type":"ImageObject","inLanguage":"es","@id":"https:\/\/www.kovasztunder.hu\/a-lisztek-jelolesei#primaryimage","url":"https:\/\/www.kovasztunder.hu\/wp-content\/uploads\/2023\/02\/lisztek-scaled.jpg","contentUrl":"https:\/\/www.kovasztunder.hu\/wp-content\/uploads\/2023\/02\/lisztek-scaled.jpg","width":1920,"height":2560},{"@type":"BreadcrumbList","@id":"https:\/\/www.kovasztunder.hu\/a-lisztek-jelolesei#breadcrumb","itemListElement":[{"@type":"ListItem","position":1,"name":"Home","item":"https:\/\/www.kovasztunder.hu\/"},{"@type":"ListItem","position":2,"name":"A lisztek jel\u00f6l\u00e9sei"}]},{"@type":"WebSite","@id":"https:\/\/www.kovasztunder.hu\/#website","url":"https:\/\/www.kovasztunder.hu\/","name":"Hada de las caba\u00f1as","description":"\u00a1Que la masa madre te acompa\u00f1e!","publisher":{"@id":"https:\/\/www.kovasztunder.hu\/#organization"},"potentialAction":[{"@type":"SearchAction","target":{"@type":"EntryPoint","urlTemplate":"https:\/\/www.kovasztunder.hu\/?s={search_term_string}"},"query-input":{"@type":"PropertyValueSpecification","valueRequired":true,"valueName":"search_term_string"}}],"inLanguage":"es"},{"@type":"Organization","@id":"https:\/\/www.kovasztunder.hu\/#organization","name":"Hada de las caba\u00f1as","url":"https:\/\/www.kovasztunder.hu\/","logo":{"@type":"ImageObject","inLanguage":"es","@id":"https:\/\/www.kovasztunder.hu\/#\/schema\/logo\/image\/","url":"https:\/\/www.kovasztunder.hu\/wp-content\/uploads\/2023\/02\/kovasztunder_logo.png","contentUrl":"https:\/\/www.kovasztunder.hu\/wp-content\/uploads\/2023\/02\/kovasztunder_logo.png","width":1638,"height":487,"caption":"Kov\u00e1szT\u00fcnd\u00e9r"},"image":{"@id":"https:\/\/www.kovasztunder.hu\/#\/schema\/logo\/image\/"},"sameAs":["https:\/\/www.youtube.com\/@kovasztunder","https:\/\/www.instagram.com\/kovasztunder\/"]}]}},"_links":{"self":[{"href":"https:\/\/www.kovasztunder.hu\/es\/wp-json\/wp\/v2\/pages\/3082","targetHints":{"allow":["GET"]}}],"collection":[{"href":"https:\/\/www.kovasztunder.hu\/es\/wp-json\/wp\/v2\/pages"}],"about":[{"href":"https:\/\/www.kovasztunder.hu\/es\/wp-json\/wp\/v2\/types\/page"}],"author":[{"embeddable":true,"href":"https:\/\/www.kovasztunder.hu\/es\/wp-json\/wp\/v2\/users\/1"}],"replies":[{"embeddable":true,"href":"https:\/\/www.kovasztunder.hu\/es\/wp-json\/wp\/v2\/comments?post=3082"}],"version-history":[{"count":0,"href":"https:\/\/www.kovasztunder.hu\/es\/wp-json\/wp\/v2\/pages\/3082\/revisions"}],"wp:featuredmedia":[{"embeddable":true,"href":"https:\/\/www.kovasztunder.hu\/es\/wp-json\/wp\/v2\/media\/3083"}],"wp:attachment":[{"href":"https:\/\/www.kovasztunder.hu\/es\/wp-json\/wp\/v2\/media?parent=3082"}],"curies":[{"name":"wp","href":"https:\/\/api.w.org\/{rel}","templated":true}]}}