{"id":5481,"date":"2025-02-17T17:57:48","date_gmt":"2025-02-17T16:57:48","guid":{"rendered":"https:\/\/www.kovasztunder.hu\/?page_id=5481"},"modified":"2025-02-17T17:57:49","modified_gmt":"2025-02-17T16:57:49","slug":"niveles-este","status":"publish","type":"page","link":"https:\/\/www.kovasztunder.hu\/es\/niveles-este","title":{"rendered":"Niveles"},"content":{"rendered":"<p><strong>Niveles de maduraci\u00f3n de los productos de panader\u00eda<\/strong><br>Existen diferentes etapas en el proceso de fermentaci\u00f3n, cada una con sus propias caracter\u00edsticas.<\/p>\n\n\n\n<p><strong>Primera fermentaci\u00f3n (fermentaci\u00f3n a granel)<\/strong><br>Este proceso comienza inmediatamente despu\u00e9s de la elaboraci\u00f3n de la masa, desde el momento en que se a\u00f1ade la levadura.<br>- Duraci\u00f3n: normalmente de 4 a 12 horas<br>- Temperatura: idealmente entre 24-26\u00b0C<br><strong>- Caracter\u00edsticas:<\/strong><br>- El volumen de la masa aumenta lentamente<br>- Empiezan a formarse burbujas en la masa<br>- El sabor y el aroma comienzan a desarrollarse<\/p>\n\n\n\n<p><strong>Segunda pasada (Prueba)<\/strong><br>Viene despu\u00e9s de dar forma, justo antes de hornear.<br>- Duraci\u00f3n: 1-4 horas<br>- Temperatura: 24-28\u00b0C<br><strong>- Caracter\u00edsticas:<\/strong><br>- La masa alcanza su volumen final<br>- La estructura de la burbuja se estabiliza<br>- Los sabores se enriquecen a\u00fan m\u00e1s<\/p>\n\n\n\n<p><strong>Fermentaci\u00f3n prolongada (Fermentaci\u00f3n prolongada)<\/strong><br>- Duraci\u00f3n: 18-32 horas<br>- Temperatura: 4-10\u00b0C (refrigerado)<br><strong>- Caracter\u00edsticas:<\/strong><br>- Se desarrollan sabores m\u00e1s intensos<br>- Mejora la estructura de la masa<br>- Los nutrientes se absorben mejor<br>Ser\u00e1 m\u00e1s f\u00e1cil dar forma y cortar la masa, porque ser\u00e1 menos<br><\/p>\n\n\n\n<p><strong>Bajo peso (o con poca camiseta)\u00a0<\/strong><br>Un problema com\u00fan con los productos de panader\u00eda de masa madre. La cocci\u00f3n insuficiente suele ser el resultado de un tiempo de fermentaci\u00f3n o una temperatura inadecuados. La soluci\u00f3n suele ser prolongar el tiempo de fermentaci\u00f3n y garantizar la temperatura adecuada. Es importante utilizar un fermento activo y fuerte y prestar atenci\u00f3n al estado de la masa durante la fermentaci\u00f3n.<\/p>\n\n\n\n<p><strong>Se\u00f1ales externas:<\/strong><br>- Pan m\u00e1s peque\u00f1o y pesado de lo esperado<br>- \"Orejas\" excesivamente prominentes y grandes en las muescas<br>- Pueden aparecer grietas a lo largo de las muescas<\/p>\n\n\n\n<p><strong>Se\u00f1ales internas:<\/strong><br>- Revestimiento irregular: partes s\u00f3lidas alternadas con agujeros m\u00e1s grandes aleatorios.<br>- Textura h\u00fameda y gomosa en el interior<br>- El interior del pan se siente crudo y h\u00famedo<br>- El cuchillo puede clavarse al cortar<\/p>\n\n\n\n<p><strong>Otras caracter\u00edsticas:<\/strong><br>- El pan no alcanza el volumen deseado y se queda \"plano\"<br>- El sabor no es suficientemente complejo y carece del aroma caracter\u00edstico de la masa madre.<br>- La masa es dif\u00edcil de manejar y moldear<\/p>\n\n\n\n<p><strong>Sobrecarga<\/strong><\/p>\n\n\n\n<p>La fermentaci\u00f3n excesiva suele ser el resultado de un tiempo de fermentaci\u00f3n demasiado largo o de una temperatura demasiado alta. La soluci\u00f3n es optimizar el tiempo y la temperatura de fermentaci\u00f3n, y comprobar peri\u00f3dicamente el estado de la masa mediante la prueba del dedo.<\/p>\n\n\n\n<p><strong>Caracter\u00edsticas externas:<\/strong><br>- Pan plano o hundido<br>- La masa se hunde al cortarla<br>- No sube m\u00e1s al hornear<br>- La corteza del pan es dura y gruesa<\/p>\n\n\n\n<p><strong>Caracter\u00edsticas internas<\/strong><br>- Muchos peque\u00f1os intestinos cavernosos<br>- El intestino se separa de la piel<br>- Estructura de agujeros irregular y discontinua<br>- Textura h\u00fameda y pegajosa<\/p>\n\n\n\n<p><strong>Comprobaci\u00f3n del nivel de competencia con una prueba de dedos:<\/strong><br><strong>\u00bfQu\u00e9 hay que tener en cuenta?<\/strong><\/p>\n\n\n\n<ul class=\"wp-block-list\">\n<li><strong>Pasta aliada<\/strong><\/li>\n\n\n\n<li>La masa retrocede inmediatamente, sin dejar apenas huellas.<\/li>\n\n\n\n<li>Esto indica que la masa necesita m\u00e1s tiempo para subir.<br><br><strong>Pasta bien cocida<\/strong><\/li>\n\n\n\n<li>La masa se retraer\u00e1 lentamente, pero quedar\u00e1 una ligera huella.<\/li>\n\n\n\n<li>Este es el estado ideal, la masa est\u00e1 lista para hornear.<br><\/li>\n\n\n\n<li><strong>Pasta demasiado hecha<\/strong><\/li>\n\n\n\n<li>La huella permanece profunda y la masa apenas o nada se retrae.<\/li>\n\n\n\n<li>Esto indica que la masa est\u00e1 demasiado cocida y ha perdido su estructura.<\/li>\n<\/ul>\n\n\n\n<p><strong>Otras observaciones:<\/strong><br>- Cambios en la textura de la masa: la masa se vuelve m\u00e1s blanda y aireada durante el proceso de fermentaci\u00f3n.<br>- Aumento de volumen: una masa bien fermentada aumenta considerablemente su volumen.<br>- Aroma: La masa bien fermentada tiene un olor agradable, ligeramente \u00e1cido.<br>- La prueba del dedo es s\u00f3lo un m\u00e9todo, tambi\u00e9n debe fijarse en otros signos, como el volumen y la consistencia de la masa.<br>- El tiempo de fermentaci\u00f3n puede variar en funci\u00f3n de la temperatura, la humedad y la actividad de la levadura.<br>- La pr\u00e1ctica hace al maestro: cuantas m\u00e1s veces haga la prueba del dedo, mejor percibir\u00e1 el estado ideal de la masa.<\/p>\n\n\n\n<p>La prueba del dedo ayuda a determinar con mayor precisi\u00f3n el tiempo ideal de cocci\u00f3n, lo que contribuye a obtener productos de panader\u00eda de masa madre perfectos.<\/p>","protected":false},"excerpt":{"rendered":"<p>Etapas de fermentaci\u00f3n de los productos de panader\u00eda El proceso de fermentaci\u00f3n puede dividirse en diferentes etapas, cada una con sus propias caracter\u00edsticas. Fermentaci\u00f3n a granelEste proceso se inicia inmediatamente despu\u00e9s del montaje de la masa, desde el momento en que se a\u00f1ade la levadura.- Duraci\u00f3n: normalmente 4-12 horas- Temperatura: idealmente entre 24-26\u00b0C- Caracter\u00edsticas:- El volumen de la masa aumenta lentamente- Empiezan a formarse burbujas en la masa- El...<\/p>","protected":false},"author":1,"featured_media":0,"parent":0,"menu_order":0,"comment_status":"closed","ping_status":"closed","template":"","meta":{"wprm-recipe-roundup-name":"","wprm-recipe-roundup-description":"","tinysalt_hide_before_page_content_ad":"","tinysalt_hide_after_page_content_ad":"","tinysalt_hide_page_header":"","tinysalt_advanced_classname":"","tinysalt_page_featured_media_position":"","tinysalt_single_site_header_source":"","tinysalt_single_custom_site_header":"0","tinysalt_single_custom_sticky_site_header":"0","tinysalt_single_custom_sticky_site_header_style":"sticky-scroll-up","tinysalt_single_site_footer_source":"","tinysalt_single_custom_site_footer":"0","footnotes":""},"class_list":["post-5481","page","type-page","status-publish","hentry"],"yoast_head":"<!-- This site is optimized with the Yoast SEO Premium plugin v24.4 (Yoast SEO v27.3) - https:\/\/yoast.com\/product\/yoast-seo-premium-wordpress\/ -->\n<title>Kelts\u00e9gi szintek - Kov\u00e1szT\u00fcnd\u00e9r<\/title>\n<meta name=\"robots\" content=\"index, follow, max-snippet:-1, max-image-preview:large, max-video-preview:-1\" \/>\n<link rel=\"canonical\" href=\"https:\/\/www.kovasztunder.hu\/es\/niveles-este\" \/>\n<meta property=\"og:locale\" content=\"es_ES\" \/>\n<meta property=\"og:type\" content=\"article\" \/>\n<meta property=\"og:title\" content=\"Kelts\u00e9gi szintek\" \/>\n<meta property=\"og:description\" content=\"Kov\u00e1szos p\u00e9kterm\u00e9kek keleszt\u00e9si szintjeiA keleszt\u00e9si folyamat sor\u00e1n k\u00fcl\u00f6nb\u00f6z\u0151 szinteket k\u00fcl\u00f6nb\u00f6ztethet\u00fcnk meg, amelyek mindegyike egyedi jellemz\u0151kkel b\u00edr. Els\u0151 keleszt\u00e9s (Bulk fermentation)Ez a folyamat k\u00f6zvetlen\u00fcl a t\u00e9szta \u00f6ssze\u00e1ll\u00edt\u00e1sa ut\u00e1n kezd\u0151dik, att\u00f3l sz\u00e1m\u00edtva mikor beleker\u00fcl a kov\u00e1sz.\u2022 Id\u0151tartam: \u00e1ltal\u00e1ban 4-12 \u00f3ra\u2022 H\u0151m\u00e9rs\u00e9klet: ide\u00e1lis esetben 24-26\u00b0C k\u00f6z\u00f6tt\u2022 Jellemz\u0151k:\u2022 A t\u00e9szta t\u00e9rfogata lassan n\u00f6vekszik\u2022 Bubor\u00e9kok kezdenek kialakulni a t\u00e9szt\u00e1ban\u2022 Az ...\" \/>\n<meta property=\"og:url\" content=\"https:\/\/www.kovasztunder.hu\/es\/niveles-este\" \/>\n<meta property=\"og:site_name\" content=\"Kov\u00e1szT\u00fcnd\u00e9r\" \/>\n<meta property=\"article:modified_time\" content=\"2025-02-17T16:57:49+00:00\" \/>\n<meta property=\"og:image\" content=\"https:\/\/www.kovasztunder.hu\/wp-content\/uploads\/2023\/12\/IMG_9044.jpg\" \/>\n\t<meta property=\"og:image:width\" content=\"2560\" \/>\n\t<meta property=\"og:image:height\" content=\"1706\" \/>\n\t<meta property=\"og:image:type\" content=\"image\/jpeg\" \/>\n<meta name=\"twitter:card\" content=\"summary_large_image\" \/>\n<meta name=\"twitter:label1\" content=\"Tiempo de lectura\" \/>\n\t<meta name=\"twitter:data1\" content=\"3 minutos\" \/>\n<script type=\"application\/ld+json\" class=\"yoast-schema-graph\">{\"@context\":\"https:\\\/\\\/schema.org\",\"@graph\":[{\"@type\":\"WebPage\",\"@id\":\"https:\\\/\\\/www.kovasztunder.hu\\\/keltsegi-szintek\",\"url\":\"https:\\\/\\\/www.kovasztunder.hu\\\/keltsegi-szintek\",\"name\":\"Kelts\u00e9gi szintek - Kov\u00e1szT\u00fcnd\u00e9r\",\"isPartOf\":{\"@id\":\"https:\\\/\\\/www.kovasztunder.hu\\\/#website\"},\"datePublished\":\"2025-02-17T16:57:48+00:00\",\"dateModified\":\"2025-02-17T16:57:49+00:00\",\"breadcrumb\":{\"@id\":\"https:\\\/\\\/www.kovasztunder.hu\\\/keltsegi-szintek#breadcrumb\"},\"inLanguage\":\"es\",\"potentialAction\":[{\"@type\":\"ReadAction\",\"target\":[\"https:\\\/\\\/www.kovasztunder.hu\\\/keltsegi-szintek\"]}]},{\"@type\":\"BreadcrumbList\",\"@id\":\"https:\\\/\\\/www.kovasztunder.hu\\\/keltsegi-szintek#breadcrumb\",\"itemListElement\":[{\"@type\":\"ListItem\",\"position\":1,\"name\":\"Home\",\"item\":\"https:\\\/\\\/www.kovasztunder.hu\\\/\"},{\"@type\":\"ListItem\",\"position\":2,\"name\":\"Kelts\u00e9gi szintek\"}]},{\"@type\":\"WebSite\",\"@id\":\"https:\\\/\\\/www.kovasztunder.hu\\\/#website\",\"url\":\"https:\\\/\\\/www.kovasztunder.hu\\\/\",\"name\":\"Kov\u00e1szT\u00fcnd\u00e9r\",\"description\":\"A kov\u00e1sz legyen veletek!\",\"publisher\":{\"@id\":\"https:\\\/\\\/www.kovasztunder.hu\\\/#organization\"},\"potentialAction\":[{\"@type\":\"SearchAction\",\"target\":{\"@type\":\"EntryPoint\",\"urlTemplate\":\"https:\\\/\\\/www.kovasztunder.hu\\\/?s={search_term_string}\"},\"query-input\":{\"@type\":\"PropertyValueSpecification\",\"valueRequired\":true,\"valueName\":\"search_term_string\"}}],\"inLanguage\":\"es\"},{\"@type\":\"Organization\",\"@id\":\"https:\\\/\\\/www.kovasztunder.hu\\\/#organization\",\"name\":\"Kov\u00e1szT\u00fcnd\u00e9r\",\"url\":\"https:\\\/\\\/www.kovasztunder.hu\\\/\",\"logo\":{\"@type\":\"ImageObject\",\"inLanguage\":\"es\",\"@id\":\"https:\\\/\\\/www.kovasztunder.hu\\\/#\\\/schema\\\/logo\\\/image\\\/\",\"url\":\"https:\\\/\\\/www.kovasztunder.hu\\\/wp-content\\\/uploads\\\/2023\\\/02\\\/kovasztunder_logo.png\",\"contentUrl\":\"https:\\\/\\\/www.kovasztunder.hu\\\/wp-content\\\/uploads\\\/2023\\\/02\\\/kovasztunder_logo.png\",\"width\":1638,\"height\":487,\"caption\":\"Kov\u00e1szT\u00fcnd\u00e9r\"},\"image\":{\"@id\":\"https:\\\/\\\/www.kovasztunder.hu\\\/#\\\/schema\\\/logo\\\/image\\\/\"},\"sameAs\":[\"https:\\\/\\\/www.youtube.com\\\/@kovasztunder\",\"https:\\\/\\\/www.instagram.com\\\/kovasztunder\\\/\"]}]}<\/script>\n<!-- \/ Yoast SEO Premium plugin. -->","yoast_head_json":{"title":"Niveles - SourdoughFairy","robots":{"index":"index","follow":"follow","max-snippet":"max-snippet:-1","max-image-preview":"max-image-preview:large","max-video-preview":"max-video-preview:-1"},"canonical":"https:\/\/www.kovasztunder.hu\/es\/niveles-este","og_locale":"es_ES","og_type":"article","og_title":"Kelts\u00e9gi szintek","og_description":"Kov\u00e1szos p\u00e9kterm\u00e9kek keleszt\u00e9si szintjeiA keleszt\u00e9si folyamat sor\u00e1n k\u00fcl\u00f6nb\u00f6z\u0151 szinteket k\u00fcl\u00f6nb\u00f6ztethet\u00fcnk meg, amelyek mindegyike egyedi jellemz\u0151kkel b\u00edr. Els\u0151 keleszt\u00e9s (Bulk fermentation)Ez a folyamat k\u00f6zvetlen\u00fcl a t\u00e9szta \u00f6ssze\u00e1ll\u00edt\u00e1sa ut\u00e1n kezd\u0151dik, att\u00f3l sz\u00e1m\u00edtva mikor beleker\u00fcl a kov\u00e1sz.\u2022 Id\u0151tartam: \u00e1ltal\u00e1ban 4-12 \u00f3ra\u2022 H\u0151m\u00e9rs\u00e9klet: ide\u00e1lis esetben 24-26\u00b0C k\u00f6z\u00f6tt\u2022 Jellemz\u0151k:\u2022 A t\u00e9szta t\u00e9rfogata lassan n\u00f6vekszik\u2022 Bubor\u00e9kok kezdenek kialakulni a t\u00e9szt\u00e1ban\u2022 Az ...","og_url":"https:\/\/www.kovasztunder.hu\/es\/niveles-este","og_site_name":"Kov\u00e1szT\u00fcnd\u00e9r","article_modified_time":"2025-02-17T16:57:49+00:00","og_image":[{"width":2560,"height":1706,"url":"https:\/\/www.kovasztunder.hu\/wp-content\/uploads\/2023\/12\/IMG_9044.jpg","type":"image\/jpeg"}],"twitter_card":"summary_large_image","twitter_misc":{"Tiempo de lectura":"3 minutos"},"schema":{"@context":"https:\/\/schema.org","@graph":[{"@type":"WebPage","@id":"https:\/\/www.kovasztunder.hu\/keltsegi-szintek","url":"https:\/\/www.kovasztunder.hu\/keltsegi-szintek","name":"Niveles - SourdoughFairy","isPartOf":{"@id":"https:\/\/www.kovasztunder.hu\/#website"},"datePublished":"2025-02-17T16:57:48+00:00","dateModified":"2025-02-17T16:57:49+00:00","breadcrumb":{"@id":"https:\/\/www.kovasztunder.hu\/keltsegi-szintek#breadcrumb"},"inLanguage":"es","potentialAction":[{"@type":"ReadAction","target":["https:\/\/www.kovasztunder.hu\/keltsegi-szintek"]}]},{"@type":"BreadcrumbList","@id":"https:\/\/www.kovasztunder.hu\/keltsegi-szintek#breadcrumb","itemListElement":[{"@type":"ListItem","position":1,"name":"Home","item":"https:\/\/www.kovasztunder.hu\/"},{"@type":"ListItem","position":2,"name":"Kelts\u00e9gi szintek"}]},{"@type":"WebSite","@id":"https:\/\/www.kovasztunder.hu\/#website","url":"https:\/\/www.kovasztunder.hu\/","name":"Hada de las caba\u00f1as","description":"\u00a1Que la masa madre te acompa\u00f1e!","publisher":{"@id":"https:\/\/www.kovasztunder.hu\/#organization"},"potentialAction":[{"@type":"SearchAction","target":{"@type":"EntryPoint","urlTemplate":"https:\/\/www.kovasztunder.hu\/?s={search_term_string}"},"query-input":{"@type":"PropertyValueSpecification","valueRequired":true,"valueName":"search_term_string"}}],"inLanguage":"es"},{"@type":"Organization","@id":"https:\/\/www.kovasztunder.hu\/#organization","name":"Hada de las caba\u00f1as","url":"https:\/\/www.kovasztunder.hu\/","logo":{"@type":"ImageObject","inLanguage":"es","@id":"https:\/\/www.kovasztunder.hu\/#\/schema\/logo\/image\/","url":"https:\/\/www.kovasztunder.hu\/wp-content\/uploads\/2023\/02\/kovasztunder_logo.png","contentUrl":"https:\/\/www.kovasztunder.hu\/wp-content\/uploads\/2023\/02\/kovasztunder_logo.png","width":1638,"height":487,"caption":"Kov\u00e1szT\u00fcnd\u00e9r"},"image":{"@id":"https:\/\/www.kovasztunder.hu\/#\/schema\/logo\/image\/"},"sameAs":["https:\/\/www.youtube.com\/@kovasztunder","https:\/\/www.instagram.com\/kovasztunder\/"]}]}},"_links":{"self":[{"href":"https:\/\/www.kovasztunder.hu\/es\/wp-json\/wp\/v2\/pages\/5481","targetHints":{"allow":["GET"]}}],"collection":[{"href":"https:\/\/www.kovasztunder.hu\/es\/wp-json\/wp\/v2\/pages"}],"about":[{"href":"https:\/\/www.kovasztunder.hu\/es\/wp-json\/wp\/v2\/types\/page"}],"author":[{"embeddable":true,"href":"https:\/\/www.kovasztunder.hu\/es\/wp-json\/wp\/v2\/users\/1"}],"replies":[{"embeddable":true,"href":"https:\/\/www.kovasztunder.hu\/es\/wp-json\/wp\/v2\/comments?post=5481"}],"version-history":[{"count":0,"href":"https:\/\/www.kovasztunder.hu\/es\/wp-json\/wp\/v2\/pages\/5481\/revisions"}],"wp:attachment":[{"href":"https:\/\/www.kovasztunder.hu\/es\/wp-json\/wp\/v2\/media?parent=5481"}],"curies":[{"name":"wp","href":"https:\/\/api.w.org\/{rel}","templated":true}]}}