{"id":6734,"date":"2026-01-09T16:21:44","date_gmt":"2026-01-09T15:21:44","guid":{"rendered":"https:\/\/www.kovasztunder.hu\/?page_id=6734"},"modified":"2026-01-09T16:25:13","modified_gmt":"2026-01-09T15:25:13","slug":"probar-las-tecnicas-de-plegado-por-erosion","status":"publish","type":"page","link":"https:\/\/www.kovasztunder.hu\/es\/probar-las-tecnicas-de-plegado-por-erosion","title":{"rendered":"Reforzar la pasta: t\u00e9cnicas de plegado"},"content":{"rendered":"<p><strong><em>(Material complementario del Manual del principiante)<\/em> El libro estar\u00e1 disponible en breve. <\/strong><br>Ha van a kov\u00e1szos keny\u00e9rs\u00fct\u00e9snek olyan l\u00e9p\u00e9se, amit\u0151l a kezd\u0151k a legjobban tartanak, az a dagaszt\u00e1s ut\u00e1ni id\u0151szak. Pedig a var\u00e1zslat igaz\u00e1b\u00f3l itt t\u00f6rt\u00e9nik! A hajtogat\u00e1s nem csak &#8222;gyurm\u00e1z\u00e1s&#8221;: ez adja meg a keny\u00e9r v\u00e1z\u00e1t, ett\u0151l lesznek benne azok a gy\u00f6ny\u00f6r\u0171, nagy bubor\u00e9kok, \u00e9s ett\u0151l \u00e1ll meg a l\u00e1b\u00e1n a cip\u00f3 a s\u00fct\u0151ben.<br>Ebben a bejegyz\u00e9sben megmutatom a h\u00e1rom legfontosabb technik\u00e1t, amit a receptekben is haszn\u00e1lni szoktam, illetve, hogy mikor melyik hajtogat\u00e1si m\u00f3dot aj\u00e1nlott alkalmazni. <\/p>\n\n\n\n<p><strong>Mi\u00e9rt kell hajtogatni?<\/strong><\/p>\n\n\n\n<ul class=\"wp-block-list\">\n<li>Sokan k\u00e9rdezik:\u00a0<em>&#8222;Nem el\u00e9g, ha csak b\u00e9k\u00e9n hagyom kelni?&#8221;<\/em>\u00a0A v\u00e1lasz:\u00a0<strong>No.<\/strong>\u00a0A hajtogat\u00e1snak h\u00e1rom fontos szerepe van:<\/li>\n\n\n\n<li><strong>Er\u0151s\u00edti a sik\u00e9rv\u00e1zat:<\/strong>\u00a0Minden ny\u00fajt\u00e1ssal \u00e9s hajt\u00e1ssal rendezz\u00fck a glut\u00e9nsz\u00e1lakat, \u00edgy a t\u00e9szta egyre rugalmasabb \u00e9s er\u0151sebb lesz.<\/li>\n\n\n\n<li><strong>G\u00e1zbubor\u00e9kok elrendez\u00e9se:<\/strong>\u00a0Seg\u00edt, hogy a kov\u00e1sz \u00e1ltal termelt g\u00e1zok egyenletesen oszoljanak el, ne legyen a keny\u00e9r egyik fele t\u00f6m\u00f6r, a m\u00e1sik meg lyukas.<\/li>\n\n\n\n<li><strong>H\u0151m\u00e9rs\u00e9klet-kiegyenl\u00edt\u00e9s:<\/strong>\u00a0A t\u00e9szta sz\u00e9le mindig h\u0171v\u00f6sebb, mint a k\u00f6zepe. A hajt\u00e1ssal ezt \u00f6sszekeverj\u00fck, \u00edgy egyenletesebben kel.<\/li>\n<\/ul>\n\n\n<div class=\"wp-block-image\">\n<figure class=\"alignleft size-large is-resized\"><img decoding=\"async\" width=\"768\" height=\"1024\" src=\"https:\/\/www.kovasztunder.hu\/wp-content\/uploads\/2023\/02\/90DD7224-EA9C-458C-AD6B-92346696728E-768x1024.jpeg\" alt=\"\" class=\"wp-image-3536\" style=\"aspect-ratio:0.7500127936134282;width:470px;height:auto\" srcset=\"https:\/\/www.kovasztunder.hu\/wp-content\/uploads\/2023\/02\/90DD7224-EA9C-458C-AD6B-92346696728E-768x1024.jpeg 768w, https:\/\/www.kovasztunder.hu\/wp-content\/uploads\/2023\/02\/90DD7224-EA9C-458C-AD6B-92346696728E-225x300.jpeg 225w, https:\/\/www.kovasztunder.hu\/wp-content\/uploads\/2023\/02\/90DD7224-EA9C-458C-AD6B-92346696728E-1152x1536.jpeg 1152w, https:\/\/www.kovasztunder.hu\/wp-content\/uploads\/2023\/02\/90DD7224-EA9C-458C-AD6B-92346696728E-1536x2048.jpeg 1536w, https:\/\/www.kovasztunder.hu\/wp-content\/uploads\/2023\/02\/90DD7224-EA9C-458C-AD6B-92346696728E-scaled.jpeg 1920w, https:\/\/www.kovasztunder.hu\/wp-content\/uploads\/2023\/02\/90DD7224-EA9C-458C-AD6B-92346696728E-1440x1920.jpeg 1440w, https:\/\/www.kovasztunder.hu\/wp-content\/uploads\/2023\/02\/90DD7224-EA9C-458C-AD6B-92346696728E-1200x1600.jpeg 1200w, https:\/\/www.kovasztunder.hu\/wp-content\/uploads\/2023\/02\/90DD7224-EA9C-458C-AD6B-92346696728E-780x1040.jpeg 780w, https:\/\/www.kovasztunder.hu\/wp-content\/uploads\/2023\/02\/90DD7224-EA9C-458C-AD6B-92346696728E-600x800.jpeg 600w, https:\/\/www.kovasztunder.hu\/wp-content\/uploads\/2023\/02\/90DD7224-EA9C-458C-AD6B-92346696728E-550x733.jpeg 550w, https:\/\/www.kovasztunder.hu\/wp-content\/uploads\/2023\/02\/90DD7224-EA9C-458C-AD6B-92346696728E-370x493.jpeg 370w, https:\/\/www.kovasztunder.hu\/wp-content\/uploads\/2023\/02\/90DD7224-EA9C-458C-AD6B-92346696728E-255x340.jpeg 255w\" sizes=\"(max-width: 768px) 100vw, 768px\" \/><\/figure>\n<\/div>\n\n\n<p><br><strong>1. Sziromhajt\u00e1s<\/strong><br><em>Ezt \u00e1ltal\u00e1ban a keleszt\u00e9s elej\u00e9n haszn\u00e1ljuk, amikor a t\u00e9szta m\u00e9g &#8222;vad&#8221;, \u00e9s el kell kezdeni rendezni.<\/em><br><strong>Hogyan csin\u00e1ld?<\/strong><br>Hagyd a t\u00e9szt\u00e1t a t\u00e1lban.<br>M\u00f3jate las manos (para evitar que se pegue).<br>Ny\u00falj a t\u00e9szta al\u00e1 az egyik oldalon (&#8222;\u00c9szak&#8221;), fogd meg a sz\u00e9l\u00e9t.<br>H\u00fazd felfel\u00e9 \u00f3vatosan, am\u00edg engedi (de ne szak\u00edtsd el!).<br>Hajtsd r\u00e1 a t\u00e9szta k\u00f6zep\u00e9re.<br>Forgasd el a t\u00e1lat 90 fokkal, \u00e9s ism\u00e9teld meg: &#8222;D\u00e9l&#8221;, &#8222;Kelet&#8221;, &#8222;Nyugat&#8221;.<br>Addig csin\u00e1ld k\u00f6rbe-k\u00f6rbe, am\u00edg \u00e9rzed, hogy a t\u00e9szta kezd ellen\u00e1llni \u00e9s feszesedik. Mikor k\u00f6rbe \u00e9rt\u00e9l ford\u00edtsd \u00e1t az eg\u00e9sz t\u00e9szt\u00e1t (Ami eddig fel\u00fcl volt most legyen alul), majd tedd vissza a keleszt\u0151 t\u00e1lba. <\/p>\n\n\n\n<p><br><strong>2. Lamin\u00e1l\u00e1s<\/strong><br><em>A legl\u00e1tv\u00e1nyosabb m\u00f3dszer. Ezt \u00e1ltal\u00e1ban az els\u0151 pihentet\u00e9s ut\u00e1n egyszer v\u00e9gezz\u00fck el. Szuper alkalom arra is, hogy magvakat vagy f\u0171szereket dolgozzunk a t\u00e9szt\u00e1ba.<\/em><br><strong>Hogyan csin\u00e1ld?<\/strong><br>Spricceld le a konyhapultot v\u00edzzel (vagy kend meg v\u00e9konyan olajjal).<br>Bor\u00edtsd ki a t\u00e9szt\u00e1t a t\u00e1lb\u00f3l a nedves pultra.<br>Kezdd el \u00f3vatosan, k\u00f6z\u00e9pr\u0151l kifel\u00e9 haladva sz\u00e9th\u00fazni a t\u00e9szt\u00e1t a leveg\u0151ben vagy a pulton.<br>H\u00fazd addig, am\u00edg egy nagy, h\u00e1rtyav\u00e9kony t\u00e9glalapot nem kapsz (mint a r\u00e9test\u00e9szt\u00e1n\u00e1l).<br>Ha magvakat teszel bele, most sz\u00f3rd meg!<br>Hajtsd \u00f6ssze, mint egy paplant: a bal oldal\u00e1t k\u00f6z\u00e9pre, r\u00e1 a jobb oldal\u00e1t, majd fentr\u0151l le, lentr\u0151l fel, am\u00edg egy kis csomagot nem kapsz.<br>Tedd vissza a t\u00e1lba.<br><br><strong>3. Coil Hajt\u00e1s<\/strong><br><em>Ez a kedvencem a keleszt\u00e9s m\u00e1sodik fel\u00e9ben. Nagyon k\u00edm\u00e9letes, nem nyomja ki a g\u00e1zokat, de brut\u00e1lisan er\u0151s\u00edti a szerkezetet.<\/em><br><strong>Hogyan csin\u00e1ld?<\/strong><br>Vizezd be mindk\u00e9t kezed.<br>Ny\u00falj be a t\u00e9szta al\u00e1 k\u00f6z\u00e9pen, k\u00e9t oldalr\u00f3l.<br>Emeld fel a t\u00e9szt\u00e1t a leveg\u0151be. Hagyd, hogy a saj\u00e1t s\u00faly\u00e1t\u00f3l megny\u00faljon.<br>Engedd le a t\u00e9szt\u00e1t \u00fagy, hogy az als\u00f3 v\u00e9ge behajoljon maga al\u00e1.<br>Ford\u00edtsd el a t\u00e1lat 90 fokkal, \u00e9s ism\u00e9teld meg.<br>L\u00e1tni fogod: a t\u00e9szta minden emel\u00e9ssel egyre &#8222;kerekebb&#8221;, feszesebb \u00e9s sim\u00e1bb lesz.<br><br><strong>Kov\u00e1szt\u00fcnd\u00e9r Tipp:<\/strong>\u00a0A hajtogat\u00e1sok k\u00f6z\u00f6tt mindig tarts\u00a0<strong>30-45 perc sz\u00fcnetet<\/strong>! A t\u00e9szt\u00e1nak (a sik\u00e9rnek) id\u0151 kell, hogy ellazuljon. Ha t\u00fal hamar akarod \u00fajra hajtani, el fog szakadni. L\u00e9gy t\u00fcrelmes!<\/p>\n\n\n\n<h3 class=\"wp-block-heading\" id=\"h-melyiket-mikor-hasznald\">Melyiket mikor haszn\u00e1ld?<\/h3>\n\n\n\n<p>B\u00e1r mindh\u00e1rom technika er\u0151s\u00edti a t\u00e9szt\u00e1t, nem mindegy, mikor melyiket veted be. \u00cdme egy kis mank\u00f3:<\/p>\n\n\n\n<ul class=\"wp-block-list\">\n<li><strong>Sziromhajt\u00e1s:<\/strong>\u00a0Ez az &#8222;univerz\u00e1lis&#8221; m\u00f3dszer.\u00a0<strong>B\u00e1rmilyen t\u00e9szt\u00e1n\u00e1l<\/strong>\u00a0m\u0171k\u00f6dik. F\u0151leg a\u00a0<strong>keleszt\u00e9s elej\u00e9n<\/strong>\u00a0aj\u00e1nlott (az els\u0151 1-2 \u00f3r\u00e1ban), amikor a t\u00e9szta m\u00e9g nem t\u00fal leveg\u0151s, \u00e9s b\u00e1trabban lehet ny\u00falni hozz\u00e1.<\/li>\n\n\n\n<li><strong>Lamin\u00e1l\u00e1s:<\/strong>\u00a0Ezt akkor v\u00e1laszd, ha\u00a0<strong>magvakat, aszalt gy\u00fcm\u00f6lcs\u00f6t vagy f\u0171szereket<\/strong>\u00a0szeretn\u00e9l a t\u00e9szt\u00e1ba dolgozni. A kiter\u00edtett t\u00e9szt\u00e1n ezeket sokkal egyenletesebben tudod elosztani, mint gy\u00far\u00e1ssal. \u00c1ltal\u00e1ban egyszer v\u00e9gezz\u00fck, az els\u0151 pihentet\u00e9s ut\u00e1n.<\/li>\n\n\n\n<li><strong>Coil hajt\u00e1s:<\/strong>\u00a0Esta es la\u00a0<strong>magas hidrat\u00e1ci\u00f3j\u00fa (vizes, l\u00e1gy)<\/strong>\u00a0t\u00e9szt\u00e1kn\u00e1l a legjobb m\u00f3dszer. Mivel nagyon k\u00edm\u00e9letes, a\u00a0<strong>keleszt\u00e9s m\u00e1sodik fel\u00e9ben<\/strong>\u00a0(a v\u00e9ge fel\u00e9) \u00e9rdemes ezt haszn\u00e1lni, hogy ne nyomjuk ki a m\u00e1r megtermelt g\u00e1zbubor\u00e9kokat a t\u00e9szt\u00e1b\u00f3l.<\/li>\n<\/ul>","protected":false},"excerpt":{"rendered":"<p>(A Kezd\u0151 Kov\u00e1szosok K\u00e9zik\u00f6nyve kieg\u00e9sz\u00edt\u0151 anyaga) A k\u00f6nyv hamarosan rendelhet\u0151 lesz! Ha van a kov\u00e1szos keny\u00e9rs\u00fct\u00e9snek olyan l\u00e9p\u00e9se, amit\u0151l a kezd\u0151k a legjobban tartanak, az a dagaszt\u00e1s ut\u00e1ni id\u0151szak. Pedig a var\u00e1zslat igaz\u00e1b\u00f3l itt t\u00f6rt\u00e9nik! A hajtogat\u00e1s nem csak &#8222;gyurm\u00e1z\u00e1s&#8221;: ez adja meg a keny\u00e9r v\u00e1z\u00e1t, ett\u0151l lesznek benne azok a gy\u00f6ny\u00f6r\u0171, nagy bubor\u00e9kok, \u00e9s &#8230;<\/p>","protected":false},"author":2,"featured_media":0,"parent":0,"menu_order":0,"comment_status":"closed","ping_status":"closed","template":"","meta":{"wprm-recipe-roundup-name":"","wprm-recipe-roundup-description":"","tinysalt_hide_before_page_content_ad":"","tinysalt_hide_after_page_content_ad":"","tinysalt_hide_page_header":"","tinysalt_advanced_classname":"","tinysalt_page_featured_media_position":"","tinysalt_single_site_header_source":"","tinysalt_single_custom_site_header":"0","tinysalt_single_custom_sticky_site_header":"0","tinysalt_single_custom_sticky_site_header_style":"sticky-scroll-up","tinysalt_single_site_footer_source":"","tinysalt_single_custom_site_footer":"0","footnotes":""},"class_list":["post-6734","page","type-page","status-publish","hentry"],"yoast_head":"<!-- This site is optimized with the Yoast SEO Premium plugin v24.4 (Yoast SEO v27.3) - https:\/\/yoast.com\/product\/yoast-seo-premium-wordpress\/ -->\n<title>A T\u00e9szta Er\u0151s\u00edt\u00e9se: Hajtogat\u00e1si Technik\u00e1k - Kov\u00e1szT\u00fcnd\u00e9r<\/title>\n<meta name=\"robots\" content=\"index, follow, max-snippet:-1, max-image-preview:large, max-video-preview:-1\" \/>\n<link rel=\"canonical\" href=\"https:\/\/www.kovasztunder.hu\/es\/probar-las-tecnicas-de-plegado-por-erosion\" \/>\n<meta property=\"og:locale\" content=\"es_ES\" \/>\n<meta property=\"og:type\" content=\"article\" \/>\n<meta property=\"og:title\" content=\"A T\u00e9szta Er\u0151s\u00edt\u00e9se: Hajtogat\u00e1si Technik\u00e1k\" \/>\n<meta property=\"og:description\" content=\"(A Kezd\u0151 Kov\u00e1szosok K\u00e9zik\u00f6nyve kieg\u00e9sz\u00edt\u0151 anyaga) A k\u00f6nyv hamarosan rendelhet\u0151 lesz! Ha van a kov\u00e1szos keny\u00e9rs\u00fct\u00e9snek olyan l\u00e9p\u00e9se, amit\u0151l a kezd\u0151k a legjobban tartanak, az a dagaszt\u00e1s ut\u00e1ni id\u0151szak. Pedig a var\u00e1zslat igaz\u00e1b\u00f3l itt t\u00f6rt\u00e9nik! A hajtogat\u00e1s nem csak &#8222;gyurm\u00e1z\u00e1s&#8221;: ez adja meg a keny\u00e9r v\u00e1z\u00e1t, ett\u0151l lesznek benne azok a gy\u00f6ny\u00f6r\u0171, nagy bubor\u00e9kok, \u00e9s ...\" \/>\n<meta property=\"og:url\" content=\"https:\/\/www.kovasztunder.hu\/es\/probar-las-tecnicas-de-plegado-por-erosion\" \/>\n<meta property=\"og:site_name\" content=\"Kov\u00e1szT\u00fcnd\u00e9r\" \/>\n<meta property=\"article:modified_time\" content=\"2026-01-09T15:25:13+00:00\" \/>\n<meta property=\"og:image\" content=\"https:\/\/www.kovasztunder.hu\/wp-content\/uploads\/2023\/02\/90DD7224-EA9C-458C-AD6B-92346696728E-scaled.jpeg\" \/>\n\t<meta property=\"og:image:width\" content=\"1920\" \/>\n\t<meta property=\"og:image:height\" content=\"2560\" \/>\n\t<meta property=\"og:image:type\" content=\"image\/jpeg\" \/>\n<meta name=\"twitter:card\" content=\"summary_large_image\" \/>\n<meta name=\"twitter:label1\" content=\"Tiempo de lectura\" \/>\n\t<meta name=\"twitter:data1\" content=\"4 minutos\" \/>\n<script type=\"application\/ld+json\" class=\"yoast-schema-graph\">{\"@context\":\"https:\\\/\\\/schema.org\",\"@graph\":[{\"@type\":\"WebPage\",\"@id\":\"https:\\\/\\\/www.kovasztunder.hu\\\/a-teszta-erositese-hajtogatasi-technikak\",\"url\":\"https:\\\/\\\/www.kovasztunder.hu\\\/a-teszta-erositese-hajtogatasi-technikak\",\"name\":\"A T\u00e9szta Er\u0151s\u00edt\u00e9se: Hajtogat\u00e1si Technik\u00e1k - Kov\u00e1szT\u00fcnd\u00e9r\",\"isPartOf\":{\"@id\":\"https:\\\/\\\/www.kovasztunder.hu\\\/#website\"},\"primaryImageOfPage\":{\"@id\":\"https:\\\/\\\/www.kovasztunder.hu\\\/a-teszta-erositese-hajtogatasi-technikak#primaryimage\"},\"image\":{\"@id\":\"https:\\\/\\\/www.kovasztunder.hu\\\/a-teszta-erositese-hajtogatasi-technikak#primaryimage\"},\"thumbnailUrl\":\"https:\\\/\\\/www.kovasztunder.hu\\\/wp-content\\\/uploads\\\/2023\\\/02\\\/90DD7224-EA9C-458C-AD6B-92346696728E-768x1024.jpeg\",\"datePublished\":\"2026-01-09T15:21:44+00:00\",\"dateModified\":\"2026-01-09T15:25:13+00:00\",\"breadcrumb\":{\"@id\":\"https:\\\/\\\/www.kovasztunder.hu\\\/a-teszta-erositese-hajtogatasi-technikak#breadcrumb\"},\"inLanguage\":\"es\",\"potentialAction\":[{\"@type\":\"ReadAction\",\"target\":[\"https:\\\/\\\/www.kovasztunder.hu\\\/a-teszta-erositese-hajtogatasi-technikak\"]}]},{\"@type\":\"ImageObject\",\"inLanguage\":\"es\",\"@id\":\"https:\\\/\\\/www.kovasztunder.hu\\\/a-teszta-erositese-hajtogatasi-technikak#primaryimage\",\"url\":\"https:\\\/\\\/www.kovasztunder.hu\\\/wp-content\\\/uploads\\\/2023\\\/02\\\/90DD7224-EA9C-458C-AD6B-92346696728E-768x1024.jpeg\",\"contentUrl\":\"https:\\\/\\\/www.kovasztunder.hu\\\/wp-content\\\/uploads\\\/2023\\\/02\\\/90DD7224-EA9C-458C-AD6B-92346696728E-768x1024.jpeg\"},{\"@type\":\"BreadcrumbList\",\"@id\":\"https:\\\/\\\/www.kovasztunder.hu\\\/a-teszta-erositese-hajtogatasi-technikak#breadcrumb\",\"itemListElement\":[{\"@type\":\"ListItem\",\"position\":1,\"name\":\"Home\",\"item\":\"https:\\\/\\\/www.kovasztunder.hu\\\/\"},{\"@type\":\"ListItem\",\"position\":2,\"name\":\"A T\u00e9szta Er\u0151s\u00edt\u00e9se: Hajtogat\u00e1si Technik\u00e1k\"}]},{\"@type\":\"WebSite\",\"@id\":\"https:\\\/\\\/www.kovasztunder.hu\\\/#website\",\"url\":\"https:\\\/\\\/www.kovasztunder.hu\\\/\",\"name\":\"Kov\u00e1szT\u00fcnd\u00e9r\",\"description\":\"A kov\u00e1sz legyen veletek!\",\"publisher\":{\"@id\":\"https:\\\/\\\/www.kovasztunder.hu\\\/#organization\"},\"potentialAction\":[{\"@type\":\"SearchAction\",\"target\":{\"@type\":\"EntryPoint\",\"urlTemplate\":\"https:\\\/\\\/www.kovasztunder.hu\\\/?s={search_term_string}\"},\"query-input\":{\"@type\":\"PropertyValueSpecification\",\"valueRequired\":true,\"valueName\":\"search_term_string\"}}],\"inLanguage\":\"es\"},{\"@type\":\"Organization\",\"@id\":\"https:\\\/\\\/www.kovasztunder.hu\\\/#organization\",\"name\":\"Kov\u00e1szT\u00fcnd\u00e9r\",\"url\":\"https:\\\/\\\/www.kovasztunder.hu\\\/\",\"logo\":{\"@type\":\"ImageObject\",\"inLanguage\":\"es\",\"@id\":\"https:\\\/\\\/www.kovasztunder.hu\\\/#\\\/schema\\\/logo\\\/image\\\/\",\"url\":\"https:\\\/\\\/www.kovasztunder.hu\\\/wp-content\\\/uploads\\\/2023\\\/02\\\/kovasztunder_logo.png\",\"contentUrl\":\"https:\\\/\\\/www.kovasztunder.hu\\\/wp-content\\\/uploads\\\/2023\\\/02\\\/kovasztunder_logo.png\",\"width\":1638,\"height\":487,\"caption\":\"Kov\u00e1szT\u00fcnd\u00e9r\"},\"image\":{\"@id\":\"https:\\\/\\\/www.kovasztunder.hu\\\/#\\\/schema\\\/logo\\\/image\\\/\"},\"sameAs\":[\"https:\\\/\\\/www.youtube.com\\\/@kovasztunder\",\"https:\\\/\\\/www.instagram.com\\\/kovasztunder\\\/\"]}]}<\/script>\n<!-- \/ Yoast SEO Premium plugin. -->","yoast_head_json":{"title":"Reforzar la pasta: t\u00e9cnicas de plegado - Hada Kov\u00e1szT","robots":{"index":"index","follow":"follow","max-snippet":"max-snippet:-1","max-image-preview":"max-image-preview:large","max-video-preview":"max-video-preview:-1"},"canonical":"https:\/\/www.kovasztunder.hu\/es\/probar-las-tecnicas-de-plegado-por-erosion","og_locale":"es_ES","og_type":"article","og_title":"A T\u00e9szta Er\u0151s\u00edt\u00e9se: Hajtogat\u00e1si Technik\u00e1k","og_description":"(A Kezd\u0151 Kov\u00e1szosok K\u00e9zik\u00f6nyve kieg\u00e9sz\u00edt\u0151 anyaga) A k\u00f6nyv hamarosan rendelhet\u0151 lesz! Ha van a kov\u00e1szos keny\u00e9rs\u00fct\u00e9snek olyan l\u00e9p\u00e9se, amit\u0151l a kezd\u0151k a legjobban tartanak, az a dagaszt\u00e1s ut\u00e1ni id\u0151szak. Pedig a var\u00e1zslat igaz\u00e1b\u00f3l itt t\u00f6rt\u00e9nik! A hajtogat\u00e1s nem csak &#8222;gyurm\u00e1z\u00e1s&#8221;: ez adja meg a keny\u00e9r v\u00e1z\u00e1t, ett\u0151l lesznek benne azok a gy\u00f6ny\u00f6r\u0171, nagy bubor\u00e9kok, \u00e9s ...","og_url":"https:\/\/www.kovasztunder.hu\/es\/probar-las-tecnicas-de-plegado-por-erosion","og_site_name":"Kov\u00e1szT\u00fcnd\u00e9r","article_modified_time":"2026-01-09T15:25:13+00:00","og_image":[{"width":1920,"height":2560,"url":"https:\/\/www.kovasztunder.hu\/wp-content\/uploads\/2023\/02\/90DD7224-EA9C-458C-AD6B-92346696728E-scaled.jpeg","type":"image\/jpeg"}],"twitter_card":"summary_large_image","twitter_misc":{"Tiempo de lectura":"4 minutos"},"schema":{"@context":"https:\/\/schema.org","@graph":[{"@type":"WebPage","@id":"https:\/\/www.kovasztunder.hu\/a-teszta-erositese-hajtogatasi-technikak","url":"https:\/\/www.kovasztunder.hu\/a-teszta-erositese-hajtogatasi-technikak","name":"Reforzar la pasta: t\u00e9cnicas de plegado - Hada Kov\u00e1szT","isPartOf":{"@id":"https:\/\/www.kovasztunder.hu\/#website"},"primaryImageOfPage":{"@id":"https:\/\/www.kovasztunder.hu\/a-teszta-erositese-hajtogatasi-technikak#primaryimage"},"image":{"@id":"https:\/\/www.kovasztunder.hu\/a-teszta-erositese-hajtogatasi-technikak#primaryimage"},"thumbnailUrl":"https:\/\/www.kovasztunder.hu\/wp-content\/uploads\/2023\/02\/90DD7224-EA9C-458C-AD6B-92346696728E-768x1024.jpeg","datePublished":"2026-01-09T15:21:44+00:00","dateModified":"2026-01-09T15:25:13+00:00","breadcrumb":{"@id":"https:\/\/www.kovasztunder.hu\/a-teszta-erositese-hajtogatasi-technikak#breadcrumb"},"inLanguage":"es","potentialAction":[{"@type":"ReadAction","target":["https:\/\/www.kovasztunder.hu\/a-teszta-erositese-hajtogatasi-technikak"]}]},{"@type":"ImageObject","inLanguage":"es","@id":"https:\/\/www.kovasztunder.hu\/a-teszta-erositese-hajtogatasi-technikak#primaryimage","url":"https:\/\/www.kovasztunder.hu\/wp-content\/uploads\/2023\/02\/90DD7224-EA9C-458C-AD6B-92346696728E-768x1024.jpeg","contentUrl":"https:\/\/www.kovasztunder.hu\/wp-content\/uploads\/2023\/02\/90DD7224-EA9C-458C-AD6B-92346696728E-768x1024.jpeg"},{"@type":"BreadcrumbList","@id":"https:\/\/www.kovasztunder.hu\/a-teszta-erositese-hajtogatasi-technikak#breadcrumb","itemListElement":[{"@type":"ListItem","position":1,"name":"Home","item":"https:\/\/www.kovasztunder.hu\/"},{"@type":"ListItem","position":2,"name":"A T\u00e9szta Er\u0151s\u00edt\u00e9se: Hajtogat\u00e1si Technik\u00e1k"}]},{"@type":"WebSite","@id":"https:\/\/www.kovasztunder.hu\/#website","url":"https:\/\/www.kovasztunder.hu\/","name":"Hada de las caba\u00f1as","description":"\u00a1Que la masa madre te acompa\u00f1e!","publisher":{"@id":"https:\/\/www.kovasztunder.hu\/#organization"},"potentialAction":[{"@type":"SearchAction","target":{"@type":"EntryPoint","urlTemplate":"https:\/\/www.kovasztunder.hu\/?s={search_term_string}"},"query-input":{"@type":"PropertyValueSpecification","valueRequired":true,"valueName":"search_term_string"}}],"inLanguage":"es"},{"@type":"Organization","@id":"https:\/\/www.kovasztunder.hu\/#organization","name":"Hada de las caba\u00f1as","url":"https:\/\/www.kovasztunder.hu\/","logo":{"@type":"ImageObject","inLanguage":"es","@id":"https:\/\/www.kovasztunder.hu\/#\/schema\/logo\/image\/","url":"https:\/\/www.kovasztunder.hu\/wp-content\/uploads\/2023\/02\/kovasztunder_logo.png","contentUrl":"https:\/\/www.kovasztunder.hu\/wp-content\/uploads\/2023\/02\/kovasztunder_logo.png","width":1638,"height":487,"caption":"Kov\u00e1szT\u00fcnd\u00e9r"},"image":{"@id":"https:\/\/www.kovasztunder.hu\/#\/schema\/logo\/image\/"},"sameAs":["https:\/\/www.youtube.com\/@kovasztunder","https:\/\/www.instagram.com\/kovasztunder\/"]}]}},"_links":{"self":[{"href":"https:\/\/www.kovasztunder.hu\/es\/wp-json\/wp\/v2\/pages\/6734","targetHints":{"allow":["GET"]}}],"collection":[{"href":"https:\/\/www.kovasztunder.hu\/es\/wp-json\/wp\/v2\/pages"}],"about":[{"href":"https:\/\/www.kovasztunder.hu\/es\/wp-json\/wp\/v2\/types\/page"}],"author":[{"embeddable":true,"href":"https:\/\/www.kovasztunder.hu\/es\/wp-json\/wp\/v2\/users\/2"}],"replies":[{"embeddable":true,"href":"https:\/\/www.kovasztunder.hu\/es\/wp-json\/wp\/v2\/comments?post=6734"}],"version-history":[{"count":0,"href":"https:\/\/www.kovasztunder.hu\/es\/wp-json\/wp\/v2\/pages\/6734\/revisions"}],"wp:attachment":[{"href":"https:\/\/www.kovasztunder.hu\/es\/wp-json\/wp\/v2\/media?parent=6734"}],"curies":[{"name":"wp","href":"https:\/\/api.w.org\/{rel}","templated":true}]}}