{"id":6738,"date":"2026-01-10T11:37:48","date_gmt":"2026-01-10T10:37:48","guid":{"rendered":"https:\/\/www.kovasztunder.hu\/?page_id=6738"},"modified":"2026-01-11T09:26:24","modified_gmt":"2026-01-11T08:26:24","slug":"el-pan-formazasa-cipo-vs-hogaza","status":"publish","type":"page","link":"https:\/\/www.kovasztunder.hu\/es\/el-pan-formazasa-cipo-vs-hogaza","title":{"rendered":"Dar forma al pan: zapato frente a hogaza"},"content":{"rendered":"<p><em><strong><em>(Material complementario del Manual del principiante)<\/em>&nbsp;El libro estar\u00e1 disponible en breve.<\/strong><\/em><\/p>\n\n\n\n<p>Tu masa ha subido estupendamente, llena de burbujas... y ahora viene el p\u00e1nico: \u00bfc\u00f3mo convertir\u00e1s esta masa blanda en una bonita y alta barra de pan? El secreto&nbsp;<strong>formateado en<\/strong>&nbsp;y el&nbsp;<strong>de un tir\u00f3n<\/strong>&nbsp;yace en.<\/p>\n\n\n\n<p>Si no estiras la \"piel\" de la masa, el pan se extender\u00e1 en el horno como un pan plano. Pero si le das buena forma, la masa se ver\u00e1 obligada a subir. \u00a1Veamos c\u00f3mo hacerlo!<\/p>\n\n\n\n<h3 class=\"wp-block-heading\" id=\"h-melyik-format-valasszam\">\u00bfQu\u00e9 formulario debo elegir?<\/h3>\n\n\n\n<p>Antes de empezar, debes decidir qu\u00e9 forma quieres que tenga tu pan. Ambas tienen sus ventajas.<\/p>\n\n\n<div class=\"wp-block-image\">\n<figure class=\"alignleft size-full is-resized\"><img decoding=\"async\" width=\"796\" height=\"994\" src=\"https:\/\/www.kovasztunder.hu\/wp-content\/uploads\/2026\/01\/Vegleges-Kezdo-Kovaszosok-Kezikonyve-36.jpg\" alt=\"\" class=\"wp-image-6919\" style=\"aspect-ratio:0.7998082301238514;width:299px;height:auto\" srcset=\"https:\/\/www.kovasztunder.hu\/wp-content\/uploads\/2026\/01\/Vegleges-Kezdo-Kovaszosok-Kezikonyve-36.jpg 796w, https:\/\/www.kovasztunder.hu\/wp-content\/uploads\/2026\/01\/Vegleges-Kezdo-Kovaszosok-Kezikonyve-36-240x300.jpg 240w, https:\/\/www.kovasztunder.hu\/wp-content\/uploads\/2026\/01\/Vegleges-Kezdo-Kovaszosok-Kezikonyve-36-768x959.jpg 768w, https:\/\/www.kovasztunder.hu\/wp-content\/uploads\/2026\/01\/Vegleges-Kezdo-Kovaszosok-Kezikonyve-36-10x12.jpg 10w, https:\/\/www.kovasztunder.hu\/wp-content\/uploads\/2026\/01\/Vegleges-Kezdo-Kovaszosok-Kezikonyve-36-780x974.jpg 780w, https:\/\/www.kovasztunder.hu\/wp-content\/uploads\/2026\/01\/Vegleges-Kezdo-Kovaszosok-Kezikonyve-36-600x749.jpg 600w, https:\/\/www.kovasztunder.hu\/wp-content\/uploads\/2026\/01\/Vegleges-Kezdo-Kovaszosok-Kezikonyve-36-550x687.jpg 550w, https:\/\/www.kovasztunder.hu\/wp-content\/uploads\/2026\/01\/Vegleges-Kezdo-Kovaszosok-Kezikonyve-36-370x462.jpg 370w, https:\/\/www.kovasztunder.hu\/wp-content\/uploads\/2026\/01\/Vegleges-Kezdo-Kovaszosok-Kezikonyve-36-255x318.jpg 255w\" sizes=\"(max-width: 796px) 100vw, 796px\" \/><\/figure>\n<\/div>\n\n\n<p class=\"has-text-align-left\"><strong>1. El zapato - La forma redonda<\/strong><\/p>\n\n\n\n<p class=\"has-text-align-left\"><strong>\u00bfPor qu\u00e9 es bueno?<\/strong>&nbsp;Es la forma m\u00e1s cl\u00e1sica y antigua de pan. Se hornea uniformemente, y la mayor\u00eda de los moldes caseros (de pie de hierro, de jena) son redondos, por lo que se adapta mejor.<\/p>\n\n\n\n<p class=\"has-text-align-left\"><strong>Desventajas:<\/strong>&nbsp;El tama\u00f1o de las rebanadas var\u00eda: las rebanadas cortadas del centro del pan son enormes, mientras que las de los extremos son bastante peque\u00f1as.<\/p>\n\n\n\n<p class=\"has-text-align-left\"><strong>Para principiantes:<\/strong>&nbsp;<strong>Recomiendo encarecidamente este primero.<\/strong>&nbsp;La t\u00e9cnica del rolling es m\u00e1s sencilla, m\u00e1s f\u00e1cil de \"sentir\" la tirantez y m\u00e1s dif\u00edcil de meter la pata que la vecni.<\/p>\n\n\n\n\n\n\n<div class=\"wp-block-image\">\n<figure class=\"alignright size-large is-resized\"><img decoding=\"async\" width=\"768\" height=\"1024\" src=\"https:\/\/www.kovasztunder.hu\/wp-content\/uploads\/2023\/01\/IMG_3589_jpg-768x1024.jpg\" alt=\"\" class=\"wp-image-2207\" style=\"aspect-ratio:0.7500184842883549;width:298px;height:auto\" srcset=\"https:\/\/www.kovasztunder.hu\/wp-content\/uploads\/2023\/01\/IMG_3589_jpg-768x1024.jpg 768w, https:\/\/www.kovasztunder.hu\/wp-content\/uploads\/2023\/01\/IMG_3589_jpg-600x800.jpg 600w, https:\/\/www.kovasztunder.hu\/wp-content\/uploads\/2023\/01\/IMG_3589_jpg-225x300.jpg 225w, https:\/\/www.kovasztunder.hu\/wp-content\/uploads\/2023\/01\/IMG_3589_jpg-1152x1536.jpg 1152w, https:\/\/www.kovasztunder.hu\/wp-content\/uploads\/2023\/01\/IMG_3589_jpg-1536x2048.jpg 1536w, https:\/\/www.kovasztunder.hu\/wp-content\/uploads\/2023\/01\/IMG_3589_jpg-scaled.jpg 1920w, https:\/\/www.kovasztunder.hu\/wp-content\/uploads\/2023\/01\/IMG_3589_jpg-1440x1920.jpg 1440w, https:\/\/www.kovasztunder.hu\/wp-content\/uploads\/2023\/01\/IMG_3589_jpg-1200x1600.jpg 1200w, https:\/\/www.kovasztunder.hu\/wp-content\/uploads\/2023\/01\/IMG_3589_jpg-780x1040.jpg 780w, https:\/\/www.kovasztunder.hu\/wp-content\/uploads\/2023\/01\/IMG_3589_jpg-550x733.jpg 550w, https:\/\/www.kovasztunder.hu\/wp-content\/uploads\/2023\/01\/IMG_3589_jpg-370x493.jpg 370w, https:\/\/www.kovasztunder.hu\/wp-content\/uploads\/2023\/01\/IMG_3589_jpg-255x340.jpg 255w\" sizes=\"(max-width: 768px) 100vw, 768px\" \/><\/figure>\n<\/div>\n\n\n<p class=\"has-text-align-left\"><strong>2. La hogaza - La forma ovalada<\/strong><\/p>\n\n\n\n<p class=\"has-text-align-left\"><strong>Para principiantes:<\/strong>&nbsp;Si tienes confianza con la masa (has hecho tus primeros 5-10 panes con \u00e9xito) y tienes un molde ovalado, \u00a1hazlo!<\/p>\n\n\n\n<p class=\"has-text-align-left\"><strong>\u00bfPor qu\u00e9 es bueno?<\/strong>&nbsp;Es uno de los favoritos de las panader\u00edas artesanales modernas. Es mucho m\u00e1s pr\u00e1ctico porque las rebanadas tienen aproximadamente el mismo tama\u00f1o a lo largo del pan.<\/p>\n\n\n\n<p class=\"has-text-align-left\"><strong>Desventajas:<\/strong>&nbsp;La forma es un poco m\u00e1s t\u00e9cnica. Si la envuelves demasiado apretada, no se enrollar\u00e1 bien; demasiado suelta, fluir\u00e1 y se aplanar\u00e1.<\/p>\n\n\n\n<h3 class=\"wp-block-heading\">Preformateo frente a formateo final<\/h3>\n\n\n\n<p>Mucha gente se salta el preformado, pero es importante.<\/p>\n\n\n\n<ol class=\"wp-block-list\">\n<li><strong>Preformateo:<\/strong>&nbsp;Cuando extiendas la masa sobre la encimera, apl\u00e1stala sin apretar hasta formar una bola. No es necesario apretarla.<\/li>\n\n\n\n<li><strong>Descansa:<\/strong>&nbsp;Luego d\u00e9jalo tapado en la encimera&nbsp;<strong>10-20 minutos<\/strong>. Durante este tiempo, la masa se \"relajar\u00e1\", se aflojar\u00e1 y ser\u00e1 mucho m\u00e1s f\u00e1cil darle la forma final sin que se rompa.<\/li>\n<\/ol>\n\n\n\n<h3 class=\"wp-block-heading\" id=\"h-1-a-cipo-formazasa\">1. Dar forma al zapato<\/h3>\n\n\n\n<p><em>Para la puerta seccional redonda y la hornada de patas de hierro.<\/em><\/p>\n\n\n\n<p><strong>La t\u00e9cnica:<\/strong><\/p>\n\n\n\n<ol class=\"wp-block-list\">\n<li>Enharinar ligeramente la parte superior del pan y darle la vuelta (la mitad enharinada debe quedar en la parte inferior).<\/li>\n\n\n\n<li>Dobla los bordes por la mitad formando un c\u00edrculo, como si estuvieras envolviendo una baguette.<\/li>\n\n\n\n<li>Dale la vuelta a la masa (la mitad lisa debe quedar encima).<\/li>\n\n\n\n<li>Pon tus dos palmas detr\u00e1s de la pasta en el mostrador.<\/li>\n\n\n\n<li>Empiece a tirar de la masa hacia usted, de modo que el borde de la palma de la mano quede ligeramente por debajo de la masa.<\/li>\n\n\n\n<li>Gira, tira, gira, tira.<\/li>\n\n\n\n<li>Ver\u00e1s c\u00f3mo la parte superior se vuelve m\u00e1s firme y suave. Cuando est\u00e9 listo, puedes ponerlo en la puerta de la barba (\u00a1al rev\u00e9s!).<\/li>\n<\/ol>\n\n\n\n<h3 class=\"wp-block-heading\" id=\"h-2-a-vekni-formazasa\">2. Dar forma a la hogaza<\/h3>\n\n\n\n<p><em>Para la puerta de secci\u00f3n oval.<\/em><\/p>\n\n\n\n<p><strong>La t\u00e9cnica:<\/strong><\/p>\n\n\n\n<ol class=\"wp-block-list\">\n<li>Aplanar con cuidado la masa reposada formando un rect\u00e1ngulo (no sacarle todo el aire).<\/li>\n\n\n\n<li>Dobla las dos esquinas anteriores por la mitad, como si estuvieras doblando un avi\u00f3n de papel. Ahora ya tienes un \"techo\".<\/li>\n\n\n\n<li>Empezar a extender la masa de arriba hacia abajo.<\/li>\n\n\n\n<li>En cada vuelta, presione el pliegue con el pulgar para mantenerlo tenso.<\/li>\n\n\n\n<li>Cuando llegue al final, pellizque firmemente con los dedos la \"aguanieve\" (costura) de la parte inferior de la masa.<\/li>\n\n\n\n<li>Enr\u00f3llalo un poco para que quede uniforme y ya puede ir en la secci\u00f3n ovalada (\u00a1con los granizados hacia arriba!).<\/li>\n<\/ol>\n\n\n\n<p><strong>Consejo:<\/strong>&nbsp;El error de formato m\u00e1s com\u00fan es&nbsp;<strong>hacinamiento<\/strong>. Si la encimera est\u00e1 limpia de harina, la masa resbalar\u00e1 y no podr\u00e1s apretar el fondo. Basta con poner un poco de harina encima de la masa, la encimera debe estar (casi) vac\u00eda, \u00a1para que se pegue un poco!<\/p>","protected":false},"excerpt":{"rendered":"<p>(Material complementario del Manual del principiante) \u00a1El libro estar\u00e1 disponible en breve! Su masa ha subido maravillosamente, llena de burbujas... y ahora viene el p\u00e1nico: \u00bfc\u00f3mo convertir esta masa blanda en una bonita y alta barra de pan? El secreto est\u00e1 en el moldeado y la firmeza. Si no estiras la \"piel\" de la masa, el pan se extender\u00e1 en el horno como una tarta. Pero si le das buena forma, el ...<\/p>","protected":false},"author":2,"featured_media":0,"parent":0,"menu_order":0,"comment_status":"closed","ping_status":"closed","template":"","meta":{"wprm-recipe-roundup-name":"","wprm-recipe-roundup-description":"","tinysalt_hide_before_page_content_ad":"","tinysalt_hide_after_page_content_ad":"","tinysalt_hide_page_header":"","tinysalt_advanced_classname":"","tinysalt_page_featured_media_position":"","tinysalt_single_site_header_source":"","tinysalt_single_custom_site_header":"0","tinysalt_single_custom_sticky_site_header":"0","tinysalt_single_custom_sticky_site_header_style":"sticky-scroll-up","tinysalt_single_site_footer_source":"","tinysalt_single_custom_site_footer":"0","footnotes":""},"class_list":["post-6738","page","type-page","status-publish","hentry"],"yoast_head":"<!-- This site is optimized with the Yoast SEO Premium plugin v24.4 (Yoast SEO v27.3) - https:\/\/yoast.com\/product\/yoast-seo-premium-wordpress\/ -->\n<title>A keny\u00e9r form\u00e1z\u00e1sa: Cip\u00f3 vs Vekni - Kov\u00e1szT\u00fcnd\u00e9r<\/title>\n<meta name=\"robots\" content=\"index, follow, max-snippet:-1, max-image-preview:large, max-video-preview:-1\" \/>\n<link rel=\"canonical\" href=\"https:\/\/www.kovasztunder.hu\/es\/el-pan-formazasa-cipo-vs-hogaza\" \/>\n<meta property=\"og:locale\" content=\"es_ES\" \/>\n<meta property=\"og:type\" content=\"article\" \/>\n<meta property=\"og:title\" content=\"A keny\u00e9r form\u00e1z\u00e1sa: Cip\u00f3 vs Vekni\" \/>\n<meta property=\"og:description\" content=\"(A Kezd\u0151 Kov\u00e1szosok K\u00e9zik\u00f6nyve kieg\u00e9sz\u00edt\u0151 anyaga)&nbsp;A k\u00f6nyv hamarosan rendelhet\u0151 lesz! A t\u00e9szt\u00e1d gy\u00f6ny\u00f6r\u0171en megkelt, tele van bubor\u00e9kkal&#8230; \u00e9s most j\u00f6n a p\u00e1nik: hogyan lesz ebb\u0151l a l\u00e1gy massz\u00e1b\u00f3l sz\u00e9p, magas keny\u00e9r? A titok a&nbsp;form\u00e1z\u00e1sban&nbsp;\u00e9s a&nbsp;feszess\u00e9gben&nbsp;rejlik. Ha nem fesz\u00edted meg a t\u00e9szta &#8222;b\u0151r\u00e9t&#8221;, a keny\u00e9r a s\u00fct\u0151ben sz\u00e9tter\u00fcl, mint egy lep\u00e9ny. Ha viszont j\u00f3l form\u00e1zod, a ...\" \/>\n<meta property=\"og:url\" content=\"https:\/\/www.kovasztunder.hu\/es\/el-pan-formazasa-cipo-vs-hogaza\" \/>\n<meta property=\"og:site_name\" content=\"Kov\u00e1szT\u00fcnd\u00e9r\" \/>\n<meta property=\"article:modified_time\" content=\"2026-01-11T08:26:24+00:00\" \/>\n<meta property=\"og:image\" content=\"https:\/\/www.kovasztunder.hu\/wp-content\/uploads\/2026\/01\/Vegleges-Kezdo-Kovaszosok-Kezikonyve-36.jpg\" \/>\n\t<meta property=\"og:image:width\" content=\"796\" \/>\n\t<meta property=\"og:image:height\" content=\"994\" \/>\n\t<meta property=\"og:image:type\" content=\"image\/jpeg\" \/>\n<meta name=\"twitter:card\" content=\"summary_large_image\" \/>\n<meta name=\"twitter:label1\" content=\"Tiempo de lectura\" \/>\n\t<meta name=\"twitter:data1\" content=\"4 minutos\" \/>\n<script type=\"application\/ld+json\" class=\"yoast-schema-graph\">{\"@context\":\"https:\\\/\\\/schema.org\",\"@graph\":[{\"@type\":\"WebPage\",\"@id\":\"https:\\\/\\\/www.kovasztunder.hu\\\/a-kenyer-formazasa-cipo-vs-vekni\",\"url\":\"https:\\\/\\\/www.kovasztunder.hu\\\/a-kenyer-formazasa-cipo-vs-vekni\",\"name\":\"A keny\u00e9r form\u00e1z\u00e1sa: Cip\u00f3 vs Vekni - Kov\u00e1szT\u00fcnd\u00e9r\",\"isPartOf\":{\"@id\":\"https:\\\/\\\/www.kovasztunder.hu\\\/#website\"},\"primaryImageOfPage\":{\"@id\":\"https:\\\/\\\/www.kovasztunder.hu\\\/a-kenyer-formazasa-cipo-vs-vekni#primaryimage\"},\"image\":{\"@id\":\"https:\\\/\\\/www.kovasztunder.hu\\\/a-kenyer-formazasa-cipo-vs-vekni#primaryimage\"},\"thumbnailUrl\":\"https:\\\/\\\/www.kovasztunder.hu\\\/wp-content\\\/uploads\\\/2026\\\/01\\\/Vegleges-Kezdo-Kovaszosok-Kezikonyve-36.jpg\",\"datePublished\":\"2026-01-10T10:37:48+00:00\",\"dateModified\":\"2026-01-11T08:26:24+00:00\",\"breadcrumb\":{\"@id\":\"https:\\\/\\\/www.kovasztunder.hu\\\/a-kenyer-formazasa-cipo-vs-vekni#breadcrumb\"},\"inLanguage\":\"es\",\"potentialAction\":[{\"@type\":\"ReadAction\",\"target\":[\"https:\\\/\\\/www.kovasztunder.hu\\\/a-kenyer-formazasa-cipo-vs-vekni\"]}]},{\"@type\":\"ImageObject\",\"inLanguage\":\"es\",\"@id\":\"https:\\\/\\\/www.kovasztunder.hu\\\/a-kenyer-formazasa-cipo-vs-vekni#primaryimage\",\"url\":\"https:\\\/\\\/www.kovasztunder.hu\\\/wp-content\\\/uploads\\\/2026\\\/01\\\/Vegleges-Kezdo-Kovaszosok-Kezikonyve-36.jpg\",\"contentUrl\":\"https:\\\/\\\/www.kovasztunder.hu\\\/wp-content\\\/uploads\\\/2026\\\/01\\\/Vegleges-Kezdo-Kovaszosok-Kezikonyve-36.jpg\"},{\"@type\":\"BreadcrumbList\",\"@id\":\"https:\\\/\\\/www.kovasztunder.hu\\\/a-kenyer-formazasa-cipo-vs-vekni#breadcrumb\",\"itemListElement\":[{\"@type\":\"ListItem\",\"position\":1,\"name\":\"Home\",\"item\":\"https:\\\/\\\/www.kovasztunder.hu\\\/\"},{\"@type\":\"ListItem\",\"position\":2,\"name\":\"A keny\u00e9r form\u00e1z\u00e1sa: Cip\u00f3 vs Vekni\"}]},{\"@type\":\"WebSite\",\"@id\":\"https:\\\/\\\/www.kovasztunder.hu\\\/#website\",\"url\":\"https:\\\/\\\/www.kovasztunder.hu\\\/\",\"name\":\"Kov\u00e1szT\u00fcnd\u00e9r\",\"description\":\"A kov\u00e1sz legyen veletek!\",\"publisher\":{\"@id\":\"https:\\\/\\\/www.kovasztunder.hu\\\/#organization\"},\"potentialAction\":[{\"@type\":\"SearchAction\",\"target\":{\"@type\":\"EntryPoint\",\"urlTemplate\":\"https:\\\/\\\/www.kovasztunder.hu\\\/?s={search_term_string}\"},\"query-input\":{\"@type\":\"PropertyValueSpecification\",\"valueRequired\":true,\"valueName\":\"search_term_string\"}}],\"inLanguage\":\"es\"},{\"@type\":\"Organization\",\"@id\":\"https:\\\/\\\/www.kovasztunder.hu\\\/#organization\",\"name\":\"Kov\u00e1szT\u00fcnd\u00e9r\",\"url\":\"https:\\\/\\\/www.kovasztunder.hu\\\/\",\"logo\":{\"@type\":\"ImageObject\",\"inLanguage\":\"es\",\"@id\":\"https:\\\/\\\/www.kovasztunder.hu\\\/#\\\/schema\\\/logo\\\/image\\\/\",\"url\":\"https:\\\/\\\/www.kovasztunder.hu\\\/wp-content\\\/uploads\\\/2023\\\/02\\\/kovasztunder_logo.png\",\"contentUrl\":\"https:\\\/\\\/www.kovasztunder.hu\\\/wp-content\\\/uploads\\\/2023\\\/02\\\/kovasztunder_logo.png\",\"width\":1638,\"height\":487,\"caption\":\"Kov\u00e1szT\u00fcnd\u00e9r\"},\"image\":{\"@id\":\"https:\\\/\\\/www.kovasztunder.hu\\\/#\\\/schema\\\/logo\\\/image\\\/\"},\"sameAs\":[\"https:\\\/\\\/www.youtube.com\\\/@kovasztunder\",\"https:\\\/\\\/www.instagram.com\\\/kovasztunder\\\/\"]}]}<\/script>\n<!-- \/ Yoast SEO Premium plugin. -->","yoast_head_json":{"title":"Dar forma al pan: zapato vs hogaza - Hada Kov\u00e1szT","robots":{"index":"index","follow":"follow","max-snippet":"max-snippet:-1","max-image-preview":"max-image-preview:large","max-video-preview":"max-video-preview:-1"},"canonical":"https:\/\/www.kovasztunder.hu\/es\/el-pan-formazasa-cipo-vs-hogaza","og_locale":"es_ES","og_type":"article","og_title":"A keny\u00e9r form\u00e1z\u00e1sa: Cip\u00f3 vs Vekni","og_description":"(A Kezd\u0151 Kov\u00e1szosok K\u00e9zik\u00f6nyve kieg\u00e9sz\u00edt\u0151 anyaga)&nbsp;A k\u00f6nyv hamarosan rendelhet\u0151 lesz! A t\u00e9szt\u00e1d gy\u00f6ny\u00f6r\u0171en megkelt, tele van bubor\u00e9kkal&#8230; \u00e9s most j\u00f6n a p\u00e1nik: hogyan lesz ebb\u0151l a l\u00e1gy massz\u00e1b\u00f3l sz\u00e9p, magas keny\u00e9r? A titok a&nbsp;form\u00e1z\u00e1sban&nbsp;\u00e9s a&nbsp;feszess\u00e9gben&nbsp;rejlik. Ha nem fesz\u00edted meg a t\u00e9szta &#8222;b\u0151r\u00e9t&#8221;, a keny\u00e9r a s\u00fct\u0151ben sz\u00e9tter\u00fcl, mint egy lep\u00e9ny. Ha viszont j\u00f3l form\u00e1zod, a ...","og_url":"https:\/\/www.kovasztunder.hu\/es\/el-pan-formazasa-cipo-vs-hogaza","og_site_name":"Kov\u00e1szT\u00fcnd\u00e9r","article_modified_time":"2026-01-11T08:26:24+00:00","og_image":[{"width":796,"height":994,"url":"https:\/\/www.kovasztunder.hu\/wp-content\/uploads\/2026\/01\/Vegleges-Kezdo-Kovaszosok-Kezikonyve-36.jpg","type":"image\/jpeg"}],"twitter_card":"summary_large_image","twitter_misc":{"Tiempo de lectura":"4 minutos"},"schema":{"@context":"https:\/\/schema.org","@graph":[{"@type":"WebPage","@id":"https:\/\/www.kovasztunder.hu\/a-kenyer-formazasa-cipo-vs-vekni","url":"https:\/\/www.kovasztunder.hu\/a-kenyer-formazasa-cipo-vs-vekni","name":"Dar forma al pan: zapato vs hogaza - Hada Kov\u00e1szT","isPartOf":{"@id":"https:\/\/www.kovasztunder.hu\/#website"},"primaryImageOfPage":{"@id":"https:\/\/www.kovasztunder.hu\/a-kenyer-formazasa-cipo-vs-vekni#primaryimage"},"image":{"@id":"https:\/\/www.kovasztunder.hu\/a-kenyer-formazasa-cipo-vs-vekni#primaryimage"},"thumbnailUrl":"https:\/\/www.kovasztunder.hu\/wp-content\/uploads\/2026\/01\/Vegleges-Kezdo-Kovaszosok-Kezikonyve-36.jpg","datePublished":"2026-01-10T10:37:48+00:00","dateModified":"2026-01-11T08:26:24+00:00","breadcrumb":{"@id":"https:\/\/www.kovasztunder.hu\/a-kenyer-formazasa-cipo-vs-vekni#breadcrumb"},"inLanguage":"es","potentialAction":[{"@type":"ReadAction","target":["https:\/\/www.kovasztunder.hu\/a-kenyer-formazasa-cipo-vs-vekni"]}]},{"@type":"ImageObject","inLanguage":"es","@id":"https:\/\/www.kovasztunder.hu\/a-kenyer-formazasa-cipo-vs-vekni#primaryimage","url":"https:\/\/www.kovasztunder.hu\/wp-content\/uploads\/2026\/01\/Vegleges-Kezdo-Kovaszosok-Kezikonyve-36.jpg","contentUrl":"https:\/\/www.kovasztunder.hu\/wp-content\/uploads\/2026\/01\/Vegleges-Kezdo-Kovaszosok-Kezikonyve-36.jpg"},{"@type":"BreadcrumbList","@id":"https:\/\/www.kovasztunder.hu\/a-kenyer-formazasa-cipo-vs-vekni#breadcrumb","itemListElement":[{"@type":"ListItem","position":1,"name":"Home","item":"https:\/\/www.kovasztunder.hu\/"},{"@type":"ListItem","position":2,"name":"A keny\u00e9r form\u00e1z\u00e1sa: Cip\u00f3 vs Vekni"}]},{"@type":"WebSite","@id":"https:\/\/www.kovasztunder.hu\/#website","url":"https:\/\/www.kovasztunder.hu\/","name":"Hada de las caba\u00f1as","description":"\u00a1Que la masa madre te acompa\u00f1e!","publisher":{"@id":"https:\/\/www.kovasztunder.hu\/#organization"},"potentialAction":[{"@type":"SearchAction","target":{"@type":"EntryPoint","urlTemplate":"https:\/\/www.kovasztunder.hu\/?s={search_term_string}"},"query-input":{"@type":"PropertyValueSpecification","valueRequired":true,"valueName":"search_term_string"}}],"inLanguage":"es"},{"@type":"Organization","@id":"https:\/\/www.kovasztunder.hu\/#organization","name":"Hada de las caba\u00f1as","url":"https:\/\/www.kovasztunder.hu\/","logo":{"@type":"ImageObject","inLanguage":"es","@id":"https:\/\/www.kovasztunder.hu\/#\/schema\/logo\/image\/","url":"https:\/\/www.kovasztunder.hu\/wp-content\/uploads\/2023\/02\/kovasztunder_logo.png","contentUrl":"https:\/\/www.kovasztunder.hu\/wp-content\/uploads\/2023\/02\/kovasztunder_logo.png","width":1638,"height":487,"caption":"Kov\u00e1szT\u00fcnd\u00e9r"},"image":{"@id":"https:\/\/www.kovasztunder.hu\/#\/schema\/logo\/image\/"},"sameAs":["https:\/\/www.youtube.com\/@kovasztunder","https:\/\/www.instagram.com\/kovasztunder\/"]}]}},"_links":{"self":[{"href":"https:\/\/www.kovasztunder.hu\/es\/wp-json\/wp\/v2\/pages\/6738","targetHints":{"allow":["GET"]}}],"collection":[{"href":"https:\/\/www.kovasztunder.hu\/es\/wp-json\/wp\/v2\/pages"}],"about":[{"href":"https:\/\/www.kovasztunder.hu\/es\/wp-json\/wp\/v2\/types\/page"}],"author":[{"embeddable":true,"href":"https:\/\/www.kovasztunder.hu\/es\/wp-json\/wp\/v2\/users\/2"}],"replies":[{"embeddable":true,"href":"https:\/\/www.kovasztunder.hu\/es\/wp-json\/wp\/v2\/comments?post=6738"}],"version-history":[{"count":0,"href":"https:\/\/www.kovasztunder.hu\/es\/wp-json\/wp\/v2\/pages\/6738\/revisions"}],"wp:attachment":[{"href":"https:\/\/www.kovasztunder.hu\/es\/wp-json\/wp\/v2\/media?parent=6738"}],"curies":[{"name":"wp","href":"https:\/\/api.w.org\/{rel}","templated":true}]}}