{"id":6889,"date":"2026-01-11T09:07:48","date_gmt":"2026-01-11T08:07:48","guid":{"rendered":"https:\/\/www.kovasztunder.hu\/?page_id=6889"},"modified":"2026-01-11T09:25:35","modified_gmt":"2026-01-11T08:25:35","slug":"la-muesca-del-pan","status":"publish","type":"page","link":"https:\/\/www.kovasztunder.hu\/es\/la-muesca-del-pan","title":{"rendered":"Cortar el pan\u00a0"},"content":{"rendered":"<div class=\"wp-block-image\">\n<figure class=\"alignleft size-large is-resized\"><img decoding=\"async\" width=\"768\" height=\"1024\" src=\"https:\/\/www.kovasztunder.hu\/wp-content\/uploads\/2026\/01\/Vegleges-Kezdo-Kovaszosok-Kezikonyve-8-1-768x1024.jpg\" alt=\"\" class=\"wp-image-6901\" style=\"aspect-ratio:0.7500148341541565;width:291px;height:auto\" srcset=\"https:\/\/www.kovasztunder.hu\/wp-content\/uploads\/2026\/01\/Vegleges-Kezdo-Kovaszosok-Kezikonyve-8-1-768x1024.jpg 768w, https:\/\/www.kovasztunder.hu\/wp-content\/uploads\/2026\/01\/Vegleges-Kezdo-Kovaszosok-Kezikonyve-8-1-225x300.jpg 225w, https:\/\/www.kovasztunder.hu\/wp-content\/uploads\/2026\/01\/Vegleges-Kezdo-Kovaszosok-Kezikonyve-8-1-1152x1536.jpg 1152w, https:\/\/www.kovasztunder.hu\/wp-content\/uploads\/2026\/01\/Vegleges-Kezdo-Kovaszosok-Kezikonyve-8-1-1536x2048.jpg 1536w, https:\/\/www.kovasztunder.hu\/wp-content\/uploads\/2026\/01\/Vegleges-Kezdo-Kovaszosok-Kezikonyve-8-1-9x12.jpg 9w, https:\/\/www.kovasztunder.hu\/wp-content\/uploads\/2026\/01\/Vegleges-Kezdo-Kovaszosok-Kezikonyve-8-1-scaled.jpg 1920w, https:\/\/www.kovasztunder.hu\/wp-content\/uploads\/2026\/01\/Vegleges-Kezdo-Kovaszosok-Kezikonyve-8-1-1440x1920.jpg 1440w, https:\/\/www.kovasztunder.hu\/wp-content\/uploads\/2026\/01\/Vegleges-Kezdo-Kovaszosok-Kezikonyve-8-1-1200x1600.jpg 1200w, https:\/\/www.kovasztunder.hu\/wp-content\/uploads\/2026\/01\/Vegleges-Kezdo-Kovaszosok-Kezikonyve-8-1-780x1040.jpg 780w, https:\/\/www.kovasztunder.hu\/wp-content\/uploads\/2026\/01\/Vegleges-Kezdo-Kovaszosok-Kezikonyve-8-1-600x800.jpg 600w, https:\/\/www.kovasztunder.hu\/wp-content\/uploads\/2026\/01\/Vegleges-Kezdo-Kovaszosok-Kezikonyve-8-1-550x733.jpg 550w, https:\/\/www.kovasztunder.hu\/wp-content\/uploads\/2026\/01\/Vegleges-Kezdo-Kovaszosok-Kezikonyve-8-1-370x493.jpg 370w, https:\/\/www.kovasztunder.hu\/wp-content\/uploads\/2026\/01\/Vegleges-Kezdo-Kovaszosok-Kezikonyve-8-1-255x340.jpg 255w\" sizes=\"(max-width: 768px) 100vw, 768px\" \/><\/figure>\n<\/div>\n\n\n<p><strong><em>(Material complementario del Manual del principiante)<\/em>&nbsp;El libro estar\u00e1 disponible en breve.<\/strong> <\/p>\n\n\n\n<p>El trinchado (o despellejado) es el momento en el que tenemos que ser un poco artistas. Pero no se trata s\u00f3lo de est\u00e9tica. El tallado tiene una funci\u00f3n t\u00e9cnica muy seria: es el&nbsp;<strong>chimenea<\/strong>a trav\u00e9s del cual puedan escapar los vapores generados durante la cocci\u00f3n.<\/p>\n\n\n\n<p>Si no se corta (o se corta mal), el pan se desprender\u00e1 por donde es m\u00e1s d\u00e9bil, normalmente por los lados y la parte inferior, lo que dar\u00e1 como resultado una forma fea y deforme.<\/p>\n\n\n\n<h3 class=\"wp-block-heading\" id=\"h-mivel-vagjunk\">\u00bfCon qu\u00e9 cortar?<\/h3>\n\n\n\n<p>Olv\u00eddese del cuchillo de cocina (incluso del m\u00e1s afilado). La masa con levadura es el\u00e1stica, un cuchillo normal s\u00f3lo \"tirar\u00e1 y tirar\u00e1\" pero no cortar\u00e1 limpiamente.<\/p>\n\n\n\n<ul class=\"wp-block-list\">\n<li><strong>La herramienta:<\/strong>&nbsp;Cuchilla de panadero (coja). Se trata de una simple cuchilla de afeitar unida a un mango.<\/li>\n\n\n\n<li><strong>Consejo:<\/strong>&nbsp;Si no tiene una, puede utilizar una hoja de sierra de calar nueva y limpia (\u00a1tenga cuidado!).<\/li>\n<\/ul>\n\n\n\n<h3 class=\"wp-block-heading\">Secretos del corte perfecto<\/h3>\n\n\n\n<p><strong>1. Ventajas de la pasta fr\u00eda<\/strong>Como principiante, le resultar\u00e1 mucho m\u00e1s f\u00e1cil si&nbsp;<strong>remojo en fr\u00edo<\/strong>&nbsp;que emplees. La masa fr\u00eda es m\u00e1s firme y dura, por lo que la cuchilla se desliza como la mantequilla. A temperatura ambiente, la masa blanda puede ser pegajosa.<\/p>\n\n\n\n<p><strong>2. El \u00e1ngulo (El secreto de la \"Oreja\"):<\/strong>&nbsp;Mucha gente comete el error de cortar el pan verticalmente, de arriba abajo (90 grados). Esto hace que el corte se abra, pero no hay \"solapa\".<\/p>\n\n\n\n<ul class=\"wp-block-list\">\n<li><strong>La t\u00e9cnica adecuada:<\/strong>&nbsp;Sujete la cuchilla a aprox.&nbsp;<strong>en un \u00e1ngulo de 45 grados<\/strong>&nbsp;(como si fueras a cortar por debajo de la piel del pan). De esta forma, al hornearse, los bordes de la masa subir\u00e1n y crear\u00e1n las \"orejas\" crujientes.<\/li>\n<\/ul>\n\n\n\n<p><strong>3. El Movimiento<\/strong>Sin serrar Con un movimiento firme y r\u00e1pido, tire de la cuchilla a lo largo de toda la masa. No tengas miedo, \u00a1s\u00e9 valiente!<\/p>\n\n\n<div class=\"wp-block-image\">\n<figure class=\"alignright size-large is-resized\"><img decoding=\"async\" width=\"768\" height=\"1024\" src=\"https:\/\/www.kovasztunder.hu\/wp-content\/uploads\/2026\/01\/Vegleges-Kezdo-Kovaszosok-Kezikonyve-29-1-768x1024.jpg\" alt=\"\" class=\"wp-image-6897\" style=\"width:338px;height:auto\" srcset=\"https:\/\/www.kovasztunder.hu\/wp-content\/uploads\/2026\/01\/Vegleges-Kezdo-Kovaszosok-Kezikonyve-29-1-768x1024.jpg 768w, https:\/\/www.kovasztunder.hu\/wp-content\/uploads\/2026\/01\/Vegleges-Kezdo-Kovaszosok-Kezikonyve-29-1-225x300.jpg 225w, https:\/\/www.kovasztunder.hu\/wp-content\/uploads\/2026\/01\/Vegleges-Kezdo-Kovaszosok-Kezikonyve-29-1-1152x1536.jpg 1152w, https:\/\/www.kovasztunder.hu\/wp-content\/uploads\/2026\/01\/Vegleges-Kezdo-Kovaszosok-Kezikonyve-29-1-1536x2048.jpg 1536w, https:\/\/www.kovasztunder.hu\/wp-content\/uploads\/2026\/01\/Vegleges-Kezdo-Kovaszosok-Kezikonyve-29-1-9x12.jpg 9w, https:\/\/www.kovasztunder.hu\/wp-content\/uploads\/2026\/01\/Vegleges-Kezdo-Kovaszosok-Kezikonyve-29-1-scaled.jpg 1920w, https:\/\/www.kovasztunder.hu\/wp-content\/uploads\/2026\/01\/Vegleges-Kezdo-Kovaszosok-Kezikonyve-29-1-1440x1920.jpg 1440w, https:\/\/www.kovasztunder.hu\/wp-content\/uploads\/2026\/01\/Vegleges-Kezdo-Kovaszosok-Kezikonyve-29-1-1200x1600.jpg 1200w, https:\/\/www.kovasztunder.hu\/wp-content\/uploads\/2026\/01\/Vegleges-Kezdo-Kovaszosok-Kezikonyve-29-1-780x1040.jpg 780w, https:\/\/www.kovasztunder.hu\/wp-content\/uploads\/2026\/01\/Vegleges-Kezdo-Kovaszosok-Kezikonyve-29-1-600x800.jpg 600w, https:\/\/www.kovasztunder.hu\/wp-content\/uploads\/2026\/01\/Vegleges-Kezdo-Kovaszosok-Kezikonyve-29-1-550x733.jpg 550w, https:\/\/www.kovasztunder.hu\/wp-content\/uploads\/2026\/01\/Vegleges-Kezdo-Kovaszosok-Kezikonyve-29-1-370x493.jpg 370w, https:\/\/www.kovasztunder.hu\/wp-content\/uploads\/2026\/01\/Vegleges-Kezdo-Kovaszosok-Kezikonyve-29-1-255x340.jpg 255w\" sizes=\"(max-width: 768px) 100vw, 768px\" \/><\/figure>\n<\/div>\n\n\n<h3 class=\"wp-block-heading\" id=\"h-mintazas\">Muestreo<\/h3>\n\n\n\n<p>Una vez que hayas aprendido el corte b\u00e1sico (el corte funcional), \u00a1ya est\u00e1s listo para decorar! Yo suelo hacer primero el patr\u00f3n y, cuando est\u00e1 hecho, hago la incisi\u00f3n principal al final. <\/p>\n\n\n\n<ul class=\"wp-block-list\">\n<li><strong>Muestra de un pececillo de trigo:<\/strong>&nbsp;Una serie de peque\u00f1os cortes en forma de V junto al corte b\u00e1sico.<\/li>\n\n\n\n<li><strong>Ejemplo de carta:<\/strong>&nbsp;Un corte largo y curvo del que salen peque\u00f1as ramas. <\/li>\n\n\n\n<li>La decoraci\u00f3n solo est\u00e1 limitada por tu imaginaci\u00f3n, con la pr\u00e1ctica podr\u00e1s hacerlas cada vez m\u00e1s bonitas, \u00a1pero no pasa nada si no decoras! \ud83d\ude42 <\/li>\n<\/ul>\n\n\n\n<p><strong><em>Importante:<\/em>&nbsp;Los cortes decorativos deben ser siempre poco profundos (ara\u00f1ar s\u00f3lo la \"piel\"), mientras que los cortes funcionales deben ser profundos (unos 1-1,5 cm).<\/strong><\/p>","protected":false},"excerpt":{"rendered":"<p>(Material complementario del Manual para principiantes) \u00a1El libro estar\u00e1 disponible en breve! Esculpir (o despellejar) es el momento de ser un poco artista. \u00a1Pero no es s\u00f3lo est\u00e9tica! El corte tiene una funci\u00f3n t\u00e9cnica muy seria: es la chimenea por la que puede salir el vapor generado durante la cocci\u00f3n. Si no se corta (o se corta mal), el pan se ...<\/p>","protected":false},"author":2,"featured_media":0,"parent":0,"menu_order":0,"comment_status":"closed","ping_status":"closed","template":"","meta":{"wprm-recipe-roundup-name":"","wprm-recipe-roundup-description":"","tinysalt_hide_before_page_content_ad":"","tinysalt_hide_after_page_content_ad":"","tinysalt_hide_page_header":"","tinysalt_advanced_classname":"","tinysalt_page_featured_media_position":"","tinysalt_single_site_header_source":"","tinysalt_single_custom_site_header":"0","tinysalt_single_custom_sticky_site_header":"0","tinysalt_single_custom_sticky_site_header_style":"sticky-scroll-up","tinysalt_single_site_footer_source":"","tinysalt_single_custom_site_footer":"0","footnotes":""},"class_list":["post-6889","page","type-page","status-publish","hentry"],"yoast_head":"<!-- This site is optimized with the Yoast SEO Premium plugin v24.4 (Yoast SEO v27.3) - https:\/\/yoast.com\/product\/yoast-seo-premium-wordpress\/ -->\n<title>A keny\u00e9r bemetsz\u00e9se\u00a0 - Kov\u00e1szT\u00fcnd\u00e9r<\/title>\n<meta name=\"robots\" content=\"index, follow, max-snippet:-1, max-image-preview:large, max-video-preview:-1\" \/>\n<link rel=\"canonical\" href=\"https:\/\/www.kovasztunder.hu\/es\/la-muesca-del-pan\" \/>\n<meta property=\"og:locale\" content=\"es_ES\" \/>\n<meta property=\"og:type\" content=\"article\" \/>\n<meta property=\"og:title\" content=\"A keny\u00e9r bemetsz\u00e9se\u00a0\" \/>\n<meta property=\"og:description\" content=\"(A Kezd\u0151 Kov\u00e1szosok K\u00e9zik\u00f6nyve kieg\u00e9sz\u00edt\u0151 anyaga)&nbsp;A k\u00f6nyv hamarosan rendelhet\u0151 lesz! A bemetsz\u00e9s (vagy irdal\u00e1s) az a pillanat, amikor kicsit m\u0171v\u00e9sznek kell lenn\u00fcnk. De ez nem csak eszt\u00e9tika! A v\u00e1g\u00e1snak nagyon komoly technikai szerepe van: ez a&nbsp;k\u00e9m\u00e9ny, amin kereszt\u00fcl a s\u00fct\u00e9s k\u00f6zben keletkez\u0151 g\u0151z\u00f6k t\u00e1vozni tudnak. Ha nem v\u00e1gsz (vagy rosszul v\u00e1gsz), a keny\u00e9r ott fog ...\" \/>\n<meta property=\"og:url\" content=\"https:\/\/www.kovasztunder.hu\/es\/la-muesca-del-pan\" \/>\n<meta property=\"og:site_name\" content=\"Kov\u00e1szT\u00fcnd\u00e9r\" \/>\n<meta property=\"article:modified_time\" content=\"2026-01-11T08:25:35+00:00\" \/>\n<meta property=\"og:image\" content=\"https:\/\/www.kovasztunder.hu\/wp-content\/uploads\/2026\/01\/Vegleges-Kezdo-Kovaszosok-Kezikonyve-8-1-768x1024.jpg\" \/>\n\t<meta property=\"og:image:width\" content=\"768\" \/>\n\t<meta property=\"og:image:height\" content=\"1024\" \/>\n\t<meta property=\"og:image:type\" content=\"image\/jpeg\" \/>\n<meta name=\"twitter:card\" content=\"summary_large_image\" \/>\n<meta name=\"twitter:label1\" content=\"Tiempo de lectura\" \/>\n\t<meta name=\"twitter:data1\" content=\"3 minutos\" \/>\n<script type=\"application\/ld+json\" class=\"yoast-schema-graph\">{\"@context\":\"https:\\\/\\\/schema.org\",\"@graph\":[{\"@type\":\"WebPage\",\"@id\":\"https:\\\/\\\/www.kovasztunder.hu\\\/a-kenyer-bemetszese\",\"url\":\"https:\\\/\\\/www.kovasztunder.hu\\\/a-kenyer-bemetszese\",\"name\":\"A keny\u00e9r bemetsz\u00e9se\u00a0 - Kov\u00e1szT\u00fcnd\u00e9r\",\"isPartOf\":{\"@id\":\"https:\\\/\\\/www.kovasztunder.hu\\\/#website\"},\"primaryImageOfPage\":{\"@id\":\"https:\\\/\\\/www.kovasztunder.hu\\\/a-kenyer-bemetszese#primaryimage\"},\"image\":{\"@id\":\"https:\\\/\\\/www.kovasztunder.hu\\\/a-kenyer-bemetszese#primaryimage\"},\"thumbnailUrl\":\"https:\\\/\\\/www.kovasztunder.hu\\\/wp-content\\\/uploads\\\/2026\\\/01\\\/Vegleges-Kezdo-Kovaszosok-Kezikonyve-8-1-768x1024.jpg\",\"datePublished\":\"2026-01-11T08:07:48+00:00\",\"dateModified\":\"2026-01-11T08:25:35+00:00\",\"breadcrumb\":{\"@id\":\"https:\\\/\\\/www.kovasztunder.hu\\\/a-kenyer-bemetszese#breadcrumb\"},\"inLanguage\":\"es\",\"potentialAction\":[{\"@type\":\"ReadAction\",\"target\":[\"https:\\\/\\\/www.kovasztunder.hu\\\/a-kenyer-bemetszese\"]}]},{\"@type\":\"ImageObject\",\"inLanguage\":\"es\",\"@id\":\"https:\\\/\\\/www.kovasztunder.hu\\\/a-kenyer-bemetszese#primaryimage\",\"url\":\"https:\\\/\\\/www.kovasztunder.hu\\\/wp-content\\\/uploads\\\/2026\\\/01\\\/Vegleges-Kezdo-Kovaszosok-Kezikonyve-8-1-768x1024.jpg\",\"contentUrl\":\"https:\\\/\\\/www.kovasztunder.hu\\\/wp-content\\\/uploads\\\/2026\\\/01\\\/Vegleges-Kezdo-Kovaszosok-Kezikonyve-8-1-768x1024.jpg\"},{\"@type\":\"BreadcrumbList\",\"@id\":\"https:\\\/\\\/www.kovasztunder.hu\\\/a-kenyer-bemetszese#breadcrumb\",\"itemListElement\":[{\"@type\":\"ListItem\",\"position\":1,\"name\":\"Home\",\"item\":\"https:\\\/\\\/www.kovasztunder.hu\\\/\"},{\"@type\":\"ListItem\",\"position\":2,\"name\":\"A keny\u00e9r bemetsz\u00e9se\u00a0\"}]},{\"@type\":\"WebSite\",\"@id\":\"https:\\\/\\\/www.kovasztunder.hu\\\/#website\",\"url\":\"https:\\\/\\\/www.kovasztunder.hu\\\/\",\"name\":\"Kov\u00e1szT\u00fcnd\u00e9r\",\"description\":\"A kov\u00e1sz legyen veletek!\",\"publisher\":{\"@id\":\"https:\\\/\\\/www.kovasztunder.hu\\\/#organization\"},\"potentialAction\":[{\"@type\":\"SearchAction\",\"target\":{\"@type\":\"EntryPoint\",\"urlTemplate\":\"https:\\\/\\\/www.kovasztunder.hu\\\/?s={search_term_string}\"},\"query-input\":{\"@type\":\"PropertyValueSpecification\",\"valueRequired\":true,\"valueName\":\"search_term_string\"}}],\"inLanguage\":\"es\"},{\"@type\":\"Organization\",\"@id\":\"https:\\\/\\\/www.kovasztunder.hu\\\/#organization\",\"name\":\"Kov\u00e1szT\u00fcnd\u00e9r\",\"url\":\"https:\\\/\\\/www.kovasztunder.hu\\\/\",\"logo\":{\"@type\":\"ImageObject\",\"inLanguage\":\"es\",\"@id\":\"https:\\\/\\\/www.kovasztunder.hu\\\/#\\\/schema\\\/logo\\\/image\\\/\",\"url\":\"https:\\\/\\\/www.kovasztunder.hu\\\/wp-content\\\/uploads\\\/2023\\\/02\\\/kovasztunder_logo.png\",\"contentUrl\":\"https:\\\/\\\/www.kovasztunder.hu\\\/wp-content\\\/uploads\\\/2023\\\/02\\\/kovasztunder_logo.png\",\"width\":1638,\"height\":487,\"caption\":\"Kov\u00e1szT\u00fcnd\u00e9r\"},\"image\":{\"@id\":\"https:\\\/\\\/www.kovasztunder.hu\\\/#\\\/schema\\\/logo\\\/image\\\/\"},\"sameAs\":[\"https:\\\/\\\/www.youtube.com\\\/@kovasztunder\",\"https:\\\/\\\/www.instagram.com\\\/kovasztunder\\\/\"]}]}<\/script>\n<!-- \/ Yoast SEO Premium plugin. -->","yoast_head_json":{"title":"Cortar el pan - Kov\u00e1szTaender","robots":{"index":"index","follow":"follow","max-snippet":"max-snippet:-1","max-image-preview":"max-image-preview:large","max-video-preview":"max-video-preview:-1"},"canonical":"https:\/\/www.kovasztunder.hu\/es\/la-muesca-del-pan","og_locale":"es_ES","og_type":"article","og_title":"A keny\u00e9r bemetsz\u00e9se\u00a0","og_description":"(A Kezd\u0151 Kov\u00e1szosok K\u00e9zik\u00f6nyve kieg\u00e9sz\u00edt\u0151 anyaga)&nbsp;A k\u00f6nyv hamarosan rendelhet\u0151 lesz! A bemetsz\u00e9s (vagy irdal\u00e1s) az a pillanat, amikor kicsit m\u0171v\u00e9sznek kell lenn\u00fcnk. De ez nem csak eszt\u00e9tika! A v\u00e1g\u00e1snak nagyon komoly technikai szerepe van: ez a&nbsp;k\u00e9m\u00e9ny, amin kereszt\u00fcl a s\u00fct\u00e9s k\u00f6zben keletkez\u0151 g\u0151z\u00f6k t\u00e1vozni tudnak. Ha nem v\u00e1gsz (vagy rosszul v\u00e1gsz), a keny\u00e9r ott fog ...","og_url":"https:\/\/www.kovasztunder.hu\/es\/la-muesca-del-pan","og_site_name":"Kov\u00e1szT\u00fcnd\u00e9r","article_modified_time":"2026-01-11T08:25:35+00:00","og_image":[{"width":768,"height":1024,"url":"https:\/\/www.kovasztunder.hu\/wp-content\/uploads\/2026\/01\/Vegleges-Kezdo-Kovaszosok-Kezikonyve-8-1-768x1024.jpg","type":"image\/jpeg"}],"twitter_card":"summary_large_image","twitter_misc":{"Tiempo de lectura":"3 minutos"},"schema":{"@context":"https:\/\/schema.org","@graph":[{"@type":"WebPage","@id":"https:\/\/www.kovasztunder.hu\/a-kenyer-bemetszese","url":"https:\/\/www.kovasztunder.hu\/a-kenyer-bemetszese","name":"Cortar el pan - Kov\u00e1szTaender","isPartOf":{"@id":"https:\/\/www.kovasztunder.hu\/#website"},"primaryImageOfPage":{"@id":"https:\/\/www.kovasztunder.hu\/a-kenyer-bemetszese#primaryimage"},"image":{"@id":"https:\/\/www.kovasztunder.hu\/a-kenyer-bemetszese#primaryimage"},"thumbnailUrl":"https:\/\/www.kovasztunder.hu\/wp-content\/uploads\/2026\/01\/Vegleges-Kezdo-Kovaszosok-Kezikonyve-8-1-768x1024.jpg","datePublished":"2026-01-11T08:07:48+00:00","dateModified":"2026-01-11T08:25:35+00:00","breadcrumb":{"@id":"https:\/\/www.kovasztunder.hu\/a-kenyer-bemetszese#breadcrumb"},"inLanguage":"es","potentialAction":[{"@type":"ReadAction","target":["https:\/\/www.kovasztunder.hu\/a-kenyer-bemetszese"]}]},{"@type":"ImageObject","inLanguage":"es","@id":"https:\/\/www.kovasztunder.hu\/a-kenyer-bemetszese#primaryimage","url":"https:\/\/www.kovasztunder.hu\/wp-content\/uploads\/2026\/01\/Vegleges-Kezdo-Kovaszosok-Kezikonyve-8-1-768x1024.jpg","contentUrl":"https:\/\/www.kovasztunder.hu\/wp-content\/uploads\/2026\/01\/Vegleges-Kezdo-Kovaszosok-Kezikonyve-8-1-768x1024.jpg"},{"@type":"BreadcrumbList","@id":"https:\/\/www.kovasztunder.hu\/a-kenyer-bemetszese#breadcrumb","itemListElement":[{"@type":"ListItem","position":1,"name":"Home","item":"https:\/\/www.kovasztunder.hu\/"},{"@type":"ListItem","position":2,"name":"A keny\u00e9r bemetsz\u00e9se\u00a0"}]},{"@type":"WebSite","@id":"https:\/\/www.kovasztunder.hu\/#website","url":"https:\/\/www.kovasztunder.hu\/","name":"Hada de las caba\u00f1as","description":"\u00a1Que la masa madre te acompa\u00f1e!","publisher":{"@id":"https:\/\/www.kovasztunder.hu\/#organization"},"potentialAction":[{"@type":"SearchAction","target":{"@type":"EntryPoint","urlTemplate":"https:\/\/www.kovasztunder.hu\/?s={search_term_string}"},"query-input":{"@type":"PropertyValueSpecification","valueRequired":true,"valueName":"search_term_string"}}],"inLanguage":"es"},{"@type":"Organization","@id":"https:\/\/www.kovasztunder.hu\/#organization","name":"Hada de las caba\u00f1as","url":"https:\/\/www.kovasztunder.hu\/","logo":{"@type":"ImageObject","inLanguage":"es","@id":"https:\/\/www.kovasztunder.hu\/#\/schema\/logo\/image\/","url":"https:\/\/www.kovasztunder.hu\/wp-content\/uploads\/2023\/02\/kovasztunder_logo.png","contentUrl":"https:\/\/www.kovasztunder.hu\/wp-content\/uploads\/2023\/02\/kovasztunder_logo.png","width":1638,"height":487,"caption":"Kov\u00e1szT\u00fcnd\u00e9r"},"image":{"@id":"https:\/\/www.kovasztunder.hu\/#\/schema\/logo\/image\/"},"sameAs":["https:\/\/www.youtube.com\/@kovasztunder","https:\/\/www.instagram.com\/kovasztunder\/"]}]}},"_links":{"self":[{"href":"https:\/\/www.kovasztunder.hu\/es\/wp-json\/wp\/v2\/pages\/6889","targetHints":{"allow":["GET"]}}],"collection":[{"href":"https:\/\/www.kovasztunder.hu\/es\/wp-json\/wp\/v2\/pages"}],"about":[{"href":"https:\/\/www.kovasztunder.hu\/es\/wp-json\/wp\/v2\/types\/page"}],"author":[{"embeddable":true,"href":"https:\/\/www.kovasztunder.hu\/es\/wp-json\/wp\/v2\/users\/2"}],"replies":[{"embeddable":true,"href":"https:\/\/www.kovasztunder.hu\/es\/wp-json\/wp\/v2\/comments?post=6889"}],"version-history":[{"count":0,"href":"https:\/\/www.kovasztunder.hu\/es\/wp-json\/wp\/v2\/pages\/6889\/revisions"}],"wp:attachment":[{"href":"https:\/\/www.kovasztunder.hu\/es\/wp-json\/wp\/v2\/media?parent=6889"}],"curies":[{"name":"wp","href":"https:\/\/api.w.org\/{rel}","templated":true}]}}